{"id":529,"date":"2021-07-08T17:55:48","date_gmt":"2021-07-08T15:55:48","guid":{"rendered":"https:\/\/medien-doktor.de\/umwelt\/?page_id=529"},"modified":"2022-01-16T12:42:13","modified_gmt":"2022-01-16T11:42:13","slug":"partner-und-links","status":"publish","type":"page","link":"https:\/\/medien-doktor.de\/umwelt\/partner-und-links\/","title":{"rendered":"Partner und Links"},"content":{"rendered":"<p>[et_pb_section fb_built=&#8220;1&#8243; _builder_version=&#8220;4.9.4&#8243; _module_preset=&#8220;default&#8220; custom_padding=&#8220;10px|||||&#8220; da_disable_devices=&#8220;off|off|off&#8220; global_colors_info=&#8220;{}&#8220; da_is_popup=&#8220;off&#8220; da_exit_intent=&#8220;off&#8220; da_has_close=&#8220;on&#8220; da_alt_close=&#8220;off&#8220; da_dark_close=&#8220;off&#8220; da_not_modal=&#8220;on&#8220; da_is_singular=&#8220;off&#8220; da_with_loader=&#8220;off&#8220; da_has_shadow=&#8220;on&#8220;][et_pb_row column_structure=&#8220;2_3,1_3&#8243; _builder_version=&#8220;4.9.4&#8243; _module_preset=&#8220;default&#8220; global_colors_info=&#8220;{}&#8220;][et_pb_column type=&#8220;2_3&#8243; _builder_version=&#8220;4.9.4&#8243; _module_preset=&#8220;default&#8220; global_colors_info=&#8220;{}&#8220;][et_pb_text admin_label=&#8220;Titel Partner und Links &#8220; _builder_version=&#8220;4.9.7&#8243; _module_preset=&#8220;default&#8220; global_colors_info=&#8220;{}&#8220;]<\/p>\n<h2 class=\"rounded-right\">Partner und Links<\/h2>\n<p>[\/et_pb_text][et_pb_text admin_label=&#8220;Text&#8220; module_id=&#8220;1&#8243; _builder_version=&#8220;4.9.10&#8243; _module_preset=&#8220;default&#8220; global_colors_info=&#8220;{}&#8220;]<\/p>\n<p>Das Projekt\u00a0medien-doktor.de\u00a0wird getragen vom Lehrstuhl Wissenschaftsjournalismus der\u00a0<a href=\"http:\/\/www.wissenschaftsjournalismus.org\/\" target=\"_blank\" rel=\"noopener\">Technischen Universit\u00e4t Dortmund<\/a>.<\/p>\n<p>[\/et_pb_text][et_pb_text admin_label=&#8220;Weitere Partner&#8220; module_id=&#8220;1&#8243; _builder_version=&#8220;4.9.9&#8243; _module_preset=&#8220;default&#8220; global_colors_info=&#8220;{}&#8220;]<\/p>\n<h3>Weitere Partner:<\/h3>\n<p>[\/et_pb_text][et_pb_text admin_label=&#8220;Wort und Bild Verlag&#8220; module_id=&#8220;1&#8243; _builder_version=&#8220;4.9.10&#8243; _module_preset=&#8220;default&#8220; global_colors_info=&#8220;{}&#8220;]<\/p>\n<p><img loading=\"lazy\" decoding=\"async\" class=\"wp-image-13  alignleft\" src=\"https:\/\/medien-doktor.de\/umwelt\/wp-content\/uploads\/sites\/6\/2021\/05\/wort-bild-300x222.jpg\" alt=\"Logo des Wort &amp; Bild Verlags\" width=\"185\" height=\"137\" \/>\u200bDer <strong>Wort &amp; Bild-Verlag<\/strong> f\u00f6rdert den Medien-Doktor Gesundheit seit 2018. Das im Raum M\u00fcnchen angesiedelte Unternehmen ist seit sechs Jahrzehnten auf Gesundheitsthemen spezialisiert. Das wohl bekannteste Magazin des Verlags stellt die Apotheken Umschau dar, aber auch der Diabetes-Ratgeber und die Zeitschrift Baby und Familie sind inzwischen vielen Leserinnen und Lesern ein Begriff. Allein die Apotheken-Umschau erreichte im ersten Quartal 2021 eine Auflage von mehr als sieben Millionen Zeitschriften. Seit Beginn der Corona-Pandemie bietet der Verlag auch einen Podcast zu Covid-19 und Videos zu anderen Gesundheitsthemen an.<\/p>\n<p>[\/et_pb_text][et_pb_divider _builder_version=&#8220;4.9.9&#8243; _module_preset=&#8220;default&#8220; global_colors_info=&#8220;{}&#8220;][\/et_pb_divider][et_pb_text admin_label=&#8220;Stiftung Experimentelle Biomedizin&#8220; _builder_version=&#8220;4.9.10&#8243; _module_preset=&#8220;default&#8220; global_colors_info=&#8220;{}&#8220;]<\/p>\n<p><img loading=\"lazy\" decoding=\"async\" class=\"wp-image-692 alignleft\" src=\"https:\/\/medien-doktor.de\/umwelt\/wp-content\/uploads\/sites\/6\/2021\/07\/logo_stiftungexperimentellebiomedizinbearbeitet-300x58.png\" alt=\"Logo der Stifung Experimentelle Biomedizin\" width=\"336\" height=\"65\" \/>Die <strong>Stiftung Experimentelle Biomedizin<\/strong> ist eine schweizerische gemeinn\u00fctzige Stiftung. Neben der Forschungsf\u00f6rderung ist die F\u00f6rderung des Wissenschaftsjournalismus ein Anliegen der Stiftung. Hierzu schreibt die Stiftung j\u00e4hrlich den\u00a0 <strong data-mce-fragment=\"1\">Peter Hans Hofschneider Recherchepreis f\u00fcr Wissenschafts- und Medizinjournalismus<\/strong> aus, der\u00a0 mit CHF 20&#8217;000.00\u00a0dotiert ist. Mit der Vergabe dieses Preises soll den Preistr\u00e4gern die M\u00f6glichkeit gegeben werden, aufw\u00e4ndige Rechercheprojekte zu verwirklichen, die in einem allgemein \u00fcblichen Zeit- und Kostenrahmen einer Redaktion oder eines freien Journalisten nicht oder nur schwer realisiert werden k\u00f6nnten. Der Preis wird zu Ehren von Prof. Dr. Peter Hans Hofschneider (14.02.1929 &#8211; 23.07.2004), des ehemaligen Direktors des Max-Planck-Instituts f\u00fcr Biochemie vergeben, der sich Zeit seines Lebens nicht nur f\u00fcr exzellente Wissenschaft, sondern auch f\u00fcr eine kritische \u00f6ffentliche Auseinandersetzung mit m\u00f6glichen Fehlern und Folgen wissenschaftlicher Forschung eingesetzt hat.\u200b<\/p>\n<p>[\/et_pb_text][et_pb_divider _builder_version=&#8220;4.9.7&#8243; _module_preset=&#8220;default&#8220; global_colors_info=&#8220;{}&#8220;][\/et_pb_divider][et_pb_text admin_label=&#8220;Logos &#8220; _builder_version=&#8220;4.9.7&#8243; _module_preset=&#8220;default&#8220; global_colors_info=&#8220;{}&#8220;]<\/p>\n<p><img loading=\"lazy\" decoding=\"async\" class=\"wp-image-683 alignnone \" src=\"https:\/\/medien-doktor.de\/umwelt\/wp-content\/uploads\/sites\/6\/2021\/07\/WPK-Logo-300x93.jpg\" alt=\"\" width=\"202\" height=\"62\" \/>\u00a0 \u00a0 \u00a0 \u00a0 \u00a0 \u00a0 \u00a0 \u00a0 \u00a0 <img loading=\"lazy\" decoding=\"async\" class=\"wp-image-532 alignnone \" src=\"https:\/\/medien-doktor.de\/umwelt\/wp-content\/uploads\/sites\/6\/2021\/07\/Logo_VMWJ_4c-300x75-1.jpg\" alt=\"Logo vmwj\" width=\"256\" height=\"64\" \/><\/p>\n<p>[\/et_pb_text][et_pb_divider _builder_version=&#8220;4.9.7&#8243; _module_preset=&#8220;default&#8220; global_colors_info=&#8220;{}&#8220;][\/et_pb_divider][et_pb_text admin_label=&#8220;Text&#8220; _builder_version=&#8220;4.9.10&#8243; _module_preset=&#8220;default&#8220; global_colors_info=&#8220;{}&#8220;]<\/p>\n<p><strong>Interessenten f\u00fcr eine Partnerschaft, die das Projekt ideell und finanziell unterst\u00fctzen m\u00f6chten, kontaktieren bitte: <a href=\"mailto:holger.wormer@tu-dortmund.de\">holger.wormer@tu-dortmund.de<\/a>.<\/strong><\/p>\n<p>[\/et_pb_text][et_pb_divider _builder_version=&#8220;4.9.7&#8243; _module_preset=&#8220;default&#8220; global_colors_info=&#8220;{}&#8220;][\/et_pb_divider][et_pb_text admin_label=&#8220;Ehemalige Partner&#8220; _builder_version=&#8220;4.9.7&#8243; _module_preset=&#8220;default&#8220; global_colors_info=&#8220;{}&#8220;]<\/p>\n<h3>Ehemalige Partner:<\/h3>\n<p>[\/et_pb_text][et_pb_text admin_label=&#8220;Robert Bosch Stiftung &#8220; _builder_version=&#8220;4.9.7&#8243; _module_preset=&#8220;default&#8220; global_colors_info=&#8220;{}&#8220;]<img loading=\"lazy\" decoding=\"async\" class=\"wp-image-537 alignleft\" src=\"https:\/\/medien-doktor.de\/umwelt\/wp-content\/uploads\/sites\/6\/2021\/07\/rbs_logo_rgb-1-300x31-1.jpg\" alt=\"Logo Robert Bosch Stiftung\" width=\"300\" height=\"31\" \/>Die\u00a0<strong>Robert Bosch Stiftung<\/strong> ist eine der gro\u00dfen unternehmensverbundenen Stiftungen in Deutschland. Sie wurde 1964 gegr\u00fcndet und setzt die gemeinn\u00fctzigen Bestrebungen des Firmengr\u00fcnders und Stifters Robert Bosch (1861-1942) fort. Die Stiftung besch\u00e4ftigt sich vorrangig mit den Themenfeldern V\u00f6lkerverst\u00e4ndigung, Bildung und Gesundheit. Seit vielen Jahren f\u00f6rdert sie auch den hochqualitativen Wissenschaftsjournalismus in Deutschland. Die Robert Bosch Stiftung hat das Medien-Doktor PRO-Projekt\u00a0von November 2012 bis Juli 2014 erm\u00f6glicht und das Gesamtprojekt im Rahmen der\u00a0<em>Initiative Wissenschaftsjournalismus<\/em>\u00a0(s.u.) unterst\u00fctzt.<br \/>\n[\/et_pb_text][et_pb_divider _builder_version=&#8220;4.9.7&#8243; _module_preset=&#8220;default&#8220; global_colors_info=&#8220;{}&#8220;][\/et_pb_divider][et_pb_text admin_label=&#8220;Initiative Wissenschaftsjournalismus&#8220; _builder_version=&#8220;4.14.6&#8243; _module_preset=&#8220;default&#8220; global_colors_info=&#8220;{}&#8220;]<\/p>\n<p><strong><img loading=\"lazy\" decoding=\"async\" class=\"wp-image-538 size-full alignleft\" src=\"https:\/\/medien-doktor.de\/umwelt\/wp-content\/uploads\/sites\/6\/2021\/07\/IWJ_4C-300x94-1.jpg\" alt=\"Logo Initiative Wissenschaftsjournalismus\" width=\"300\" height=\"94\" \/><\/strong>Die\u00a0<strong>Initiative Wissenschaftsjournalismus<\/strong>\u00a0war \u2013 als Drittmittelprojekt angesiedelt am Dortmunder Lehrstuhl Wissenschaftsjournalismus \u2013 ein gemeinsames Projekt der Robert Bosch Stiftung, des Stifterverbandes f\u00fcr die Deutsche Wissenschaft und der BASF SE (Januar 2008 bis Juni 2012). Die drei Partner wollten damit die unabh\u00e4ngige und hochqualitative wissenschaftsjournalistische Berichterstattung in Deutschland st\u00e4rken. Die Initiative Wissenschaftsjournalismus war ma\u00dfgeblicher Partner des Medien-Doktor von der Entwicklungsphase im Jahr 2010 bis zum Juni 2012.<\/p>\n<p>[\/et_pb_text][et_pb_divider _builder_version=&#8220;4.9.7&#8243; _module_preset=&#8220;default&#8220; global_colors_info=&#8220;{}&#8220;][\/et_pb_divider][et_pb_text admin_label=&#8220;Wilo-Foundation&#8220; _builder_version=&#8220;4.14.6&#8243; _module_preset=&#8220;default&#8220; global_colors_info=&#8220;{}&#8220;]<\/p>\n<p><img loading=\"lazy\" decoding=\"async\" class=\"wp-image-9  alignleft\" src=\"https:\/\/medien-doktor.de\/umwelt\/wp-content\/uploads\/sites\/6\/2021\/05\/wilo-foundation.png\" alt=\"Logo wilo-foundation\" width=\"131\" height=\"76\" \/>Die <strong><a href=\"http:\/\/www.wilo-foundation.de\/\">Wilo-Foundation<\/a><\/strong>\u00a0ist eine Familienstiftung mit Sitz in Dortmund. Die Stiftung engagiert sich gesellschaftlich in den Bereichen Wissenschaft, Bildung &amp; Soziales, Kultur und Sport. Entwicklung und Aufbau des Medien-Doktor UMWELT wurde von der Wilo-Foundation (zuvor Caspar Ludwig Opl\u00e4nder Stiftung) von 2013 an \u00fcber viele Jahre gef\u00f6rdert, seit Ende 2020 wird eine neue Finanzierung gesucht.<\/p>\n<p>[\/et_pb_text][et_pb_divider _builder_version=&#8220;4.9.7&#8243; _module_preset=&#8220;default&#8220; global_colors_info=&#8220;{}&#8220;][\/et_pb_divider][et_pb_text admin_label=&#8220;Fritz Thyssen Stiftung&#8220; _builder_version=&#8220;4.14.6&#8243; _module_preset=&#8220;default&#8220; global_colors_info=&#8220;{}&#8220;]<\/p>\n<p><img loading=\"lazy\" decoding=\"async\" class=\"wp-image-8  alignleft\" src=\"https:\/\/medien-doktor.de\/umwelt\/wp-content\/uploads\/sites\/6\/2021\/05\/FTS-Logo.png\" alt=\"Logo Fritz Thyssen Stiftung\" width=\"166\" height=\"81\" \/>Die <a href=\"http:\/\/www.fritz-thyssen-stiftung.de\"><strong>Fritz Thyssen Stiftung<\/strong><\/a> mit Sitz in K\u00f6ln f\u00f6rdert die Wissenschaft an wissenschaftlichen Hochschulen und Forschungsst\u00e4tten. Die Stiftung hat 2018\/2019 ein Projekt unterst\u00fctzt, in dem wir neben der Begutachtung aus journalistischer Sicht auch die Perspektive von Rezipienten (Medien-Doktor CITIZEN) sowie Qualit\u00e4tsma\u00dfst\u00e4be der Wissenschafts-PR in die Qualit\u00e4tsbewertung einbezogen haben.<\/p>\n<p>[\/et_pb_text][et_pb_divider _builder_version=&#8220;4.9.7&#8243; _module_preset=&#8220;default&#8220; global_colors_info=&#8220;{}&#8220;][\/et_pb_divider][et_pb_text admin_label=&#8220;Wappen Dortmund&#8220; _builder_version=&#8220;4.9.7&#8243; _module_preset=&#8220;default&#8220; global_colors_info=&#8220;{}&#8220;]<\/p>\n<p><img loading=\"lazy\" decoding=\"async\" class=\"wp-image-539 alignnone size-full\" src=\"https:\/\/medien-doktor.de\/umwelt\/wp-content\/uploads\/sites\/6\/2021\/07\/WaDO_80FW_li_rgb.jpg\" alt=\"Wappen Stadt Dortmund, Schriftzug Stadt Dortmund Wirtschaftsf\u00f6rderung\" width=\"300\" height=\"122\" \/><\/p>\n<p>[\/et_pb_text][et_pb_text admin_label=&#8220;Links&#8220; _builder_version=&#8220;4.9.10&#8243; _module_preset=&#8220;default&#8220; global_colors_info=&#8220;{}&#8220;]<\/p>\n<h3>\u00a0<\/h3>\n<p>&nbsp;<\/p>\n<h3>Links:<\/h3>\n<p>Weitere Kriterien-basierte Monitoring-Projekte:<\/p>\n<ul>\n<li><a href=\"http:\/\/www.healthnewsreview.org\">HealthNewsReview<\/a>\u00a0(USA)<\/li>\n<li><a href=\"https:\/\/www.newcastle.edu.au\/research\/centre\/chb\/research\/media-doctor\">Media Doctor Australia<\/a><\/li>\n<li><a href=\"http:\/\/www.mediadoctor.ca\/\">Media Doctor Canada<\/a><\/li>\n<li><a href=\"http:\/\/mediadoctor.jp\/\">Media Doctor Japan<\/a><\/li>\n<\/ul>\n<p><span class=\"Apple-style-span\">Weitere Monitoring-Projekte der Medizinberichterstattung:<\/span><\/p>\n<p>Monitoring-Projekte, die sich auf die medizinischen Belege hinter den journalistischen Geschichten konzentrieren:<\/p>\n<ul>\n<li><a href=\"https:\/\/www.bhf.org.uk\/informationsupport\/heart-matters-magazine\/news\/behind-the-headlines\">Behind the Headlines<\/a>\u00a0(Gro\u00dfbritannien)<\/li>\n<li><a href=\"http:\/\/www.medizin-transparent.at\/\">Medizin Transparent\u00a0<\/a>(\u00d6sterreich)<\/li>\n<\/ul>\n<p>Monitoring-Projekte mit eher deskriptivem Charakter:<\/p>\n<ul>\n<li>Knight Science Journalism Tracker (Abgeschlossenes Projekt. <a href=\"https:\/\/ksj.mit.edu\/tracker-archive\/\">Hier<\/a> finden Sie das Archiv)\u00a0<\/li>\n<\/ul>\n<p>[\/et_pb_text][\/et_pb_column][et_pb_column type=&#8220;1_3&#8243; _builder_version=&#8220;4.9.4&#8243; _module_preset=&#8220;default&#8220; background_color=&#8220;#F6F6F6&#8243; custom_padding=&#8220;20px|20px|20px|20px|false|false&#8220; global_colors_info=&#8220;{}&#8220;][et_pb_text admin_label=&#8220;Kriterien-Kasten&#8220; _builder_version=&#8220;4.9.7&#8243; _module_preset=&#8220;default&#8220; text_text_color=&#8220;#000000&#8243; text_font_size=&#8220;14px&#8220; header_2_text_color=&#8220;#444444&#8243; locked=&#8220;off&#8220; global_colors_info=&#8220;{}&#8220;]<\/p>\n<h2>Die Kriterien<\/h2>\n<p><a href=\"http:\/\/www.medien-doktor.de\/umwelt\/die-kriterien\/#nutzen\">1 POSITIVE EFFEKTE (NUTZEN)<\/a><\/p>\n<p><a href=\"http:\/\/www.medien-doktor.de\/umwelt\/die-kriterien\/#risiken\">2 RISIKEN &amp; NEBENWIRKUNGEN<\/a><\/p>\n<p><a href=\"http:\/\/www.medien-doktor.de\/umwelt\/die-kriterien\/#verfuegbar\">3 VERF\u00dcGBARKEIT<\/a><\/p>\n<p><a href=\"http:\/\/www.medien-doktor.de\/umwelt\/die-kriterien\/#alternativen\">4 ALTERNATIVEN<\/a><\/p>\n<p><a href=\"http:\/\/www.medien-doktor.de\/umwelt\/die-kriterien\/#kosten\">5 KOSTEN<\/a><\/p>\n<p><a href=\"http:\/\/www.medien-doktor.de\/umwelt\/die-kriterien\/#uebertreibung\">6 KRANKHEITS\u00dcBERTREIBUNG \/ -ERFINDUNG<\/a><\/p>\n<p><a href=\"http:\/\/www.medien-doktor.de\/umwelt\/die-kriterien\/#belege\">7 BELEGE \/ EVIDENZ<\/a><\/p>\n<p><a href=\"http:\/\/www.medien-doktor.de\/umwelt\/die-kriterien\/#experten\">8 EXPERTEN \/ QUELLENTRANSPARENZ<\/a><\/p>\n<p><a href=\"http:\/\/www.medien-doktor.de\/umwelt\/die-kriterien\/#interessen\">9 INTERESSENKONFLIKTE<\/a><\/p>\n<p><a href=\"http:\/\/www.medien-doktor.de\/umwelt\/die-kriterien\/#einordnung\">10 EINORDNUNG IN DEN KONTEXT<\/a><\/p>\n<p><a href=\"http:\/\/www.medien-doktor.de\/umwelt\/die-kriterien\/#faktentreue\">11 FAKTENTREUE<\/a><\/p>\n<p><a href=\"http:\/\/www.medien-doktor.de\/umwelt\/die-kriterien\/#eigenleistung\">12 JOURNALISTISCHE EIGENLEISTUNG<\/a><\/p>\n<p><a href=\"http:\/\/www.medien-doktor.de\/umwelt\/die-kriterien\/#attraktivitaet\">13 ATTRAKTIVIT\u00c4T DER DARSTELLUNG<\/a><\/p>\n<p><a href=\"http:\/\/www.medien-doktor.de\/umwelt\/die-kriterien\/#verstaendlichkeit\">14 VERST\u00c4NDLICHKEIT<\/a><\/p>\n<p><a href=\"http:\/\/www.medien-doktor.de\/umwelt\/die-kriterien\/#themenauswahl\">15 THEMENAUSWAHL<\/a><\/p>\n<p>[\/et_pb_text][\/et_pb_column][\/et_pb_row][\/et_pb_section]<\/p>\n","protected":false},"excerpt":{"rendered":"<p>Partner und Links Das Projekt\u00a0medien-doktor.de\u00a0wird getragen vom Lehrstuhl Wissenschaftsjournalismus der\u00a0Technischen Universit\u00e4t Dortmund.Weitere Partner:\u200bDer Wort &amp; Bild-Verlag f\u00f6rdert den Medien-Doktor Gesundheit seit 2018. Das im Raum M\u00fcnchen angesiedelte Unternehmen ist seit sechs Jahrzehnten auf Gesundheitsthemen spezialisiert. Das wohl bekannteste Magazin des Verlags stellt die Apotheken Umschau dar, aber auch der Diabetes-Ratgeber und die Zeitschrift Baby und [&hellip;]<\/p>\n","protected":false},"author":8,"featured_media":0,"parent":0,"menu_order":0,"comment_status":"closed","ping_status":"closed","template":"","meta":{"_acf_changed":false,"_et_pb_use_builder":"on","_et_pb_old_content":"","_et_gb_content_width":"","footnotes":""},"class_list":["post-529","page","type-page","status-publish","hentry"],"acf":[],"_links":{"self":[{"href":"https:\/\/medien-doktor.de\/umwelt\/wp-json\/wp\/v2\/pages\/529","targetHints":{"allow":["GET"]}}],"collection":[{"href":"https:\/\/medien-doktor.de\/umwelt\/wp-json\/wp\/v2\/pages"}],"about":[{"href":"https:\/\/medien-doktor.de\/umwelt\/wp-json\/wp\/v2\/types\/page"}],"author":[{"embeddable":true,"href":"https:\/\/medien-doktor.de\/umwelt\/wp-json\/wp\/v2\/users\/8"}],"replies":[{"embeddable":true,"href":"https:\/\/medien-doktor.de\/umwelt\/wp-json\/wp\/v2\/comments?post=529"}],"version-history":[{"count":58,"href":"https:\/\/medien-doktor.de\/umwelt\/wp-json\/wp\/v2\/pages\/529\/revisions"}],"predecessor-version":[{"id":4192,"href":"https:\/\/medien-doktor.de\/umwelt\/wp-json\/wp\/v2\/pages\/529\/revisions\/4192"}],"wp:attachment":[{"href":"https:\/\/medien-doktor.de\/umwelt\/wp-json\/wp\/v2\/media?parent=529"}],"curies":[{"name":"wp","href":"https:\/\/api.w.org\/{rel}","templated":true}]}}