{"id":489,"date":"2021-08-10T13:06:30","date_gmt":"2021-08-10T11:06:30","guid":{"rendered":"https:\/\/medien-doktor.de\/umwelt\/?page_id=489"},"modified":"2022-02-16T16:53:53","modified_gmt":"2022-02-16T15:53:53","slug":"gutachter","status":"publish","type":"page","link":"https:\/\/medien-doktor.de\/umwelt\/gutachter\/","title":{"rendered":"Wer erstellt die Gutachten?"},"content":{"rendered":"<p>[et_pb_section fb_built=&#8220;1&#8243; _builder_version=&#8220;4.9.4&#8243; _module_preset=&#8220;default&#8220; custom_padding=&#8220;10px|||||&#8220; da_disable_devices=&#8220;off|off|off&#8220; global_colors_info=&#8220;{}&#8220; da_is_popup=&#8220;off&#8220; da_exit_intent=&#8220;off&#8220; da_has_close=&#8220;on&#8220; da_alt_close=&#8220;off&#8220; da_dark_close=&#8220;off&#8220; da_not_modal=&#8220;on&#8220; da_is_singular=&#8220;off&#8220; da_with_loader=&#8220;off&#8220; da_has_shadow=&#8220;on&#8220;][et_pb_row column_structure=&#8220;2_3,1_3&#8243; _builder_version=&#8220;4.9.4&#8243; _module_preset=&#8220;default&#8220; global_colors_info=&#8220;{}&#8220;][et_pb_column type=&#8220;2_3&#8243; _builder_version=&#8220;4.9.4&#8243; _module_preset=&#8220;default&#8220; global_colors_info=&#8220;{}&#8220;][et_pb_text admin_label=&#8220;\u00dcberschrift &#8220; _builder_version=&#8220;4.13.1&#8243; _module_preset=&#8220;default&#8220; global_colors_info=&#8220;{}&#8220;]<\/p>\n<h1>Wer erstellt die Gutachten?<\/h1>\n<p>[\/et_pb_text][et_pb_text admin_label=&#8220;Wer erstellt die Gutachten Titel &#8220; module_id=&#8220;1&#8243; _builder_version=&#8220;4.14.2&#8243; _module_preset=&#8220;default&#8220; global_colors_info=&#8220;{}&#8220;]<\/p>\n<p>Uns unterst\u00fctzt ein Team erfahrener Wissenschafts- und Umweltjournalisten aus allen Mediengattungen als Gutachter. Im Folgenden stellen wir sie in alphabetischer Reihenfolge in Kurzbiografien vor. Eine Erkl\u00e4rung des Begutachtungsprozesses finden Sie <a href=\"https:\/\/medien-doktor.de\/umwelt\/das-sterne-system\/\">hier<\/a>.<\/p>\n<p>[\/et_pb_text][et_pb_divider _builder_version=&#8220;4.9.7&#8243; _module_preset=&#8220;default&#8220; global_colors_info=&#8220;{}&#8220;][\/et_pb_divider][et_pb_team_member name=&#8220;Markus Becker&#8220; position=&#8220;Spiegel Online&#8220; image_url=&#8220;https:\/\/medien-doktor.de\/umwelt\/wp-content\/uploads\/sites\/6\/2021\/11\/Becker_Bild.jpg&#8220; twitter_url=&#8220;https:\/\/twitter.com\/markusbecker&#8220; admin_label=&#8220;Person: Markus Becker&#8220; _builder_version=&#8220;4.14.7&#8243; _module_preset=&#8220;default&#8220; global_colors_info=&#8220;{}&#8220;]<\/p>\n<p><strong>Markus Becker<\/strong>, Jahrgang 1973, leitete lange Zeit das Wissenschaftsressort bei Spiegel Online. Dort schrieb er unter anderem \u00fcber Klimawandel, Ressourcen, Sicherheitsforschung und R\u00fcstungstechnik. Er studierte Anglistik, Geschichte und Germanistik in Bochum und Newcastle upon Tyne, Magister-Abschluss 1999. Seit 1992 hat er als freier Mitarbeit f\u00fcr Zeitung und Rundfunk gearbeitet, danach ein Volontariat bei der Westdeutschen Allgemeinen Zeitung und der Journalistenschule Ruhr absolviert. Im August 2002 kam er als Politik-Redakteur zu Spiegel Online, von September 2003 &#8211; 2015 war er dort als Ressortleiter Wissenschaft t\u00e4tig. Aktuell leitet er das Br\u00fcsseler B\u00fcro des Spiegels. <\/p>\n<p>[\/et_pb_team_member][et_pb_team_member name=&#8220;Dagmar Dehmer&#8220; position=&#8220;Bundesgesellschaft f\u00fcr Endlagerung (ehemals: Tagesspiegel)&#8220; image_url=&#8220;https:\/\/medien-doktor.de\/umwelt\/wp-content\/uploads\/sites\/6\/2021\/11\/Dehmer-Bild.jpg&#8220; db_email_addr=&#8220;dagmar.dehmer@bge.de &#8220; twitter_url=&#8220;https:\/\/twitter.com\/dpomondi&#8220; admin_label=&#8220;Person: Dagmar Dehmer&#8220; _builder_version=&#8220;4.14.7&#8243; _module_preset=&#8220;default&#8220; global_colors_info=&#8220;{}&#8220;]<\/p>\n<p><strong>Dagmar Dehmer<\/strong> arbeitete zwischen 2001 und 2017 als Politikredakteurin beim Berliner Tagesspiegel. Sie war dort zust\u00e4ndig f\u00fcr die Umweltberichterstattung mit besonderen Schwerpunkten auf den Themen Klimawandel und die Energiewende. Au\u00dferdem berichtete sie \u00fcber entwicklungspolitische Themen und \u00fcber Afrika, speziell Ostafrika und Nigeria. Bevor Dagmar Dehmer zum Tagesspiegel wechselte, arbeitete sie bei der Badischen Zeitung in Freiburg, zun\u00e4chst von 1993 bis 1997 in der Lokalredaktion Offenburg und danach in der Wirtschaftsredaktion, wo sie ebenfalls Umweltthemen betreute. Dagmar Dehmer ist Preistr\u00e4gerin des Deutschen Umweltmedienpreises 2010, der von der Deutschen Umwelthilfe vergeben wird. Aktuell arbeitet sie bei der Bundesgesellschaft f\u00fcr Endlagerung in der Unternehmenskommunikation.<\/p>\n<p>[\/et_pb_team_member][et_pb_team_member name=&#8220;Andrea Hansen&#8220; image_url=&#8220;https:\/\/medien-doktor.de\/umwelt\/wp-content\/uploads\/sites\/6\/2022\/02\/Andrea_Hansen_Bild.jpg&#8220; website_url=&#8220;https:\/\/speakerinnen.org\/de\/profiles\/andrea-hansen&#8220; twitter_url=&#8220;https:\/\/twitter.com\/kommunautin&#8220; admin_label=&#8220;Person: Andrea Hansen&#8220; _builder_version=&#8220;4.14.7&#8243; _module_preset=&#8220;default&#8220; hover_enabled=&#8220;0&#8243; global_colors_info=&#8220;{}&#8220; position=&#8220;Freie Journalistin&#8220; sticky_enabled=&#8220;0&#8243;]<\/p>\n<p><strong>Andrea Hansen<\/strong> arbeitet als freie Journalistin in M\u00fcnster. Sie hat Germanistik, Medienwissenschaft und Politikwissenschaft studiert und mehrere wissenschaftsjournalistische Fortbildungen der Bertelsmann Stiftung absolviert. Sie interessiert sich vor allem f\u00fcr die Wechselwirkungen zwischen Wissenschaft und der restlichen Welt. Ihre Auftraggeber sind \u00fcberwiegend H\u00f6rfunk- und Fernsehsender wie Deutschlandradio Kultur, NDR und WDR. Sie ist Autorin der WDR 5-Sendung \u201eLeonardo\u201c, der NDR-Wissenschaftsredaktion im Fernsehen und hat in der Lokalzeit M\u00fcnsterland eine Serie \u00fcber Wissenschaft und Forschung in der Region betreut. F\u00fcr einen Teil dieser Serie erhielt sie 2004 den Journalistenpreis M\u00fcnsterland. Die Qualit\u00e4t der Berichterstattung \u00fcber Wissenschaftsthemen auch au\u00dferhalb des Wissenschaftsressorts liegt ihr (als einer \u00fcberwiegend im Regionalen t\u00e4tigen Journalistin) besonders am Herzen.<\/p>\n<p>[\/et_pb_team_member][et_pb_team_member name=&#8220;Bernward Janzing&#8220; position=&#8220;Freier Journalist&#8220; image_url=&#8220;https:\/\/medien-doktor.de\/umwelt\/wp-content\/uploads\/sites\/6\/2022\/02\/Bernward_Janzing_Passbild.jpg&#8220; website_url=&#8220;https:\/\/bernward-janzing.de\/&#8220; db_email_addr=&#8220;Bernward.Janzing@t-online.de&#8220; twitter_url=&#8220;https:\/\/twitter.com\/bernwardjanzing&#8220; admin_label=&#8220;Person: Bernward Janzing&#8220; _builder_version=&#8220;4.14.7&#8243; _module_preset=&#8220;default&#8220; global_colors_info=&#8220;{}&#8220;]<\/p>\n<p><strong>Bernward Janzing<\/strong> ist freier Journalist in Freiburg. Er studierte Geographie, Geologie und Biologie in Freiburg und Glasgow, und schloss ein Volontariat bei der Badischen Zeitung an. 1995 machte er sich selbst\u00e4ndig und erhielt durch Hospitanzen und Redakteursvertretungen bei Stern, Spiegel, taz und Financial Times Deutschland Einblick in unterschiedliche \u00a0Redaktionen. Er schreibt heute in Tageszeitungen, Wochenzeitungen und Fachmagazinen vor allem \u00fcber Themen aus Energiewirtschaft und -technik, speziell \u00fcber erneuerbare Energien und den effizienter Umgang mit begrenzten Rohstoffen. 2009 erhielt er den Umweltmedienpreis der Deutschen Umwelthilfe, 2010 den Deutschen Solarpreis von Eurosolar in der Kategorie Medien.<\/p>\n<p>[\/et_pb_team_member][et_pb_team_member name=&#8220;Irene Meichsner&#8220; position=&#8220;Freie Journalistin &#8220; image_url=&#8220;https:\/\/medien-doktor.de\/umwelt\/wp-content\/uploads\/sites\/6\/2022\/02\/Meichsner_Bild.jpg&#8220; website_url=&#8220;https:\/\/de.wikipedia.org\/wiki\/Irene_Meichsner&#8220; admin_label=&#8220;Person: Dr. Irene Meichsner&#8220; _builder_version=&#8220;4.14.7&#8243; _module_preset=&#8220;default&#8220; hover_enabled=&#8220;0&#8243; global_colors_info=&#8220;{}&#8220; sticky_enabled=&#8220;0&#8243;]<\/p>\n<p><strong>Dr. Irene Meichsner<\/strong> studierte Philosophie und Geschichte in K\u00f6ln und Freiburg. Seit 1981 arbeitet sie als freie Journalistin, seit 1985 als Wissenschafts- und Medizinjournalistin. Sie schreibt u.a. f\u00fcr Frankfurter Allgemeine Sonntagszeitung, ZEIT, GEO, K\u00f6lner Stadt-Anzeiger, taz, Tagesspiegel, arbeitet au\u00dferdem f\u00fcr H\u00f6rfunk, Fernsehen und Buchverlage. Von 1990 bis 2008 betreute sie die Wissenschaftsseite des K\u00f6lner Stadt-Anzeiger. Ihr 1990 erschienenes Buch \u201eB\u00f6ses Blut\u201c (mit E.R. Koch, Hoffmann und Campe) deckte den deutschen Blut-Aids-Skandal auf und f\u00fchrte \u00fcber einen Untersuchungsausschuss des Deutschen Bundestags zum Erlass des HIV-Hilfegesetzes.<\/p>\n<p>Sie war Mentorin in Fortbildungsprogrammen der Initiative Wissenschaftsjournalismus. 2005 erhielt sie den Georg von Holtzbrinck Preis f\u00fcr Wissenschaftsjournalismus, 2007 den Expopharm Medienpreis, 2010 den Journalistenpreis f\u00fcr Luft- und Raumfahrt (Sonderpreis).<\/p>\n<p>[\/et_pb_team_member][et_pb_team_member name=&#8220;Daniel M\u00fcnter&#8220; image_url=&#8220;https:\/\/medien-doktor.de\/umwelt\/wp-content\/uploads\/sites\/6\/2022\/02\/daniel-muenter_Bild.jpg&#8220; twitter_url=&#8220;https:\/\/twitter.com\/fluxquantum&#8220; admin_label=&#8220;Person: Daniel M\u00fcnter&#8220; _builder_version=&#8220;4.14.7&#8243; _module_preset=&#8220;default&#8220; hover_enabled=&#8220;0&#8243; global_colors_info=&#8220;{}&#8220; position=&#8220;Freier Journalist&#8220; sticky_enabled=&#8220;0&#8243;]<\/p>\n<p><strong>Daniel M\u00fcnter<\/strong> ist Autor, Regisseur und Wissenschaftsjournalist. Nach einem Studium der Physik in T\u00fcbingen und Toronto absolvierte er ein bimediales Volontariat beim WDR. Er hat langj\u00e4hrige Erfahrung bei der Aufbereitung von Wissenschaftsthemen f\u00fcr \u00f6ffentlich-rechtliche Sender. Seine TV-Dokumentationen liefen u.a. in WDR, ARD, 3Sat und Arte. Seit 1998 hat er zahlreiche Magazinfilme f\u00fcr \u201aW wie Wissen\u2018 in der ARD und Quarks&amp;Co im WDR-Fernsehen erstellt. Themenschwerpunkte sind Klima(wandel), Technik, Raumfahrt, Daten(schutz) und Astronomie.).<\/p>\n<p>[\/et_pb_team_member][et_pb_team_member name=&#8220;Claudia Ruby&#8220; admin_label=&#8220;Person: Claudia Ruby&#8220; _builder_version=&#8220;4.14.7&#8243; _module_preset=&#8220;default&#8220; hover_enabled=&#8220;0&#8243; global_colors_info=&#8220;{}&#8220; position=&#8220;Freie Journalistin&#8220; website_url=&#8220;https:\/\/www.riffreporter.de\/de\/autorinnen-und-autoren\/claudia-ruby&#8220; db_email_addr=&#8220;ruby@horizonte-journalisten.de&#8220; twitter_url=&#8220;https:\/\/twitter.com\/cldruby&#8220; alt=&#8220;Portraitfoto von Claudia Ruby&#8220; title_text=&#8220;CR2&#8243; image_url=&#8220;https:\/\/medien-doktor.de\/umwelt\/wp-content\/uploads\/sites\/6\/2022\/02\/CR2.jpg&#8220; sticky_enabled=&#8220;0&#8243;]<\/p>\n<p><strong>Claudia Ruby<\/strong> studierte Biologie in K\u00f6ln. In ihrer Diplomarbeit hat sie sich mit der Artenvielfalt im kolumbianischen Regenwald besch\u00e4ftigt. Doch noch faszinierender als die Forschung erschien ihr nach einigen Praktika der Wissenschaftsjournalismus. Es folgte ein Volontariat beim Westdeutschen Rundfunk in K\u00f6ln mit einer externen Station im Ressort \u201eWissen\u201c der Zeit. Seit 1999 arbeitet sie freiberuflich als Umwelt- und Wissenschaftsjournalistin f\u00fcr \u00f6ffentlich-rechtliche Sender \u2013 u.a. als Autorin von TV-Dokumentationen. Neben gelegentlichen Ausfl\u00fcgen in die Medizin hat sie sich auf Themen aus dem Bereich Umwelt &amp; Entwicklung, Natur- und Artenschutz, Landwirtschaft und Ern\u00e4hrung spezialisiert. Claudia Ruby ist im Vorstand des Verbandes \u201eWPK \u2013 die Wissenschaftsjournalisten\u201c.<\/p>\n<p>[\/et_pb_team_member][et_pb_team_member name=&#8220;Torsten Sch\u00e4fer&#8220; admin_label=&#8220;Person: Torsten Sch\u00e4fer&#8220; _builder_version=&#8220;4.14.7&#8243; _module_preset=&#8220;default&#8220; hover_enabled=&#8220;0&#8243; global_colors_info=&#8220;{}&#8220; position=&#8220;Professor f\u00fcr Umweltjournalismus (Hochschule Darmstadt)&#8220; twitter_url=&#8220;https:\/\/twitter.com\/umweltredakteur&#8220; alt=&#8220;Portraitfoto von Torsten Sch\u00e4fer&#8220; title_text=&#8220;torsten_Schaefer&#8220; image_url=&#8220;https:\/\/medien-doktor.de\/umwelt\/wp-content\/uploads\/sites\/6\/2022\/02\/torsten_Schaefer.jpg&#8220; sticky_enabled=&#8220;0&#8243;]<\/p>\n<p><strong>Torsten Sch\u00e4fer, <\/strong>Jahrgang 1977, ist Professor f\u00fcr Journalismus an der Hochschule Darmstadt mit dem Schwerpunkt Umweltjournalismus. Daneben arbeitet er als Autor. Von 2009 bis 2013 war er Wissenschaftsredakteur bei der internationalen GEO-Ausgabe sowie freier Online-Redakteur (Planer, CvD, Autor) bei der Deutschen Welle. Sch\u00e4fer schreibt \u00fcber Fischerei, Biodiversit\u00e4t und Klimapolitik \u2013 gerne mit EU-Bez\u00fcgen, da er nach dem Journalistik-Diplom in Dortmund Europastudien studierte und \u00fcber die EU-Berichterstattung von Regionalzeitungen promovierte. F\u00fcr Umweltberichte gab es u.a. den Medienpreis des Nabu NRW und ein Stipendium des Earth Journalism Network. Mehr unter <a href=\"https:\/\/www.eureporter.co\/\">www.euroreporter.co<\/a>.<\/p>\n<p>[\/et_pb_team_member][et_pb_team_member name=&#8220;Ismeni Walter&#8220; admin_label=&#8220;Person: Ismeni Walter&#8220; _builder_version=&#8220;4.14.7&#8243; _module_preset=&#8220;default&#8220; hover_enabled=&#8220;0&#8243; global_colors_info=&#8220;{}&#8220; twitter_url=&#8220;https:\/\/twitter.com\/ismeniwalter&#8220; website_url=&#8220;https:\/\/www.hs-ansbach.de\/personen\/walter-ismeni\/&#8220; position=&#8220;Professorin f\u00fcr Umweltjournalismus (Hochschule Ansbach)&#8220; alt=&#8220;Portraitfoto von Ismeni Walter&#8220; title_text=&#8220;Walter_Ismeni_Foto&#8220; image_url=&#8220;https:\/\/medien-doktor.de\/umwelt\/wp-content\/uploads\/sites\/6\/2022\/02\/Walter_Ismeni_Foto.jpg&#8220; sticky_enabled=&#8220;0&#8243;]<\/p>\n<p><strong>Ismeni Walter<\/strong> (geb. 1967) studierte Biologie in M\u00fcnchen, Boston und Hamburg und promovierte an der Universit\u00e4t Hamburg in Meeresbiologie. Seit 1999 arbeitet sie als freie Wissenschaftsjournalistin und Filmautorin in K\u00f6ln. Dort ist sie v. a. f\u00fcr die ARD und den WDR t\u00e4tig, u. a. f\u00fcr das Schulfernsehen und die Sendungen Quarks &amp; Co, Kopfball, W wie Wissen und Nano. Seit 2011 ist sie Dozentin f\u00fcr Umweltjournalismus im Studiengang Ressortjournalistin der Hochschule Ansbach.<\/p>\n<p>[\/et_pb_team_member][et_pb_team_member name=&#8220;Thomas Weidenbach&#8220; admin_label=&#8220;Person: Thomas Weidenbach&#8220; _builder_version=&#8220;4.14.7&#8243; _module_preset=&#8220;default&#8220; hover_enabled=&#8220;0&#8243; global_colors_info=&#8220;{}&#8220; alt=&#8220;Portraitfoto von Thomas Weidenbach&#8220; title_text=&#8220;Picture_Thomas-Weidenbach1&#8243; image_url=&#8220;https:\/\/medien-doktor.de\/umwelt\/wp-content\/uploads\/sites\/6\/2022\/02\/Picture_Thomas-Weidenbach1.jpg&#8220; sticky_enabled=&#8220;0&#8243; position=&#8220;Freier Journalist und Filmemacher&#8220;]<\/p>\n<p><strong>Thomas Weidenbach<\/strong> arbeitet seit 1982 als Journalist, sp\u00e4ter als Filmemacher und Filmproduzent mit dem Themenschwerpunkt Umwelt, Wissenschaft und Politik und ist Gesch\u00e4ftsf\u00fchrer der L\u00e4ngengrad Filmproduktion in K\u00f6ln (<a href=\"http:\/\/www.laengengrad.de\">www.laengengrad.de<\/a>). Zahlreiche Radiobeitr\u00e4ge und -kommentare sowie Artikel und Reportagen u.a. f\u00fcr \u201aDie Woche\u2018, \u201aNatur\u2018, \u201aFrankfurter Allgemeine Sonntagszeitung\u2018. Er ist Autor von 3 B\u00fcchern zum Thema Waldsterben, Dioxin und Gentechnik sowie von mehr als 250 TV-Magazinbeitr\u00e4gen vor allem \u00fcber Umweltthemen u.a. f\u00fcr \u201eW wie Wissen\u201c\/ARD, \u201eGlobus\u201c\/ARD, \u201eDschungel\u201c\/WDR, \u201eAbenteuer Wissen\u201c\/ZDF, \u201eX:enius\u201c\/Arte. Verantwortlich f\u00fcr Buch und Regie von mehr als 50 TV-Dokumentationen f\u00fcr ARD, WDR, ZDF, SWR, NDR, BR, MDR und ARTE. F\u00fcr seine Filme erhielt er mehr als 60 Auszeichnungen, u.a. den Adolf-Grimme-Preis, den Bayerischen Fernsehpreis, den Medienpreis Entwicklungspolitik sowie Preise bei fast allen nationalen und internationalen Umweltfilmfestivals.<\/p>\n<p>[\/et_pb_team_member][et_pb_team_member name=&#8220;Dr. Marlene Wei\u00df&#8220; admin_label=&#8220;Dr. Marlene Wei\u00df&#8220; _builder_version=&#8220;4.13.1&#8243; _module_preset=&#8220;default&#8220; global_colors_info=&#8220;{}&#8220;]<\/p>\n<p><strong>Dr. Marlene Wei\u00df<\/strong>, Jahrgang 1980, ist Wissenschaftsredakteurin bei der S\u00fcddeutschen Zeitung. Sie schreibt dort \u2013 wenn sie nicht als Chef vom Dienst die Wissens-Seite organisiert \u2013 \u00fcber Umwelt und Klima, zuweilen auch \u00fcber Physik und Mathematik. Nach dem Physikstudium in Z\u00fcrich, Paris und Lausanne promovierte sie am Cern in Genf und an der ETH Z\u00fcrich \u00fcber theoretische Teilchenphysik. Danach gab sie f\u00fcr ein Stipendium der Initiative Wissenschaftsjournalismus die Forschung auf. Nach Praktika und freier Arbeit unter anderem bei FAZ, Zeit, Deutschlandradio Kultur und Berliner Zeitung kam sie 2010 zur S\u00fcddeutschen Zeitung, zun\u00e4chst als Volont\u00e4rin, dann bis Oktober 2014 als feste freie Mitarbeiterin in der Innenpolitik-Redaktion, zust\u00e4ndig f\u00fcr Umweltthemen.<\/p>\n<p>[\/et_pb_team_member][\/et_pb_column][et_pb_column type=&#8220;1_3&#8243; _builder_version=&#8220;4.9.4&#8243; _module_preset=&#8220;default&#8220; background_color=&#8220;#F6F6F6&#8243; custom_padding=&#8220;20px|20px|20px|20px|false|false&#8220; global_colors_info=&#8220;{}&#8220;][et_pb_text admin_label=&#8220;Projekt-Kasten Gesundheit&#8220; _builder_version=&#8220;4.13.1&#8243; _module_preset=&#8220;default&#8220; global_module=&#8220;1320&#8243; saved_tabs=&#8220;all&#8220; global_colors_info=&#8220;{}&#8220;]<\/p>\n<h3>\u00dcber das Projekt<br \/>Medien-Doktor UMWELT<\/h3>\n<ul>\n<li><a href=\"http:\/\/www.medien-doktor.de\/umwelt\/wer-sind-wir\/#projekt\">Was ist das Projekt?<\/a><\/li>\n<li><a href=\"http:\/\/www.medien-doktor.de\/umwelt\/wer-sind-wir\/#ziele\">Ziele des Medien-Doktors<\/a><\/li>\n<li><a href=\"http:\/\/www.medien-doktor.de\/umwelt\/wer-sind-wir\/#finanzierung\">Finanzierung<\/a><\/li>\n<li><a href=\"http:\/\/www.medien-doktor.de\/umwelt\/wer-sind-wir\/#idee\">Woher stammt die Idee?<\/a><\/li>\n<li><a href=\"http:\/\/www.medien-doktor.de\/umwelt\/wer-sind-wir\/#personen\">Wer ist beteiligt?<\/a><\/li>\n<li><a href=\"http:\/\/www.medien-doktor.de\/umwelt\/gutachter\">Gutachterinnen und Gutachter<\/a><\/li>\n<\/ul>\n<p>[\/et_pb_text][et_pb_text ol_position=&#8220;outside&#8220; ol_item_indent=&#8220;20px&#8220; admin_label=&#8220;Kriterien-Kasten Umwelt&#8220; _builder_version=&#8220;4.13.1&#8243; _module_preset=&#8220;default&#8220; text_text_color=&#8220;#000000&#8243; text_font_size=&#8220;14px&#8220; text_line_height=&#8220;2.1em&#8220; ol_text_align=&#8220;left&#8220; ol_line_height=&#8220;2.4em&#8220; header_2_text_color=&#8220;#444444&#8243; background_color=&#8220;#f6f6f6&#8243; module_alignment=&#8220;left&#8220; custom_padding=&#8220;15px|15px|15px|15px|false|false&#8220; global_module=&#8220;1285&#8243; saved_tabs=&#8220;all&#8220; locked=&#8220;off&#8220; global_colors_info=&#8220;{}&#8220;]<\/p>\n<h3>Die Kriterien des<br \/>Medien-Doktor UMWELT<\/h3>\n<p>Es folgt der 2020 \u00fcberarbeitete und aktuell g\u00fcltige Kriterienkatalog. Der alte Kriterienkatalog, an dem sich alle vorher ver\u00f6ffentlichten Gutachten orientieren, <a href=\"https:\/\/medien-doktor.de\/umwelt\/mediendoktor-umwelt-alte-kriterien\/\">kann hier eingesehen werden<\/a>.<\/p>\n<p>&nbsp;<\/p>\n<ol>\n<li><a href=\"http:\/\/www.medien-doktor.de\/umwelt\/die-kriterien\/#\u00fcbertreibung\">KEINE \u00dcBERTREIBUNG \/ VERHARMLOSUNG<\/a><\/li>\n<li><a href=\"http:\/\/www.medien-doktor.de\/umwelt\/die-kriterien\/#handlungsoptionen\">L\u00d6SUNGSHORIZONTE UND HANDLUNGSOPTIONEN<\/a><\/li>\n<li><a href=\"http:\/\/www.medien-doktor.de\/umwelt\/die-kriterien\/#raum\">R\u00c4UMLICHE DIMENSION<\/a><\/li>\n<li><a href=\"http:\/\/www.medien-doktor.de\/umwelt\/die-kriterien\/#zeit\">ZEITLICHE DIMENSION (NACHHALTIGKEIT)<\/a><\/li>\n<li><a href=\"http:\/\/www.medien-doktor.de\/umwelt\/die-kriterien\/#contra\">PRO UND CONTRA<\/a><\/li>\n<li><a href=\"http:\/\/www.medien-doktor.de\/umwelt\/die-kriterien\/#belege\">BELEGE \/ EVIDENZ<\/a><\/li>\n<li><a href=\"http:\/\/www.medien-doktor.de\/umwelt\/die-kriterien\/#experten\">EXPERTEN \/ QUELLENTRANSPARENZ<\/a><\/li>\n<li><a href=\"http:\/\/www.medien-doktor.de\/umwelt\/die-kriterien\/#interessenkonflikte\">INTERESSENKONFLIKTE<\/a><\/li>\n<li><a href=\"http:\/\/www.medien-doktor.de\/umwelt\/die-kriterien\/#kontext\">EINORDNUNG IN DEN KONTEXT<\/a><\/li>\n<li><a href=\"http:\/\/www.medien-doktor.de\/umwelt\/die-kriterien\/#faktentreue\">FAKTENTREUE<\/a><\/li>\n<li><a href=\"http:\/\/www.medien-doktor.de\/umwelt\/die-kriterien\/#eigenleistung\">JOURNALISTISCHE EIGENLEISTUNG<\/a><\/li>\n<li><a href=\"http:\/\/www.medien-doktor.de\/umwelt\/die-kriterien\/#darstellung\">ATTRAKTIVIT\u00c4T DER DARSTELLUNG<\/a><\/li>\n<li><a href=\"http:\/\/www.medien-doktor.de\/umwelt\/die-kriterien\/#verst\u00e4ndlichkeit\">VERST\u00c4NDLICHKEIT<\/a><\/li>\n<li><a href=\"http:\/\/www.medien-doktor.de\/umwelt\/die-kriterien\/#themenauswahl\">THEMENAUSWAHL<\/a><\/li>\n<\/ol>\n<p>[\/et_pb_text][\/et_pb_column][\/et_pb_row][\/et_pb_section]<\/p>\n","protected":false},"excerpt":{"rendered":"<p>Uns\u00a0unterst\u00fctzt ein Team erfahrener Wissenschafts- und Medizinjournalisten aus allen Mediengattungen als Gutachter. Im Folgenden stellen wir sie in alphabetischer Reihenfolge in Kurzbiografien vor.<\/p>\n","protected":false},"author":8,"featured_media":0,"parent":0,"menu_order":0,"comment_status":"closed","ping_status":"closed","template":"","meta":{"_acf_changed":false,"_et_pb_use_builder":"on","_et_pb_old_content":"","_et_gb_content_width":"","footnotes":""},"class_list":["post-489","page","type-page","status-publish","hentry"],"acf":[],"_links":{"self":[{"href":"https:\/\/medien-doktor.de\/umwelt\/wp-json\/wp\/v2\/pages\/489","targetHints":{"allow":["GET"]}}],"collection":[{"href":"https:\/\/medien-doktor.de\/umwelt\/wp-json\/wp\/v2\/pages"}],"about":[{"href":"https:\/\/medien-doktor.de\/umwelt\/wp-json\/wp\/v2\/types\/page"}],"author":[{"embeddable":true,"href":"https:\/\/medien-doktor.de\/umwelt\/wp-json\/wp\/v2\/users\/8"}],"replies":[{"embeddable":true,"href":"https:\/\/medien-doktor.de\/umwelt\/wp-json\/wp\/v2\/comments?post=489"}],"version-history":[{"count":67,"href":"https:\/\/medien-doktor.de\/umwelt\/wp-json\/wp\/v2\/pages\/489\/revisions"}],"predecessor-version":[{"id":4558,"href":"https:\/\/medien-doktor.de\/umwelt\/wp-json\/wp\/v2\/pages\/489\/revisions\/4558"}],"wp:attachment":[{"href":"https:\/\/medien-doktor.de\/umwelt\/wp-json\/wp\/v2\/media?parent=489"}],"curies":[{"name":"wp","href":"https:\/\/api.w.org\/{rel}","templated":true}]}}