{"id":443,"date":"2021-07-05T12:47:50","date_gmt":"2021-07-05T10:47:50","guid":{"rendered":"https:\/\/medien-doktor.de\/umwelt\/?page_id=443"},"modified":"2021-12-09T10:11:35","modified_gmt":"2021-12-09T09:11:35","slug":"das-sterne-system","status":"publish","type":"page","link":"https:\/\/medien-doktor.de\/umwelt\/das-sterne-system\/","title":{"rendered":"Das Sterne-System"},"content":{"rendered":"<p>[et_pb_section fb_built=&#8220;1&#8243; _builder_version=&#8220;4.9.4&#8243; _module_preset=&#8220;default&#8220; custom_padding=&#8220;10px|||||&#8220; da_disable_devices=&#8220;off|off|off&#8220; global_colors_info=&#8220;{}&#8220; da_is_popup=&#8220;off&#8220; da_exit_intent=&#8220;off&#8220; da_has_close=&#8220;on&#8220; da_alt_close=&#8220;off&#8220; da_dark_close=&#8220;off&#8220; da_not_modal=&#8220;on&#8220; da_is_singular=&#8220;off&#8220; da_with_loader=&#8220;off&#8220; da_has_shadow=&#8220;on&#8220;][et_pb_row column_structure=&#8220;2_3,1_3&#8243; _builder_version=&#8220;4.9.4&#8243; _module_preset=&#8220;default&#8220; global_colors_info=&#8220;{}&#8220;][et_pb_column type=&#8220;2_3&#8243; _builder_version=&#8220;4.9.4&#8243; _module_preset=&#8220;default&#8220; global_colors_info=&#8220;{}&#8220;][et_pb_text admin_label=&#8220;Titel Das Sterne System &#8220; _builder_version=&#8220;4.14.2&#8243; _module_preset=&#8220;default&#8220; hover_enabled=&#8220;0&#8243; global_colors_info=&#8220;{}&#8220; sticky_enabled=&#8220;0&#8243;]<\/p>\n<h1>Das Sterne-System<\/h1>\n<p>[\/et_pb_text][et_pb_text admin_label=&#8220;Wie vergeben wir die Sterne? &#8220; module_id=&#8220;1&#8243; _builder_version=&#8220;4.14.2&#8243; _module_preset=&#8220;default&#8220; hover_enabled=&#8220;0&#8243; global_colors_info=&#8220;{}&#8220; sticky_enabled=&#8220;0&#8243;]<\/p>\n<h3>Wie vergeben wir die Sterne?<\/h3>\n<p>Analog zum Medien-Doktor Medizin und unseren internationalen <a href=\"https:\/\/www.healthnewsreview.org\/\">Vorl\u00e4uferprojekten<\/a> aus dem Medizinjournalismus vergeben auch wir bis zu f\u00fcnf Sterne f\u00fcr einen Beitrag, den wir begutachten.<\/p>\n<p>Den Kriterienkatalog, nach dem wir Beitr\u00e4ge zu Umweltthemen bewerten, gliedern wir seit Mai 2020 in umweltspezifische, wissenschaftsjournalistische und allgemeinjournalistische Kriterien. Analog verfahren wir auch in den anderen Medien-Doktor-Projekten zu Medizin- und Ern\u00e4hrungsthemen. <a href=\"https:\/\/medien-doktor.de\/wp-content\/uploads\/2021\/05\/Relaunch_Kriterien_MDU_MDG_MDE.pdf\">Eine Zusammenstellung aller drei Kriteriensets im Vergleich kann hier als PDF heruntergeladen werden<\/a>.<\/p>\n<p>Ein Beitrag, bei dem zu viele der umweltjournalistischen Kriterien \u201enicht anwendbar\u201c sind, f\u00e4llt aus der Begutachtung heraus. In der Regel sollen nicht mehr als zwei Kriterien \u201enicht anwendbar\u201d sein.\u200b<\/p>\n<p>[\/et_pb_text][et_pb_text admin_label=&#8220;1. Schritt&#8220; module_id=&#8220;1&#8243; _builder_version=&#8220;4.13.1&#8243; _module_preset=&#8220;default&#8220; global_colors_info=&#8220;{}&#8220;]<\/p>\n<h3>1. Schritt<\/h3>\n<p>\u200bDer Anteil der \u201eerf\u00fcllten\u201c umweltjournalistischen Kriterien an der Gesamtzahl der anwendbaren Kriterien wird in das Sterne-Ergebnis gem\u00e4\u00df folgendem Schl\u00fcssel umgerechnet.<\/p>\n<p>[\/et_pb_text][et_pb_text admin_label=&#8220;Tabelle&#8220; module_id=&#8220;2&#8243; _builder_version=&#8220;4.13.1&#8243; _module_preset=&#8220;default&#8220; global_colors_info=&#8220;{}&#8220;]<\/p>\n<table style=\"border-collapse: collapse;width: 100%\" border=\"1\">\n<tbody>\n<tr>\n<td style=\"width: 50%\"><strong>Prozent-Anteil \u201eerf\u00fcllt\u201c<\/strong><\/td>\n<td style=\"width: 50%\"><strong>Sterne<\/strong><\/td>\n<\/tr>\n<tr>\n<td style=\"width: 50%\">0%<\/td>\n<td style=\"width: 50%\">0 Sterne<\/td>\n<\/tr>\n<tr>\n<td style=\"width: 50%\">1% bis 20%<\/td>\n<td style=\"width: 50%\">1 Stern<\/td>\n<\/tr>\n<tr>\n<td style=\"width: 50%\">21% bis 40%<\/td>\n<td style=\"width: 50%\">2 Sterne<\/td>\n<\/tr>\n<tr>\n<td style=\"width: 50%\">41% bis 60%<\/td>\n<td style=\"width: 50%\">3 Sterne<\/td>\n<\/tr>\n<tr>\n<td style=\"width: 50%\">61% bis 80%<\/td>\n<td style=\"width: 50%\">4 Sterne<\/td>\n<\/tr>\n<tr>\n<td style=\"width: 50%\">81% bis 100%<\/td>\n<td style=\"width: 50%\">5 Sterne<\/td>\n<\/tr>\n<\/tbody>\n<\/table>\n<p>[\/et_pb_text][et_pb_text admin_label=&#8220;2. Schritt&#8220; module_id=&#8220;3&#8243; _builder_version=&#8220;4.13.1&#8243; _module_preset=&#8220;default&#8220; global_colors_info=&#8220;{}&#8220;]<\/p>\n<h3>2. Schritt<\/h3>\n<p>Ein Beitrag kann von den Gutachtern um einen Stern auf- oder abgewertet werden.<\/p>\n<p>Eine solche Auf- oder Abwertung kann zum einen dadurch begr\u00fcndet sein, dass<\/p>\n<ol>\n<li><strong>a) der Beitrag <u>allgemeinjournalistischen Kriterien<\/u> besonders gut oder schlecht erf\u00fcllt\u00a0<\/strong><\/li>\n<\/ol>\n<ul>\n<li>Wenn alle allgemeinjournalistischen Kriterien \u201enicht erf\u00fcllt\u201c sind, werten wir grunds\u00e4tzlich um einen Stern ab.<\/li>\n<li>Wenn zwei allgemeinjournalistische Kriterien \u201enicht erf\u00fcllt\u201c sind, kann um einen Stern abgewertet werden, sofern es sich um erhebliche M\u00e4ngel handelt (z.B. eine weitgehend unverst\u00e4ndliche Sprache UND ein grober Faktenfehler).<\/li>\n<li>Wenn nur ein Kriterium \u201enicht erf\u00fcllt\u201c ist, kann nur in Ausnahmef\u00e4llen abgewertet werden. Voraussetzung ist, dass ein besonders gravierender Mangel vorliegt (z.B. ein grober Faktenfehler, der die Hauptaussage des Beitrags in ihr Gegenteil verkehrt).<\/li>\n<\/ul>\n<p>Analog kann bei besonders gut erf\u00fcllten allgemeinjournalistischen Kriterien um einen Stern aufgewertet werden (z.B. wenn der Beitrag sich eines wichtigen, in den Medien sonst vernachl\u00e4ssigten Themas annimmt oder eine besondere investigative Leistung beinhaltet.)<\/p>\n<p>Eine Auf- oder Abwertung kann zum anderen dadurch begr\u00fcndet sein, dass<\/p>\n<ol>\n<li><strong>b) der Beitrag bei den <u>umweltjournalistischen Kriterien<\/u> besondere St\u00e4rken oder Schw\u00e4chen aufweist.<\/strong><\/li>\n<\/ol>\n<p>Um einen Stern kann auf- oder abgewertet werden,<\/p>\n<ul>\n<li>wenn eines der umweltjournalistischen Kriterien ganz besonders gut oder schlecht erf\u00fcllt ist. Voraussetzung ist, dass es sich dabei um ein Kriterium handelt, das f\u00fcr das betreffende Thema von herausragender, klar definierbarer Bedeutung ist.<\/li>\n<li>wenn mehrere zehn Kriterien nur \u201eknapp erf\u00fcllt\u201c bzw. nur \u201eknapp nicht erf\u00fcllt\u201c sind.<\/li>\n<\/ul>\n<p>Insgesamt kann gegen\u00fcber der Wertung, die sich aus den umweltjournalistischen Kriterien ergibt, maximal um einen Stern auf- oder abgewertet werden.<\/p>\n<p><strong>Bitte beachten<\/strong>: Die Sterne-Bewertung bietet lediglich eine erste Orientierung. Wesentlich f\u00fcr die Gesamtbeurteilung eines Beitrags sind die Kommentare \/ Begr\u00fcndungen zu den einzelnen Kriterien sowie die Zusammenfassung.<\/p>\n<p>[\/et_pb_text][et_pb_text admin_label=&#8220;Bitte beachten &#8220; module_id=&#8220;5&#8243; _builder_version=&#8220;4.9.7&#8243; _module_preset=&#8220;default&#8220; global_colors_info=&#8220;{}&#8220;]<\/p>\n<p><strong>Bitte beachten<\/strong>:\u00a0Die Sterne-Bewertung bietet lediglich eine erste Orientierung. F\u00fcr das Gesamturteil eines Artikels sind die Erl\u00e4uterungen in den einzelnen Kommentaren und die Zusammenfassung zu ber\u00fccksichtigen.<\/p>\n<p>[\/et_pb_text][\/et_pb_column][et_pb_column type=&#8220;1_3&#8243; _builder_version=&#8220;4.9.4&#8243; _module_preset=&#8220;default&#8220; background_color=&#8220;#F6F6F6&#8243; custom_padding=&#8220;20px|20px|20px|20px|false|false&#8220; global_colors_info=&#8220;{}&#8220;][et_pb_text ol_position=&#8220;outside&#8220; ol_item_indent=&#8220;20px&#8220; admin_label=&#8220;Kriterien-Kasten Umwelt&#8220; _builder_version=&#8220;4.13.1&#8243; _module_preset=&#8220;default&#8220; text_text_color=&#8220;#000000&#8243; text_font_size=&#8220;14px&#8220; text_line_height=&#8220;2.1em&#8220; ol_text_align=&#8220;left&#8220; ol_line_height=&#8220;2.4em&#8220; header_2_text_color=&#8220;#444444&#8243; background_color=&#8220;#f6f6f6&#8243; module_alignment=&#8220;left&#8220; custom_padding=&#8220;15px|15px|15px|15px|false|false&#8220; global_module=&#8220;1285&#8243; saved_tabs=&#8220;all&#8220; locked=&#8220;off&#8220; global_colors_info=&#8220;{}&#8220;]<\/p>\n<h3>Die Kriterien des<br \/>Medien-Doktor UMWELT<\/h3>\n<p>Es folgt der 2020 \u00fcberarbeitete und aktuell g\u00fcltige Kriterienkatalog. Der alte Kriterienkatalog, an dem sich alle vorher ver\u00f6ffentlichten Gutachten orientieren, <a href=\"https:\/\/medien-doktor.de\/umwelt\/mediendoktor-umwelt-alte-kriterien\/\">kann hier eingesehen werden<\/a>.<\/p>\n<p>&nbsp;<\/p>\n<ol>\n<li><a href=\"http:\/\/www.medien-doktor.de\/umwelt\/die-kriterien\/#\u00fcbertreibung\">KEINE \u00dcBERTREIBUNG \/ VERHARMLOSUNG<\/a><\/li>\n<li><a href=\"http:\/\/www.medien-doktor.de\/umwelt\/die-kriterien\/#handlungsoptionen\">L\u00d6SUNGSHORIZONTE UND HANDLUNGSOPTIONEN<\/a><\/li>\n<li><a href=\"http:\/\/www.medien-doktor.de\/umwelt\/die-kriterien\/#raum\">R\u00c4UMLICHE DIMENSION<\/a><\/li>\n<li><a href=\"http:\/\/www.medien-doktor.de\/umwelt\/die-kriterien\/#zeit\">ZEITLICHE DIMENSION (NACHHALTIGKEIT)<\/a><\/li>\n<li><a href=\"http:\/\/www.medien-doktor.de\/umwelt\/die-kriterien\/#contra\">PRO UND CONTRA<\/a><\/li>\n<li><a href=\"http:\/\/www.medien-doktor.de\/umwelt\/die-kriterien\/#belege\">BELEGE \/ EVIDENZ<\/a><\/li>\n<li><a href=\"http:\/\/www.medien-doktor.de\/umwelt\/die-kriterien\/#experten\">EXPERTEN \/ QUELLENTRANSPARENZ<\/a><\/li>\n<li><a href=\"http:\/\/www.medien-doktor.de\/umwelt\/die-kriterien\/#interessenkonflikte\">INTERESSENKONFLIKTE<\/a><\/li>\n<li><a href=\"http:\/\/www.medien-doktor.de\/umwelt\/die-kriterien\/#kontext\">EINORDNUNG IN DEN KONTEXT<\/a><\/li>\n<li><a href=\"http:\/\/www.medien-doktor.de\/umwelt\/die-kriterien\/#faktentreue\">FAKTENTREUE<\/a><\/li>\n<li><a href=\"http:\/\/www.medien-doktor.de\/umwelt\/die-kriterien\/#eigenleistung\">JOURNALISTISCHE EIGENLEISTUNG<\/a><\/li>\n<li><a href=\"http:\/\/www.medien-doktor.de\/umwelt\/die-kriterien\/#darstellung\">ATTRAKTIVIT\u00c4T DER DARSTELLUNG<\/a><\/li>\n<li><a href=\"http:\/\/www.medien-doktor.de\/umwelt\/die-kriterien\/#verst\u00e4ndlichkeit\">VERST\u00c4NDLICHKEIT<\/a><\/li>\n<li><a href=\"http:\/\/www.medien-doktor.de\/umwelt\/die-kriterien\/#themenauswahl\">THEMENAUSWAHL<\/a><\/li>\n<\/ol>\n<p>[\/et_pb_text][\/et_pb_column][\/et_pb_row][\/et_pb_section]<\/p>\n","protected":false},"excerpt":{"rendered":"<p>Das Sterne-SystemWie vergeben wir die Sterne? Analog zum Medien-Doktor Medizin und unseren internationalen Vorl\u00e4uferprojekten aus dem Medizinjournalismus vergeben auch wir bis zu f\u00fcnf Sterne f\u00fcr einen Beitrag, den wir begutachten. Den Kriterienkatalog, nach dem wir Beitr\u00e4ge zu Umweltthemen bewerten, gliedern wir seit Mai 2020 in umweltspezifische, wissenschaftsjournalistische und allgemeinjournalistische Kriterien. Analog verfahren wir auch in [&hellip;]<\/p>\n","protected":false},"author":8,"featured_media":0,"parent":0,"menu_order":0,"comment_status":"closed","ping_status":"closed","template":"","meta":{"_acf_changed":false,"_et_pb_use_builder":"on","_et_pb_old_content":"","_et_gb_content_width":"","footnotes":""},"class_list":["post-443","page","type-page","status-publish","hentry"],"acf":[],"_links":{"self":[{"href":"https:\/\/medien-doktor.de\/umwelt\/wp-json\/wp\/v2\/pages\/443","targetHints":{"allow":["GET"]}}],"collection":[{"href":"https:\/\/medien-doktor.de\/umwelt\/wp-json\/wp\/v2\/pages"}],"about":[{"href":"https:\/\/medien-doktor.de\/umwelt\/wp-json\/wp\/v2\/types\/page"}],"author":[{"embeddable":true,"href":"https:\/\/medien-doktor.de\/umwelt\/wp-json\/wp\/v2\/users\/8"}],"replies":[{"embeddable":true,"href":"https:\/\/medien-doktor.de\/umwelt\/wp-json\/wp\/v2\/comments?post=443"}],"version-history":[{"count":33,"href":"https:\/\/medien-doktor.de\/umwelt\/wp-json\/wp\/v2\/pages\/443\/revisions"}],"predecessor-version":[{"id":3855,"href":"https:\/\/medien-doktor.de\/umwelt\/wp-json\/wp\/v2\/pages\/443\/revisions\/3855"}],"wp:attachment":[{"href":"https:\/\/medien-doktor.de\/umwelt\/wp-json\/wp\/v2\/media?parent=443"}],"curies":[{"name":"wp","href":"https:\/\/api.w.org\/{rel}","templated":true}]}}