{"id":40,"date":"2021-05-30T11:45:06","date_gmt":"2021-05-30T09:45:06","guid":{"rendered":"https:\/\/medien-doktor.de\/umwelt\/?page_id=40"},"modified":"2021-12-09T11:57:38","modified_gmt":"2021-12-09T10:57:38","slug":"wer-sind-wir","status":"publish","type":"page","link":"https:\/\/medien-doktor.de\/umwelt\/wer-sind-wir\/","title":{"rendered":"\u00dcber uns"},"content":{"rendered":"<p>[et_pb_section fb_built=&#8220;1&#8243; _builder_version=&#8220;4.9.4&#8243; _module_preset=&#8220;default&#8220; custom_padding=&#8220;10px|||||&#8220; da_disable_devices=&#8220;off|off|off&#8220; locked=&#8220;off&#8220; global_colors_info=&#8220;{}&#8220; da_is_popup=&#8220;off&#8220; da_exit_intent=&#8220;off&#8220; da_has_close=&#8220;on&#8220; da_alt_close=&#8220;off&#8220; da_dark_close=&#8220;off&#8220; da_not_modal=&#8220;on&#8220; da_is_singular=&#8220;off&#8220; da_with_loader=&#8220;off&#8220; da_has_shadow=&#8220;on&#8220;][et_pb_row column_structure=&#8220;2_3,1_3&#8243; _builder_version=&#8220;4.9.4&#8243; _module_preset=&#8220;default&#8220; global_colors_info=&#8220;{}&#8220;][et_pb_column type=&#8220;2_3&#8243; _builder_version=&#8220;4.9.4&#8243; _module_preset=&#8220;default&#8220; global_colors_info=&#8220;{}&#8220;][et_pb_text admin_label=&#8220;\u00dcber uns&#8220; _builder_version=&#8220;4.14.2&#8243; _module_preset=&#8220;default&#8220; global_colors_info=&#8220;{}&#8220;]<\/p>\n<h2>\u00dcber uns<\/h2>\n<p>Der Medien-Doktor UMWELT begutachtet die Berichterstattung zu Umweltthemen mit Wissenschaftsbezug. Erfahrene Umweltjournalistinnen und -journalisten beurteilen anhand eines Kriterienkatalogs seit 2013 solche Beitr\u00e4ge in Publikumsmedien. F\u00fcr dieses Qualit\u00e4tsmonitoring wurden \u2013 unseres Wissens weltweit erstmals \u2013 systematische Kriterien zur transparenten Bewertung umweltjournalistischer Beitr\u00e4ge entwickelt und <a href=\"https:\/\/journals.sagepub.com\/doi\/abs\/10.1177\/0963662515597195\">publiziert<\/a>.<\/p>\n<p>Der Katalog wurde im Sommer 2020 \u00fcberarbeitet, mit einer Gliederung in allgemeinjournalistische, wissenschaftsjournalistische und speziell f\u00fcr die Umweltberichterstattung definierte Kriterien. Ziel ist es, die Qualit\u00e4t der Berichterstattung \u00fcber umweltwissenschaftliche Themen zu verbessern. Dabei orientieren sich die <a href=\"https:\/\/medien-doktor.de\/umwelt\/die-kriterien\/\">14 Kriterien<\/a> am Interesse der Mediennutzerinnen und -nutzer, unabh\u00e4ngig, zuverl\u00e4ssig und verst\u00e4ndlich \u00fcber Umweltprobleme und L\u00f6sungsans\u00e4tze informiert zu werden. Dazu geh\u00f6ren beispielsweise Berichte \u00fcber Themen der Energie- und Klimaforschung, \u00fcber Strategien zum Erhalt der Biodiversit\u00e4t oder Beitr\u00e4ge \u00fcber neue Umwelttechniken.<\/p>\n<p>[\/et_pb_text][et_pb_text admin_label=&#8220;Text Projekt MD Umwelt&#8220; _builder_version=&#8220;4.14.2&#8243; _module_preset=&#8220;default&#8220; global_colors_info=&#8220;{}&#8220;]<\/p>\n<h2>Was ist das Projekt Medien-Doktor UMWELT?<\/h2>\n<p>Der Medien-Doktor ist ein Angebot von Journalisten f\u00fcr Journalisten am Lehrstuhl Wissenschaftsjournalismus der Technischen Universit\u00e4t Dortmund. Nachdem schon seit November 2010 mehrmals pro Woche medizinjournalistische Beitr\u00e4ge bewertet werden, wurde das Angebot ab Fr\u00fchjahr 2013 auf umweltwissenschaftliche Themen erweitert. Entsprechend dem f\u00fcr die Medizinberichterstattung bew\u00e4hrten Verfahren beurteilen erfahrene Umweltjournalisten Beitr\u00e4ge in Print-,TV-, H\u00f6rfunk- und Online-Medien anhand eines hierf\u00fcr entwickelten <a href=\"https:\/\/medien-doktor.de\/umwelt\/die-kriterien\/\">Kriterienkataloges<\/a>. Dieser wurde 2020 \u00fcberarbeitet und umfasst nun <a href=\"https:\/\/medien-doktor.de\/umwelt\/die-kriterien\/\">14 Kriterien.<\/a> Die Ergebnisse der journalistischen Gutachten pr\u00e4sentieren wir auf dieser Webseite. Eine \u00dcbersicht der Bewertungen umweltjournalistischer Beitr\u00e4ge finden Sie <a href=\"https:\/\/medien-doktor.de\/umwelt\/bewertungen\/\">hier<\/a>.<\/p>\n<p>F\u00fcr das Qualit\u00e4tsmonitoring der Umweltberichterstattung wurden \u2013 unseres Wissens weltweit erstmals \u2013 systematische Kriterien zur Bewertung entsprechender Beitr\u00e4ge entwickelt und auf ihre Anwendbarkeit gepr\u00fcft. Sie dienen in einem journalistischen peer\u2010review\u2010Verfahren (also einem Verfahren, bei dem Journalisten die Arbeit von Journalisten \u2013 ihren peers \u2013 beurteilen, \u00e4hnlich dem Verfahren in der Wissenschaft) dazu, Texte, TV- und Radiobeitr\u00e4ge anhand transparenter Ma\u00dfst\u00e4be zu bewerten. Ziel ist es, die Qualit\u00e4t der Berichterstattung \u00fcber umweltwissenschaftliche Themen nachhaltig zu verbessern. Dabei orientieren sich die Kriterien am Interesse der Leser, Zuh\u00f6rer und Zuschauer, unabh\u00e4ngig, zuverl\u00e4ssig und verst\u00e4ndlich \u00fcber Umweltprobleme und L\u00f6sungsans\u00e4tze informiert zu werden. Dazu geh\u00f6ren beispielsweise Berichte \u00fcber Themen der Energie- und Klimaforschung, \u00fcber Forschungsprojekte f\u00fcr nachhaltige Entwicklung und Strategien zum Erhalt der Biodiversit\u00e4t, sowie Beitr\u00e4ge \u00fcber die Beurteilung von Schadstoffen oder \u00fcber neue Umwelttechniken.<\/p>\n<p>Der Medien-Doktor UMWELT kombiniert fachjournalistische \u00a0und \u00a0<a href=\"https:\/\/medien-doktor.de\/umwelt\/die-kriterien\/\">allgemeinjournalistische Kriterien<\/a>. Diese ber\u00fccksichtigen den redaktionellen Alltag von Journalisten und die Faktoren, die ihre Entscheidung beeinflussen, ob ein Beitrag auf die Seite kommt oder \u00fcber den Sender geht. Auch Erkenntnisse aus der allgemeinen Journalismusforschung flie\u00dfen hier ein. Die hier vorgelegten Kriterien wurden im Diskurs mit den Gutachtern entwickelt. Sie stehen weiterhin zur allgemeinen Diskussion, wir \u00a0freuen uns \u00fcber Kritik und Anregungen.<\/p>\n<p>[\/et_pb_text][et_pb_divider _builder_version=&#8220;4.9.7&#8243; _module_preset=&#8220;default&#8220; global_colors_info=&#8220;{}&#8220;][\/et_pb_divider][et_pb_blurb _builder_version=&#8220;4.14.2&#8243; _module_preset=&#8220;default&#8220; global_colors_info=&#8220;{}&#8220;]<\/p>\n<p><em>Eine Kurz\u00fcbersicht \u00fcber alle Medien-Doktor Projekte finden Sie im aktuellen Flyer, den Sie hier als pdf herunterladen k\u00f6nnen: <a href=\"https:\/\/medien-doktor.de\/umwelt\/wp-content\/uploads\/sites\/6\/2021\/07\/TU_Mediendoktor_Folder_Web.pdf\" rel=\"attachment wp-att-722\">Medien-Doktor Flyer<\/a>\u00a0(Stand 2019)<\/em><\/p>\n<p><em>You will find information in English about our Medien-Doktor project\u00a0<a href=\"https:\/\/medien-doktor.de\/umwelt\/rating-criteria\/\">on this page<\/a>.<\/em><\/p>\n<p>[\/et_pb_blurb][et_pb_divider _builder_version=&#8220;4.9.7&#8243; _module_preset=&#8220;default&#8220; global_colors_info=&#8220;{}&#8220;][\/et_pb_divider][et_pb_text admin_label=&#8220;Was sind die Ziele des Medien-Doktors&#8220; module_id=&#8220;ziele&#8220; _builder_version=&#8220;4.14.2&#8243; _module_preset=&#8220;default&#8220; global_colors_info=&#8220;{}&#8220;]<\/p>\n<h2>Was sind die Ziele des Medien-Doktors UMWELT?<\/h2>\n<p data-mce-fragment=\"1\">Der Medien-Doktor m\u00f6chte helfen, bei Journalisten, Redaktionen, Wissenschaftskommunikatoren und auch bei Mediennutzern ein Bewusstsein f\u00fcr notwendige Standards in der Berichterstattung \u00fcber Umwelt-Themen zu schaffen. Damit hoffen wir, die Qualit\u00e4t journalistischer Beitr\u00e4ge zu verbessern. Der Schwerpunkt liegt dabei auf Beitr\u00e4gen, die zumindest in Teilen wissenschaftliche Aussagen zu Umweltthemen enthalten.<\/p>\n<p data-mce-fragment=\"1\">Das Ziel ist dabei keineswegs, vor allem Negativbeispiele herauszugreifen, und damit Medien oder gar einzelne Journalistinnen und Journalisten blo\u00df zu stellen. Wir wollen nicht nur Probleme im Umweltjournalismus aufzeigen und auf Defizite hinweisen, sondern auch anhand gelungener Beitr\u00e4ge zu Umweltthemen zeigen, wie schwierige Zusammenh\u00e4nge ebenso korrekt und informativ wie ansprechend und interessant dargestellt werden k\u00f6nnen. Der Medien-Doktor UMWELT will solchen Positivbeispielen Aufmerksamkeit verschaffen und zugleich Anreiz und Anregung bieten, die eigene journalistische Arbeit daran zu messen. Die Kriterien sollen so dazu beitragen, Journalisten eine Orientierung f\u00fcr die eigene Arbeit in der Umweltberichterstattung zu geben. Selbstverst\u00e4ndlich ist uns bewusst, dass die Arbeitsbedingungen in den begutachteten Medien sehr unterschiedlich sind und auch die Qualit\u00e4tsma\u00dfst\u00e4be im Detail variieren k\u00f6nnen. Auch wissen wir aus eigener journalistischer Erfahrung, dass der ver\u00f6ffentlichte Beitrag mit seinen St\u00e4rken und Schw\u00e4chen nicht nur das Produkt des Autors, sondern ebenso von der Redaktion zu verantworten ist. Dieses Endprodukt ist es, das wir beurteilen.<\/p>\n<p data-mce-fragment=\"1\">Die Erkenntnisse aus dem Monitoring werden am <a href=\"https:\/\/wissenschaftsjournalismus.tu-dortmund.de\/\" data-mce-fragment=\"1\"><strong data-mce-fragment=\"1\">Lehrstuhl Wissenschaftsjournalismus der Technischen Universit\u00e4t Dortmund<\/strong><\/a> systematisch ausgewertet. So k\u00f6nnen die Ergebnisse nicht nur in die journalistische Qualit\u00e4tsforschung einflie\u00dfen, sondern auch gezielt in die Ausbildung von Nachwuchsjournalisten und in Weiterbildungsprojekte.\u200b<\/p>\n<p>[\/et_pb_text][et_pb_text admin_label=&#8220;Wie wird das Projekt finanziert &#8220; module_id=&#8220;finanzierung&#8220; _builder_version=&#8220;4.14.2&#8243; _module_preset=&#8220;default&#8220; hover_enabled=&#8220;0&#8243; global_colors_info=&#8220;{}&#8220; sticky_enabled=&#8220;0&#8243;]<\/p>\n<h2>Wie wird das Projekt Medien-Doktor-UMWELT finanziert?\u200b<\/h2>\n<p>Der Medien-Doktor UMWELT wird vom Lehrstuhl Wissenschaftsjournalismus am Institut f\u00fcr Journalistik der Technischen Universit\u00e4t Dortmund finanziert und wurde im Rahmen von Drittmittelprojekten von der <a href=\"http:\/\/www.wilo-foundation.de\/\">Wilo-Foundation<\/a> und der <a href=\"https:\/\/www.fritz-thyssen-stiftung.de\/\">Fritz Thyssen Stiftung<\/a> gef\u00f6rdert. Ferner wird das Projekt von der <a href=\"https:\/\/www.wpk.org\/\">Wissenschafts-Pressekonferenz<\/a> unterst\u00fctzt. Gern m\u00f6chten wir weitere Unterst\u00fctzer und interessierte Projektpartner einbeziehen. Kontakt f\u00fcr Interessenten: <a class=\"moz-txt-link-abbreviated\" href=\"mailto:holger.wormer@tu-dortmund.de\">holger.wormer@tu-dortmund.de.<\/a><\/p>\n<p>[\/et_pb_text][et_pb_text admin_label=&#8220;Woher stammt die Idee&#8220; module_id=&#8220;idee&#8220; _builder_version=&#8220;4.14.2&#8243; _module_preset=&#8220;default&#8220; global_colors_info=&#8220;{}&#8220;]<\/p>\n<h2>Woher stammt die Idee eines Medien-Doktors UMWELT?<\/h2>\n<p>Der Medien-Doktor UMWELT kn\u00fcpft an Monitoring-Projekte im Bereich des Medizinjournalismus an. Auf den 2004 gegr\u00fcndeten australischen Media Doctor Australia folgten Projekte in Kanada (Media Doctor Canada), den USA (<a href=\"https:\/\/www.healthnewsreview.org\/\">HealthNewsReview<\/a>) und Hongkong (Media Doctor Hong Kong), und seit 2010 der deutsche Medien-Doktor Medizin.<\/p>\n<p>Von Beginn an war beim Medien-Doktor zur Medizinberichterstattung geplant, das Qualit\u00e4tsmonitoring auf andere Bereiche des Wissenschaftsjournalismus auszudehnen. Daf\u00fcr wurde nun als erste Erweiterung der Bereich des Umweltjournalismus gew\u00e4hlt, denn die Berichterstattung \u00fcber Umweltprobleme (und potenzielle L\u00f6sungen) nimmt in den Massenmedien eine besondere und wichtige Stellung ein. H\u00e4ufig geht es um Fragen, die Leser, Zuh\u00f6rer und Zuschauer unmittelbar bewegen, manchmal sogar \u00e4ngstigen. St\u00e4rker als bei vielen anderen Wissenschaftsthemen werden die Mediennutzer direkt oder indirekt zum Handeln aufgefordert. Deshalb gilt es zu pr\u00fcfen, wie gut die Qualit\u00e4t der jeweiligen Berichterstattung ist, und wie fundiert z.B. solche Handlungsaufrufe sind. Hinzu kommt die gro\u00dfe wirtschaftliche Bedeutung umweltwissenschaftlicher Forschung. Es \u00fcberrascht daher nicht, dass Umweltthemen in der Zahl der wissenschaftsjournalistischen Beitr\u00e4ge in einigen Medien hinter den Medizinthemen den zweiten Rang einnehmen (Elmer, C., Badenschier, F. , and Wormer, H. (2008): Journalism &amp; Mass Communication Quarterly, Vol. 85, No. 4, S. 878-893). Gr\u00fcnde genug also, am Lehrstuhl Wissenschaftsjournalismus den Medien-Doktor UMWELT zu initiieren.<\/p>\n<p>Siehe dazu auch unsere <a href=\"https:\/\/idw-online.de\/de\/news532159\">Pressemitteilung <\/a>vom 7.5.2013.<\/p>\n<p>[\/et_pb_text][et_pb_text admin_label=&#8220;Welche Personen sind beteiligt? &#8220; module_id=&#8220;personen&#8220; _builder_version=&#8220;4.14.2&#8243; _module_preset=&#8220;default&#8220; global_colors_info=&#8220;{}&#8220;]<\/p>\n<h2>Welche Personen sind am Medien-Doktor UMWELT beteiligt?<\/h2>\n<p>[\/et_pb_text][et_pb_team_member name=&#8220;Prof. Holger Wormer&#8220; position=&#8220;Professor f\u00fcr Wissenschaftsjournalismus, Institut f\u00fcr Journalistik, TU Dortmund&#8220; image_url=&#8220;https:\/\/medien-doktor.de\/umwelt\/wp-content\/uploads\/sites\/6\/2021\/07\/Holger_Wormer_Portrait.jpg.jpg&#8220; admin_label=&#8220;Prof. Holger Wormer&#8220; _builder_version=&#8220;4.14.2&#8243; _module_preset=&#8220;default&#8220; global_colors_info=&#8220;{}&#8220;]<\/p>\n<p>Holger Wormer ist seit 2004 Inhaber des Lehrstuhls Wissenschaftsjournalismus an der Technischen Universit\u00e4t Dortmund und dort der verantwortliche Projektleiter f\u00fcr <a href=\"https:\/\/medien-doktor.de\/\">medien-doktor.de<\/a>. Von 1996 bis 2004 war er Wissenschaftsredakteur bei der S\u00fcddeutschen Zeitung mit den Schwerpunkten Medizin, Gentechnik sowie Qualit\u00e4t, Ethik und F\u00e4lschung in der Forschung. Von 1986 an war er als Freier Journalist f\u00fcr verschiedene Medien t\u00e4tig, darunter die dpa, das P.M. Magazin, die Rheinische Post und den WDR, wo er seit 2007 eine feste Rubrik hat. F\u00fcr seine journalistische Arbeit wurde er mit zwei Journalistenpreisen ausgezeichnet. Er studierte Chemie mit Philosophie im Nebenfach in Heidelberg, Ulm und Lyon. Prof. Wormer ist u. a. Mitglied der Jury f\u00fcr den <a href=\"https:\/\/www.dfg.de\/foerderung\/programme\/preise\/communicator_preis\/index.html\">Communicator-Preis der Deutschen Forschungsgemeinschaft<\/a> und Autor mehrerer B\u00fccher (zuletzt: Endlich Mitwisser!, KiWi-Verlag, Fr\u00fchjahr 2011).<\/p>\n<p>[\/et_pb_team_member][et_pb_team_member name=&#8220;Dr. Wiebke R\u00f6gener&#8220; position=&#8220;Leitende Redakteurin Medien-Doktor UMWELT&#8220; image_url=&#8220;https:\/\/medien-doktor.de\/umwelt\/wp-content\/uploads\/sites\/6\/2021\/11\/Wiebke_Roegener_Portrait.jpg&#8220; admin_label=&#8220;Dr. Astrid Viciano&#8220; _builder_version=&#8220;4.14.2&#8243; _module_preset=&#8220;default&#8220; global_colors_info=&#8220;{}&#8220;]<\/p>\n<p>Dr. Wiebke R\u00f6gener ist die leitende Redakteurin des Medien-Doktor UMWELT. Sie studierte an der Universit\u00e4t Hamburg Biologie mit dem Hauptfach Zoologie. Auf die Doktorarbeit an der Universit\u00e4tsklinik K\u00f6ln folgten weitere zehn Jahre wissenschaftlicher T\u00e4tigkeit in der Immun- und Neurobiologie in Swansea (UK), Bremen und L\u00fcbeck. 1995 begann Wiebke R\u00f6gener als freie Wissenschaftsjournalistin zu arbeiten. Seither schreibt sie zu Themen aus Naturwissenschaft, Umwelt, Medizin und Forschungspolitik. Ihre Texte erschienen v. a. in der S\u00fcddeutschen Zeitung, bei der sie in den Jahren 1999 und 2000 auch Redakteursstellen im Wissenschaftsressort vertrat. Von Dezember 2006 bis Juli 2019 war Wiebke R\u00f6gener als Wissenschaftliche Mitarbeiterin am Institut f\u00fcr Journalistik der TU Dortmund t\u00e4tig. 2009 wurde sie mit dem Journalistenpreis des Deutschen Netzwerks Evidenzbasierte Medizin ausgezeichnet. 2014 erschien ihr Buch \u201eHyper-Hirn\u201c im Ernst Reinhardt Verlag.<\/p>\n<p>[\/et_pb_team_member][et_pb_text admin_label=&#8220;Gutachterinnen und Gutachter&#8220; _builder_version=&#8220;4.14.2&#8243; _module_preset=&#8220;default&#8220; global_colors_info=&#8220;{}&#8220;]<\/p>\n<h2>Gutachterinnen und Gutachter<\/h2>\n<p>Uns unterst\u00fctzt ein Team erfahrener Wissenschafts- und Medizinjournalisten als\u00a0Gutachter. Wir stellen sie\u00a0auf einer <a href=\"https:\/\/medien-doktor.de\/umwelt\/gutachter\/\">eigenen Seite<\/a>\u00a0kurz vor.<\/p>\n<p>[\/et_pb_text][\/et_pb_column][et_pb_column type=&#8220;1_3&#8243; _builder_version=&#8220;4.9.4&#8243; _module_preset=&#8220;default&#8220; background_color=&#8220;#F6F6F6&#8243; custom_padding=&#8220;20px|20px|20px|20px|false|false&#8220; global_colors_info=&#8220;{}&#8220;][et_pb_text admin_label=&#8220;Projekt-Kasten Gesundheit&#8220; _builder_version=&#8220;4.13.1&#8243; _module_preset=&#8220;default&#8220; global_module=&#8220;1320&#8243; saved_tabs=&#8220;all&#8220; global_colors_info=&#8220;{}&#8220;]<\/p>\n<h3>\u00dcber das Projekt<br \/>Medien-Doktor UMWELT<\/h3>\n<ul>\n<li><a href=\"http:\/\/www.medien-doktor.de\/umwelt\/wer-sind-wir\/#projekt\">Was ist das Projekt?<\/a><\/li>\n<li><a href=\"http:\/\/www.medien-doktor.de\/umwelt\/wer-sind-wir\/#ziele\">Ziele des Medien-Doktors<\/a><\/li>\n<li><a href=\"http:\/\/www.medien-doktor.de\/umwelt\/wer-sind-wir\/#finanzierung\">Finanzierung<\/a><\/li>\n<li><a href=\"http:\/\/www.medien-doktor.de\/umwelt\/wer-sind-wir\/#idee\">Woher stammt die Idee?<\/a><\/li>\n<li><a href=\"http:\/\/www.medien-doktor.de\/umwelt\/wer-sind-wir\/#personen\">Wer ist beteiligt?<\/a><\/li>\n<li><a href=\"http:\/\/www.medien-doktor.de\/umwelt\/gutachter\">Gutachterinnen und Gutachter<\/a><\/li>\n<\/ul>\n<p>[\/et_pb_text][et_pb_text ol_position=&#8220;outside&#8220; ol_item_indent=&#8220;20px&#8220; admin_label=&#8220;Kriterien-Kasten Umwelt&#8220; _builder_version=&#8220;4.13.1&#8243; _module_preset=&#8220;default&#8220; text_text_color=&#8220;#000000&#8243; text_font_size=&#8220;14px&#8220; text_line_height=&#8220;2.1em&#8220; ol_text_align=&#8220;left&#8220; ol_line_height=&#8220;2.4em&#8220; header_2_text_color=&#8220;#444444&#8243; background_color=&#8220;#f6f6f6&#8243; module_alignment=&#8220;left&#8220; custom_padding=&#8220;15px|15px|15px|15px|false|false&#8220; global_module=&#8220;1285&#8243; saved_tabs=&#8220;all&#8220; locked=&#8220;off&#8220; global_colors_info=&#8220;{}&#8220;]<\/p>\n<h3>Die Kriterien des<br \/>Medien-Doktor UMWELT<\/h3>\n<p>Es folgt der 2020 \u00fcberarbeitete und aktuell g\u00fcltige Kriterienkatalog. Der alte Kriterienkatalog, an dem sich alle vorher ver\u00f6ffentlichten Gutachten orientieren, <a href=\"https:\/\/medien-doktor.de\/umwelt\/mediendoktor-umwelt-alte-kriterien\/\">kann hier eingesehen werden<\/a>.<\/p>\n<p>&nbsp;<\/p>\n<ol>\n<li><a href=\"http:\/\/www.medien-doktor.de\/umwelt\/die-kriterien\/#\u00fcbertreibung\">KEINE \u00dcBERTREIBUNG \/ VERHARMLOSUNG<\/a><\/li>\n<li><a href=\"http:\/\/www.medien-doktor.de\/umwelt\/die-kriterien\/#handlungsoptionen\">L\u00d6SUNGSHORIZONTE UND HANDLUNGSOPTIONEN<\/a><\/li>\n<li><a href=\"http:\/\/www.medien-doktor.de\/umwelt\/die-kriterien\/#raum\">R\u00c4UMLICHE DIMENSION<\/a><\/li>\n<li><a href=\"http:\/\/www.medien-doktor.de\/umwelt\/die-kriterien\/#zeit\">ZEITLICHE DIMENSION (NACHHALTIGKEIT)<\/a><\/li>\n<li><a href=\"http:\/\/www.medien-doktor.de\/umwelt\/die-kriterien\/#contra\">PRO UND CONTRA<\/a><\/li>\n<li><a href=\"http:\/\/www.medien-doktor.de\/umwelt\/die-kriterien\/#belege\">BELEGE \/ EVIDENZ<\/a><\/li>\n<li><a href=\"http:\/\/www.medien-doktor.de\/umwelt\/die-kriterien\/#experten\">EXPERTEN \/ QUELLENTRANSPARENZ<\/a><\/li>\n<li><a href=\"http:\/\/www.medien-doktor.de\/umwelt\/die-kriterien\/#interessenkonflikte\">INTERESSENKONFLIKTE<\/a><\/li>\n<li><a href=\"http:\/\/www.medien-doktor.de\/umwelt\/die-kriterien\/#kontext\">EINORDNUNG IN DEN KONTEXT<\/a><\/li>\n<li><a href=\"http:\/\/www.medien-doktor.de\/umwelt\/die-kriterien\/#faktentreue\">FAKTENTREUE<\/a><\/li>\n<li><a href=\"http:\/\/www.medien-doktor.de\/umwelt\/die-kriterien\/#eigenleistung\">JOURNALISTISCHE EIGENLEISTUNG<\/a><\/li>\n<li><a href=\"http:\/\/www.medien-doktor.de\/umwelt\/die-kriterien\/#darstellung\">ATTRAKTIVIT\u00c4T DER DARSTELLUNG<\/a><\/li>\n<li><a href=\"http:\/\/www.medien-doktor.de\/umwelt\/die-kriterien\/#verst\u00e4ndlichkeit\">VERST\u00c4NDLICHKEIT<\/a><\/li>\n<li><a href=\"http:\/\/www.medien-doktor.de\/umwelt\/die-kriterien\/#themenauswahl\">THEMENAUSWAHL<\/a><\/li>\n<\/ol>\n<p>[\/et_pb_text][\/et_pb_column][\/et_pb_row][\/et_pb_section]<\/p>\n","protected":false},"excerpt":{"rendered":"<p>\u00dcber uns Der Medien-Doktor UMWELT begutachtet die Berichterstattung zu Umweltthemen mit Wissenschaftsbezug. Erfahrene Umweltjournalistinnen und -journalisten beurteilen anhand eines Kriterienkatalogs seit 2013 solche Beitr\u00e4ge in Publikumsmedien. F\u00fcr dieses Qualit\u00e4tsmonitoring wurden \u2013 unseres Wissens weltweit erstmals \u2013 systematische Kriterien zur transparenten Bewertung umweltjournalistischer Beitr\u00e4ge entwickelt und publiziert. Der Katalog wurde im Sommer 2020 \u00fcberarbeitet, mit einer [&hellip;]<\/p>\n","protected":false},"author":2,"featured_media":0,"parent":0,"menu_order":0,"comment_status":"closed","ping_status":"closed","template":"","meta":{"_acf_changed":false,"_et_pb_use_builder":"on","_et_pb_old_content":"","_et_gb_content_width":"","footnotes":""},"class_list":["post-40","page","type-page","status-publish","hentry"],"acf":[],"_links":{"self":[{"href":"https:\/\/medien-doktor.de\/umwelt\/wp-json\/wp\/v2\/pages\/40","targetHints":{"allow":["GET"]}}],"collection":[{"href":"https:\/\/medien-doktor.de\/umwelt\/wp-json\/wp\/v2\/pages"}],"about":[{"href":"https:\/\/medien-doktor.de\/umwelt\/wp-json\/wp\/v2\/types\/page"}],"author":[{"embeddable":true,"href":"https:\/\/medien-doktor.de\/umwelt\/wp-json\/wp\/v2\/users\/2"}],"replies":[{"embeddable":true,"href":"https:\/\/medien-doktor.de\/umwelt\/wp-json\/wp\/v2\/comments?post=40"}],"version-history":[{"count":40,"href":"https:\/\/medien-doktor.de\/umwelt\/wp-json\/wp\/v2\/pages\/40\/revisions"}],"predecessor-version":[{"id":3879,"href":"https:\/\/medien-doktor.de\/umwelt\/wp-json\/wp\/v2\/pages\/40\/revisions\/3879"}],"wp:attachment":[{"href":"https:\/\/medien-doktor.de\/umwelt\/wp-json\/wp\/v2\/media?parent=40"}],"curies":[{"name":"wp","href":"https:\/\/api.w.org\/{rel}","templated":true}]}}