{"id":398,"date":"2021-08-09T12:40:15","date_gmt":"2021-08-09T10:40:15","guid":{"rendered":"https:\/\/medien-doktor.de\/umwelt\/?page_id=398"},"modified":"2022-05-06T17:07:43","modified_gmt":"2022-05-06T15:07:43","slug":"bewertungen","status":"publish","type":"page","link":"https:\/\/medien-doktor.de\/umwelt\/bewertungen\/","title":{"rendered":"Alle bewerteten Beitr\u00e4ge"},"content":{"rendered":"<p>[et_pb_section fb_built=&#8220;1&#8243; _builder_version=&#8220;4.16&#8243; _module_preset=&#8220;default&#8220; da_disable_devices=&#8220;off|off|off&#8220; global_colors_info=&#8220;{}&#8220; da_is_popup=&#8220;off&#8220; da_exit_intent=&#8220;off&#8220; da_has_close=&#8220;on&#8220; da_alt_close=&#8220;off&#8220; da_dark_close=&#8220;off&#8220; da_not_modal=&#8220;on&#8220; da_is_singular=&#8220;off&#8220; da_with_loader=&#8220;off&#8220; da_has_shadow=&#8220;on&#8220;][et_pb_row column_structure=&#8220;2_3,1_3&#8243; _builder_version=&#8220;4.16&#8243; _module_preset=&#8220;default&#8220; global_colors_info=&#8220;{}&#8220;][et_pb_column type=&#8220;2_3&#8243; _builder_version=&#8220;4.16&#8243; _module_preset=&#8220;default&#8220; global_colors_info=&#8220;{}&#8220;][et_pb_text _builder_version=&#8220;4.17.3&#8243; _module_preset=&#8220;default&#8220; hover_enabled=&#8220;0&#8243; global_colors_info=&#8220;{}&#8220; sticky_enabled=&#8220;0&#8243;]<\/p>\n<h1>Bewertete Beitr\u00e4ge<\/h1>\n<p>&nbsp;<\/p>\n<p>Nach einem technischen Problem mit der Seite wurde diese 2021\/2022 neu aufgesetzt. Inzwischen sind alle durch den Medien-Doktor UMWELT erstellten Gutachten wieder online. Geringf\u00fcgig von der urspr\u00fcnglichen Version abweichende Formulierungen (nicht aber Bewertungen) sind dabei nicht in allen F\u00e4llen auszuschlie\u00dfen. <\/p>\n<p>[\/et_pb_text][et_pb_de_mach_archive_loop loop_layout=&#8220;146&#8243; posts_number=&#8220;8&#8243; order_asc_desc=&#8220;DESC&#8220; enable_loadmore=&#8220;pagination&#8220; columns=&#8220;1&#8243; columns_tablet=&#8220;1&#8243; custom_gutter_width=&#8220;on&#8220; gutter_row_gap=&#8220;50px&#8220; _builder_version=&#8220;4.16&#8243; _module_preset=&#8220;default&#8220; global_colors_info=&#8220;{}&#8220;][\/et_pb_de_mach_archive_loop][\/et_pb_column][et_pb_column type=&#8220;1_3&#8243; _builder_version=&#8220;4.16&#8243; _module_preset=&#8220;default&#8220; global_colors_info=&#8220;{}&#8220;][et_pb_text ol_position=&#8220;outside&#8220; ol_item_indent=&#8220;20px&#8220; admin_label=&#8220;Kriterien-Kasten Umwelt&#8220; _builder_version=&#8220;4.14.7&#8243; _module_preset=&#8220;default&#8220; text_text_color=&#8220;#000000&#8243; text_font_size=&#8220;14px&#8220; text_line_height=&#8220;2.1em&#8220; ol_text_align=&#8220;left&#8220; ol_line_height=&#8220;2.4em&#8220; header_2_text_color=&#8220;#444444&#8243; background_color=&#8220;#f6f6f6&#8243; module_alignment=&#8220;left&#8220; custom_padding=&#8220;15px|15px|15px|15px|false|false&#8220; global_module=&#8220;1285&#8243; saved_tabs=&#8220;all&#8220; locked=&#8220;off&#8220; global_colors_info=&#8220;{}&#8220;]<\/p>\n<h3>Die Kriterien des<br \/>Medien-Doktor UMWELT<\/h3>\n<p>Es folgt der 2020 \u00fcberarbeitete und aktuell g\u00fcltige Kriterienkatalog. Der alte Kriterienkatalog, an dem sich alle vorher ver\u00f6ffentlichten Gutachten orientieren, <a href=\"https:\/\/medien-doktor.de\/umwelt\/mediendoktor-umwelt-alte-kriterien\/\">kann hier eingesehen werden<\/a>.<\/p>\n<p>&nbsp;<\/p>\n<ol>\n<li><a href=\"http:\/\/www.medien-doktor.de\/umwelt\/die-kriterien\/#\u00fcbertreibung\">KEINE \u00dcBERTREIBUNG \/ VERHARMLOSUNG<\/a><\/li>\n<li><a href=\"http:\/\/www.medien-doktor.de\/umwelt\/die-kriterien\/#handlungsoptionen\">L\u00d6SUNGSHORIZONTE UND HANDLUNGSOPTIONEN<\/a><\/li>\n<li><a href=\"http:\/\/www.medien-doktor.de\/umwelt\/die-kriterien\/#raum\">R\u00c4UMLICHE DIMENSION<\/a><\/li>\n<li><a href=\"http:\/\/www.medien-doktor.de\/umwelt\/die-kriterien\/#zeit\">ZEITLICHE DIMENSION (NACHHALTIGKEIT)<\/a><\/li>\n<li><a href=\"http:\/\/www.medien-doktor.de\/umwelt\/die-kriterien\/#contra\">PRO UND CONTRA<\/a><\/li>\n<li><a href=\"http:\/\/www.medien-doktor.de\/umwelt\/die-kriterien\/#belege\">BELEGE \/ EVIDENZ<\/a><\/li>\n<li><a href=\"http:\/\/www.medien-doktor.de\/umwelt\/die-kriterien\/#experten\">EXPERTEN \/ QUELLENTRANSPARENZ<\/a><\/li>\n<li><a href=\"http:\/\/www.medien-doktor.de\/umwelt\/die-kriterien\/#interessenkonflikte\">INTERESSENKONFLIKTE<\/a><\/li>\n<li><a href=\"http:\/\/www.medien-doktor.de\/umwelt\/die-kriterien\/#kontext\">EINORDNUNG IN DEN KONTEXT<\/a><\/li>\n<li><a href=\"http:\/\/www.medien-doktor.de\/umwelt\/die-kriterien\/#faktentreue\">FAKTENTREUE<\/a><\/li>\n<li><a href=\"http:\/\/www.medien-doktor.de\/umwelt\/die-kriterien\/#eigenleistung\">JOURNALISTISCHE EIGENLEISTUNG<\/a><\/li>\n<li><a href=\"http:\/\/www.medien-doktor.de\/umwelt\/die-kriterien\/#darstellung\">ATTRAKTIVIT\u00c4T DER DARSTELLUNG<\/a><\/li>\n<li><a href=\"http:\/\/www.medien-doktor.de\/umwelt\/die-kriterien\/#verst\u00e4ndlichkeit\">VERST\u00c4NDLICHKEIT<\/a><\/li>\n<li><a href=\"http:\/\/www.medien-doktor.de\/umwelt\/die-kriterien\/#themenauswahl\">THEMENAUSWAHL<\/a><\/li>\n<\/ol>\n<p>[\/et_pb_text][\/et_pb_column][\/et_pb_row][\/et_pb_section]<\/p>\n","protected":false},"excerpt":{"rendered":"<p>Bewertete Beitr\u00e4ge &nbsp; Nach einem technischen Problem mit der Seite wurde diese 2021\/2022 neu aufgesetzt. Inzwischen sind alle durch den Medien-Doktor UMWELT erstellten Gutachten wieder online. Geringf\u00fcgig von der urspr\u00fcnglichen Version abweichende Formulierungen (nicht aber Bewertungen) sind dabei nicht in allen F\u00e4llen auszuschlie\u00dfen. Die Kriterien desMedien-Doktor UMWELT Es folgt der 2020 \u00fcberarbeitete und aktuell g\u00fcltige [&hellip;]<\/p>\n","protected":false},"author":3,"featured_media":0,"parent":0,"menu_order":0,"comment_status":"closed","ping_status":"closed","template":"","meta":{"_acf_changed":false,"_et_pb_use_builder":"on","_et_pb_old_content":"","_et_gb_content_width":"","footnotes":""},"class_list":["post-398","page","type-page","status-publish","hentry"],"acf":[],"_links":{"self":[{"href":"https:\/\/medien-doktor.de\/umwelt\/wp-json\/wp\/v2\/pages\/398","targetHints":{"allow":["GET"]}}],"collection":[{"href":"https:\/\/medien-doktor.de\/umwelt\/wp-json\/wp\/v2\/pages"}],"about":[{"href":"https:\/\/medien-doktor.de\/umwelt\/wp-json\/wp\/v2\/types\/page"}],"author":[{"embeddable":true,"href":"https:\/\/medien-doktor.de\/umwelt\/wp-json\/wp\/v2\/users\/3"}],"replies":[{"embeddable":true,"href":"https:\/\/medien-doktor.de\/umwelt\/wp-json\/wp\/v2\/comments?post=398"}],"version-history":[{"count":23,"href":"https:\/\/medien-doktor.de\/umwelt\/wp-json\/wp\/v2\/pages\/398\/revisions"}],"predecessor-version":[{"id":6388,"href":"https:\/\/medien-doktor.de\/umwelt\/wp-json\/wp\/v2\/pages\/398\/revisions\/6388"}],"wp:attachment":[{"href":"https:\/\/medien-doktor.de\/umwelt\/wp-json\/wp\/v2\/media?parent=398"}],"curies":[{"name":"wp","href":"https:\/\/api.w.org\/{rel}","templated":true}]}}