{"id":3746,"date":"2021-12-07T13:03:30","date_gmt":"2021-12-07T12:03:30","guid":{"rendered":"https:\/\/medien-doktor.de\/umwelt\/?page_id=3746"},"modified":"2021-12-14T10:42:12","modified_gmt":"2021-12-14T09:42:12","slug":"klima-special-des-mediendoktor-umwelt","status":"publish","type":"page","link":"https:\/\/medien-doktor.de\/umwelt\/klima-special-des-mediendoktor-umwelt\/","title":{"rendered":"Klima-Special des Mediendoktor UMWELT"},"content":{"rendered":"<p>[et_pb_section fb_built=&#8220;1&#8243; _builder_version=&#8220;4.9.4&#8243; _module_preset=&#8220;default&#8220; custom_padding=&#8220;10px|||||&#8220; da_disable_devices=&#8220;off|off|off&#8220; global_colors_info=&#8220;{}&#8220; da_is_popup=&#8220;off&#8220; da_exit_intent=&#8220;off&#8220; da_has_close=&#8220;on&#8220; da_alt_close=&#8220;off&#8220; da_dark_close=&#8220;off&#8220; da_not_modal=&#8220;on&#8220; da_is_singular=&#8220;off&#8220; da_with_loader=&#8220;off&#8220; da_has_shadow=&#8220;on&#8220;][et_pb_row column_structure=&#8220;2_3,1_3&#8243; _builder_version=&#8220;4.9.4&#8243; _module_preset=&#8220;default&#8220; global_colors_info=&#8220;{}&#8220;][et_pb_column type=&#8220;2_3&#8243; _builder_version=&#8220;4.9.4&#8243; _module_preset=&#8220;default&#8220; global_colors_info=&#8220;{}&#8220;][et_pb_text admin_label=&#8220;Titel &#8220; _builder_version=&#8220;4.14.2&#8243; _module_preset=&#8220;default&#8220; global_colors_info=&#8220;{}&#8220;]<\/p>\n<h1>Klima-Special des Medien-Doktor UMWELT<\/h1>\n<p>[\/et_pb_text][et_pb_text admin_label=&#8220;Text&#8220; module_id=&#8220;1&#8243; _builder_version=&#8220;4.14.2&#8243; _module_preset=&#8220;default&#8220; hover_enabled=&#8220;0&#8243; global_colors_info=&#8220;{}&#8220; sticky_enabled=&#8220;0&#8243;]<\/p>\n<h2>Abschlussbericht<\/h2>\n<p>Vom 7. \u2013 11. April 2014 fand in Berlin die Plenarsitzung des Weltklimarats (IPCC) mit der Verabschiedung des Teilberichts der IPCC-Arbeitsgruppe 3 zum 5. IPCC-Sachstandsbericht statt. In den Wochen um diesen Anlass herum konzentrierte sich der Medien-Doktor UMWELT ganz auf die Klima-Berichterstattung. Im Rahmen dieses auf der Webseite gesondert dargestellten Klima-Specials (http:\/\/www.medien-doktor.de\/umwelt\/specials\/klima-special\/ ) wurden 16 Gutachten zu Beitr\u00e4gen erstellt, die sich speziell mit Klimathemen befassten. Daf\u00fcr wurden 8 Gutachten aus der laufenden Berichterstattung w\u00e4hrend dieser Zeit ausgew\u00e4hlt, weitere 8 wurden retrospektiv erstellt; in dieser zweiten Phase wurden L\u00fccken geschlossen, die sich bei der Zufallsauswahl der ersten Phase ergeben hatten. So wurden in der zweiten Phase gezielt Fernsehbeitr\u00e4ge aus Nachrichtensendungen sowie Beitr\u00e4ge aus Regionalzeitungen begutachtet.<\/p>\n<h3><strong>1. Auswertung der 16 Klima-Special Gutachten <\/strong><\/h3>\n<p>Im Mittel wurden f\u00fcr die die Beitr\u00e4ge des Klima-Special gut 3 Sterne (3,06) vergeben. 3 Beitr\u00e4ge erreichten mit 5 Sternen die h\u00f6chste Wertung. Damit erreichten diese Beitr\u00e4ge eine etwas h\u00f6here Durchschnittswertung, als in den sonstigen Medien-Doktor-Gutachten zur Umweltberichterstattung vergeben wurde. Beim Klima-Special ergaben 7 Gutachten eine Wertung in den drei unteren Kategorien von 0 bis 2 Sternen, 9 erreichten 3, 4 oder 5 Sterne. Zum Vergleich: Eine Auswertung der ersten 50 Gutachten des Medien-Doktors UMWELT (ohne die Klima-Special-Gutachten) ergab eine Durchschnittswertung von 2,76 Sternen.<\/p>\n<div id=\"attachment_3748\" style=\"width: 1034px\" class=\"wp-caption alignnone\"><img loading=\"lazy\" decoding=\"async\" aria-describedby=\"caption-attachment-3748\" class=\"wp-image-3748 size-large\" src=\"https:\/\/medien-doktor.de\/umwelt\/wp-content\/uploads\/sites\/6\/2021\/12\/Klima-Special_Grafik_Bewertungen-1024x625.png\" alt=\"\" width=\"1024\" height=\"625\" srcset=\"https:\/\/medien-doktor.de\/umwelt\/wp-content\/uploads\/sites\/6\/2021\/12\/Klima-Special_Grafik_Bewertungen-980x598.png 980w, https:\/\/medien-doktor.de\/umwelt\/wp-content\/uploads\/sites\/6\/2021\/12\/Klima-Special_Grafik_Bewertungen-480x293.png 480w\" sizes=\"(min-width: 0px) and (max-width: 480px) 480px, (min-width: 481px) and (max-width: 980px) 980px, (min-width: 981px) 1024px, 100vw\" \/><p id=\"caption-attachment-3748\" class=\"wp-caption-text\">Abb. 1 Gesamtwertung in den Klima-Special-Gutachten<\/p><\/div>\n<p>Es erscheint m\u00f6glich, dass die nach den Kriterien des Medien-Doktor UMWELT qualitativ etwas bessere Berichterstattung im Klima-Special u.a. darauf zur\u00fcckzuf\u00fchren ist, dass angesichts des politisch wichtigen Themas seitens der Redaktionen h\u00e4ufiger besonders qualifizierte \/spezialisierte Journalistinnen und Journalisten beauftragt wurden. Indes l\u00e4sst sich der Qualit\u00e4tsunterschied angesichts der geringen Fallzahlen nicht mit Sicherheit feststellen. Auch f\u00fcr die Ursachenforschung w\u00e4ren zus\u00e4tzliche Informationen zu erheben (z.B. Interviews mit Redakteuren). Das Klima-Special hat somit interessante Arbeitshypothesen f\u00fcr weitere Untersuchungen ergeben.<\/p>\n<div id=\"attachment_3749\" style=\"width: 1034px\" class=\"wp-caption alignnone\"><img loading=\"lazy\" decoding=\"async\" aria-describedby=\"caption-attachment-3749\" class=\"wp-image-3749 size-large\" src=\"https:\/\/medien-doktor.de\/umwelt\/wp-content\/uploads\/sites\/6\/2021\/12\/Klima-Special_Grafik_Staerken_und_Schwaechen-1024x730.png\" alt=\"\" width=\"1024\" height=\"730\" srcset=\"https:\/\/medien-doktor.de\/umwelt\/wp-content\/uploads\/sites\/6\/2021\/12\/Klima-Special_Grafik_Staerken_und_Schwaechen-980x698.png 980w, https:\/\/medien-doktor.de\/umwelt\/wp-content\/uploads\/sites\/6\/2021\/12\/Klima-Special_Grafik_Staerken_und_Schwaechen-480x342.png 480w\" sizes=\"(min-width: 0px) and (max-width: 480px) 480px, (min-width: 481px) and (max-width: 980px) 980px, (min-width: 981px) 1024px, 100vw\" \/><p id=\"caption-attachment-3749\" class=\"wp-caption-text\">Abb. 2 St\u00e4rken und Schw\u00e4chen der Berichterstattung<\/p><\/div>\n<p>Besonders gut erf\u00fcllt wurde in den ausgew\u00e4hlten Beitr\u00e4gen zur Klimaberichterstattung das Kriterium \u201ePressemitteilung\u201c \u2013 alle Beitr\u00e4ge gingen deutlich \u00fcber die Pressemitteilungen hinaus. Eine \u00dcber- oder Untertreibung von Risiken war selten festzustellen. H\u00e4ufiger als sonst bei den Medien-Doktor-Gutachten wurde das Kriterium \u201ePro und Contra\u201c im Klima-Special als \u201enicht anwendbar\u201c bewertet, da es nach den Kriterien des Medien-Doktor UMWELT nicht als erforderlich oder w\u00fcnschenswert erachtet wird, Au\u00dfenseitermeinungen jenseits des Konsenses in den Klimawissenschaften ein Forum zu verschaffen.<\/p>\n<p>Am h\u00e4ufigsten \u201enicht erf\u00fcllt\u201c war das Kriterium Kontext\/ Kosten \u2013 14 von 16 Beitr\u00e4gen wiesen hier M\u00e4ngel auf. Der Vergleich mit den \u00fcbrigen Medien-Doktor-Gutachten zur Umweltberichterstattung zeigt, dass bei Beitr\u00e4gen zu Klimathemen ebenso wie bei den \u00fcbrigen begutachteten Beitr\u00e4gen die mangelnde Kontextualisierung die gr\u00f6\u00dfte Schw\u00e4che ist, die sich anhand der MDU-Kriterienkatalogs zeigt. Auch die ungen\u00fcgende Darstellung der Belege f\u00fcr die im Beitrag dargelegten Fakten und Forschungsergebnisse sind offenbar ein Defizit, das unabh\u00e4ngig vom speziellen Thema ist \u2013 es rangiert jeweils an zweiter Stelle bei den \u201enicht erf\u00fcllten\u201c Kriterien.<\/p>\n<p>Dagegen sind die Quellen und Experten bei den Themen des Klima-Specials h\u00e4ufiger angemessen dargestellt als bei Beitr\u00e4gen zu anderen Umwelt-Themen (was hier aber durch den direkten Anlass \u201eVorstellung des IPCC-Berichts\u201c und einen damit einem eindeutig feststehenden seri\u00f6sen Bezugspunkt nicht erstaunlich scheint). Auch die zeitlichen Aspekte sind in den begutachteten Beitr\u00e4gen zur Klima-Berichterstattung besser einbezogen als im Durchschnitt der sonstigen Beitr\u00e4ge.<\/p>\n<h3>2. Zeitlicher Verlauf und Art der Berichterstattung<\/h3>\n<p>Zus\u00e4tzlich zur qualitativen Bewertung haben wir erhoben, wie sich der Umfang der Berichterstattung zur Arbeit des Weltklimarates und zu Klimathemen allgemein im April entwickelte. Eine Auswertung der im Medien-Doktor UMWELT erfassten Print-Medien ergab, dass am Monatsbeginn die Pr\u00e4sentation des Teilberichts II zum 5. Weltklimabericht (\u201eFolgen, Anpassung, Verwundbarkeit\u201c) in Yokohama als Anlass f\u00fcr etliche Berichte dominierte. Die Intensit\u00e4t der Berichterstattung sank nach zwei Tagen rasch ab. Einige Printmedien meldeten dann den Beginn der IPCC-Plenarsitzung in Berlin zum Teilbericht III (\u201eMinderung des Klimawandels\u201c). \u00dcber deren Inhalte berichteten die Medien erst nach der Pr\u00e4sentation des Berichts in Berlin am 13.4.2014 intensiv, die Print-Beitr\u00e4ge konzentrieren sich hier auf den Tag unmittelbar nach der Pr\u00e4sentation \/ Pressekonferenz. Der vorab bekannt gewordene Entwurf der \u201eZusammenfassung f\u00fcr Entscheidungstr\u00e4ger\u201c wurde von den untersuchten Medien nur vereinzelt schon vor der Ver\u00f6ffentlichung des IPCC-Reports aufgegriffen (<a href=\"https:\/\/medien-doktor.de\/umwelt\/2014\/04\/therapie-kohlenstoffdiaet-klima-special\/\">siehe das Gutachten zum Beitrag in der taz<\/a>). Ein weiterer vom MDU begutachteter Beitrag verglich sp\u00e4ter den Entwurf mit der verabschiedeten Fassung (<a href=\"https:\/\/medien-doktor.de\/umwelt\/2014\/05\/mit-der-diplomaten-axt-an-den-klimaschutz-klima-special\/\">siehe das Gutachten zum Beitrag in der SZ<\/a>).<\/p>\n<p>Die Berichterstattung zum 3. Teilbericht war insgesamt intensiver als zum 2. Teilbericht (Vergleich am jeweiligen Maximum), wozu mutma\u00dflich die Tatsache beitrug, dass Plenarsitzung und Berichtspr\u00e4sentation in Deutschland stattfanden (Nachrichtenfaktor \u201eN\u00e4he\u201c).<\/p>\n<div id=\"attachment_3750\" style=\"width: 1034px\" class=\"wp-caption alignnone\"><img loading=\"lazy\" decoding=\"async\" aria-describedby=\"caption-attachment-3750\" class=\"wp-image-3750 size-large\" src=\"https:\/\/medien-doktor.de\/umwelt\/wp-content\/uploads\/sites\/6\/2021\/12\/Klima-Special_Grafik_Zeitverlauf-1024x595.png\" alt=\"\" width=\"1024\" height=\"595\" srcset=\"https:\/\/medien-doktor.de\/umwelt\/wp-content\/uploads\/sites\/6\/2021\/12\/Klima-Special_Grafik_Zeitverlauf-980x569.png 980w, https:\/\/medien-doktor.de\/umwelt\/wp-content\/uploads\/sites\/6\/2021\/12\/Klima-Special_Grafik_Zeitverlauf-480x279.png 480w\" sizes=\"(min-width: 0px) and (max-width: 480px) 480px, (min-width: 481px) and (max-width: 980px) 980px, (min-width: 981px) 1024px, 100vw\" \/><p id=\"caption-attachment-3750\" class=\"wp-caption-text\">Abbildung 3 Zeitlicher Verlauf der Berichterstattung<\/p><\/div>\n<p>Die sonstige Klimaberichterstattung, die sich nicht ausdr\u00fccklich auf die IPCC-Berichte bezog, sondern wissenschaftliche Aspekte in den Mittelpunkt stellt oder aber Themen aus Gesellschaft und Politik (z.B. den Zusammenhang von Energiepolitik und Klima), zeigte dagegen keine so eindeutigen Spitzen. Hier f\u00e4llt auf, dass die Zahl der Beitr\u00e4ge in der Woche nach der Pr\u00e4sentation des 3. IPCC-Teilberichts zur\u00fcckging \u2013 wom\u00f6glich war das Thema \u201eKlima\u201c zun\u00e4chst ausgereizt. In der darauffolgenden Woche stieg die Zahl der Beitr\u00e4ge zu Klimathemen dann wieder an.<\/p>\n<div id=\"attachment_3751\" style=\"width: 1034px\" class=\"wp-caption alignnone\"><img loading=\"lazy\" decoding=\"async\" aria-describedby=\"caption-attachment-3751\" class=\"wp-image-3751 size-large\" src=\"https:\/\/medien-doktor.de\/umwelt\/wp-content\/uploads\/sites\/6\/2021\/12\/Klima-Special_Grafik_Art_der_Berichterstattung-1024x621.png\" alt=\"\" width=\"1024\" height=\"621\" srcset=\"https:\/\/medien-doktor.de\/umwelt\/wp-content\/uploads\/sites\/6\/2021\/12\/Klima-Special_Grafik_Art_der_Berichterstattung-980x594.png 980w, https:\/\/medien-doktor.de\/umwelt\/wp-content\/uploads\/sites\/6\/2021\/12\/Klima-Special_Grafik_Art_der_Berichterstattung-480x291.png 480w\" sizes=\"(min-width: 0px) and (max-width: 480px) 480px, (min-width: 481px) and (max-width: 980px) 980px, (min-width: 981px) 1024px, 100vw\" \/><p id=\"caption-attachment-3751\" class=\"wp-caption-text\">Abb. 4 Art der Berichterstattung<\/p><\/div>\n<h3><strong>Die Gutachten<br \/><\/strong><\/h3>\n<p>Die Gutachten, die beim Medien-Doktor UMWELT im Rahmen des Klima-Specials ver\u00f6ffentlicht wurden, erreichen Sie \u00fcber die im Folgenden aufgef\u00fchrten Direkt-Verlinkungen. Sie tauchen au\u00dferdem unter &#8222;Alle bewerteten Beitr\u00e4ge&#8220; auf.<\/p>\n<p>&nbsp;<\/p>\n<ul>\n<li><a href=\"https:\/\/medien-doktor.de\/umwelt\/2014\/04\/es-ist-nicht-ganz-so-aussichtslos-klima-special\/\">&#8222;Es ist nicht ganz so aussichtslos&#8220;<\/a> (FAZ: 06.04.2014)<\/li>\n<li><a href=\"https:\/\/medien-doktor.de\/umwelt\/2014\/04\/weltklimabericht-risikomanagement-wird-mehr-betont-klima-special\/\">&#8222;Weltklimabericht &#8211; Risikomanagement wird mehr betont&#8220;<\/a> (Deutschlandfunk: 11.04.2014)<\/li>\n<li><a href=\"https:\/\/medien-doktor.de\/umwelt\/2014\/04\/therapie-kohlenstoffdiaet-klima-special\/\">&#8222;Therapie: Kohlenstoffdi\u00e4t&#8220;<\/a> (taz: 16.04.2014)<\/li>\n<li><a href=\"https:\/\/medien-doktor.de\/umwelt\/2014\/04\/das-sind-die-schlimmsten-klimaschweine-der-welt-klima-special\/\">&#8222;Das sind die schlimmsten Klimaschweine der Welt&#8220;<\/a> (Focus Online: 23.04.2014)<\/li>\n<li><a href=\"https:\/\/medien-doktor.de\/umwelt\/2014\/04\/saeure-raetsel-die-gefaehrliche-wandlung-der-ozeane-klima-special\/\">&#8222;S\u00e4ure-R\u00e4tsel: Die gef\u00e4hrliche Wandlung der Ozeane&#8220;<\/a> (Der Spiegel: 28.04.2014)<\/li>\n<li><a href=\"https:\/\/medien-doktor.de\/umwelt\/2014\/05\/klimaschutz-ist-die-rettung-der-welt-bezahlbar-klima-special\/\">&#8222;Klimaschutz &#8211; ist die Rettung der Welt bezahlbar?&#8220;<\/a> (ZDF-heute Journal: 05.05.2014)<\/li>\n<li><a href=\"https:\/\/medien-doktor.de\/umwelt\/2014\/05\/keine-empfehlung-klima-special\/\">&#8222;Keine Empfehlung&#8220;<\/a> (Die Zeit: 06.05.2014)<\/li>\n<li><a href=\"https:\/\/medien-doktor.de\/umwelt\/2014\/05\/mit-der-diplomaten-axt-an-den-klimaschutz-klima-special\/\">&#8222;Mit der Diplomaten-Axt an den Klimaschutz&#8220;<\/a> (S\u00fcddeutsche Zeitung, 09.05.2014)<\/li>\n<li><a href=\"https:\/\/medien-doktor.de\/umwelt\/2014\/06\/nachrichten-beitrag-rtl-aktuell-klima-special\/\">&#8222;Nachrichten-Beitrag RTL Aktuell&#8220;<\/a> (RTL Aktuell, 06.06.2014)<\/li>\n<li><a href=\"https:\/\/medien-doktor.de\/umwelt\/2014\/06\/weltklimarat-veroeffentlich-weltklimabericht-klima-special\/\">&#8222;Weltklimarat ver\u00f6ffentlicht Weltklimabericht&#8220;<\/a> (Tagesthemen, 13.06.2014)<\/li>\n<li><a href=\"https:\/\/medien-doktor.de\/umwelt\/2014\/07\/die-klimawende-moeglich-und-bezahlbar\/\">&#8222;Die Klimawende &#8211; m\u00f6glich und bezahlbar&#8220;<\/a> (Stuttgarter Zeitung, 21.07.2014)<\/li>\n<li><a href=\"https:\/\/medien-doktor.de\/umwelt\/2014\/07\/klimakiller-brechen-alle-rekorde-klima-special\/\">&#8222;Klimakiller brechen alle Rekorde&#8220;<\/a> (Hannoversche Allgemeine, 18.07.2014)<\/li>\n<li><a href=\"https:\/\/medien-doktor.de\/umwelt\/2014\/07\/linderung-fuer-die-fiebernde-erde-klima-special\/\">&#8222;Linderung f\u00fcr die fiebernde Erde&#8220;<\/a> (Hamburger Abendblatt, 02.07.2014)<\/li>\n<li><a href=\"https:\/\/medien-doktor.de\/umwelt\/2014\/06\/atmosphaerenforscher-keine-schnelle-loesung-moeglich-klima-special\/\">&#8222;Atmosph\u00e4renforscher: Keine schnelle L\u00f6sung m\u00f6glich&#8220;<\/a> (Deutschlandfunk, 25.06.2014)<\/li>\n<li><a href=\"https:\/\/medien-doktor.de\/umwelt\/2014\/07\/neuer-uno-klimabericht-es-hilft-nur-der-abschied-von-oel-gas-und-kohle-klima-special\/\">\u201eNeuer Uno-Klimabericht: Es hilft nur der Abschied von \u00d6l, Gas und Kohle\u201c<\/a> (Spiegel Online, 11.07.2014)<\/li>\n<li><a href=\"https:\/\/medien-doktor.de\/umwelt\/2014\/07\/sofort-raus-aus-der-kohle-klima-special\/\">&#8222;Sofort raus aus der Kohle&#8220;<\/a> (taz, 25.07.2014)<\/li>\n<\/ul>\n<p><em>Das Klima-Special des Medien-Doktor UMWELT wurde, zus\u00e4tzlich zu den sonstigen Drittmitteln, von <a href=\"http:\/\/klimafakten.de\/ueber-uns\/klimafakten\">Klimafakten.de <\/a>unterst\u00fctzt.<\/em><\/p>\n<p>[\/et_pb_text][\/et_pb_column][et_pb_column type=&#8220;1_3&#8243; _builder_version=&#8220;4.9.4&#8243; _module_preset=&#8220;default&#8220; background_color=&#8220;#F6F6F6&#8243; custom_padding=&#8220;20px|20px|20px|20px|false|false&#8220; global_colors_info=&#8220;{}&#8220;][et_pb_text ol_position=&#8220;outside&#8220; ol_item_indent=&#8220;20px&#8220; admin_label=&#8220;Kriterien-Kasten Umwelt&#8220; _builder_version=&#8220;4.13.1&#8243; _module_preset=&#8220;default&#8220; text_text_color=&#8220;#000000&#8243; text_font_size=&#8220;14px&#8220; text_line_height=&#8220;2.1em&#8220; ol_text_align=&#8220;left&#8220; ol_line_height=&#8220;2.4em&#8220; header_2_text_color=&#8220;#444444&#8243; background_color=&#8220;#f6f6f6&#8243; module_alignment=&#8220;left&#8220; custom_padding=&#8220;15px|15px|15px|15px|false|false&#8220; global_module=&#8220;1285&#8243; saved_tabs=&#8220;all&#8220; locked=&#8220;off&#8220; global_colors_info=&#8220;{}&#8220;]<\/p>\n<h3>Die Kriterien des<br \/>Medien-Doktor UMWELT<\/h3>\n<p>Es folgt der 2020 \u00fcberarbeitete und aktuell g\u00fcltige Kriterienkatalog. Der alte Kriterienkatalog, an dem sich alle vorher ver\u00f6ffentlichten Gutachten orientieren, <a href=\"https:\/\/medien-doktor.de\/umwelt\/mediendoktor-umwelt-alte-kriterien\/\">kann hier eingesehen werden<\/a>.<\/p>\n<p>&nbsp;<\/p>\n<ol>\n<li><a href=\"http:\/\/www.medien-doktor.de\/umwelt\/die-kriterien\/#\u00fcbertreibung\">KEINE \u00dcBERTREIBUNG \/ VERHARMLOSUNG<\/a><\/li>\n<li><a href=\"http:\/\/www.medien-doktor.de\/umwelt\/die-kriterien\/#handlungsoptionen\">L\u00d6SUNGSHORIZONTE UND HANDLUNGSOPTIONEN<\/a><\/li>\n<li><a href=\"http:\/\/www.medien-doktor.de\/umwelt\/die-kriterien\/#raum\">R\u00c4UMLICHE DIMENSION<\/a><\/li>\n<li><a href=\"http:\/\/www.medien-doktor.de\/umwelt\/die-kriterien\/#zeit\">ZEITLICHE DIMENSION (NACHHALTIGKEIT)<\/a><\/li>\n<li><a href=\"http:\/\/www.medien-doktor.de\/umwelt\/die-kriterien\/#contra\">PRO UND CONTRA<\/a><\/li>\n<li><a href=\"http:\/\/www.medien-doktor.de\/umwelt\/die-kriterien\/#belege\">BELEGE \/ EVIDENZ<\/a><\/li>\n<li><a href=\"http:\/\/www.medien-doktor.de\/umwelt\/die-kriterien\/#experten\">EXPERTEN \/ QUELLENTRANSPARENZ<\/a><\/li>\n<li><a href=\"http:\/\/www.medien-doktor.de\/umwelt\/die-kriterien\/#interessenkonflikte\">INTERESSENKONFLIKTE<\/a><\/li>\n<li><a href=\"http:\/\/www.medien-doktor.de\/umwelt\/die-kriterien\/#kontext\">EINORDNUNG IN DEN KONTEXT<\/a><\/li>\n<li><a href=\"http:\/\/www.medien-doktor.de\/umwelt\/die-kriterien\/#faktentreue\">FAKTENTREUE<\/a><\/li>\n<li><a href=\"http:\/\/www.medien-doktor.de\/umwelt\/die-kriterien\/#eigenleistung\">JOURNALISTISCHE EIGENLEISTUNG<\/a><\/li>\n<li><a href=\"http:\/\/www.medien-doktor.de\/umwelt\/die-kriterien\/#darstellung\">ATTRAKTIVIT\u00c4T DER DARSTELLUNG<\/a><\/li>\n<li><a href=\"http:\/\/www.medien-doktor.de\/umwelt\/die-kriterien\/#verst\u00e4ndlichkeit\">VERST\u00c4NDLICHKEIT<\/a><\/li>\n<li><a href=\"http:\/\/www.medien-doktor.de\/umwelt\/die-kriterien\/#themenauswahl\">THEMENAUSWAHL<\/a><\/li>\n<\/ol>\n<p>[\/et_pb_text][\/et_pb_column][\/et_pb_row][\/et_pb_section]<\/p>\n","protected":false},"excerpt":{"rendered":"<p>Klima-Special des Medien-Doktor UMWELTAbschlussbericht Vom 7. \u2013 11. April 2014 fand in Berlin die Plenarsitzung des Weltklimarats (IPCC) mit der Verabschiedung des Teilberichts der IPCC-Arbeitsgruppe 3 zum 5. IPCC-Sachstandsbericht statt. In den Wochen um diesen Anlass herum konzentrierte sich der Medien-Doktor UMWELT ganz auf die Klima-Berichterstattung. Im Rahmen dieses auf der Webseite gesondert dargestellten Klima-Specials [&hellip;]<\/p>\n","protected":false},"author":11,"featured_media":0,"parent":0,"menu_order":0,"comment_status":"closed","ping_status":"closed","template":"","meta":{"_acf_changed":false,"_et_pb_use_builder":"on","_et_pb_old_content":"","_et_gb_content_width":"","footnotes":""},"class_list":["post-3746","page","type-page","status-publish","hentry"],"acf":[],"_links":{"self":[{"href":"https:\/\/medien-doktor.de\/umwelt\/wp-json\/wp\/v2\/pages\/3746","targetHints":{"allow":["GET"]}}],"collection":[{"href":"https:\/\/medien-doktor.de\/umwelt\/wp-json\/wp\/v2\/pages"}],"about":[{"href":"https:\/\/medien-doktor.de\/umwelt\/wp-json\/wp\/v2\/types\/page"}],"author":[{"embeddable":true,"href":"https:\/\/medien-doktor.de\/umwelt\/wp-json\/wp\/v2\/users\/11"}],"replies":[{"embeddable":true,"href":"https:\/\/medien-doktor.de\/umwelt\/wp-json\/wp\/v2\/comments?post=3746"}],"version-history":[{"count":11,"href":"https:\/\/medien-doktor.de\/umwelt\/wp-json\/wp\/v2\/pages\/3746\/revisions"}],"predecessor-version":[{"id":3956,"href":"https:\/\/medien-doktor.de\/umwelt\/wp-json\/wp\/v2\/pages\/3746\/revisions\/3956"}],"wp:attachment":[{"href":"https:\/\/medien-doktor.de\/umwelt\/wp-json\/wp\/v2\/media?parent=3746"}],"curies":[{"name":"wp","href":"https:\/\/api.w.org\/{rel}","templated":true}]}}