{"id":31,"date":"2021-05-30T11:38:37","date_gmt":"2021-05-30T09:38:37","guid":{"rendered":"https:\/\/medien-doktor.de\/umwelt\/?page_id=31"},"modified":"2022-04-06T17:18:10","modified_gmt":"2022-04-06T15:18:10","slug":"home","status":"publish","type":"page","link":"https:\/\/medien-doktor.de\/umwelt\/","title":{"rendered":"Home"},"content":{"rendered":"<p>[et_pb_section fb_built=&#8220;1&#8243; _builder_version=&#8220;4.16&#8243; _module_preset=&#8220;default&#8220; custom_padding=&#8220;10px|||||&#8220; da_disable_devices=&#8220;off|off|off&#8220; global_colors_info=&#8220;{}&#8220; da_is_popup=&#8220;off&#8220; da_exit_intent=&#8220;off&#8220; da_has_close=&#8220;on&#8220; da_alt_close=&#8220;off&#8220; da_dark_close=&#8220;off&#8220; da_not_modal=&#8220;on&#8220; da_is_singular=&#8220;off&#8220; da_with_loader=&#8220;off&#8220; da_has_shadow=&#8220;on&#8220;][et_pb_row _builder_version=&#8220;4.16.1&#8243; _module_preset=&#8220;default&#8220; global_colors_info=&#8220;{}&#8220;][et_pb_column type=&#8220;4_4&#8243; _builder_version=&#8220;4.16&#8243; _module_preset=&#8220;default&#8220; global_colors_info=&#8220;{}&#8220;][et_pb_slider _builder_version=&#8220;4.16.1&#8243; _module_preset=&#8220;default&#8220; header_text_align=&#8220;left&#8220; header_text_color=&#8220;#000000&#8243; body_text_align=&#8220;left&#8220; hover_enabled=&#8220;0&#8243; box_shadow_style=&#8220;preset3&#8243; global_colors_info=&#8220;{}&#8220; sticky_enabled=&#8220;0&#8243;][et_pb_slide heading=&#8220;Medien-Doktor UMWELT&#8220; _builder_version=&#8220;4.16.1&#8243; _module_preset=&#8220;default&#8220; header_text_align=&#8220;left&#8220; header_text_color=&#8220;#000000&#8243; header_font_size=&#8220;32px&#8220; body_font=&#8220;||||||||&#8220; body_text_align=&#8220;left&#8220; body_text_color=&#8220;#000000&#8243; body_font_size=&#8220;20px&#8220; background_image=&#8220;https:\/\/medien-doktor.de\/umwelt\/wp-content\/uploads\/sites\/6\/2022\/04\/MD_UMWELT_Slider_karsten-wurth-karsten-wuerth-ZKWgoRUYuMk-unsplash-scaled.jpg&#8220; background_enable_image=&#8220;on&#8220; background_position=&#8220;center_left&#8220; hover_enabled=&#8220;0&#8243; global_colors_info=&#8220;{}&#8220; sticky_transition=&#8220;on&#8220; sticky_enabled=&#8220;0&#8243;][\/et_pb_slide][\/et_pb_slider][\/et_pb_column][\/et_pb_row][\/et_pb_section][et_pb_section fb_built=&#8220;1&#8243; _builder_version=&#8220;4.16&#8243; _module_preset=&#8220;default&#8220; custom_padding=&#8220;10px|||||&#8220; da_disable_devices=&#8220;off|off|off&#8220; global_colors_info=&#8220;{}&#8220; da_is_popup=&#8220;off&#8220; da_exit_intent=&#8220;off&#8220; da_has_close=&#8220;on&#8220; da_alt_close=&#8220;off&#8220; da_dark_close=&#8220;off&#8220; da_not_modal=&#8220;on&#8220; da_is_singular=&#8220;off&#8220; da_with_loader=&#8220;off&#8220; da_has_shadow=&#8220;on&#8220;][et_pb_row column_structure=&#8220;2_3,1_3&#8243; _builder_version=&#8220;4.16&#8243; _module_preset=&#8220;default&#8220; global_colors_info=&#8220;{}&#8220;][et_pb_column type=&#8220;2_3&#8243; _builder_version=&#8220;4.16&#8243; _module_preset=&#8220;default&#8220; global_colors_info=&#8220;{}&#8220;][et_pb_de_mach_archive_loop loop_layout=&#8220;146&#8243; posts_number=&#8220;5&#8243; order_asc_desc=&#8220;DESC&#8220; link_whole_gird=&#8220;off&#8220; columns=&#8220;1&#8243; columns_tablet=&#8220;1&#8243; _builder_version=&#8220;4.16&#8243; _module_preset=&#8220;default&#8220; global_colors_info=&#8220;{}&#8220;][\/et_pb_de_mach_archive_loop][et_pb_button button_url=&#8220;\/umwelt\/bewertungen&#8220; button_text=&#8220;Alle bewerteten Beitr\u00e4ge&#8220; _builder_version=&#8220;4.16&#8243; _module_preset=&#8220;default&#8220; global_colors_info=&#8220;{}&#8220;][\/et_pb_button][\/et_pb_column][et_pb_column type=&#8220;1_3&#8243; _builder_version=&#8220;4.16&#8243; _module_preset=&#8220;default&#8220; background_color=&#8220;#F6F6F6&#8243; custom_padding=&#8220;20px|20px|20px|20px|false|false&#8220; global_colors_info=&#8220;{}&#8220;][et_pb_text admin_label=&#8220;Was macht der Medien-Doktor Gesundheit?&#8220; _builder_version=&#8220;4.16&#8243; _module_preset=&#8220;default&#8220; text_text_color=&#8220;#000000&#8243; text_font_size=&#8220;14px&#8220; header_2_text_color=&#8220;#444444&#8243; global_colors_info=&#8220;{}&#8220;]<\/p>\n<h3>Was macht der<br \/>Medien-Doktor UMWELT?<\/h3>\n<p>Wir beurteilen die Qualit\u00e4t umweltjournalistischer Beitr\u00e4ge in Publikumsmedien nach festen Kriterien. Damit wollen wir transparent und nachvollziehbar St\u00e4rken und Schw\u00e4chen herausarbeiten und zur Diskussion um Qualit\u00e4t im Journalismus beitragen. Wir hoffen, damit die Berichterstattung \u00fcber Umweltthemen besser und verst\u00e4ndlicher zu machen.<\/p>\n<p>[\/et_pb_text][et_pb_button button_url=&#8220;\/umwelt\/wer-sind-wir\/&#8220; button_text=&#8220;Mehr Infos&#8220; _builder_version=&#8220;4.16&#8243; _module_preset=&#8220;default&#8220; global_colors_info=&#8220;{}&#8220;][\/et_pb_button][\/et_pb_column][\/et_pb_row][\/et_pb_section]<\/p>\n","protected":false},"excerpt":{"rendered":"<p>Wir beurteilen die Qualit\u00e4t medizinjournalistischer Beitr\u00e4ge in Publikumsmedien nach festgelegten Kriterien und geben Tipps f\u00fcr das journalistische Handwerk. So hoffen wir, die Berichterstattung \u00fcber neue Therapien, Arzneimittel, Tests und Behandlungsarten besser und verst\u00e4ndlicher zu machen.<\/p>\n","protected":false},"author":2,"featured_media":0,"parent":0,"menu_order":0,"comment_status":"closed","ping_status":"closed","template":"","meta":{"_acf_changed":false,"_et_pb_use_builder":"on","_et_pb_old_content":"","_et_gb_content_width":"","footnotes":""},"class_list":["post-31","page","type-page","status-publish","hentry"],"acf":[],"_links":{"self":[{"href":"https:\/\/medien-doktor.de\/umwelt\/wp-json\/wp\/v2\/pages\/31","targetHints":{"allow":["GET"]}}],"collection":[{"href":"https:\/\/medien-doktor.de\/umwelt\/wp-json\/wp\/v2\/pages"}],"about":[{"href":"https:\/\/medien-doktor.de\/umwelt\/wp-json\/wp\/v2\/types\/page"}],"author":[{"embeddable":true,"href":"https:\/\/medien-doktor.de\/umwelt\/wp-json\/wp\/v2\/users\/2"}],"replies":[{"embeddable":true,"href":"https:\/\/medien-doktor.de\/umwelt\/wp-json\/wp\/v2\/comments?post=31"}],"version-history":[{"count":56,"href":"https:\/\/medien-doktor.de\/umwelt\/wp-json\/wp\/v2\/pages\/31\/revisions"}],"predecessor-version":[{"id":6018,"href":"https:\/\/medien-doktor.de\/umwelt\/wp-json\/wp\/v2\/pages\/31\/revisions\/6018"}],"wp:attachment":[{"href":"https:\/\/medien-doktor.de\/umwelt\/wp-json\/wp\/v2\/media?parent=31"}],"curies":[{"name":"wp","href":"https:\/\/api.w.org\/{rel}","templated":true}]}}