{"id":3047,"date":"2021-11-15T10:20:01","date_gmt":"2021-11-15T09:20:01","guid":{"rendered":"https:\/\/medien-doktor.de\/umwelt\/?page_id=3047"},"modified":"2022-01-14T09:04:13","modified_gmt":"2022-01-14T08:04:13","slug":"wie-begutachten-wir","status":"publish","type":"page","link":"https:\/\/medien-doktor.de\/umwelt\/wer-sind-wir\/wie-begutachten-wir\/","title":{"rendered":"Wie begutachten wir?"},"content":{"rendered":"<p>[et_pb_section fb_built=&#8220;1&#8243; _builder_version=&#8220;4.9.4&#8243; _module_preset=&#8220;default&#8220; custom_padding=&#8220;10px|||||&#8220; da_disable_devices=&#8220;off|off|off&#8220; global_colors_info=&#8220;{}&#8220; da_is_popup=&#8220;off&#8220; da_exit_intent=&#8220;off&#8220; da_has_close=&#8220;on&#8220; da_alt_close=&#8220;off&#8220; da_dark_close=&#8220;off&#8220; da_not_modal=&#8220;on&#8220; da_is_singular=&#8220;off&#8220; da_with_loader=&#8220;off&#8220; da_has_shadow=&#8220;on&#8220;][et_pb_row column_structure=&#8220;2_3,1_3&#8243; _builder_version=&#8220;4.9.4&#8243; _module_preset=&#8220;default&#8220; global_colors_info=&#8220;{}&#8220;][et_pb_column type=&#8220;2_3&#8243; _builder_version=&#8220;4.9.4&#8243; _module_preset=&#8220;default&#8220; global_colors_info=&#8220;{}&#8220;][et_pb_text admin_label=&#8220;\u00dcberschrift &#8220; _builder_version=&#8220;4.13.1&#8243; _module_preset=&#8220;default&#8220; global_colors_info=&#8220;{}&#8220;]<\/p>\n<h1>Wie begutachten wir?<\/h1>\n<p>[\/et_pb_text][et_pb_text admin_label=&#8220;Wie wir begutachten.&#8220; module_id=&#8220;1&#8243; _builder_version=&#8220;4.14.5&#8243; _module_preset=&#8220;default&#8220; global_colors_info=&#8220;{}&#8220;]<\/p>\n<p>Die Begutachtung folgt ein St\u00fcck weit dem Prinzip des \u201epeer review\u201c-Systems, wie es auch bei Begutachtungen in der Wissenschaft angewandt wird: Jeweils zwei Gutachter bewerten einen Beitrag entlang festgelegter Kriterien. Jedes Kriterium kann als \u201eerf\u00fcllt\u201c, \u201enicht erf\u00fcllt\u201c\u00a0oder \u201enicht anwendbar\u201c\u00a0bewertet werden. Die Bewertung und die entsprechenden Begr\u00fcndungen werden auf medien-doktor.de ver\u00f6ffentlicht. In besonderen F\u00e4llen kann zuvor ein dritter Gutachter hinzugezogen werden. Die Leitende Redakteurin des Medien-Doktor UMWELT fasst die Gutachten zusammen und entscheidet im Zweifelsfall in Absprache mit den Gutachtern und dem Projektleiter \u00fcber die endg\u00fcltige Bewertung einzelner Kriterien (etwa wenn die Gutachter zu unterschiedlichen Ergebnissen kommen).<\/p>\n<p>Diese Grafik stellt den typischen Verlauf einer Begutachtung des Medien-Doktors dar:<\/p>\n<p><img loading=\"lazy\" decoding=\"async\" class=\"wp-image-525 alignnone size-medium\" src=\"https:\/\/medien-doktor.de\/umwelt\/wp-content\/uploads\/sites\/6\/2021\/07\/ablauf-300x209.jpg\" alt=\"Grafik Ablauf Gutachtenerstellung\" width=\"300\" height=\"209\" \/><\/p>\n<p>[\/et_pb_text][et_pb_text admin_label=&#8220;Kriterien&#8220; module_id=&#8220;1&#8243; _builder_version=&#8220;4.13.1&#8243; _module_preset=&#8220;default&#8220; global_colors_info=&#8220;{}&#8220;]<\/p>\n<h1>Nach welchen Kriterien bewerten wir die Beitr\u00e4ge?<\/h1>\n<p>Folgen Sie diesem Link zu unseren Kriterien.<\/p>\n<p>[\/et_pb_text][et_pb_text admin_label=&#8220;Die Sterne&#8220; module_id=&#8220;1&#8243; _builder_version=&#8220;4.13.1&#8243; _module_preset=&#8220;default&#8220; global_colors_info=&#8220;{}&#8220;]<\/p>\n<h1>Wie werden die Sterne ermittelt?<\/h1>\n<p>Folgen Sie diesem Link, um zu erfahren, was die Anzahl der Sterne aussagt. Wichtig: Die Sterne dienen lediglich einer ersten Orientierung, viel wichtiger sind jeweils die Kommentare zu den einzelnen Kriterien.<\/p>\n<p>[\/et_pb_text][et_pb_text admin_label=&#8220;Art der Beitr\u00e4ge&#8220; module_id=&#8220;1&#8243; _builder_version=&#8220;4.13.1&#8243; _module_preset=&#8220;default&#8220; global_colors_info=&#8220;{}&#8220;]<\/p>\n<h1>Welche Art umweltjournalistischer Beitr\u00e4ge bewerten wir?<\/h1>\n<p>Der Medien-Doktor UMWELT bewertet nicht jeden Beitrag, in dem Umwelt ein Thema ist, sondern wir beschr\u00e4nken uns auf Beitr\u00e4ge, die ihren Berichtsgegenstand zumindest auch unter wissenschaftlichen Gesichtpunkten betrachten bzw. wissenschaftliche Expertise einbeziehen. Dazu geh\u00f6ren Beitr\u00e4ge, die \u00fcber aktuelle Tagungen oder Publikationen zu Umweltthemen informieren, aber auch solche, die beispielsweise bei der Berichterstattung \u00fcber lokale Umweltthemen\u00a0 Wissenschaftler als Experten zu Wort kommen lassen, oder sich auf Gutachten, einschl\u00e4gige Fachver\u00f6ffentlichungen o.\u00e4. beziehen.<\/p>\n<p>[\/et_pb_text][et_pb_text admin_label=&#8220;Gutachter&#8220; module_id=&#8220;1&#8243; _builder_version=&#8220;4.13.1&#8243; _module_preset=&#8220;default&#8220; global_colors_info=&#8220;{}&#8220;]<\/p>\n<h1>Wer begutachtet Artikel und Beitr\u00e4ge<\/h1>\n<p>Das Team der Gutachter setzt sich aus einer Gruppe erfahrener Umwelt- und Wissenschaftsjournalisten zusammen, die selbst viele Jahre als Redakteur oder Autor gearbeitet haben oder noch arbeiten. F\u00fcr jedes Review bestimmen zwei Gutachter die Qualit\u00e4t eines Beitrags anhand eines standardisierten Bewertungsverfahrens. Die Beitr\u00e4ge werden beurteilt und die Kritik auf dieser Webseite ver\u00f6ffentlicht.<\/p>\n<p>Wenn Sie mehr \u00fcber unsere Mitarbeiter und Gutachter erfahren wollen, schauen Sie bitte hier nach.<\/p>\n<p>[\/et_pb_text][et_pb_text admin_label=&#8220;Nachrichtenquellen&#8220; module_id=&#8220;1&#8243; _builder_version=&#8220;4.14.5&#8243; _module_preset=&#8220;default&#8220; hover_enabled=&#8220;0&#8243; global_colors_info=&#8220;{}&#8220; sticky_enabled=&#8220;0&#8243;]<\/p>\n<h1>Welche Nachrichtenquellen und Medien begutachten wir regelm\u00e4\u00dfig?<\/h1>\n<p>Wir durchsuchen regelm\u00e4\u00dfig eine breite Palette von Publikumsmedien in Print, Internet, Radio und TV. <a href=\"https:\/\/medien-doktor.de\/umwelt\/wer-sind-wir\/wen-begutachten-wir-2\/\">Die aktuelle Liste finden Sie hier.<\/a> Wir werden k\u00fcnftig auch weitere Quellen beobachten und ihre Beitr\u00e4ge bewerten.<\/p>\n<p>[\/et_pb_text][\/et_pb_column][et_pb_column type=&#8220;1_3&#8243; _builder_version=&#8220;4.9.4&#8243; _module_preset=&#8220;default&#8220; background_color=&#8220;#F6F6F6&#8243; custom_padding=&#8220;20px|20px|20px|20px|false|false&#8220; global_colors_info=&#8220;{}&#8220;][et_pb_text admin_label=&#8220;Projekt-Kasten Gesundheit&#8220; _builder_version=&#8220;4.13.1&#8243; _module_preset=&#8220;default&#8220; global_module=&#8220;1320&#8243; saved_tabs=&#8220;all&#8220; global_colors_info=&#8220;{}&#8220;]<\/p>\n<h3>\u00dcber das Projekt<br \/>Medien-Doktor UMWELT<\/h3>\n<ul>\n<li><a href=\"http:\/\/www.medien-doktor.de\/umwelt\/wer-sind-wir\/#projekt\">Was ist das Projekt?<\/a><\/li>\n<li><a href=\"http:\/\/www.medien-doktor.de\/umwelt\/wer-sind-wir\/#ziele\">Ziele des Medien-Doktors<\/a><\/li>\n<li><a href=\"http:\/\/www.medien-doktor.de\/umwelt\/wer-sind-wir\/#finanzierung\">Finanzierung<\/a><\/li>\n<li><a href=\"http:\/\/www.medien-doktor.de\/umwelt\/wer-sind-wir\/#idee\">Woher stammt die Idee?<\/a><\/li>\n<li><a href=\"http:\/\/www.medien-doktor.de\/umwelt\/wer-sind-wir\/#personen\">Wer ist beteiligt?<\/a><\/li>\n<li><a href=\"http:\/\/www.medien-doktor.de\/umwelt\/gutachter\">Gutachterinnen und Gutachter<\/a><\/li>\n<\/ul>\n<p>[\/et_pb_text][et_pb_text ol_position=&#8220;outside&#8220; ol_item_indent=&#8220;20px&#8220; admin_label=&#8220;Kriterien-Kasten Umwelt&#8220; _builder_version=&#8220;4.13.1&#8243; _module_preset=&#8220;default&#8220; text_text_color=&#8220;#000000&#8243; text_font_size=&#8220;14px&#8220; text_line_height=&#8220;2.1em&#8220; ol_text_align=&#8220;left&#8220; ol_line_height=&#8220;2.4em&#8220; header_2_text_color=&#8220;#444444&#8243; background_color=&#8220;#f6f6f6&#8243; module_alignment=&#8220;left&#8220; custom_padding=&#8220;15px|15px|15px|15px|false|false&#8220; global_module=&#8220;1285&#8243; saved_tabs=&#8220;all&#8220; locked=&#8220;off&#8220; global_colors_info=&#8220;{}&#8220;]<\/p>\n<h3>Die Kriterien des<br \/>Medien-Doktor UMWELT<\/h3>\n<p>Es folgt der 2020 \u00fcberarbeitete und aktuell g\u00fcltige Kriterienkatalog. Der alte Kriterienkatalog, an dem sich alle vorher ver\u00f6ffentlichten Gutachten orientieren, <a href=\"https:\/\/medien-doktor.de\/umwelt\/mediendoktor-umwelt-alte-kriterien\/\">kann hier eingesehen werden<\/a>.<\/p>\n<p>&nbsp;<\/p>\n<ol>\n<li><a href=\"http:\/\/www.medien-doktor.de\/umwelt\/die-kriterien\/#\u00fcbertreibung\">KEINE \u00dcBERTREIBUNG \/ VERHARMLOSUNG<\/a><\/li>\n<li><a href=\"http:\/\/www.medien-doktor.de\/umwelt\/die-kriterien\/#handlungsoptionen\">L\u00d6SUNGSHORIZONTE UND HANDLUNGSOPTIONEN<\/a><\/li>\n<li><a href=\"http:\/\/www.medien-doktor.de\/umwelt\/die-kriterien\/#raum\">R\u00c4UMLICHE DIMENSION<\/a><\/li>\n<li><a href=\"http:\/\/www.medien-doktor.de\/umwelt\/die-kriterien\/#zeit\">ZEITLICHE DIMENSION (NACHHALTIGKEIT)<\/a><\/li>\n<li><a href=\"http:\/\/www.medien-doktor.de\/umwelt\/die-kriterien\/#contra\">PRO UND CONTRA<\/a><\/li>\n<li><a href=\"http:\/\/www.medien-doktor.de\/umwelt\/die-kriterien\/#belege\">BELEGE \/ EVIDENZ<\/a><\/li>\n<li><a href=\"http:\/\/www.medien-doktor.de\/umwelt\/die-kriterien\/#experten\">EXPERTEN \/ QUELLENTRANSPARENZ<\/a><\/li>\n<li><a href=\"http:\/\/www.medien-doktor.de\/umwelt\/die-kriterien\/#interessenkonflikte\">INTERESSENKONFLIKTE<\/a><\/li>\n<li><a href=\"http:\/\/www.medien-doktor.de\/umwelt\/die-kriterien\/#kontext\">EINORDNUNG IN DEN KONTEXT<\/a><\/li>\n<li><a href=\"http:\/\/www.medien-doktor.de\/umwelt\/die-kriterien\/#faktentreue\">FAKTENTREUE<\/a><\/li>\n<li><a href=\"http:\/\/www.medien-doktor.de\/umwelt\/die-kriterien\/#eigenleistung\">JOURNALISTISCHE EIGENLEISTUNG<\/a><\/li>\n<li><a href=\"http:\/\/www.medien-doktor.de\/umwelt\/die-kriterien\/#darstellung\">ATTRAKTIVIT\u00c4T DER DARSTELLUNG<\/a><\/li>\n<li><a href=\"http:\/\/www.medien-doktor.de\/umwelt\/die-kriterien\/#verst\u00e4ndlichkeit\">VERST\u00c4NDLICHKEIT<\/a><\/li>\n<li><a href=\"http:\/\/www.medien-doktor.de\/umwelt\/die-kriterien\/#themenauswahl\">THEMENAUSWAHL<\/a><\/li>\n<\/ol>\n<p>[\/et_pb_text][\/et_pb_column][\/et_pb_row][\/et_pb_section]<\/p>\n","protected":false},"excerpt":{"rendered":"<p>Uns\u00a0unterst\u00fctzt ein Team erfahrener Wissenschafts- und Medizinjournalisten aus allen Mediengattungen als Gutachter. Im Folgenden stellen wir sie in alphabetischer Reihenfolge in Kurzbiografien vor.<\/p>\n","protected":false},"author":11,"featured_media":0,"parent":40,"menu_order":0,"comment_status":"closed","ping_status":"closed","template":"","meta":{"_acf_changed":false,"_et_pb_use_builder":"on","_et_pb_old_content":"","_et_gb_content_width":"","footnotes":""},"class_list":["post-3047","page","type-page","status-publish","hentry"],"acf":[],"_links":{"self":[{"href":"https:\/\/medien-doktor.de\/umwelt\/wp-json\/wp\/v2\/pages\/3047","targetHints":{"allow":["GET"]}}],"collection":[{"href":"https:\/\/medien-doktor.de\/umwelt\/wp-json\/wp\/v2\/pages"}],"about":[{"href":"https:\/\/medien-doktor.de\/umwelt\/wp-json\/wp\/v2\/types\/page"}],"author":[{"embeddable":true,"href":"https:\/\/medien-doktor.de\/umwelt\/wp-json\/wp\/v2\/users\/11"}],"replies":[{"embeddable":true,"href":"https:\/\/medien-doktor.de\/umwelt\/wp-json\/wp\/v2\/comments?post=3047"}],"version-history":[{"count":6,"href":"https:\/\/medien-doktor.de\/umwelt\/wp-json\/wp\/v2\/pages\/3047\/revisions"}],"predecessor-version":[{"id":4181,"href":"https:\/\/medien-doktor.de\/umwelt\/wp-json\/wp\/v2\/pages\/3047\/revisions\/4181"}],"up":[{"embeddable":true,"href":"https:\/\/medien-doktor.de\/umwelt\/wp-json\/wp\/v2\/pages\/40"}],"wp:attachment":[{"href":"https:\/\/medien-doktor.de\/umwelt\/wp-json\/wp\/v2\/media?parent=3047"}],"curies":[{"name":"wp","href":"https:\/\/api.w.org\/{rel}","templated":true}]}}