{"id":3036,"date":"2021-11-15T09:53:22","date_gmt":"2021-11-15T08:53:22","guid":{"rendered":"https:\/\/medien-doktor.de\/umwelt\/?page_id=3036"},"modified":"2021-11-15T10:02:09","modified_gmt":"2021-11-15T09:02:09","slug":"wen-begutachten-wir-2","status":"publish","type":"page","link":"https:\/\/medien-doktor.de\/umwelt\/wer-sind-wir\/wen-begutachten-wir-2\/","title":{"rendered":"Wen begutachten wir?"},"content":{"rendered":"<p>[et_pb_section fb_built=&#8220;1&#8243; _builder_version=&#8220;4.9.4&#8243; _module_preset=&#8220;default&#8220; custom_padding=&#8220;10px|||||&#8220; da_disable_devices=&#8220;off|off|off&#8220; global_colors_info=&#8220;{}&#8220; da_is_popup=&#8220;off&#8220; da_exit_intent=&#8220;off&#8220; da_has_close=&#8220;on&#8220; da_alt_close=&#8220;off&#8220; da_dark_close=&#8220;off&#8220; da_not_modal=&#8220;on&#8220; da_is_singular=&#8220;off&#8220; da_with_loader=&#8220;off&#8220; da_has_shadow=&#8220;on&#8220;][et_pb_row column_structure=&#8220;2_3,1_3&#8243; _builder_version=&#8220;4.9.4&#8243; _module_preset=&#8220;default&#8220; global_colors_info=&#8220;{}&#8220;][et_pb_column type=&#8220;2_3&#8243; _builder_version=&#8220;4.9.4&#8243; _module_preset=&#8220;default&#8220; global_colors_info=&#8220;{}&#8220;][et_pb_text admin_label=&#8220;\u00dcberschrift &#8220; _builder_version=&#8220;4.13.1&#8243; _module_preset=&#8220;default&#8220; global_colors_info=&#8220;{}&#8220;]<\/p>\n<h1>Wen begutachten wir?<\/h1>\n<p>[\/et_pb_text][et_pb_text admin_label=&#8220;Wen begutachten wir?&#8220; module_id=&#8220;1&#8243; _builder_version=&#8220;4.13.1&#8243; _module_preset=&#8220;default&#8220; global_colors_info=&#8220;{}&#8220;]<\/p>\n<p>Selbstverst\u00e4ndlich kann der Medien-Doktor UMWELT nicht die gesamte Umweltberichterstattung in Deutschland beobachten. Wir begutachten Beitr\u00e4ge, die auch wissenschaftliche Aspekte des jeweiligen Themas einbeziehen, und beschr\u00e4nken uns normalerweise auf die unten aufgelistete Auswahl von Medien. Die endg\u00fcltige Auswahl eines Beitrags erfolgt dann zum Teil zuf\u00e4llig und zum Teil nach redaktionellen Gesichtspunkten.<\/p>\n<p>[\/et_pb_text][et_pb_text admin_label=&#8220;Medienauswahl&#8220; module_id=&#8220;1&#8243; _builder_version=&#8220;4.13.1&#8243; _module_preset=&#8220;default&#8220; global_colors_info=&#8220;{}&#8220;]<\/p>\n<h1>Medienauswahl<\/h1>\n<p>F\u00fcr die Auswahl der Medien haben wir die folgenden Gesichtspunkte ber\u00fccksichtigt:<\/p>\n<ul>\n<li style=\"list-style-type: none\">\n<ul>\n<li>Handelt es sich um ein Leitmedium? (gem\u00e4\u00df der \u201eJournalisten in Deutschland\u201c-Studie von Weischenberg, Malik und Scholl: Die Souffleure der Mediengesellschaft. UVK Verlagsgesellschaft, 2006)<\/li>\n<li>Hat das Medium eine hohe Verbreitung? (\u00fcberregional bzw. regional, gem\u00e4\u00df IVW; bei regionalen Tageszeitungen wurde auch auf eine Abdeckung m\u00f6glichst vieler Regionen in Deutschland geachtet)<\/li>\n<li>Hat das Medium ein allgemeines Publikum? (Fachmedien werden zun\u00e4chst nicht begutachtet)<\/li>\n<\/ul>\n<\/li>\n<\/ul>\n<p>In der Rubrik \u201eSpezial\u201c sollen ferner k\u00fcnftig auch weitere Medien unter bestimmten Fragestellungen untersucht werden (z. B. \u201eUmweltberichterstattung in Special-Interest-Zeitschriften\u201c\u00a0 oder \u201eUmweltthemen im regionalen H\u00f6rfunk\u201c).<\/p>\n<p>[\/et_pb_text][et_pb_text admin_label=&#8220;Die Medien&#8220; module_id=&#8220;1&#8243; _builder_version=&#8220;4.13.1&#8243; _module_preset=&#8220;default&#8220; global_colors_info=&#8220;{}&#8220;]<\/p>\n<h1>Die Medien<\/h1>\n<ol>\n<li>dpa<\/li>\n<li>dapd (seit M\u00e4rz 2013 nicht mehr)<\/li>\n<li>tagesschau\/tagesthemen (ARD)<\/li>\n<li>heute\/heute journal (ZDF)<\/li>\n<li>RTL aktuell<\/li>\n<li>BILD<\/li>\n<li>S\u00fcddeutsche Zeitung<\/li>\n<li>FAZ<\/li>\n<li>Welt<\/li>\n<li>ZEIT<\/li>\n<li>Spiegel<\/li>\n<li>stern<\/li>\n<li>Focus<\/li>\n<li>Spiegel Online<\/li>\n<li>stern.de<\/li>\n<li>Focus.de<\/li>\n<li>zeit.de\/tagesspiegel.de<\/li>\n<li>Rheinische Post<\/li>\n<li>Frankfurter Rundschau<\/li>\n<li>S\u00e4chsische Zeitung<\/li>\n<li>Hamburger Abendblatt<\/li>\n<li>WAZ<\/li>\n<li>Stuttgarter Zeitung<\/li>\n<li>Rhein-Zeitung<\/li>\n<li>Ostseezeitung<\/li>\n<li>N\u00fcrnberger Nachrichten<\/li>\n<li>Hannoversche Allgemeine Zeitung (m. Neuer Presse)<\/li>\n<li>die tageszeitung<\/li>\n<li>Informationen am Morgen\/Mittag (DLF)<\/li>\n<li>bild.de (seit 1. April 2011)<\/li>\n<\/ol>\n<p>[]<br \/>Bei der Radio und TV-Berichterstattung \u00fcber Umweltthemen beziehen wir neben den Hauptnachrichtensendungen \u2013 abweichend von unserer Standardstichprobe (s.o.) \u2013 auch andere H\u00f6rfunk- und TV-Formate mit ein.<\/p>\n<p>[\/et_pb_text][\/et_pb_column][et_pb_column type=&#8220;1_3&#8243; _builder_version=&#8220;4.9.4&#8243; _module_preset=&#8220;default&#8220; background_color=&#8220;#F6F6F6&#8243; custom_padding=&#8220;20px|20px|20px|20px|false|false&#8220; global_colors_info=&#8220;{}&#8220;][et_pb_text admin_label=&#8220;Projekt-Kasten Gesundheit&#8220; _builder_version=&#8220;4.10.7&#8243; _module_preset=&#8220;default&#8220; global_module=&#8220;1320&#8243; saved_tabs=&#8220;all&#8220; global_colors_info=&#8220;{}&#8220;]<\/p>\n<h3>\u00dcber das Projekt<br \/>Medien-Doktor GESUNDHEIT<\/h3>\n<ul>\n<li><a href=\"http:\/\/www.medien-doktor.de\/umwelt\/wer-sind-wir\/#projekt\">Was ist das Projekt?<\/a><\/li>\n<li><a href=\"http:\/\/www.medien-doktor.de\/umwelt\/wer-sind-wir\/#ziele\">Ziele des Medien-Doktors<\/a><\/li>\n<li><a href=\"http:\/\/www.medien-doktor.de\/umwelt\/wer-sind-wir\/#finanzierung\">Finanzierung<\/a><\/li>\n<li><a href=\"http:\/\/www.medien-doktor.de\/umwelt\/wer-sind-wir\/#idee\">Woher stammt die Idee?<\/a><\/li>\n<li><a href=\"http:\/\/www.medien-doktor.de\/umwelt\/wer-sind-wir\/#personen\">Wer ist beteiligt?<\/a><\/li>\n<li><a href=\"http:\/\/www.medien-doktor.de\/umwelt\/gutachter\">Gutachterinnen und Gutachter<\/a><\/li>\n<\/ul>\n<p>[\/et_pb_text][et_pb_text ol_position=&#8220;outside&#8220; ol_item_indent=&#8220;20px&#8220; admin_label=&#8220;Kriterien-Kasten Gesundheit&#8220; _builder_version=&#8220;4.10.8&#8243; _module_preset=&#8220;default&#8220; text_text_color=&#8220;#000000&#8243; text_font_size=&#8220;14px&#8220; text_line_height=&#8220;2.1em&#8220; ol_text_align=&#8220;left&#8220; ol_line_height=&#8220;2.4em&#8220; header_2_text_color=&#8220;#444444&#8243; background_color=&#8220;#f6f6f6&#8243; module_alignment=&#8220;left&#8220; custom_padding=&#8220;15px|15px|15px|15px|false|false&#8220; global_module=&#8220;1285&#8243; saved_tabs=&#8220;all&#8220; locked=&#8220;off&#8220; global_colors_info=&#8220;{}&#8220;]<\/p>\n<h3>Die Kriterien des<br \/>Medien-Doktor GESUNDHEIT<\/h3>\n<ol>\n<li><a href=\"http:\/\/www.medien-doktor.de\/umwelt\/die-kriterien\/#nutzen\">POSITIVE EFFEKTE (NUTZEN)<\/a><\/li>\n<li><a href=\"http:\/\/www.medien-doktor.de\/umwelt\/die-kriterien\/#risiken\">RISIKEN &amp; NEBENWIRKUNGEN<\/a><\/li>\n<li><a href=\"http:\/\/www.medien-doktor.de\/umwelt\/die-kriterien\/#verfuegbar\">VERF\u00dcGBARKEIT<\/a><\/li>\n<li><a href=\"http:\/\/www.medien-doktor.de\/umwelt\/die-kriterien\/#alternativen\">ALTERNATIVEN<\/a><\/li>\n<li><a href=\"http:\/\/www.medien-doktor.de\/umwelt\/die-kriterien\/#kosten\">KOSTEN<\/a><\/li>\n<li><a href=\"http:\/\/www.medien-doktor.de\/umwelt\/die-kriterien\/#uebertreibung\">KRANKHEITS\u00dcBERTREIBUNG \/ -ERFINDUNG<\/a><\/li>\n<li><a href=\"http:\/\/www.medien-doktor.de\/umwelt\/die-kriterien\/#belege\">BELEGE \/ EVIDENZ<\/a><\/li>\n<li><a href=\"http:\/\/www.medien-doktor.de\/umwelt\/die-kriterien\/#experten\">EXPERTEN \/ QUELLENTRANSPARENZ<\/a><\/li>\n<li><a href=\"http:\/\/www.medien-doktor.de\/umwelt\/die-kriterien\/#interessen\">INTERESSENKONFLIKTE<\/a><\/li>\n<li><a href=\"http:\/\/www.medien-doktor.de\/umwelt\/die-kriterien\/#einordnung\">EINORDNUNG IN DEN KONTEXT<\/a><\/li>\n<li><a href=\"http:\/\/www.medien-doktor.de\/umwelt\/die-kriterien\/#faktentreue\">FAKTENTREUE<\/a><\/li>\n<li><a href=\"http:\/\/www.medien-doktor.de\/umwelt\/die-kriterien\/#eigenleistung\">JOURNALISTISCHE EIGENLEISTUNG<\/a><\/li>\n<li><a href=\"http:\/\/www.medien-doktor.de\/umwelt\/die-kriterien\/#attraktivitaet\">ATTRAKTIVIT\u00c4T DER DARSTELLUNG<\/a><\/li>\n<li><a href=\"http:\/\/www.medien-doktor.de\/umwelt\/die-kriterien\/#verstaendlichkeit\">VERST\u00c4NDLICHKEIT<\/a><\/li>\n<li><a href=\"http:\/\/www.medien-doktor.de\/umwelt\/die-kriterien\/#themenauswahl\">THEMENAUSWAHL<\/a><\/li>\n<\/ol>\n<p>[\/et_pb_text][\/et_pb_column][\/et_pb_row][\/et_pb_section]<\/p>\n","protected":false},"excerpt":{"rendered":"<p>Uns\u00a0unterst\u00fctzt ein Team erfahrener Wissenschafts- und Medizinjournalisten aus allen Mediengattungen als Gutachter. Im Folgenden stellen wir sie in alphabetischer Reihenfolge in Kurzbiografien vor.<\/p>\n","protected":false},"author":11,"featured_media":0,"parent":40,"menu_order":0,"comment_status":"closed","ping_status":"closed","template":"","meta":{"_acf_changed":false,"_et_pb_use_builder":"on","_et_pb_old_content":"","_et_gb_content_width":"","footnotes":""},"class_list":["post-3036","page","type-page","status-publish","hentry"],"acf":[],"_links":{"self":[{"href":"https:\/\/medien-doktor.de\/umwelt\/wp-json\/wp\/v2\/pages\/3036","targetHints":{"allow":["GET"]}}],"collection":[{"href":"https:\/\/medien-doktor.de\/umwelt\/wp-json\/wp\/v2\/pages"}],"about":[{"href":"https:\/\/medien-doktor.de\/umwelt\/wp-json\/wp\/v2\/types\/page"}],"author":[{"embeddable":true,"href":"https:\/\/medien-doktor.de\/umwelt\/wp-json\/wp\/v2\/users\/11"}],"replies":[{"embeddable":true,"href":"https:\/\/medien-doktor.de\/umwelt\/wp-json\/wp\/v2\/comments?post=3036"}],"version-history":[{"count":4,"href":"https:\/\/medien-doktor.de\/umwelt\/wp-json\/wp\/v2\/pages\/3036\/revisions"}],"predecessor-version":[{"id":3043,"href":"https:\/\/medien-doktor.de\/umwelt\/wp-json\/wp\/v2\/pages\/3036\/revisions\/3043"}],"up":[{"embeddable":true,"href":"https:\/\/medien-doktor.de\/umwelt\/wp-json\/wp\/v2\/pages\/40"}],"wp:attachment":[{"href":"https:\/\/medien-doktor.de\/umwelt\/wp-json\/wp\/v2\/media?parent=3036"}],"curies":[{"name":"wp","href":"https:\/\/api.w.org\/{rel}","templated":true}]}}