{"id":1890,"date":"2021-09-13T17:01:03","date_gmt":"2021-09-13T15:01:03","guid":{"rendered":"https:\/\/medien-doktor.de\/umwelt\/?page_id=1890"},"modified":"2022-01-13T13:43:14","modified_gmt":"2022-01-13T12:43:14","slug":"exkursion-uebersicht","status":"publish","type":"page","link":"https:\/\/medien-doktor.de\/umwelt\/exkursion-uebersicht\/","title":{"rendered":"Exkursion"},"content":{"rendered":"<p>[et_pb_section fb_built=&#8220;1&#8243; _builder_version=&#8220;4.9.4&#8243; _module_preset=&#8220;default&#8220; custom_padding=&#8220;10px|||||&#8220; da_disable_devices=&#8220;off|off|off&#8220; global_colors_info=&#8220;{}&#8220; da_is_popup=&#8220;off&#8220; da_exit_intent=&#8220;off&#8220; da_has_close=&#8220;on&#8220; da_alt_close=&#8220;off&#8220; da_dark_close=&#8220;off&#8220; da_not_modal=&#8220;on&#8220; da_is_singular=&#8220;off&#8220; da_with_loader=&#8220;off&#8220; da_has_shadow=&#8220;on&#8220;][et_pb_row column_structure=&#8220;2_3,1_3&#8243; _builder_version=&#8220;4.9.4&#8243; _module_preset=&#8220;default&#8220; global_colors_info=&#8220;{}&#8220;][et_pb_column type=&#8220;2_3&#8243; _builder_version=&#8220;4.9.4&#8243; _module_preset=&#8220;default&#8220; global_colors_info=&#8220;{}&#8220;][et_pb_text admin_label=&#8220;Titel &#8220; _builder_version=&#8220;4.13.1&#8243; _module_preset=&#8220;default&#8220; global_colors_info=&#8220;{}&#8220;]<\/p>\n<h1>Exkursion<\/h1>\n<p>&nbsp;<\/p>\n<p>[\/et_pb_text][et_pb_text admin_label=&#8220;Text&#8220; module_id=&#8220;1&#8243; _builder_version=&#8220;4.14.0&#8243; _module_preset=&#8220;default&#8220; hover_enabled=&#8220;0&#8243; global_colors_info=&#8220;{}&#8220; sticky_enabled=&#8220;0&#8243;]<\/p>\n<p>In unserem Blog &#8222;Exkursion&#8220; ver\u00f6ffentlicht das Team des Medien-Doktor UMWELT regelm\u00e4\u00dfig Neues zum Projekt und Hinweise f\u00fcr Journalistinnen und Journalisten sowie f\u00fcr alle Interessierten.<\/p>\n<p>[\/et_pb_text][et_pb_text admin_label=&#8220;Autoren&#8220; module_id=&#8220;1&#8243; _builder_version=&#8220;4.14.0&#8243; _module_preset=&#8220;default&#8220; hover_enabled=&#8220;0&#8243; global_colors_info=&#8220;{}&#8220; sticky_enabled=&#8220;0&#8243;]<\/p>\n<h2>Die Autoren<\/h2>\n<table style=\"width: 100%; border-collapse: collapse; border-style: hidden; border-color: #ffffff;\" border=\"0\">\n<tbody>\n<tr>\n<td style=\"width: 33.3333%; text-align: center;\"><img loading=\"lazy\" decoding=\"async\" class=\"alignnone wp-image-3270 size-medium\" src=\"https:\/\/medien-doktor.de\/umwelt\/wp-content\/uploads\/sites\/6\/2021\/11\/Wiebke_Roegener_Portrait-225x300.jpg\" alt=\"\" width=\"225\" height=\"300\" \/>Dr. Wiebke R\u00f6gener<\/td>\n<td style=\"width: 33.3333%; text-align: center;\"><img loading=\"lazy\" decoding=\"async\" class=\"alignnone wp-image-3274 size-medium\" src=\"https:\/\/medien-doktor.de\/umwelt\/wp-content\/uploads\/sites\/6\/2021\/11\/paul-klammer-portrait-ij-225x300.jpg\" alt=\"\" width=\"225\" height=\"300\" \/>Paul Klammer (M.A.)<\/td>\n<td style=\"width: 33.3333%; text-align: center;\"><\/td>\n<\/tr>\n<\/tbody>\n<\/table>\n<p>[\/et_pb_text][et_pb_divider _builder_version=&#8220;4.10.8&#8243; _module_preset=&#8220;default&#8220; global_colors_info=&#8220;{}&#8220;][\/et_pb_divider][et_pb_text _builder_version=&#8220;4.10.8&#8243; _module_preset=&#8220;default&#8220; global_colors_info=&#8220;{}&#8220;]<\/p>\n<h2>Die neuesten Beitr\u00e4ge<\/h2>\n<p>[\/et_pb_text][et_pb_de_mach_archive_loop post_type_choose=&#8220;exkursion&#8220; loop_layout=&#8220;1901&#8243; posts_number=&#8220;8&#8243; order_asc_desc=&#8220;DESC&#8220; columns=&#8220;1&#8243; columns_tablet=&#8220;1&#8243; custom_gutter_width=&#8220;on&#8220; gutter_row_gap=&#8220;50px&#8220; _builder_version=&#8220;4.13.1&#8243; _module_preset=&#8220;default&#8220; global_colors_info=&#8220;{}&#8220;][\/et_pb_de_mach_archive_loop][\/et_pb_column][et_pb_column type=&#8220;1_3&#8243; _builder_version=&#8220;4.9.4&#8243; _module_preset=&#8220;default&#8220; background_color=&#8220;#F6F6F6&#8243; custom_padding=&#8220;20px|20px|20px|20px|false|false&#8220; global_colors_info=&#8220;{}&#8220;][et_pb_text ol_position=&#8220;outside&#8220; ol_item_indent=&#8220;20px&#8220; admin_label=&#8220;Kriterien-Kasten Umwelt&#8220; _builder_version=&#8220;4.13.1&#8243; _module_preset=&#8220;default&#8220; text_text_color=&#8220;#000000&#8243; text_font_size=&#8220;14px&#8220; text_line_height=&#8220;2.1em&#8220; ol_text_align=&#8220;left&#8220; ol_line_height=&#8220;2.4em&#8220; header_2_text_color=&#8220;#444444&#8243; background_color=&#8220;#f6f6f6&#8243; module_alignment=&#8220;left&#8220; custom_padding=&#8220;15px|15px|15px|15px|false|false&#8220; global_module=&#8220;1285&#8243; saved_tabs=&#8220;all&#8220; locked=&#8220;off&#8220; global_colors_info=&#8220;{}&#8220;]<\/p>\n<h3>Die Kriterien des<br \/>\nMedien-Doktor UMWELT<\/h3>\n<p>Es folgt der 2020 \u00fcberarbeitete und aktuell g\u00fcltige Kriterienkatalog. Der alte Kriterienkatalog, an dem sich alle vorher ver\u00f6ffentlichten Gutachten orientieren, <a href=\"https:\/\/medien-doktor.de\/umwelt\/mediendoktor-umwelt-alte-kriterien\/\">kann hier eingesehen werden<\/a>.<\/p>\n<p>&nbsp;<\/p>\n<ol>\n<li><a href=\"http:\/\/www.medien-doktor.de\/umwelt\/die-kriterien\/#\u00fcbertreibung\">KEINE \u00dcBERTREIBUNG \/ VERHARMLOSUNG<\/a><\/li>\n<li><a href=\"http:\/\/www.medien-doktor.de\/umwelt\/die-kriterien\/#handlungsoptionen\">L\u00d6SUNGSHORIZONTE UND HANDLUNGSOPTIONEN<\/a><\/li>\n<li><a href=\"http:\/\/www.medien-doktor.de\/umwelt\/die-kriterien\/#raum\">R\u00c4UMLICHE DIMENSION<\/a><\/li>\n<li><a href=\"http:\/\/www.medien-doktor.de\/umwelt\/die-kriterien\/#zeit\">ZEITLICHE DIMENSION (NACHHALTIGKEIT)<\/a><\/li>\n<li><a href=\"http:\/\/www.medien-doktor.de\/umwelt\/die-kriterien\/#contra\">PRO UND CONTRA<\/a><\/li>\n<li><a href=\"http:\/\/www.medien-doktor.de\/umwelt\/die-kriterien\/#belege\">BELEGE \/ EVIDENZ<\/a><\/li>\n<li><a href=\"http:\/\/www.medien-doktor.de\/umwelt\/die-kriterien\/#experten\">EXPERTEN \/ QUELLENTRANSPARENZ<\/a><\/li>\n<li><a href=\"http:\/\/www.medien-doktor.de\/umwelt\/die-kriterien\/#interessenkonflikte\">INTERESSENKONFLIKTE<\/a><\/li>\n<li><a href=\"http:\/\/www.medien-doktor.de\/umwelt\/die-kriterien\/#kontext\">EINORDNUNG IN DEN KONTEXT<\/a><\/li>\n<li><a href=\"http:\/\/www.medien-doktor.de\/umwelt\/die-kriterien\/#faktentreue\">FAKTENTREUE<\/a><\/li>\n<li><a href=\"http:\/\/www.medien-doktor.de\/umwelt\/die-kriterien\/#eigenleistung\">JOURNALISTISCHE EIGENLEISTUNG<\/a><\/li>\n<li><a href=\"http:\/\/www.medien-doktor.de\/umwelt\/die-kriterien\/#darstellung\">ATTRAKTIVIT\u00c4T DER DARSTELLUNG<\/a><\/li>\n<li><a href=\"http:\/\/www.medien-doktor.de\/umwelt\/die-kriterien\/#verst\u00e4ndlichkeit\">VERST\u00c4NDLICHKEIT<\/a><\/li>\n<li><a href=\"http:\/\/www.medien-doktor.de\/umwelt\/die-kriterien\/#themenauswahl\">THEMENAUSWAHL<\/a><\/li>\n<\/ol>\n<p>[\/et_pb_text][\/et_pb_column][\/et_pb_row][\/et_pb_section]<\/p>\n","protected":false},"excerpt":{"rendered":"<p>Exkursion &nbsp; In unserem Blog &#8222;Exkursion&#8220; ver\u00f6ffentlicht das Team des Medien-Doktor UMWELT regelm\u00e4\u00dfig Neues zum Projekt und Hinweise f\u00fcr Journalistinnen und Journalisten sowie f\u00fcr alle Interessierten. Die Autoren Dr. Wiebke R\u00f6gener Paul Klammer (M.A.) Die neuesten Beitr\u00e4ge Die Kriterien des Medien-Doktor UMWELT Es folgt der 2020 \u00fcberarbeitete und aktuell g\u00fcltige Kriterienkatalog. Der alte Kriterienkatalog, an [&hellip;]<\/p>\n","protected":false},"author":2,"featured_media":0,"parent":0,"menu_order":0,"comment_status":"closed","ping_status":"closed","template":"","meta":{"_acf_changed":false,"_et_pb_use_builder":"on","_et_pb_old_content":"","_et_gb_content_width":"","footnotes":""},"class_list":["post-1890","page","type-page","status-publish","hentry"],"acf":[],"_links":{"self":[{"href":"https:\/\/medien-doktor.de\/umwelt\/wp-json\/wp\/v2\/pages\/1890","targetHints":{"allow":["GET"]}}],"collection":[{"href":"https:\/\/medien-doktor.de\/umwelt\/wp-json\/wp\/v2\/pages"}],"about":[{"href":"https:\/\/medien-doktor.de\/umwelt\/wp-json\/wp\/v2\/types\/page"}],"author":[{"embeddable":true,"href":"https:\/\/medien-doktor.de\/umwelt\/wp-json\/wp\/v2\/users\/2"}],"replies":[{"embeddable":true,"href":"https:\/\/medien-doktor.de\/umwelt\/wp-json\/wp\/v2\/comments?post=1890"}],"version-history":[{"count":37,"href":"https:\/\/medien-doktor.de\/umwelt\/wp-json\/wp\/v2\/pages\/1890\/revisions"}],"predecessor-version":[{"id":4177,"href":"https:\/\/medien-doktor.de\/umwelt\/wp-json\/wp\/v2\/pages\/1890\/revisions\/4177"}],"wp:attachment":[{"href":"https:\/\/medien-doktor.de\/umwelt\/wp-json\/wp\/v2\/media?parent=1890"}],"curies":[{"name":"wp","href":"https:\/\/api.w.org\/{rel}","templated":true}]}}