{"id":443,"date":"2021-07-05T12:47:50","date_gmt":"2021-07-05T10:47:50","guid":{"rendered":"https:\/\/medien-doktor.de\/pr-watch\/?page_id=443"},"modified":"2022-02-23T15:27:55","modified_gmt":"2022-02-23T14:27:55","slug":"das-sterne-system","status":"publish","type":"page","link":"https:\/\/medien-doktor.de\/pr-watch\/das-sterne-system\/","title":{"rendered":"Das Sterne-System"},"content":{"rendered":"<p>[et_pb_section fb_built=&#8220;1&#8243; _builder_version=&#8220;4.9.4&#8243; _module_preset=&#8220;default&#8220; custom_padding=&#8220;10px|||||&#8220; da_disable_devices=&#8220;off|off|off&#8220; global_colors_info=&#8220;{}&#8220; da_is_popup=&#8220;off&#8220; da_exit_intent=&#8220;off&#8220; da_has_close=&#8220;on&#8220; da_alt_close=&#8220;off&#8220; da_dark_close=&#8220;off&#8220; da_not_modal=&#8220;on&#8220; da_is_singular=&#8220;off&#8220; da_with_loader=&#8220;off&#8220; da_has_shadow=&#8220;on&#8220;][et_pb_row column_structure=&#8220;2_3,1_3&#8243; _builder_version=&#8220;4.9.4&#8243; _module_preset=&#8220;default&#8220; global_colors_info=&#8220;{}&#8220;][et_pb_column type=&#8220;2_3&#8243; _builder_version=&#8220;4.9.4&#8243; _module_preset=&#8220;default&#8220; global_colors_info=&#8220;{}&#8220;][et_pb_text admin_label=&#8220;Titel Das Sterne System &#8220; _builder_version=&#8220;4.14.7&#8243; _module_preset=&#8220;default&#8220; global_colors_info=&#8220;{}&#8220;]<\/p>\n<h1>Das Sterne-System<\/h1>\n<p>[\/et_pb_text][et_pb_text admin_label=&#8220;Wie vergeben wir die Sterne? &#8220; module_id=&#8220;1&#8243; _builder_version=&#8220;4.14.7&#8243; _module_preset=&#8220;default&#8220; global_colors_info=&#8220;{}&#8220;]<\/p>\n<h3>Wie vergeben wir die Sterne?<\/h3>\n<p data-mce-fragment=\"1\">Wie bei unseren internationalen <a title=\"Partner und Links\" href=\"http:\/\/www.medien-doktor.de\/medizin\/partner-und-links\/\" data-mce-fragment=\"1\">Vorl\u00e4uferprojekten<\/a> vergeben auch wir bis zu f\u00fcnf Sterne f\u00fcr einen Beitrag, den wir begutachten. Bei jedem Beitrag \u00fcberpr\u00fcfen wir zehn medizin- bzw. umweltjournalistische und drei allgemeinjournalistische\u00a0<a title=\"Die Kriterien\" href=\"https:\/\/medien-doktor.de\/gesundheit\/die-kriterien\/\" data-mce-fragment=\"1\">Kriterien<\/a> und werten sie als \u201eerf\u00fcllt\u201c, \u201enicht erf\u00fcllt\u201c oder \u201enicht anwendbar\u201c.<\/p>\n<p data-mce-fragment=\"1\">Ein Beitrag, bei dem mehr als zwei der zehn fachjournalistischen Kriterien \u201enicht anwendbar\u201c sind, f\u00e4llt aus der Begutachtung heraus.\u200b<\/p>\n<p>&nbsp;<\/p>\n<p>[\/et_pb_text][et_pb_text admin_label=&#8220;Tabelle&#8220; module_id=&#8220;2&#8243; _builder_version=&#8220;4.14.7&#8243; _module_preset=&#8220;default&#8220; global_colors_info=&#8220;{}&#8220;]<\/p>\n<table style=\"border-collapse: collapse;width: 100%\" border=\"1\">\n<tbody>\n<tr>\n<td style=\"width: 50%\"><strong>Prozent-Anteil \u201eerf\u00fcllt\u201c<\/strong><\/td>\n<td style=\"width: 50%\"><strong>Sterne<\/strong><\/td>\n<\/tr>\n<tr>\n<td style=\"width: 50%\">0%<\/td>\n<td style=\"width: 50%\">0 Sterne<\/td>\n<\/tr>\n<tr>\n<td style=\"width: 50%\">1% bis 20%<\/td>\n<td style=\"width: 50%\">1 Stern<\/td>\n<\/tr>\n<tr>\n<td style=\"width: 50%\">21% bis 40%<\/td>\n<td style=\"width: 50%\">2 Sterne<\/td>\n<\/tr>\n<tr>\n<td style=\"width: 50%\">41% bis 60%<\/td>\n<td style=\"width: 50%\">3 Sterne<\/td>\n<\/tr>\n<tr>\n<td style=\"width: 50%\">61% bis 80%<\/td>\n<td style=\"width: 50%\">4 Sterne<\/td>\n<\/tr>\n<tr>\n<td style=\"width: 50%\">81% bis 100%<\/td>\n<td style=\"width: 50%\">5 Sterne<\/td>\n<\/tr>\n<\/tbody>\n<\/table>\n<p>[\/et_pb_text][et_pb_text admin_label=&#8220;2. Schritt&#8220; module_id=&#8220;5&#8243; _builder_version=&#8220;4.14.7&#8243; _module_preset=&#8220;default&#8220; global_colors_info=&#8220;{}&#8220;]<\/p>\n<p>Zus\u00e4tzlich zu den zehn fachjournalistischen Kriterien bewerten wir auch drei allgemeinjournalistische <a title=\"Die Kriterien\" href=\"https:\/\/medien-doktor.de\/gesundheit\/die-kriterien\/\">Kriterien<\/a>. Werden diese besonders gut oder aber besonders schlecht erf\u00fcllt, kann dies zur Auf- oder Abwertung des Sterne-Ergebnisses f\u00fchren.<\/p>\n<p>Ferner werden diese Kriterien bei der Gesamtbeurteilung mit einbezogen und k\u00f6nnen den Ausschlag geben, wenn sich aus der Anwendung der ersten zehn Kriterien durch die beiden Gutachter ein Resultat zwischen zwei Abstufungen (also z. B genau zwischen zwei und drei Sternen) ergibt.<\/p>\n<p>[\/et_pb_text][et_pb_text admin_label=&#8220;Bitte beachten &#8220; module_id=&#8220;5&#8243; _builder_version=&#8220;4.14.7&#8243; _module_preset=&#8220;default&#8220; global_colors_info=&#8220;{}&#8220;]<\/p>\n<p><strong>Bitte beachten<\/strong>:\u00a0Die Sterne-Bewertung bietet lediglich eine erste Orientierung. F\u00fcr das Gesamturteil eines Artikels sind die Erl\u00e4uterungen in den einzelnen Kommentaren und die Zusammenfassung zu ber\u00fccksichtigen.<\/p>\n<p>[\/et_pb_text][\/et_pb_column][et_pb_column type=&#8220;1_3&#8243; _builder_version=&#8220;4.9.4&#8243; _module_preset=&#8220;default&#8220; background_color=&#8220;#F6F6F6&#8243; custom_padding=&#8220;20px|20px|20px|20px|false|false&#8220; global_colors_info=&#8220;{}&#8220;][et_pb_text ol_position=&#8220;outside&#8220; ol_item_indent=&#8220;20px&#8220; admin_label=&#8220;Kriterien-Kasten PR-Watch&#8220; _builder_version=&#8220;4.14.7&#8243; _module_preset=&#8220;default&#8220; text_text_color=&#8220;#000000&#8243; text_font_size=&#8220;14px&#8220; text_line_height=&#8220;2.1em&#8220; ol_text_align=&#8220;left&#8220; ol_line_height=&#8220;2.4em&#8220; header_2_text_color=&#8220;#444444&#8243; background_color=&#8220;#f6f6f6&#8243; module_alignment=&#8220;left&#8220; custom_padding=&#8220;15px|15px|15px|15px|false|false&#8220; global_module=&#8220;1285&#8243; saved_tabs=&#8220;all&#8220; locked=&#8220;off&#8220; global_colors_info=&#8220;{}&#8220;]<\/p>\n<h3>Die Kriterien<\/h3>\n<p><a href=\"https:\/\/medien-doktor.de\/gesundheit\/die-kriterien\/\">Medien-Doktor GESUNDHEIT<br \/><\/a><a href=\"https:\/\/medien-doktor.de\/umwelt\/die-kriterien\/\">Medien-Doktor UMWELT<\/a><\/p>\n<p>[\/et_pb_text][\/et_pb_column][\/et_pb_row][\/et_pb_section]<\/p>\n","protected":false},"excerpt":{"rendered":"<p>Das Sterne-SystemWie vergeben wir die Sterne? Wie bei unseren internationalen Vorl\u00e4uferprojekten vergeben auch wir bis zu f\u00fcnf Sterne f\u00fcr einen Beitrag, den wir begutachten. Bei jedem Beitrag \u00fcberpr\u00fcfen wir zehn medizin- bzw. umweltjournalistische und drei allgemeinjournalistische\u00a0Kriterien und werten sie als \u201eerf\u00fcllt\u201c, \u201enicht erf\u00fcllt\u201c oder \u201enicht anwendbar\u201c. Ein Beitrag, bei dem mehr als zwei der zehn [&hellip;]<\/p>\n","protected":false},"author":8,"featured_media":0,"parent":0,"menu_order":0,"comment_status":"closed","ping_status":"closed","template":"","meta":{"_acf_changed":false,"_et_pb_use_builder":"on","_et_pb_old_content":"","_et_gb_content_width":"","footnotes":""},"class_list":["post-443","page","type-page","status-publish","hentry"],"acf":[],"_links":{"self":[{"href":"https:\/\/medien-doktor.de\/pr-watch\/wp-json\/wp\/v2\/pages\/443","targetHints":{"allow":["GET"]}}],"collection":[{"href":"https:\/\/medien-doktor.de\/pr-watch\/wp-json\/wp\/v2\/pages"}],"about":[{"href":"https:\/\/medien-doktor.de\/pr-watch\/wp-json\/wp\/v2\/types\/page"}],"author":[{"embeddable":true,"href":"https:\/\/medien-doktor.de\/pr-watch\/wp-json\/wp\/v2\/users\/8"}],"replies":[{"embeddable":true,"href":"https:\/\/medien-doktor.de\/pr-watch\/wp-json\/wp\/v2\/comments?post=443"}],"version-history":[{"count":42,"href":"https:\/\/medien-doktor.de\/pr-watch\/wp-json\/wp\/v2\/pages\/443\/revisions"}],"predecessor-version":[{"id":3270,"href":"https:\/\/medien-doktor.de\/pr-watch\/wp-json\/wp\/v2\/pages\/443\/revisions\/3270"}],"wp:attachment":[{"href":"https:\/\/medien-doktor.de\/pr-watch\/wp-json\/wp\/v2\/media?parent=443"}],"curies":[{"name":"wp","href":"https:\/\/api.w.org\/{rel}","templated":true}]}}