{"id":418,"date":"2021-07-05T13:27:50","date_gmt":"2021-07-05T11:27:50","guid":{"rendered":"https:\/\/medien-doktor.de\/pr-watch\/?page_id=418"},"modified":"2022-02-23T16:13:02","modified_gmt":"2022-02-23T15:13:02","slug":"die-kriterien","status":"publish","type":"page","link":"https:\/\/medien-doktor.de\/pr-watch\/die-kriterien\/","title":{"rendered":"Die Kriterien"},"content":{"rendered":"<p>[et_pb_section fb_built=&#8220;1&#8243; _builder_version=&#8220;4.9.4&#8243; _module_preset=&#8220;default&#8220; custom_padding=&#8220;10px|||||&#8220; da_disable_devices=&#8220;off|off|off&#8220; global_colors_info=&#8220;{}&#8220; da_is_popup=&#8220;off&#8220; da_exit_intent=&#8220;off&#8220; da_has_close=&#8220;on&#8220; da_alt_close=&#8220;off&#8220; da_dark_close=&#8220;off&#8220; da_not_modal=&#8220;on&#8220; da_is_singular=&#8220;off&#8220; da_with_loader=&#8220;off&#8220; da_has_shadow=&#8220;on&#8220;][et_pb_row column_structure=&#8220;2_3,1_3&#8243; _builder_version=&#8220;4.11.4&#8243; _module_preset=&#8220;default&#8220; global_colors_info=&#8220;{}&#8220;][et_pb_column type=&#8220;2_3&#8243; _builder_version=&#8220;4.9.4&#8243; _module_preset=&#8220;default&#8220; global_colors_info=&#8220;{}&#8220;][et_pb_text admin_label=&#8220;\u00dcberschrift &#8220; _builder_version=&#8220;4.14.8&#8243; _module_preset=&#8220;default&#8220; hover_enabled=&#8220;0&#8243; global_colors_info=&#8220;{}&#8220; sticky_enabled=&#8220;0&#8243;]<\/p>\n<h1>Die Kriterien<\/h1>\n<p>Die Gutachten, die im Rahmen des Projektes PR-Watch erstellt wurden, basieren auf den Kriterien-Katalogen der Teilprojekte UMWELT und GESUNDHEIT (bis 2019 unter dem Projektnamen MEDIZIN)<\/p>\n<p>Den Kriterien-Katalog f\u00fcr den Medien-Doktor UMWELT haben wir 2020 <a href=\"https:\/\/medien-doktor.de\/umwelt\/die-kriterien\/\">umfassend \u00fcberarbeitet<\/a>. Die bisher im Teilprojekt PR-Watch ver\u00f6ffentlichten Gutachten basieren jedoch noch auf dem urspr\u00fcnglichen Kriterienset. Zu diesem verlinken wir entsprechend auch in der Seitenspalte.<\/p>\n<p>Zu den im Projekt PR-Watch verwendeten Kriterien-Katalogen gelangen Sie hier:<\/p>\n<ul>\n<li><a href=\"https:\/\/medien-doktor.de\/gesundheit\/die-kriterien\/\">Kriterien Medien-Doktor GESUNDHEIT<\/a><\/li>\n<li><a href=\"https:\/\/medien-doktor.de\/umwelt\/mediendoktor-umwelt-alte-kriterien\/\">Kriterien Medien-Doktor UMWELT<\/a><\/li>\n<\/ul>\n<p>Eine aktuelle Gesamt\u00fcbersicht der Kriterien des Medien-Doktor GESUNDHEIT, Medien-Doktor ERN\u00c4HRUNG und Medien-Doktor UMWELT k\u00f6nnen Sie <a href=\"https:\/\/medien-doktor.de\/wp-content\/uploads\/2021\/05\/Relaunch_Kriterien_MDU_MDG_MDE.pdf\">hier als pdf herunterladen<\/a>.<\/p>\n<p>[\/et_pb_text][\/et_pb_column][et_pb_column type=&#8220;1_3&#8243; _builder_version=&#8220;4.9.4&#8243; _module_preset=&#8220;default&#8220; background_color=&#8220;#F6F6F6&#8243; custom_padding=&#8220;20px|20px|20px|20px|false|false&#8220; global_colors_info=&#8220;{}&#8220;][et_pb_text ol_position=&#8220;outside&#8220; ol_item_indent=&#8220;20px&#8220; admin_label=&#8220;Kriterien-Kasten PR-Watch&#8220; _builder_version=&#8220;4.14.8&#8243; _module_preset=&#8220;default&#8220; text_text_color=&#8220;#000000&#8243; text_font_size=&#8220;14px&#8220; text_line_height=&#8220;2.1em&#8220; ol_text_align=&#8220;left&#8220; ol_line_height=&#8220;2.4em&#8220; header_2_text_color=&#8220;#444444&#8243; background_color=&#8220;#f6f6f6&#8243; module_alignment=&#8220;left&#8220; custom_padding=&#8220;15px|15px|15px|15px|false|false&#8220; hover_enabled=&#8220;0&#8243; global_module=&#8220;1285&#8243; saved_tabs=&#8220;all&#8220; locked=&#8220;off&#8220; global_colors_info=&#8220;{}&#8220; sticky_enabled=&#8220;0&#8243;]<\/p>\n<h3>Die Kriterien<\/h3>\n<p><a href=\"https:\/\/medien-doktor.de\/gesundheit\/die-kriterien\/\">Medien-Doktor GESUNDHEIT<br \/><\/a><a href=\"https:\/\/medien-doktor.de\/umwelt\/mediendoktor-umwelt-alte-kriterien\/\">Medien-Doktor UMWELT<\/a><\/p>\n<p>[\/et_pb_text][\/et_pb_column][\/et_pb_row][\/et_pb_section]<\/p>\n","protected":false},"excerpt":{"rendered":"<p>Die Kriterien Die Gutachten, die im Rahmen des Projektes PR-Watch erstellt wurden, basieren auf den Kriterien-Katalogen der Teilprojekte UMWELT und GESUNDHEIT (bis 2019 unter dem Projektnamen MEDIZIN) Den Kriterien-Katalog f\u00fcr den Medien-Doktor UMWELT haben wir 2020 umfassend \u00fcberarbeitet. Die bisher im Teilprojekt PR-Watch ver\u00f6ffentlichten Gutachten basieren jedoch noch auf dem urspr\u00fcnglichen Kriterienset. Zu diesem verlinken [&hellip;]<\/p>\n","protected":false},"author":8,"featured_media":0,"parent":0,"menu_order":0,"comment_status":"closed","ping_status":"closed","template":"","meta":{"_acf_changed":false,"_et_pb_use_builder":"on","_et_pb_old_content":"","_et_gb_content_width":"","footnotes":""},"class_list":["post-418","page","type-page","status-publish","hentry"],"acf":[],"_links":{"self":[{"href":"https:\/\/medien-doktor.de\/pr-watch\/wp-json\/wp\/v2\/pages\/418","targetHints":{"allow":["GET"]}}],"collection":[{"href":"https:\/\/medien-doktor.de\/pr-watch\/wp-json\/wp\/v2\/pages"}],"about":[{"href":"https:\/\/medien-doktor.de\/pr-watch\/wp-json\/wp\/v2\/types\/page"}],"author":[{"embeddable":true,"href":"https:\/\/medien-doktor.de\/pr-watch\/wp-json\/wp\/v2\/users\/8"}],"replies":[{"embeddable":true,"href":"https:\/\/medien-doktor.de\/pr-watch\/wp-json\/wp\/v2\/comments?post=418"}],"version-history":[{"count":60,"href":"https:\/\/medien-doktor.de\/pr-watch\/wp-json\/wp\/v2\/pages\/418\/revisions"}],"predecessor-version":[{"id":3280,"href":"https:\/\/medien-doktor.de\/pr-watch\/wp-json\/wp\/v2\/pages\/418\/revisions\/3280"}],"wp:attachment":[{"href":"https:\/\/medien-doktor.de\/pr-watch\/wp-json\/wp\/v2\/media?parent=418"}],"curies":[{"name":"wp","href":"https:\/\/api.w.org\/{rel}","templated":true}]}}