{"id":40,"date":"2021-05-30T11:45:06","date_gmt":"2021-05-30T09:45:06","guid":{"rendered":"https:\/\/medien-doktor.de\/pr-watch\/?page_id=40"},"modified":"2022-02-23T16:50:08","modified_gmt":"2022-02-23T15:50:08","slug":"wer-sind-wir","status":"publish","type":"page","link":"https:\/\/medien-doktor.de\/pr-watch\/wer-sind-wir\/","title":{"rendered":"\u00dcber uns"},"content":{"rendered":"<p>[et_pb_section fb_built=&#8220;1&#8243; _builder_version=&#8220;4.9.4&#8243; _module_preset=&#8220;default&#8220; custom_padding=&#8220;10px|||||&#8220; da_disable_devices=&#8220;off|off|off&#8220; locked=&#8220;off&#8220; global_colors_info=&#8220;{}&#8220; da_is_popup=&#8220;off&#8220; da_exit_intent=&#8220;off&#8220; da_has_close=&#8220;on&#8220; da_alt_close=&#8220;off&#8220; da_dark_close=&#8220;off&#8220; da_not_modal=&#8220;on&#8220; da_is_singular=&#8220;off&#8220; da_with_loader=&#8220;off&#8220; da_has_shadow=&#8220;on&#8220;][et_pb_row column_structure=&#8220;2_3,1_3&#8243; _builder_version=&#8220;4.9.4&#8243; _module_preset=&#8220;default&#8220; global_colors_info=&#8220;{}&#8220;][et_pb_column type=&#8220;2_3&#8243; _builder_version=&#8220;4.9.4&#8243; _module_preset=&#8220;default&#8220; global_colors_info=&#8220;{}&#8220;][et_pb_text admin_label=&#8220;\u00dcberschrift &#8220; _builder_version=&#8220;4.14.7&#8243; _module_preset=&#8220;default&#8220; global_colors_info=&#8220;{}&#8220;]<\/p>\n<h1>Medien-Doktor PR-Watch<\/h1>\n<p>[\/et_pb_text][et_pb_text admin_label=&#8220;Text Projekt&#8220; module_id=&#8220;projekt&#8220; _builder_version=&#8220;4.14.8&#8243; _module_preset=&#8220;default&#8220; hover_enabled=&#8220;0&#8243; global_colors_info=&#8220;{}&#8220; sticky_enabled=&#8220;0&#8243;]<\/p>\n<h3>Was macht Medien-Doktor PR-Watch?<\/h3>\n<div class=\"info-box info-box-1 rounded-all\">\n<p class=\"info-box-title rounded-top\">Eine Kurz\u00fcbersicht \u00fcber alle Medien-Doktor Projekte finden Sie im aktuellen Flyer, den Sie hier als pdf herunterladen k\u00f6nnen: <a href=\"https:\/\/medien-doktor.de\/ernaehrung\/wp-content\/uploads\/sites\/3\/2021\/07\/TU_Mediendoktor_Folder_Web.pdf\">Medien-Doktor Flyer (Stand 2019)<\/a><\/p>\n<\/div>\n<p>\u201eWas ist eigentlich eine gute Wissenschaftspressemitteilung?\u201c lautet die zentrale Frage des Medien-Doktor PR-Watch: Wie sehr orientiert sich gute Wissenschafts-PR an den Ma\u00dfst\u00e4ben f\u00fcr gute Wissenschaft selbst, wie sehr folgt sie den Qualit\u00e4tskriterien f\u00fcr guten (Wissenschafts-)Journalismus? Ist sie ein Makler f\u00fcr zuverl\u00e4ssige Informationen aus der Wissenschaft oder ist auch Wissenschafts-PR vor allem PR \u2013 und es ist alles erlaubt, was der Marketing-Werkzeugkasten einer Unternehmenskommunikation hergibt?<\/p>\n<p>Gute Antworten auf diese Fragen gibt es bisher kaum \u2013 und das obwohl Einrichtungen wie der Informationsdienst Wissenschaft (idw) bereits einen <a href=\"http:\/\/idw-online.de\/de\/idwaward\">Preis f\u00fcr die besten Wissenschafts-Pressemitteilungen eines Jahres<\/a> verleihen. Fest steht aber: Gute Pressemitteilungen aus der Wissenschaft scheinen auch die Wahrscheinlichkeit f\u00fcr eine korrekte Berichterstattung zu erh\u00f6hen. Und je st\u00e4rker sich die Wissenschafts-PR auch direkt an den Endnutzer wendet, desto n\u00e4her liegt es, sie verst\u00e4rkt an wissenschaftsjournalistischen Qualit\u00e4tskriterien zu messen. Genau dies tut das Projekt Medien-Doktor PR-Watch.<\/p>\n<p>Als Experiment bewerten wir daher im Medien-Doktor PR-Watch Pressemitteilungen aus den Bereichen \u201eMedizin\u201c und \u201eUmwelt\u201c. Dabei wenden wir versuchsweise jeweils jene Kriterien an, wie sie in den Teil-Projekten des <a href=\"https:\/\/medien-doktor.de\/umwelt\/mediendoktor-umwelt-alte-kriterien\/\">Medien-Doktor UMWELT<\/a>\u00a0und <a href=\"https:\/\/medien-doktor.de\/gesundheit\/die-kriterien\/\">GESUNDHEIT<\/a> (bis 2019 Medien-Doktor MEDIZIN) erprobt sind. Ziel ist es, eine neue Qualit\u00e4tsdebatte \u00fcber die Rolle der Wissenschafts-PR in Deutschland zu anzusto\u00dfen.<\/p>\n<p>Die Kriterien des Medien-Doktor UMWELT haben wir 2020 grundlegend \u00fcberarbeitet. Dem Projekt PR-Watch liegen jedoch noch <a href=\"https:\/\/medien-doktor.de\/umwelt\/mediendoktor-umwelt-alte-kriterien\/\">die alten Kriterien zugrunde<\/a>, auf die deswegen an allen zentralen Stellen verlinkt wird.<\/p>\n<p><a href=\"https:\/\/medien-doktor.de\/wer-sind-wir\/\">Allgemeine Informationen zur Arbeitsweise des Medien-Doktors, zu den verschiedenen Teilprojekten und zu unserem Team finden Sie hier.<\/a><\/p>\n<p>[\/et_pb_text][et_pb_text admin_label=&#8220;Hintergrundinformationen&#8220; _builder_version=&#8220;4.14.7&#8243; _module_preset=&#8220;default&#8220; global_colors_info=&#8220;{}&#8220;][\/et_pb_text][\/et_pb_column][et_pb_column type=&#8220;1_3&#8243; _builder_version=&#8220;4.9.4&#8243; _module_preset=&#8220;default&#8220; background_color=&#8220;#F6F6F6&#8243; custom_padding=&#8220;20px|20px|20px|20px|false|false&#8220; global_colors_info=&#8220;{}&#8220;][et_pb_text ol_position=&#8220;outside&#8220; ol_item_indent=&#8220;20px&#8220; admin_label=&#8220;Kriterien-Kasten PR-Watch&#8220; _builder_version=&#8220;4.14.8&#8243; _module_preset=&#8220;default&#8220; text_text_color=&#8220;#000000&#8243; text_font_size=&#8220;14px&#8220; text_line_height=&#8220;2.1em&#8220; ol_text_align=&#8220;left&#8220; ol_line_height=&#8220;2.4em&#8220; header_2_text_color=&#8220;#444444&#8243; background_color=&#8220;#f6f6f6&#8243; module_alignment=&#8220;left&#8220; custom_padding=&#8220;15px|15px|15px|15px|false|false&#8220; global_module=&#8220;1285&#8243; saved_tabs=&#8220;all&#8220; locked=&#8220;off&#8220; global_colors_info=&#8220;{}&#8220;]<\/p>\n<h3>Die Kriterien<\/h3>\n<p><a href=\"https:\/\/medien-doktor.de\/gesundheit\/die-kriterien\/\">Medien-Doktor GESUNDHEIT<br \/><\/a><a href=\"https:\/\/medien-doktor.de\/umwelt\/mediendoktor-umwelt-alte-kriterien\/\">Medien-Doktor UMWELT<\/a><\/p>\n<p>[\/et_pb_text][\/et_pb_column][\/et_pb_row][\/et_pb_section]<\/p>\n","protected":false},"excerpt":{"rendered":"<p>Medien-Doktor PR-WatchWas macht Medien-Doktor PR-Watch? Eine Kurz\u00fcbersicht \u00fcber alle Medien-Doktor Projekte finden Sie im aktuellen Flyer, den Sie hier als pdf herunterladen k\u00f6nnen: Medien-Doktor Flyer (Stand 2019) \u201eWas ist eigentlich eine gute Wissenschaftspressemitteilung?\u201c lautet die zentrale Frage des Medien-Doktor PR-Watch: Wie sehr orientiert sich gute Wissenschafts-PR an den Ma\u00dfst\u00e4ben f\u00fcr gute Wissenschaft selbst, wie sehr [&hellip;]<\/p>\n","protected":false},"author":2,"featured_media":0,"parent":0,"menu_order":0,"comment_status":"closed","ping_status":"closed","template":"","meta":{"_acf_changed":false,"_et_pb_use_builder":"on","_et_pb_old_content":"","_et_gb_content_width":"","footnotes":""},"class_list":["post-40","page","type-page","status-publish","hentry"],"acf":[],"_links":{"self":[{"href":"https:\/\/medien-doktor.de\/pr-watch\/wp-json\/wp\/v2\/pages\/40","targetHints":{"allow":["GET"]}}],"collection":[{"href":"https:\/\/medien-doktor.de\/pr-watch\/wp-json\/wp\/v2\/pages"}],"about":[{"href":"https:\/\/medien-doktor.de\/pr-watch\/wp-json\/wp\/v2\/types\/page"}],"author":[{"embeddable":true,"href":"https:\/\/medien-doktor.de\/pr-watch\/wp-json\/wp\/v2\/users\/2"}],"replies":[{"embeddable":true,"href":"https:\/\/medien-doktor.de\/pr-watch\/wp-json\/wp\/v2\/comments?post=40"}],"version-history":[{"count":39,"href":"https:\/\/medien-doktor.de\/pr-watch\/wp-json\/wp\/v2\/pages\/40\/revisions"}],"predecessor-version":[{"id":3283,"href":"https:\/\/medien-doktor.de\/pr-watch\/wp-json\/wp\/v2\/pages\/40\/revisions\/3283"}],"wp:attachment":[{"href":"https:\/\/medien-doktor.de\/pr-watch\/wp-json\/wp\/v2\/media?parent=40"}],"curies":[{"name":"wp","href":"https:\/\/api.w.org\/{rel}","templated":true}]}}