{"id":31,"date":"2021-05-30T11:38:37","date_gmt":"2021-05-30T09:38:37","guid":{"rendered":"https:\/\/medien-doktor.de\/pr-watch\/?page_id=31"},"modified":"2022-04-01T15:17:53","modified_gmt":"2022-04-01T13:17:53","slug":"home","status":"publish","type":"page","link":"https:\/\/medien-doktor.de\/pr-watch\/","title":{"rendered":"Home"},"content":{"rendered":"<p>[et_pb_section fb_built=&#8220;1&#8243; _builder_version=&#8220;4.16&#8243; _module_preset=&#8220;default&#8220; custom_padding=&#8220;10px|||||&#8220; da_disable_devices=&#8220;off|off|off&#8220; global_colors_info=&#8220;{}&#8220; da_is_popup=&#8220;off&#8220; da_exit_intent=&#8220;off&#8220; da_has_close=&#8220;on&#8220; da_alt_close=&#8220;off&#8220; da_dark_close=&#8220;off&#8220; da_not_modal=&#8220;on&#8220; da_is_singular=&#8220;off&#8220; da_with_loader=&#8220;off&#8220; da_has_shadow=&#8220;on&#8220;][et_pb_row column_structure=&#8220;2_3,1_3&#8243; _builder_version=&#8220;4.16&#8243; _module_preset=&#8220;default&#8220; global_colors_info=&#8220;{}&#8220;][et_pb_column type=&#8220;2_3&#8243; _builder_version=&#8220;4.16&#8243; _module_preset=&#8220;default&#8220; global_colors_info=&#8220;{}&#8220;][et_pb_de_mach_archive_loop loop_layout=&#8220;146&#8243; posts_number=&#8220;5&#8243; order_asc_desc=&#8220;DESC&#8220; link_whole_gird=&#8220;off&#8220; columns=&#8220;1&#8243; columns_tablet=&#8220;1&#8243; _builder_version=&#8220;4.11.1&#8243; _module_preset=&#8220;default&#8220; global_colors_info=&#8220;{}&#8220;][\/et_pb_de_mach_archive_loop][et_pb_button button_url=&#8220;\/pr-watch\/bewertungen\/&#8220; button_text=&#8220;Alle bewerteten Beitr\u00e4ge&#8220; _builder_version=&#8220;4.16&#8243; _module_preset=&#8220;default&#8220; global_colors_info=&#8220;{}&#8220;][\/et_pb_button][\/et_pb_column][et_pb_column type=&#8220;1_3&#8243; _builder_version=&#8220;4.16&#8243; _module_preset=&#8220;default&#8220; background_color=&#8220;#F6F6F6&#8243; custom_padding=&#8220;20px|20px|20px|20px|false|false&#8220; global_colors_info=&#8220;{}&#8220;][et_pb_text admin_label=&#8220;Was ist das Projekt PR-WATCH?&#8220; _builder_version=&#8220;4.16&#8243; _module_preset=&#8220;default&#8220; text_text_color=&#8220;#000000&#8243; text_font_size=&#8220;14px&#8220; header_2_text_color=&#8220;#444444&#8243; global_colors_info=&#8220;{}&#8220;]<\/p>\n<h3>Was macht Medien-Doktor PR-Watch?<\/h3>\n<p>Pressemitteilungen aus der Wissenschafts-PR richten sich nicht nur an Journalisten, die diese Informationen einordnen und pr\u00fcfen, sondern immer h\u00e4ufiger auch direkt an die breite \u00d6ffentlichkeit. Wir begutachten daher auch Pressemitteilungen aus dem Medizin- und Umweltbereich anhand der Kriterien, die wir f\u00fcr die Begutachtung journalistischer Beitr\u00e4ge nutzen. Im Rahmen unseres von der Thyssen-Stiftung gef\u00f6rderten Projekts \u201eBewertung und Sicherung der Qualit\u00e4t von Wissenschaftskommunikation\u201c haben wir daher ab September 2018 Gutachten zu Pressemitteilungen ver\u00f6ffentlicht, die zuvor schon <a href=\"https:\/\/idw-online.de\/en\/news?print=1&amp;id=678188\">von Seiten des Informationsdienstes Wissenschaft 2017 in zwei \u201eWochen der Qualit\u00e4tssicherung\u201c bewertet wurden<\/a>. Diese Pressemitteilungen wurden au\u00dferdem einer Inhaltsanalyse unterzogen, deren Ergebnisse danach auf unserer <a href=\"https:\/\/medien-doktor.de\/forschung\/inhaltsanalysen\/\">Webseite Medien-Doktor Forschung<\/a> zug\u00e4nglich gemacht wurden.<\/p>\n<p>[\/et_pb_text][et_pb_button button_url=&#8220;\/pr-watch\/wer-sind-wir\/&#8220; button_text=&#8220;Mehr Infos&#8220; _builder_version=&#8220;4.16.0&#8243; _module_preset=&#8220;default&#8220; hover_enabled=&#8220;0&#8243; global_colors_info=&#8220;{}&#8220; sticky_enabled=&#8220;0&#8243;][\/et_pb_button][et_pb_text admin_label=&#8220;Was ist das Projekt PR-WATCH?&#8220; _builder_version=&#8220;4.16&#8243; _module_preset=&#8220;default&#8220; text_text_color=&#8220;#000000&#8243; text_font_size=&#8220;14px&#8220; header_2_text_color=&#8220;#444444&#8243; global_colors_info=&#8220;{}&#8220;]<\/p>\n<h3>Die Kriterien<\/h3>\n<p>Hier geht es zu den Kriterien der Medien-Doktor-Projekte UMWELT und GESUNDHEIT, anhand derer wir die Pressemitteilungen im Projekt PR-Watch begutachtet haben.<\/p>\n<p>[\/et_pb_text][et_pb_button button_url=&#8220;\/umwelt\/die-kriterien\/&#8220; button_text=&#8220;Kriterien Medien-Doktor UMWELT&#8220; _builder_version=&#8220;4.16.0&#8243; _module_preset=&#8220;default&#8220; hover_enabled=&#8220;0&#8243; global_colors_info=&#8220;{}&#8220; sticky_enabled=&#8220;0&#8243;][\/et_pb_button][et_pb_button button_url=&#8220;\/gesundheit\/die-kriterien\/&#8220; button_text=&#8220;Kriterien Medien-Doktor GESUNDHEIT&#8220; _builder_version=&#8220;4.16&#8243; _module_preset=&#8220;default&#8220; global_colors_info=&#8220;{}&#8220;][\/et_pb_button][\/et_pb_column][\/et_pb_row][\/et_pb_section]<\/p>\n","protected":false},"excerpt":{"rendered":"<p>Im Rahmen eines Forschungs- und Dialogprojekts untersuchte der Medien-Doktor von Oktober 20217 bis M\u00e4rz 2020 die Berichterstattung \u00fcber medizinische Diagnosetests und deren ethische, rechtliche und soziale Folgen. Damit soll der \u00f6ffentliche Diskurs und die Qualit\u00e4t wissenschaftsjournalistischer und institutioneller Medizinkommunikation gest\u00e4rkt werden.<\/p>\n","protected":false},"author":2,"featured_media":0,"parent":0,"menu_order":0,"comment_status":"closed","ping_status":"closed","template":"","meta":{"_acf_changed":false,"_et_pb_use_builder":"on","_et_pb_old_content":"","_et_gb_content_width":"","footnotes":""},"class_list":["post-31","page","type-page","status-publish","hentry"],"acf":[],"_links":{"self":[{"href":"https:\/\/medien-doktor.de\/pr-watch\/wp-json\/wp\/v2\/pages\/31","targetHints":{"allow":["GET"]}}],"collection":[{"href":"https:\/\/medien-doktor.de\/pr-watch\/wp-json\/wp\/v2\/pages"}],"about":[{"href":"https:\/\/medien-doktor.de\/pr-watch\/wp-json\/wp\/v2\/types\/page"}],"author":[{"embeddable":true,"href":"https:\/\/medien-doktor.de\/pr-watch\/wp-json\/wp\/v2\/users\/2"}],"replies":[{"embeddable":true,"href":"https:\/\/medien-doktor.de\/pr-watch\/wp-json\/wp\/v2\/comments?post=31"}],"version-history":[{"count":53,"href":"https:\/\/medien-doktor.de\/pr-watch\/wp-json\/wp\/v2\/pages\/31\/revisions"}],"predecessor-version":[{"id":3291,"href":"https:\/\/medien-doktor.de\/pr-watch\/wp-json\/wp\/v2\/pages\/31\/revisions\/3291"}],"wp:attachment":[{"href":"https:\/\/medien-doktor.de\/pr-watch\/wp-json\/wp\/v2\/media?parent=31"}],"curies":[{"name":"wp","href":"https:\/\/api.w.org\/{rel}","templated":true}]}}