{"id":40,"date":"2021-05-30T11:45:06","date_gmt":"2021-05-30T09:45:06","guid":{"rendered":"https:\/\/medien-doktor.de\/mediate\/?page_id=40"},"modified":"2022-03-29T11:42:45","modified_gmt":"2022-03-29T09:42:45","slug":"wer-sind-wir","status":"publish","type":"page","link":"https:\/\/medien-doktor.de\/mediate\/wer-sind-wir\/","title":{"rendered":"\u00dcber uns"},"content":{"rendered":"<p>[et_pb_section fb_built=&#8220;1&#8243; _builder_version=&#8220;4.15&#8243; _module_preset=&#8220;default&#8220; custom_padding=&#8220;10px|||||&#8220; da_disable_devices=&#8220;off|off|off&#8220; locked=&#8220;off&#8220; global_colors_info=&#8220;{}&#8220; da_is_popup=&#8220;off&#8220; da_exit_intent=&#8220;off&#8220; da_has_close=&#8220;on&#8220; da_alt_close=&#8220;off&#8220; da_dark_close=&#8220;off&#8220; da_not_modal=&#8220;on&#8220; da_is_singular=&#8220;off&#8220; da_with_loader=&#8220;off&#8220; da_has_shadow=&#8220;on&#8220;][et_pb_row column_structure=&#8220;2_3,1_3&#8243; _builder_version=&#8220;4.15&#8243; _module_preset=&#8220;default&#8220; global_colors_info=&#8220;{}&#8220;][et_pb_column type=&#8220;2_3&#8243; _builder_version=&#8220;4.15&#8243; _module_preset=&#8220;default&#8220; global_colors_info=&#8220;{}&#8220;][et_pb_text admin_label=&#8220;\u00dcberschrift &#8220; _builder_version=&#8220;4.15&#8243; _module_preset=&#8220;default&#8220; global_colors_info=&#8220;{}&#8220;]<\/p>\n<h1>Wer sind wir?<\/h1>\n<p>[\/et_pb_text][et_pb_text admin_label=&#8220;Text Projekt&#8220; module_id=&#8220;projekt&#8220; _builder_version=&#8220;4.15.1&#8243; _module_preset=&#8220;default&#8220; hover_enabled=&#8220;0&#8243; global_colors_info=&#8220;{}&#8220; sticky_enabled=&#8220;0&#8243;]<\/p>\n<p>Nicht-invasive Bluttests zur Diagnose von Trisomien und anderen genetischen Defekten beim ungeborenen Kind bieten \u00c4rzten und Betroffenen neue M\u00f6glichkeiten der Fr\u00fcherkennung, versch\u00e4rfen allerdings auch ethische und soziale Fragen. In \u00e4hnlicher Weise umstritten sind Schnell- bzw. Heimtests zur Selbstdiagnose von Darmkrebs oder einer HIV-Infektion, die \u00fcber das Internet erworben und ohne \u00e4rztlichen Rat durchgef\u00fchrt werden k\u00f6nnen.<\/p>\n<p>Den Medien kommt daher eine wichtige Rolle in der Vermittlung von Informationen \u00fcber medizinische Diagnoseverfahren zu. Dar\u00fcber hinaus steht der Journalismus vor der Herausforderung, den \u00f6ffentlichen Diskurs \u00fcber die Fortschritte in der medizinischen Diagnostik herzustellen und zu moderieren.<\/p>\n<p>Das von Oktober 2017 bis M\u00e4rz 2020 durchgef\u00fchrte Projekt MEDIATE hatte daher zum Ziel, den \u00f6ffentlichen Diskurs \u00fcber diagnostische Tests durch eine evidenzbasierte, ethisch reflektierte Wissenschaftskommunikation zu f\u00f6rdern und zu verbessern und so wichtige Impulse f\u00fcr die gesellschaftliche Aufkl\u00e4rung und Diskussion zu geben. Im Fokus standen insbesondere nicht-invasive molekulargenetische Bluttests im Bereich Pr\u00e4nataldiagnostik. Dar\u00fcber hinaus wurden auch weitere Diagnoseverfahren, etwa zur Bestimmung von Erkrankungen bzw. pers\u00f6nlichen Krankheitsrisiken, darunter vor allem medizinische Selbsttests, einbezogen.<\/p>\n<p>Kern des MEDIATE-Projekts war eine Reihe von Workshops mit jungen Wissenschaftsjournalisten des Instituts f\u00fcr Journalistik (IJ) und \u00c4rzten des Uniklinikums Freiburg. In einem gemeinsamen Quality Assessment evaluierten die angehenden Wissenschaftsjournalisten und \u00c4rzte mit Unterst\u00fctzung von erfahrenen Wissenschaftsjournalisten und \u00c4rzten die Qualit\u00e4t wissenschaftsjournalistischer und institutioneller Medizinkommunikation \u00fcber diagnostische Testverfahren an konkreten Fallbeispielen in einem mehrstufigen, diskursiven Prozess. Die Teilnehmer, die an unterschiedlichen Schnittstellen der Wissenschaftskommunikation \u2013 in Forschung und Klinik bzw. Arztpraxis, in der \u00d6ffentlichkeitsarbeit sowie im Journalismus \u2013 an der Kommunikation \u00fcber diagnostische Testverfahren mitwirken, wurden so zu einem nachhaltigen Austausch \u00fcber die gesellschaftlichen Folgen der Entwicklungen in der Medizin angeregt. Dar\u00fcber hinaus wurden Qualit\u00e4tskriterien f\u00fcr einen evidenzbasierten und publikumsorientierten Wissenschaftsjournalismus weiterentwickelt.<\/p>\n<p>In dem vom BMBF gef\u00f6rderten Verbundprojekt kooperierte das IJ unter der Leitung von Prof. Holger Wormer mit dem Team vom \u201eMedien-Doktor MEDIZIN\u201c sowie mit dem Institut f\u00fcr Evidenz in der Medizin, das mit der Cochrane Deutschland Stiftung verbunden und am Uniklinikum Freiburg angesiedelt ist. Cochrane ist ein internationales Netzwerk von Wissenschaftlern und \u00c4rzten, das die wissenschaftlichen Grundlagen f\u00fcr Entscheidungen im Gesundheitssystem verbessern will. Das Dortmunder Teilprojekt wurde von Dr. Julia Serong geleitet.<\/p>\n<p>[\/et_pb_text][et_pb_text admin_label=&#8220;Hintergrundinformationen&#8220; _builder_version=&#8220;4.15.1&#8243; _module_preset=&#8220;default&#8220; hover_enabled=&#8220;0&#8243; global_colors_info=&#8220;{}&#8220; sticky_enabled=&#8220;0&#8243;]<\/p>\n<h2>Hintergrundinformationen<\/h2>\n<p><strong>Titel des Projekts:<\/strong> Ethik und Evidenz: Analyse und F\u00f6rderung des medialen Diskurses zu diagnostischen Tests (MEDIATE)<\/p>\n<p><strong>Laufzeit:<\/strong> Oktober 2017 \u2013 M\u00e4rz 2020<\/p>\n<p>Verbundprojekt, gef\u00f6rdert vom BMBF (F\u00f6rderung von Diskursprojekten zu ethischen, rechtlichen und sozialen Fragen in den modernen Lebenswissenschaften)<\/p>\n<p><strong>Leitung des Teilprojekts Dortmund:<\/strong> Dr. Julia Serong<\/p>\n<p><strong>Verbundpartner:<\/strong> Cochrane Deutschland, Universit\u00e4tsklinikum Freiburg<\/p>\n<p><strong>Verbundkoordination:<\/strong> Univ.-Prof. Dipl. Chem. Holger Wormer, Institut f\u00fcr Journalistik, TU Dortmund<\/p>\n<p><strong>Wissenschaftliche Mitarbeit:<\/strong> Paul Klammer, Sarah Wippermann, Lucas Gries, Marcus Anh\u00e4user<\/p>\n<p>[\/et_pb_text][\/et_pb_column][et_pb_column type=&#8220;1_3&#8243; _builder_version=&#8220;4.15&#8243; _module_preset=&#8220;default&#8220; background_color=&#8220;#F6F6F6&#8243; custom_padding=&#8220;20px|20px|20px|20px|false|false&#8220; global_colors_info=&#8220;{}&#8220;][et_pb_image src=&#8220;https:\/\/medien-doktor.de\/mediate\/wp-content\/uploads\/sites\/4\/2021\/10\/MEDIATE_logo_mit_text_web.jpg&#8220; alt=&#8220;Logo MEDIATE&#8220; title_text=&#8220;MEDIATE_logo_mit_text_web&#8220; align=&#8220;center&#8220; admin_label=&#8220;Logo MEDIATE&#8220; _builder_version=&#8220;4.15&#8243; _module_preset=&#8220;default&#8220; global_colors_info=&#8220;{}&#8220;][\/et_pb_image][et_pb_text ol_position=&#8220;outside&#8220; ol_item_indent=&#8220;20px&#8220; admin_label=&#8220;Kriterien-Kasten MEDIATE&#8220; _builder_version=&#8220;4.11.1&#8243; _module_preset=&#8220;default&#8220; text_text_color=&#8220;#000000&#8243; text_font_size=&#8220;14px&#8220; text_line_height=&#8220;2.1em&#8220; ol_text_align=&#8220;left&#8220; ol_line_height=&#8220;2.4em&#8220; header_2_text_color=&#8220;#444444&#8243; background_color=&#8220;#f6f6f6&#8243; module_alignment=&#8220;left&#8220; custom_padding=&#8220;15px|15px|15px|15px|false|false&#8220; global_module=&#8220;1285&#8243; saved_tabs=&#8220;all&#8220; locked=&#8220;off&#8220; global_colors_info=&#8220;{}&#8220;]<\/p>\n<h3>MEDIATE \u2013 Die Kriterien<\/h3>\n<ol>\n<li><a href=\"http:\/\/www.medien-doktor.de\/mediate\/die-kriterien\/#nutzen\">AUSSAGEKRAFT\/NUTZEN<\/a><\/li>\n<li><a href=\"http:\/\/www.medien-doktor.de\/mediate\/die-kriterien\/#risiken\">RISIKEN &amp; NEBENWIRKUNGEN<\/a><\/li>\n<li><a href=\"http:\/\/www.medien-doktor.de\/mediate\/die-kriterien\/#belege\">BELEGE<\/a><\/li>\n<li><a href=\"http:\/\/www.medien-doktor.de\/mediate\/die-kriterien\/#experten\">EXPERTEN<\/a><\/li>\n<li><a href=\"http:\/\/www.medien-doktor.de\/mediate\/die-kriterien\/#mehralspm\">MEHR ALS PRESSEMITTEILUNG<\/a><\/li>\n<li><a href=\"http:\/\/www.medien-doktor.de\/mediate\/die-kriterien\/#neuheit\">NEUHEIT<\/a><\/li>\n<li><a href=\"http:\/\/www.medien-doktor.de\/mediate\/die-kriterien\/#alternativen\">ALTERNATIVEN<\/a><\/li>\n<li><a href=\"http:\/\/www.medien-doktor.de\/mediate\/die-kriterien\/#verfuegbarkeit\">VERF\u00dcGBARKEIT<\/a><\/li>\n<li><a href=\"http:\/\/www.medien-doktor.de\/mediate\/die-kriterien\/#kosten\">KOSTEN<\/a><\/li>\n<li><a href=\"http:\/\/www.medien-doktor.de\/mediate\/die-kriterien\/#krankheitserfindungen\">KRANKHEITSERFINDUNGEN<\/a><\/li>\n<\/ol>\n<hr \/>\n<ol>\n<li><a href=\"https:\/\/medien-doktor.de\/mediate\/die-kriterien\/#themenauswahl\">THEMENAUSWAHL<\/a><\/li>\n<li><a href=\"http:\/\/www.medien-doktor.de\/mediate\/die-kriterien\/#vermittlung\">VERMITTLUNG<\/a><\/li>\n<li><a href=\"http:\/\/www.medien-doktor.de\/mediate\/die-kriterien\/#faktentreue\">FAKTENTREUE<\/a><\/li>\n<\/ol>\n<p>[\/et_pb_text][et_pb_image src=&#8220;https:\/\/medien-doktor.de\/mediate\/wp-content\/uploads\/sites\/4\/2021\/05\/BMBF_RGB_Gef_L.png&#8220; alt=&#8220;Logo BMBF&#8220; title_text=&#8220;BMBF_RGB_Gef_L&#8220; align=&#8220;center&#8220; admin_label=&#8220;Logo BMBF&#8220; _builder_version=&#8220;4.15&#8243; _module_preset=&#8220;default&#8220; global_colors_info=&#8220;{}&#8220;][\/et_pb_image][\/et_pb_column][\/et_pb_row][\/et_pb_section]<\/p>\n","protected":false},"excerpt":{"rendered":"<p>Wer sind wir?Nicht-invasive Bluttests zur Diagnose von Trisomien und anderen genetischen Defekten beim ungeborenen Kind bieten \u00c4rzten und Betroffenen neue M\u00f6glichkeiten der Fr\u00fcherkennung, versch\u00e4rfen allerdings auch ethische und soziale Fragen. In \u00e4hnlicher Weise umstritten sind Schnell- bzw. Heimtests zur Selbstdiagnose von Darmkrebs oder einer HIV-Infektion, die \u00fcber das Internet erworben und ohne \u00e4rztlichen Rat durchgef\u00fchrt [&hellip;]<\/p>\n","protected":false},"author":2,"featured_media":0,"parent":0,"menu_order":0,"comment_status":"closed","ping_status":"closed","template":"","meta":{"_acf_changed":false,"_et_pb_use_builder":"on","_et_pb_old_content":"","_et_gb_content_width":"","footnotes":""},"class_list":["post-40","page","type-page","status-publish","hentry"],"acf":[],"_links":{"self":[{"href":"https:\/\/medien-doktor.de\/mediate\/wp-json\/wp\/v2\/pages\/40","targetHints":{"allow":["GET"]}}],"collection":[{"href":"https:\/\/medien-doktor.de\/mediate\/wp-json\/wp\/v2\/pages"}],"about":[{"href":"https:\/\/medien-doktor.de\/mediate\/wp-json\/wp\/v2\/types\/page"}],"author":[{"embeddable":true,"href":"https:\/\/medien-doktor.de\/mediate\/wp-json\/wp\/v2\/users\/2"}],"replies":[{"embeddable":true,"href":"https:\/\/medien-doktor.de\/mediate\/wp-json\/wp\/v2\/comments?post=40"}],"version-history":[{"count":30,"href":"https:\/\/medien-doktor.de\/mediate\/wp-json\/wp\/v2\/pages\/40\/revisions"}],"predecessor-version":[{"id":2895,"href":"https:\/\/medien-doktor.de\/mediate\/wp-json\/wp\/v2\/pages\/40\/revisions\/2895"}],"wp:attachment":[{"href":"https:\/\/medien-doktor.de\/mediate\/wp-json\/wp\/v2\/media?parent=40"}],"curies":[{"name":"wp","href":"https:\/\/api.w.org\/{rel}","templated":true}]}}