{"id":1890,"date":"2021-09-13T17:01:03","date_gmt":"2021-09-13T15:01:03","guid":{"rendered":"https:\/\/medien-doktor.de\/mediate\/?page_id=1890"},"modified":"2022-03-29T11:40:29","modified_gmt":"2022-03-29T09:40:29","slug":"blog-uebersicht","status":"publish","type":"page","link":"https:\/\/medien-doktor.de\/mediate\/blog-uebersicht\/","title":{"rendered":"Blog"},"content":{"rendered":"<p>[et_pb_section fb_built=&#8220;1&#8243; _builder_version=&#8220;4.15&#8243; _module_preset=&#8220;default&#8220; custom_padding=&#8220;10px|||||&#8220; da_disable_devices=&#8220;off|off|off&#8220; global_colors_info=&#8220;{}&#8220; da_is_popup=&#8220;off&#8220; da_exit_intent=&#8220;off&#8220; da_has_close=&#8220;on&#8220; da_alt_close=&#8220;off&#8220; da_dark_close=&#8220;off&#8220; da_not_modal=&#8220;on&#8220; da_is_singular=&#8220;off&#8220; da_with_loader=&#8220;off&#8220; da_has_shadow=&#8220;on&#8220;][et_pb_row column_structure=&#8220;2_3,1_3&#8243; _builder_version=&#8220;4.15&#8243; _module_preset=&#8220;default&#8220; global_colors_info=&#8220;{}&#8220;][et_pb_column type=&#8220;2_3&#8243; _builder_version=&#8220;4.15&#8243; _module_preset=&#8220;default&#8220; global_colors_info=&#8220;{}&#8220;][et_pb_text admin_label=&#8220;Titel &#8220; _builder_version=&#8220;4.15.1&#8243; _module_preset=&#8220;default&#8220; global_colors_info=&#8220;{}&#8220;]<\/p>\n<h1>Blog<\/h1>\n<p>&nbsp;<\/p>\n<p>[\/et_pb_text][et_pb_text admin_label=&#8220;Text&#8220; module_id=&#8220;1&#8243; _builder_version=&#8220;4.15.1&#8243; _module_preset=&#8220;default&#8220; global_colors_info=&#8220;{}&#8220;]<\/p>\n<p>In diesem Blog hat das Team des MEDIATE-Projekts gemeinsam mit Studierenden des Wissenschaftsjournalismus der TU Dortmund Hintergrundinformationen zu diagnostischen Tests zusammengestellt. Dar\u00fcber hinaus finden Sie hier Hinweise f\u00fcr Journalistinnen und Journalisten sowie f\u00fcr alle Interessierten, wie man die besonderen Herausforderungen bei der Recherche zu diesem Themenfeld angehen kann.<\/p>\n<p>[\/et_pb_text][et_pb_divider _builder_version=&#8220;4.15&#8243; _module_preset=&#8220;default&#8220; global_colors_info=&#8220;{}&#8220;][\/et_pb_divider][et_pb_text _builder_version=&#8220;4.15.1&#8243; _module_preset=&#8220;default&#8220; global_colors_info=&#8220;{}&#8220;]<\/p>\n<h2>Die neuesten Beitr\u00e4ge<\/h2>\n<p>[\/et_pb_text][et_pb_de_mach_archive_loop post_type_choose=&#8220;blog&#8220; loop_layout=&#8220;1901&#8243; posts_number=&#8220;8&#8243; order_asc_desc=&#8220;DESC&#8220; enable_loadmore=&#8220;pagination&#8220; columns=&#8220;1&#8243; columns_tablet=&#8220;1&#8243; custom_gutter_width=&#8220;on&#8220; gutter_row_gap=&#8220;50px&#8220; _builder_version=&#8220;4.15.1&#8243; _module_preset=&#8220;default&#8220; global_colors_info=&#8220;{}&#8220;][\/et_pb_de_mach_archive_loop][\/et_pb_column][et_pb_column type=&#8220;1_3&#8243; _builder_version=&#8220;4.15&#8243; _module_preset=&#8220;default&#8220; background_color=&#8220;#F6F6F6&#8243; custom_padding=&#8220;20px|20px|20px|20px|false|false&#8220; global_colors_info=&#8220;{}&#8220;][et_pb_image _builder_version=&#8220;4.15.1&#8243; _module_preset=&#8220;default&#8220; alt=&#8220;Logo MEDIATE&#8220; title_text=&#8220;MEDIATE_logo_mit_text_web&#8220; src=&#8220;https:\/\/medien-doktor.de\/mediate\/wp-content\/uploads\/sites\/4\/2021\/10\/MEDIATE_logo_mit_text_web.jpg&#8220; hover_enabled=&#8220;0&#8243; sticky_enabled=&#8220;0&#8243;][\/et_pb_image][et_pb_text ol_position=&#8220;outside&#8220; ol_item_indent=&#8220;20px&#8220; admin_label=&#8220;Kriterien-Kasten MEDIATE&#8220; _builder_version=&#8220;4.11.1&#8243; _module_preset=&#8220;default&#8220; text_text_color=&#8220;#000000&#8243; text_font_size=&#8220;14px&#8220; text_line_height=&#8220;2.1em&#8220; ol_text_align=&#8220;left&#8220; ol_line_height=&#8220;2.4em&#8220; header_2_text_color=&#8220;#444444&#8243; background_color=&#8220;#f6f6f6&#8243; module_alignment=&#8220;left&#8220; custom_padding=&#8220;15px|15px|15px|15px|false|false&#8220; global_module=&#8220;1285&#8243; saved_tabs=&#8220;all&#8220; locked=&#8220;off&#8220; global_colors_info=&#8220;{}&#8220;]<\/p>\n<h3>MEDIATE \u2013 Die Kriterien<\/h3>\n<ol>\n<li><a href=\"http:\/\/www.medien-doktor.de\/mediate\/die-kriterien\/#nutzen\">AUSSAGEKRAFT\/NUTZEN<\/a><\/li>\n<li><a href=\"http:\/\/www.medien-doktor.de\/mediate\/die-kriterien\/#risiken\">RISIKEN &amp; NEBENWIRKUNGEN<\/a><\/li>\n<li><a href=\"http:\/\/www.medien-doktor.de\/mediate\/die-kriterien\/#belege\">BELEGE<\/a><\/li>\n<li><a href=\"http:\/\/www.medien-doktor.de\/mediate\/die-kriterien\/#experten\">EXPERTEN<\/a><\/li>\n<li><a href=\"http:\/\/www.medien-doktor.de\/mediate\/die-kriterien\/#mehralspm\">MEHR ALS PRESSEMITTEILUNG<\/a><\/li>\n<li><a href=\"http:\/\/www.medien-doktor.de\/mediate\/die-kriterien\/#neuheit\">NEUHEIT<\/a><\/li>\n<li><a href=\"http:\/\/www.medien-doktor.de\/mediate\/die-kriterien\/#alternativen\">ALTERNATIVEN<\/a><\/li>\n<li><a href=\"http:\/\/www.medien-doktor.de\/mediate\/die-kriterien\/#verfuegbarkeit\">VERF\u00dcGBARKEIT<\/a><\/li>\n<li><a href=\"http:\/\/www.medien-doktor.de\/mediate\/die-kriterien\/#kosten\">KOSTEN<\/a><\/li>\n<li><a href=\"http:\/\/www.medien-doktor.de\/mediate\/die-kriterien\/#krankheitserfindungen\">KRANKHEITSERFINDUNGEN<\/a><\/li>\n<\/ol>\n<hr \/>\n<ol>\n<li><a href=\"https:\/\/medien-doktor.de\/mediate\/die-kriterien\/#themenauswahl\">THEMENAUSWAHL<\/a><\/li>\n<li><a href=\"http:\/\/www.medien-doktor.de\/mediate\/die-kriterien\/#vermittlung\">VERMITTLUNG<\/a><\/li>\n<li><a href=\"http:\/\/www.medien-doktor.de\/mediate\/die-kriterien\/#faktentreue\">FAKTENTREUE<\/a><\/li>\n<\/ol>\n<p>[\/et_pb_text][et_pb_divider _builder_version=&#8220;4.15&#8243; _module_preset=&#8220;default&#8220; global_colors_info=&#8220;{}&#8220;][\/et_pb_divider][et_pb_image src=&#8220;https:\/\/medien-doktor.de\/mediate\/wp-content\/uploads\/sites\/4\/2021\/05\/BMBF_RGB_Gef_L.png&#8220; alt=&#8220;Logo BMBF&#8220; title_text=&#8220;BMBF_RGB_Gef_L&#8220; _builder_version=&#8220;4.15.1&#8243; _module_preset=&#8220;default&#8220; global_colors_info=&#8220;{}&#8220;][\/et_pb_image][\/et_pb_column][\/et_pb_row][\/et_pb_section]<\/p>\n","protected":false},"excerpt":{"rendered":"<p>Blog &nbsp;In diesem Blog hat das Team des MEDIATE-Projekts gemeinsam mit Studierenden des Wissenschaftsjournalismus der TU Dortmund Hintergrundinformationen zu diagnostischen Tests zusammengestellt. Dar\u00fcber hinaus finden Sie hier Hinweise f\u00fcr Journalistinnen und Journalisten sowie f\u00fcr alle Interessierten, wie man die besonderen Herausforderungen bei der Recherche zu diesem Themenfeld angehen kann.Die neuesten Beitr\u00e4geMEDIATE \u2013 Die Kriterien AUSSAGEKRAFT\/NUTZEN [&hellip;]<\/p>\n","protected":false},"author":2,"featured_media":0,"parent":0,"menu_order":0,"comment_status":"closed","ping_status":"closed","template":"","meta":{"_acf_changed":false,"_et_pb_use_builder":"on","_et_pb_old_content":"","_et_gb_content_width":"","footnotes":""},"class_list":["post-1890","page","type-page","status-publish","hentry"],"acf":[],"_links":{"self":[{"href":"https:\/\/medien-doktor.de\/mediate\/wp-json\/wp\/v2\/pages\/1890","targetHints":{"allow":["GET"]}}],"collection":[{"href":"https:\/\/medien-doktor.de\/mediate\/wp-json\/wp\/v2\/pages"}],"about":[{"href":"https:\/\/medien-doktor.de\/mediate\/wp-json\/wp\/v2\/types\/page"}],"author":[{"embeddable":true,"href":"https:\/\/medien-doktor.de\/mediate\/wp-json\/wp\/v2\/users\/2"}],"replies":[{"embeddable":true,"href":"https:\/\/medien-doktor.de\/mediate\/wp-json\/wp\/v2\/comments?post=1890"}],"version-history":[{"count":43,"href":"https:\/\/medien-doktor.de\/mediate\/wp-json\/wp\/v2\/pages\/1890\/revisions"}],"predecessor-version":[{"id":2894,"href":"https:\/\/medien-doktor.de\/mediate\/wp-json\/wp\/v2\/pages\/1890\/revisions\/2894"}],"wp:attachment":[{"href":"https:\/\/medien-doktor.de\/mediate\/wp-json\/wp\/v2\/media?parent=1890"}],"curies":[{"name":"wp","href":"https:\/\/api.w.org\/{rel}","templated":true}]}}