{"id":3178,"date":"2024-04-17T19:13:58","date_gmt":"2024-04-17T17:13:58","guid":{"rendered":"https:\/\/medien-doktor.de\/ki\/?page_id=3178"},"modified":"2026-03-09T15:39:48","modified_gmt":"2026-03-09T14:39:48","slug":"tools","status":"publish","type":"page","link":"https:\/\/medien-doktor.de\/ki\/tools\/","title":{"rendered":"Tools"},"content":{"rendered":"<p>[et_pb_section fb_built=&#8220;1&#8243; _builder_version=&#8220;4.16&#8243; _module_preset=&#8220;default&#8220; custom_padding=&#8220;10px|||||&#8220; locked=&#8220;off&#8220; global_colors_info=&#8220;{}&#8220;][et_pb_row column_structure=&#8220;2_3,1_3&#8243; _builder_version=&#8220;4.24.3&#8243; _module_preset=&#8220;default&#8220; collapsed=&#8220;off&#8220; global_colors_info=&#8220;{}&#8220;][et_pb_column type=&#8220;2_3&#8243; _builder_version=&#8220;4.24.3&#8243; _module_preset=&#8220;default&#8220; global_colors_info=&#8220;{}&#8220;][et_pb_text admin_label=&#8220;\u00dcberschrift &#8220; _builder_version=&#8220;4.24.3&#8243; _module_preset=&#8220;default&#8220; global_colors_info=&#8220;{}&#8220;]<\/p>\n<h1>Tools<\/h1>\n<p>[\/et_pb_text][et_pb_text admin_label=&#8220;Einleitung&#8220; module_id=&#8220;projekt&#8220; _builder_version=&#8220;4.25.1&#8243; _module_preset=&#8220;default&#8220; global_colors_info=&#8220;{}&#8220;]<\/p>\n<p>Auf dieser Seite stellen wir im <a href=\"https:\/\/medien-doktor.de\/ki\/\/tools\/#tipps\">ersten Abschnitt<\/a> Links zu Artikeln und Webseiten bereit, die Medienschaffenden im Journalismus und PR helfen k\u00f6nnen, fundierter \u00fcber KI-Anwendungen zu berichten. Die Artikel haben wir im Rahmen einer systematischen Suche in Fachzeitschriften und auf Webseiten zusammengetragen.<\/p>\n<p><a href=\"https:\/\/medien-doktor.de\/ki\/tools\/#leitlinien\">Im zweiten Abschnitt<\/a> finden sich Statuten, Empfehlungen und Leitlinien verschiedener Redaktionen, Verlagsh\u00e4user und Institutionen zum Einsatz und Umgang mit Werkzeugen der KI im journalistischen Alltag.<\/p>\n<p><a href=\"https:\/\/medien-doktor.de\/ki\/tools\/#literatur\">Im dritten Abschnitt<\/a> finden Sie weitere Literatur zum Medien-Doktor-Projekt.<\/p>\n<p>[\/et_pb_text][et_pb_text admin_label=&#8220;Tipps f\u00fcr Journalisten&#8220; module_id=&#8220;tipps&#8220; _builder_version=&#8220;4.27.3&#8243; _module_preset=&#8220;default&#8220; global_colors_info=&#8220;{}&#8220;]<\/p>\n<h3>Tipps f\u00fcr Journalisten und Kommunikatorinnen zur Berichterstattung \u00fcber Anwendungen und Produkte, die auf K\u00fcnstlicher Intelligenz und Maschinellem Lernen basieren.<\/h3>\n<ul>\n<li>Columbia Journalism Review: <a href=\"https:\/\/www.cjr.org\/analysis\/how-to-report-better-on-artificial-intelligence.php\">How to report better on artificial intelligence<\/a><\/li>\n<li>Siggener Kreis: <a href=\"https:\/\/medien-doktor.de\/ki\/wp-content\/uploads\/sites\/8\/2024\/05\/SIGGENER-IMPULSE-2019-KI.pdf\">K\u00fcnstliche Intelligenz als Herausforderung f\u00fcr die Wissenschaftskommunikation<\/a> (PDF)<\/li>\n<li>UNESCO: <a href=\"https:\/\/unesdoc.unesco.org\/ark:\/48223\/pf0000384551\">Reporting on artificial intelligence: a handbook for journalism educators<\/a><\/li>\n<li><a href=\"https:\/\/medium.com\/br-next\/blackbox-reporting-wie-journalist-innen-\u00fcber-ki-und-algorithmen-berichten-k\u00f6nnen-3983cd0bcf3c\">Whitepaper des AI+Automation Lab des Bayerischen Rundfunks<\/a> (Kurzfassung auf Medium.com mit Link zur Vollversion als PDF)<\/li>\n<li>Sayash Kapoor\/Arvind Narayanan, AI Snake Oil \u201c<a href=\"https:\/\/www.aisnakeoil.com\/p\/eighteen-pitfalls-to-beware-of-in\">Eighteen pitfalls to beware of in AI journalism<\/a>\u201d, (Zusammenfassung als <a href=\"https:\/\/www.cs.princeton.edu\/~sayashk\/ai-hype\/ai-reporting-pitfalls.pdf\">Liste im PDF<\/a>)<\/li>\n<li>Lakshmi Sivadas\/Sabrina Argoub, POLIS, \u201c<a href=\"https:\/\/blogs.lse.ac.uk\/polis\/2021\/05\/05\/how-to-report-effectively-on-artificial-intelligence\/\">How to report effectively on artificial intelligence<\/a>\u201d<\/li>\n<li>Emily Tucker, Tech Policy Press, \u201e<a href=\"https:\/\/techpolicy.press\/artifice-and-intelligence\/\">Artifice and Intelligence<\/a>\u201c (Am Ende des Artikels findet sich eine Liste mit Vorschl\u00e4gen wie man die verk\u00fcrzenden Begriffe wie KI, Maschinelles Lernen etc. durch besser Beschreibungen ersetzen kann.)<\/li>\n<\/ul>\n<ul>\n<li>Daniel Leufer\/Alexa Steinbr\u00fcck: <a href=\"https:\/\/www.aimyths.org\/\">AI Myths<\/a>, Ziel dieser Webseite ist es, irref\u00fchrende Vorstellungen \u00fcber KI zu entschl\u00fcsseln und zu entlarven. Das Autorenpaar untersucht, wie diese Ideen in den Medien dargestellt werden, und verweist auf hochwertige Quellen f\u00fcr weitere Lekt\u00fcre.<\/li>\n<li>Marina Amani\/Maggi Mustaklem: Reuters Institute for the Study of Journalism, <a href=\"https:\/\/reutersinstitute.politics.ox.ac.uk\/news\/whats-wrong-robots-oxford-researcher-explains-how-we-can-better-illustrate-ai-news-stories\">What\u2019s wrong with the robots? An Oxford researcher explains how we can better illustrate AI news stories<\/a><\/li>\n<li><a href=\"https:\/\/betterimagesofai.org\">Better images of AI<\/a>, Webseite eines Non-profit-Projekts, dass es sich zur Aufgabe gemacht hat f\u00fcr eine besser Bebilderung von KI-Artikeln zu sorgen, u.a. indem die Seite selbst Fotos und Bilder pr\u00e4sentiert (unter CC-Lizenzen), die abseits der klischeehaften Repr\u00e4sentation K\u00fcnstliche Intelligenz darstellt. Die Fotos k\u00f6nnen als Anregung zur eigenen Neugestaltung von Bildern oder in CC-Lizenz genutzt werden.\n<\/li>\n<li>Sonja Peteranderl, Algorithm Watch, \u201e<a href=\"https:\/\/algorithmwatch.org\/de\/recherche-in-der-blackbox\/\">Recherche in der Blackbox<\/a>\u201c<\/li>\n<li>Nicolas Kayser-Bril, Algorithm Watch, \u201e<a href=\"https:\/\/r.algorithmwatch.org\/nl3\/3NtLUdpEn3qvUBE1Ijq2iQ?m=AW8AABGPz34AAAARbuYAAADMbF8AAAAA98EAAB1hABB0KQBkFAIOSzMk44GDQuSrPWE2a5MssAAQJ0I&amp;b=a79a045a&amp;e=320d437b&amp;x=WyK1cAr2VDRxuZ1pg2IN0ndLxLactKsk8nwyZJ3jTUs\">So sollte Berichterstattung \u00fcber Algorithmen aussehen<\/a>\u201c<\/li>\n<li>\u201e<a href=\"https:\/\/algorithmwatch.github.io\/can-you-break-the-algorithm\/de.html#\/\">Kannst du den Algorithmus knacken<\/a>?\u201c Ein Spiel f\u00fcr JournalistInnen von Nicolas Kayser-Bril, Algorithm Watch. Das Spiel soll ein Verst\u00e4ndnis daf\u00fcr f\u00f6rdern, wie JournalistInnen \u00fcber Algorithmen berichten k\u00f6nnen. Die SpielerInnen schl\u00fcpfen in die Rolle einer Nachwuchsreporterin, die herausfinden muss, ob die fiktive App &#8222;TikTube&#8220; Teenager depressiv macht. Kayser-Bril will damit zeigen, dass wir zwar Algorithmen nicht knacken, aber viel \u00fcber die Systeme in Erfahrung bringen k\u00f6nnen, in die sie eingebettet sind \u2013 dass also der Versuch, die undurchsichtigen Plattformen der gro\u00dfen Tech-Konzerne verstehen zu wollen, nicht per se zum Scheitern verurteilt ist.<\/li>\n<\/ul>\n<ul>\n<li><a href=\"https:\/\/www.wissenschaftsjahr.de\/2019\/uebergreifende-informationen\/glossar\/index.html\">KI-Glossar, Erkl\u00e4rungen rund um lernende Systeme und KI<\/a>, Wissenschaftsjahr 2019 K\u00fcnstliche Intelligenz<\/li>\n<\/ul>\n<ul>\n<li>Jessica Heesen, \u201e<a href=\"https:\/\/journalistikon.de\/ki\/\">KI<\/a>\u201c, Journalistikon, Das W\u00f6rterbuch der Journalistik<\/li>\n<\/ul>\n<ul>\n<li>Marcus Anh\u00e4user, Wissenschaftskommunikation.de \u201e<a href=\"https:\/\/www.wissenschaftskommunikation.de\/wir-muessen-darueber-reden-wie-wir-ueber-kuenstliche-intelligenz-berichten-71635\/\">Wir m\u00fcssen dar\u00fcber reden, wie wir \u00fcber K\u00fcnstliche Intelligenz berichten.<\/a>\u201c<\/li>\n<\/ul>\n<p>Kennen Sie weitere Beitr\u00e4ge mit Tipps und Kniffen f\u00fcr die KI-Berichterstattung?<\/p>\n<p>[\/et_pb_text][et_pb_button button_url=&#8220;mailto:marcus.anhaeuser@tu-dortmund.de&#8220; url_new_window=&#8220;on&#8220; button_text=&#8220;Lassen Sie es uns wissen!&#8220; admin_label=&#8220;Hinweis-Button&#8220; _builder_version=&#8220;4.25.1&#8243; _module_preset=&#8220;default&#8220; global_colors_info=&#8220;{}&#8220;][\/et_pb_button][et_pb_text admin_label=&#8220;Leitlinien&#8220; module_id=&#8220;leitlinien&#8220; _builder_version=&#8220;4.27.4&#8243; _module_preset=&#8220;default&#8220; hover_enabled=&#8220;0&#8243; global_colors_info=&#8220;{}&#8220; sticky_enabled=&#8220;0&#8243;]<\/p>\n<h3>Leitlinien, Selbstverpflichtungen und Grunds\u00e4tze f\u00fcr die Nutzung in Redaktionen und im Journalismus von Werkzeugen, die auf K\u00fcnstlicher Intelligenz und maschinellem Lernen basieren.<\/h3>\n<p><strong>Theoretische Untersuchungen<\/strong><\/p>\n<ul>\n<li>Kim Bj\u00f6rn Becker: Neues Spiel, neue Regeln. <a href=\"https:\/\/journalistik.online\/ausgabe-2-2023\/neues-spiel-neue-regeln\/\">Eine Untersuchung von redaktionellen Richtlinien f\u00fcr den Umgang mit K\u00fcnstlicher Intelligenz im Newsroom<\/a>. In: Journalistik. Zeitschrift f\u00fcr Journalismusforschung, 2, 2023, 6. Jg., S. 142-163. DOI: 10.1453\/2569-152X-22023-13378-de<\/li>\n<\/ul>\n<ul>\n<li>Michael Gra\u00dfl, Jonas Sch\u00fctzeneder und Klaus Meier, Journalistik, <a href=\"https:\/\/journalistik.online\/ausgaebe-01-2022\/kuenstliche-intelligenz-als-assistenz\/\">K\u00fcnstliche Intelligenz als Assistenz<\/a>, Journalistik. Zeitschrift f\u00fcr Journalismusforschung, 1, 2022, 5. Jg., S. 3-27. DOI: 10.1453\/2569-152X-12022-12021-de<\/li>\n<\/ul>\n<p><strong>Grunds\u00e4tze der Medien<\/strong><\/p>\n<ul>\n<li>ARD, ZDF, Deutschlandradio, Deutsche Welle: <a href=\"https:\/\/www.zdf.de\/unternehmen\/organisation\/technik\/gemeinsamer-ki-kodex-ard-zdf-deutsche-welle-deutschlandradio-100.html\">Gemeinsamer KI-Kodex<\/a><\/li>\n<\/ul>\n<ul>\n<li>Reporter ohne Grenzen: <a href=\"https:\/\/www.reporter-ohne-grenzen.de\/pressemitteilungen\/meldung\/rsf-stellt-charta-zu-ki-und-journalismus-vor\">Paris Charter On Ai And Journalism<\/a> (<a href=\"https:\/\/rsf.org\/sites\/default\/files\/medias\/file\/2023\/11\/Paris%20charter%20on%20AI%20in%20Journalism.pdf\">PDF<\/a>)<\/li>\n<\/ul>\n<ul>\n<li>DJV: <a href=\"https:\/\/www.djv.de\/fileadmin\/user_upload\/INFOS\/Themen\/Medienpolitik\/DJV-Positionspapier_KI_2023-04.pdf\">Positionspapier bez\u00fcglich des Einsatzes K\u00fcnstlicher Intelligenz im Journalismus<\/a><\/li>\n<\/ul>\n<ul>\n<li>Der Spiegel: <a href=\"https:\/\/devspiegel.medium.com\/k\u00fcnstliche-intelligenz-und-der-journalismus-wie-wir-beim-spiegel-dar\u00fcber-denken-c83ee5c68965\">K\u00fcnstliche Intelligenz und der Journalismus: wie wir beim SPIEGEL dar\u00fcber denken<\/a><\/li>\n<\/ul>\n<ul>\n<li>SWR: <a href=\"https:\/\/www.swr.de\/unternehmen\/ki-guidelines-100.pdf\">Publizistische Richtlinien zum Umgang mit \u201cK\u00fcnstlicher Intelligenz\u201d<\/a> (PDF-Direktdownload)<\/li>\n<\/ul>\n<ul>\n<li>APA: <a href=\"https:\/\/apa.at\/wp-content\/uploads\/2023\/07\/Leitlinie-zum-Umgang-mit-kuenstlicher-Intelligent-2023-2.pdf\">Leitlinien zum Umgang mit K\u00fcnstlicher Intelligenz<\/a><\/li>\n<\/ul>\n<ul>\n<li>Haufe: <a href=\"https:\/\/www.haufe.de\/personal\/hr-management\/standards-fuer-den-umgang-mit-kuenstlicher-intelligenz_80_490592.html\">Standards im Umgang mit k\u00fcnstlicher Intelligenz<\/a><\/li>\n<\/ul>\n<ul>\n<li>dpa: <a href=\"https:\/\/innovation.dpa.com\/2023\/04\/03\/kuenstliche-intelligenz-fuenf-guidelines-der-dpa\/\">Offen, verantwortungsvoll und transparent \u2013 Die Guidelines der dpa f\u00fcr K\u00fcnstliche Intelligenz<\/a><\/li>\n<\/ul>\n<ul>\n<li>S\u00fcddeutsche Zeitung, Adrian Kreye: <a href=\"https:\/\/www.sueddeutsche.de\/projekte\/artikel\/kolumne\/kuenstliche-intelligenz-ki-e903507\/\">Wie die SZ k\u00fcnstliche Intelligenz nutzt<\/a><\/li>\n<\/ul>\n<ul>\n<li>Welt: <a href=\"https:\/\/www.welt.de\/services\/kuenstliche-intelligenz\/article247400016\/Kuenstliche-Intelligenz-bei-WELT-Wo-wir-KI-einsetzen-und-wo-nicht.html\">KI bei WELT: Wo wir k\u00fcnstliche Intelligenz einsetzen \u2013 und wo nicht<\/a>, <a href=\"https:\/\/www.welt.de\/services\/kuenstliche-intelligenz\/article247336268\/In-eigener-Sache-Kuenstliche-Intelligenz-bei-WELT-Das-sind-unsere-Richtlinien.html\">Das sind unsere Richtlinien<\/a><\/li>\n<\/ul>\n<ul>\n<li>Deutscher Rat f\u00fcr Public Relation: <a href=\"https:\/\/drpr-online.de\/kodizes\/drpr-richtlinien\/drpr-richtlinie-zum-einsatz-von-ki-in-pr\/\">DRPR-Richtlinie zum Einsatz Von KI in der PR<\/a><\/li>\n<\/ul>\n<p>Haben Sie selbst Leitlinien oder Standards f\u00fcr Ihre Redaktion entwickelt oder kennen weitere Zusammenstellungen f\u00fcr den redaktionellen Umgang mit solchen KI-Tools in Journalismus und PR?<\/p>\n<p>[\/et_pb_text][et_pb_button button_url=&#8220;mailto:marcus.anhaeuser@tu-dortmund.de&#8220; url_new_window=&#8220;on&#8220; button_text=&#8220;Weisen Sie uns darauf hin!&#8220; admin_label=&#8220;Hinweis-Button&#8220; _builder_version=&#8220;4.25.1&#8243; _module_preset=&#8220;default&#8220; global_colors_info=&#8220;{}&#8220;][\/et_pb_button][et_pb_text admin_label=&#8220;Weitere Literatur&#8220; module_id=&#8220;literatur&#8220; _builder_version=&#8220;4.25.1&#8243; _module_preset=&#8220;default&#8220; global_colors_info=&#8220;{}&#8220;]<\/p>\n<h3>Weitere Literatur zum Medien-Doktor-Projekt<\/h3>\n<p>Wormer, H., R\u00f6gener, W. (2022): Qualit\u00e4t im Klimajournalismus &#8211; und was die Journalistenausbildung dazu beitragen kann; in: Klima vor acht e.V. (Hrsg.): <a href=\"https:\/\/www.oekom.de\/buch\/medien-in-der-klima-krise-9783962383855\">Medien in der Klima-Krise, oekom-Verlag<\/a>, M\u00fcnchen, S. 231-246.<\/p>\n<p>Anh\u00e4user, M., Wormer, H., Viciano, A., R\u00f6gener, W. (2020): <a href=\"https:\/\/link.springer.com\/article\/10.1007\/s00103-020-03254-0\">Ein modulares Modell zur Qualit\u00e4tssicherung im Medizin- und Ern\u00e4hrungsjournalismus.<\/a> Bundesgesundheitsblatt &#8211; Gesundheitsforschung &#8211; Gesundheitsschutz. Springer Nature: Heidelberg.<\/p>\n<p>Wormer, H., R\u00f6gener, W. (2020): <a href=\"https:\/\/doi.org\/10.5771\/1615-634X-2020-4-447\">Gute Umweltkommunikation aus B\u00fcrgersicht. Ein Citizen-Science-Ansatz in der Rezipierendenforschung zur Entwicklung von Qualit\u00e4tskriterien.<\/a> M&amp;K Medien &amp; Kommunikationswissenschaften 2020 (4). NOMOS: Baden-Baden.<\/p>\n<p>R\u00f6gener, W., Wormer, H. (2015): &#8222;<a href=\"https:\/\/journals.sagepub.com\/doi\/10.1177\/0963662515597195\">Defining criteria for good environmental journalism and testing their applicability: An environmental news review as a first step to more evidence based environmental science reporting<\/a>&#8220; In: Public Understanding of Science 1\/16.<\/p>\n<p>Wormer, H., Anh\u00e4user, M. (2014): \u201e<a href=\"http:\/\/www.springerprofessional.de\/002---gute-besserung--und-wie-man-diese-erreichen-koennte-erfahrungen-aus-drei-jahren-qualitaetsmonitoring-medizinjournalismus-auf-medien-doktorde-und-konsequenzen-fuer-die-journalistische-praxis--\/5193806.html\">Gute Besserung!\u201c \u2013 und wie man diese erreichen k\u00f6nnte. Erfahrungen aus drei Jahren Qualit\u00e4tsmonitoring Medizinjournalismus auf medien-doktor.de und Konsequenzen f\u00fcr die journalistische Praxis, Ausbildung sowie Wissenschafts-PR<\/a><strong>.\u201c<\/strong> <em>aus: Lilienthal, Reineck, Schnedler: \u201e<a href=\"http:\/\/www.springerprofessional.de\/978-3-658-02427-7---qualitaet-im-gesundheitsjournalismus\/5193768.html\">Qualit\u00e4t im Gesundheitsjournalismus \/\u00a0Perspektiven aus Wissenschaft und Praxis<\/a>&#8222;, Springer Fachmedien Wiesbaden, 412 Seiten, ISBN: 978-3-658-02427-7<\/em><\/p>\n<p>Anh\u00e4user, M., Wormer, H. (2012): \u201e<a href=\"https:\/\/www.semanticscholar.org\/paper\/Defining-criteria-for-good-environmental-journalism-R\u00f6gener-Wormer\/f97a7be28f20954966549b2822cd0dab010be5fc\">A question of quality: Criteria for the evaluation of science and medical reporting and testing their applicability<\/a>\u201c Konferenzbeitrag \u00fcber erste Ergebnisse des Medien-Doktor Projektes. <em>Aus:\u00a0Quality, Honesty and Beauty in Science and Technology Communication. PCST 2012 Book of Papers.<\/em><\/p>\n<p>Wormer, H. (2011): <a href=\"https:\/\/web.archive.org\/web\/20190214072655\/http:\/\/www.medien-doktor.de\/wp-content\/uploads\/sites\/3\/2010\/11\/Wormer-11-Improving-Health-Care-Journalism.pdf\">\u201e<\/a>Improving Health Care Journalism\u201c\u00a0Ein besserer Medizinjournalismus? \u2013 Erste \u00dcberlegungen zu einem deutschen Medien-Doktor. <em>aus: G. Gigerenzer, J.A.M. Gray: <\/em><em>\u201e<a href=\"http:\/\/mitpress.mit.edu\/books\/better-doctors-better-patients-better-decisions\">Better Doctors, Better Patients, Better Decisions: Envisioning Health Care 2020<\/a>\u201c<\/em><em>.\u00a0<\/em><a href=\"http:\/\/www.esforum.de\/\" target=\"_blank\" rel=\"noopener\"><em>Str\u00fcngmann Forum Report<\/em><\/a><em>, Bd. 6, MIT Press.<\/em><\/p>\n<p>[\/et_pb_text][\/et_pb_column][et_pb_column type=&#8220;1_3&#8243; _builder_version=&#8220;4.24.3&#8243; _module_preset=&#8220;default&#8220; background_color=&#8220;#FFFFFF&#8220; custom_padding=&#8220;20px|20px|20px|20px|false|false&#8220; global_colors_info=&#8220;{}&#8220;][et_pb_text admin_label=&#8220;Text&#8220; _builder_version=&#8220;4.25.0&#8243; _module_preset=&#8220;default&#8220; global_colors_info=&#8220;{}&#8220;]<\/p>\n<h3>Grundbegriffe vertrauensw\u00fcrdiger KI<\/h3>\n<p>In einer Videoreihe erkl\u00e4ren Forschende der TU Dortmund Grundbegriffe f\u00fcr eine vertrauensw\u00fcrdige KI. <a href=\"https:\/\/www.tu-dortmund.de\/vertrauen-in-kuenstliche-intelligenz\/\">Hier geht es zur vollst\u00e4ndigen Videosammlung.<\/a><\/p>\n<p><iframe loading=\"lazy\" title=\"Warum sind Garantien wichtig in der KI?\" width=\"1080\" height=\"608\" src=\"https:\/\/www.youtube.com\/embed\/hjIhnTyoMUY?feature=oembed\"  allow=\"accelerometer; autoplay; clipboard-write; encrypted-media; gyroscope; picture-in-picture; web-share\" referrerpolicy=\"strict-origin-when-cross-origin\" allowfullscreen><\/iframe><\/p>\n<p><iframe loading=\"lazy\" title=\"Warum ist Transparenz wichtig?\" width=\"1080\" height=\"608\" src=\"https:\/\/www.youtube.com\/embed\/Z5OHtZ5FW_I?feature=oembed\"  allow=\"accelerometer; autoplay; clipboard-write; encrypted-media; gyroscope; picture-in-picture; web-share\" referrerpolicy=\"strict-origin-when-cross-origin\" allowfullscreen><\/iframe><\/p>\n<p><iframe loading=\"lazy\" title=\"Warum ist Verl\u00e4sslichkeit wichtig in der KI?\" width=\"1080\" height=\"608\" src=\"https:\/\/www.youtube.com\/embed\/wsGtlkTNYIE?feature=oembed\"  allow=\"accelerometer; autoplay; clipboard-write; encrypted-media; gyroscope; picture-in-picture; web-share\" referrerpolicy=\"strict-origin-when-cross-origin\" allowfullscreen><\/iframe><\/p>\n<p><iframe loading=\"lazy\" title=\"Welche Rolle spielt Unsicherheit in der KI?\" width=\"1080\" height=\"608\" src=\"https:\/\/www.youtube.com\/embed\/mlGztpNeWEQ?feature=oembed\"  allow=\"accelerometer; autoplay; clipboard-write; encrypted-media; gyroscope; picture-in-picture; web-share\" referrerpolicy=\"strict-origin-when-cross-origin\" allowfullscreen><\/iframe><\/p>\n<p>[\/et_pb_text][\/et_pb_column][\/et_pb_row][\/et_pb_section]<\/p>\n","protected":false},"excerpt":{"rendered":"<p>Auf dieser Seite stellen wir im ersten Abschnitt Links zu Artikeln und Webseiten bereit, die Medienschaffenden im Journalismus und PR helfen k\u00f6nnen, fundierter \u00fcber KI-Anwendungen zu berichten. Die Artikel haben wir im Rahmen einer systematischen Suche in Fachzeitschriften und auf Webseiten zusammengetragen.<\/p>\n","protected":false},"author":2,"featured_media":0,"parent":0,"menu_order":0,"comment_status":"closed","ping_status":"closed","template":"","meta":{"_acf_changed":false,"_et_pb_use_builder":"on","_et_pb_old_content":"","_et_gb_content_width":"","footnotes":""},"class_list":["post-3178","page","type-page","status-publish","hentry"],"acf":[],"_links":{"self":[{"href":"https:\/\/medien-doktor.de\/ki\/wp-json\/wp\/v2\/pages\/3178","targetHints":{"allow":["GET"]}}],"collection":[{"href":"https:\/\/medien-doktor.de\/ki\/wp-json\/wp\/v2\/pages"}],"about":[{"href":"https:\/\/medien-doktor.de\/ki\/wp-json\/wp\/v2\/types\/page"}],"author":[{"embeddable":true,"href":"https:\/\/medien-doktor.de\/ki\/wp-json\/wp\/v2\/users\/2"}],"replies":[{"embeddable":true,"href":"https:\/\/medien-doktor.de\/ki\/wp-json\/wp\/v2\/comments?post=3178"}],"version-history":[{"count":52,"href":"https:\/\/medien-doktor.de\/ki\/wp-json\/wp\/v2\/pages\/3178\/revisions"}],"predecessor-version":[{"id":3420,"href":"https:\/\/medien-doktor.de\/ki\/wp-json\/wp\/v2\/pages\/3178\/revisions\/3420"}],"wp:attachment":[{"href":"https:\/\/medien-doktor.de\/ki\/wp-json\/wp\/v2\/media?parent=3178"}],"curies":[{"name":"wp","href":"https:\/\/api.w.org\/{rel}","templated":true}]}}