{"id":3175,"date":"2024-04-17T19:13:22","date_gmt":"2024-04-17T17:13:22","guid":{"rendered":"https:\/\/medien-doktor.de\/ki\/?page_id=3175"},"modified":"2024-05-29T10:24:10","modified_gmt":"2024-05-29T08:24:10","slug":"das-projekt","status":"publish","type":"page","link":"https:\/\/medien-doktor.de\/ki\/das-projekt\/","title":{"rendered":"Das Projekt"},"content":{"rendered":"<p>[et_pb_section fb_built=&#8220;1&#8243; _builder_version=&#8220;4.16&#8243; _module_preset=&#8220;default&#8220; custom_padding=&#8220;10px|||||&#8220; da_disable_devices=&#8220;off|off|off&#8220; locked=&#8220;off&#8220; global_colors_info=&#8220;{}&#8220; da_is_popup=&#8220;off&#8220; da_exit_intent=&#8220;off&#8220; da_has_close=&#8220;on&#8220; da_alt_close=&#8220;off&#8220; da_dark_close=&#8220;off&#8220; da_not_modal=&#8220;on&#8220; da_is_singular=&#8220;off&#8220; da_with_loader=&#8220;off&#8220; da_has_shadow=&#8220;on&#8220;][et_pb_row column_structure=&#8220;2_3,1_3&#8243; _builder_version=&#8220;4.24.3&#8243; _module_preset=&#8220;default&#8220; global_colors_info=&#8220;{}&#8220;][et_pb_column type=&#8220;2_3&#8243; _builder_version=&#8220;4.16&#8243; _module_preset=&#8220;default&#8220; global_colors_info=&#8220;{}&#8220;][et_pb_text admin_label=&#8220;\u00dcberschrift &#8220; _builder_version=&#8220;4.24.3&#8243; _module_preset=&#8220;default&#8220; global_colors_info=&#8220;{}&#8220;]<\/p>\n<h1>Der Medien-Doktor KI<\/h1>\n<p>[\/et_pb_text][et_pb_text admin_label=&#8220;Text Projekt&#8220; module_id=&#8220;projekt&#8220; _builder_version=&#8220;4.25.1&#8243; _module_preset=&#8220;default&#8220; hover_enabled=&#8220;0&#8243; global_colors_info=&#8220;{}&#8220; sticky_enabled=&#8220;0&#8243;]<\/p>\n<h3>Wie man besser \u00fcber Anwendungen K\u00fcnstlicher Intelligenz berichtet: Wir entwickeln einen Medien-Doktor KI.<\/h3>\n<p>Ausgel\u00f6st durch die Ver\u00f6ffentlichung einer neuen Generation von KI-Text und -Bild-Generatoren wie ChatGPT, DALL-E und Midjourney haben K\u00fcnstliche Intelligenz und Maschinelles Lernen seit Ende 2022 einen kometenhaften Aufstieg in der medialen Wahrnehmung erlebt. KI-Anwendungen, Dienstleistungen und Produkte gelangten ins Bewusstsein einer breiten \u00d6ffentlichkeit. Der Boom in der Berichterstattung \u00fcber diese Entwicklung wurde begleitet von Diskussionen dar\u00fcber, wie KI-Anwendungen in Journalismus und Kommunikation eingesetzt werden k\u00f6nnen und sollten. Medienschaffende haben darauf mit der Ver\u00f6ffentlichung von Richtlinien zum redaktionellen Einsatz von KI-Werkzeugen reagiert, darunter <em>Reporter ohne Grenzen<\/em>, die <em>Deutsche Presse-Agentur<\/em> <em>(dpa)<\/em> und <em>Der Spiegel<\/em>.<\/p>\n<p>Was bisher weitgehend fehlt, ist jedoch eine ebenso grundlegende Debatte dar\u00fcber, wie Journalisten und Kommunikatorinnen kritisch \u00fcber Themen und Anwendungen der K\u00fcnstlichen Intelligenz berichten sollten \u2013 und welche Kriterien die Qualit\u00e4t einer guten KI-Berichterstattung ausmachen.<\/p>\n<p>Dazu wollen wir mit diesem Projekt unter Leitung des Lehrstuhls Wissenschaftsjournalismus und in Kooperation mit dem Referat Hochschulkommunikation sowie Expertinnen und Experten im Bereich KI an der TU Dortmund durch die Entwicklung von praxisnahen Qualit\u00e4tskriterien beitragen. Diese sollen Journalisten wie Kommunikatorinnen vermitteln, auf was es in der Berichterstattung \u00fcber Anwendungen, Dienstleistungen und Produkten ankommt, die auf K\u00fcnstlicher Intelligenz und Maschinellem Lernen basieren.<\/p>\n<p>Zwar gibt es vereinzelt erste Empfehlungen f\u00fcr eine Berichterstattung \u00fcber KI-Themen, doch richten sich diese meist an Fach-Autorinnen und -Autoren, die sich intensiv mit KI-Themen besch\u00e4ftigen. Nicht-spezialisierten Journalisten und Kommunikatorinnen wurde bisher wenig Aufmerksamkeit geschenkt.<\/p>\n<p>Dies erscheint indes umso dringender, da KI-Anwendungen in unterschiedlichste Bereiche des Lebens und der Gesellschaft vordringen: Medizin, Wirtschaft, Soziales, Politik, Sport etc. Journalistinnen und -journalisten, die in ihren jeweiligen Ressorts zu solchen Applikationen recherchieren wollen, verf\u00fcgen aber kaum \u00fcber das R\u00fcstzeug eines spezialisierten Technikredakteurs bzw. einer -redakteurin, um beispielsweise \u00fcber eine neue KI-Anwendung zu berichten,<\/p>\n<ul>\n<li>die Tumore besser erkennen soll als erfahrene Mediziner.<\/li>\n<li>die bei der Personalauswahl eines Unternehmens helfen soll.<\/li>\n<li>die Flugzeugkollisionen verhindern soll.<\/li>\n<li>die die Suche nach vermissten Personen unterst\u00fctzt.<\/li>\n<li>die nachtr\u00e4glich den Ort eines Fotos bestimmen kann.<\/li>\n<\/ul>\n<p>Die Medien-Doktor KI-Kriterienliste soll bei all diesen Anwendungen helfen, m\u00f6glichst die wichtigsten Aspekte zu recherchieren und die richtigen Fragen zu stellen.<\/p>\n<h3>Die richtigen Fragen f\u00fcr die Recherche<\/h3>\n<p>Aufbauend auf weithin akzeptierten allgemeinen Qualit\u00e4tskriterien f\u00fcr den Journalismus haben wir seit 2010 im Medien-Doktor-Projekt themenspezifische Qualit\u00e4tskriterien f\u00fcr verschiedene Bereiche des Wissenschaftsjournalismus entwickelt, die in weiten Teilen z. B. auch f\u00fcr Wissenschaftspressemitteilungen anwendbar sind. Sie zeichnen sich durch eine Modularisierung in allgemeinjournalistische, allgemein-wissenschaftsjournalistische und themenspezifische journalistische Aspekte aus.<\/p>\n<p>Solche Kriterienkataloge dienen als Praxishilfe und liefern Journalisten und Kommunikatorinnen spezifische Fragen f\u00fcr die Recherche und kritische Berichterstattung im journalistischen Arbeitsalltag zu bestimmten Themenbereichen, so wie wir es bereits in unseren Medien-Doktor-Projekten zur <a href=\"https:\/\/medien-doktor.de\/gesundheit\/\">Gesundheits-<\/a>, <a href=\"https:\/\/medien-doktor.de\/ernaehrung\/\">Ern\u00e4hrungs-<\/a>, und <a href=\"https:\/\/medien-doktor.de\/umwelt\/\">Umweltberichterstattung<\/a> gezeigt haben.<\/p>\n<h3>Die Qualit\u00e4t von KI-Berichterstattung f\u00f6rdern<\/h3>\n<p>Wie zuvor schon die Kriterienkataloge f\u00fcr die Bereiche <a href=\"https:\/\/medien-doktor.de\/gesundheit\/die-kriterien\/\">Gesundheit<\/a>, <a href=\"https:\/\/medien-doktor.de\/umwelt\/die-kriterien\">Umwelt<\/a> und <a href=\"https:\/\/medien-doktor.de\/ernaehrung\/die-kriterien\">Ern\u00e4hrung<\/a> sollen unsere Kriterien auch dazu beitragen, die journalistische Qualit\u00e4t der KI-Berichterstattung zu ermitteln und eine konstruktive Medienbeobachtung zu betreiben.<\/p>\n<p>Die Kriterien-Entwicklung folgt dabei dem Muster bisheriger Medien-Doktor-Projekte: Ausgehend von einer umfassenden Literaturrecherche nach etablierten systematischen Ans\u00e4tzen zur Entwicklung von Qualit\u00e4tskriterien f\u00fcr die Berichterstattung \u00fcber KI-Themen, erarbeiten wir sowohl mit Journalismus-Studierenden wie auch KI-Forschenden und mit auf KI-Themen spezialisierten Journalistinnen und Journalisten eine Kriterienliste.<\/p>\n<p>Die Ergebnisse der Seminare und Expertenbefragungen werden schlie\u00dflich zu einem Kriterienkatalog zusammengef\u00fchrt, den wir hier auf den Seiten des Medien-Doktor KI der \u00d6ffentlichkeit pr\u00e4sentieren wollen, um weiteres Feedback einzuholen.<\/p>\n<p>Erg\u00e4nzend bieten wir <a href=\"https:\/\/medien-doktor.de\/ki\/tools\/\">auf unserer Tools-Seite<\/a> hilfreiche Links zu weiterf\u00fchrenden Webseiten und Artikeln zur Berichterstattung \u00fcber KI-Themen. Diese erg\u00e4nzen wir durch eine Liste aktueller Leitlinien und Empfehlungen von Redaktionen, Medienh\u00e4usern und Organisationen zum Einsatz und Umgang mit KI-Tools im redaktionellen Umfeld und der journalistischen Arbeit.<\/p>\n<p>[\/et_pb_text][\/et_pb_column][et_pb_column type=&#8220;1_3&#8243; _builder_version=&#8220;4.24.3&#8243; _module_preset=&#8220;default&#8220; background_enable_color=&#8220;off&#8220; custom_padding=&#8220;20px|20px|20px|20px|false|false&#8220; global_colors_info=&#8220;{}&#8220;][\/et_pb_column][\/et_pb_row][\/et_pb_section]<\/p>\n","protected":false},"excerpt":{"rendered":"<p>Der Medien-Doktor KIWie man besser \u00fcber Anwendungen K\u00fcnstlicher Intelligenz berichtet: Wir entwickeln einen Medien-Doktor KI. Ausgel\u00f6st durch die Ver\u00f6ffentlichung einer neuen Generation von KI-Text und -Bild-Generatoren wie ChatGPT, DALL-E und Midjourney haben K\u00fcnstliche Intelligenz und Maschinelles Lernen seit Ende 2022 einen kometenhaften Aufstieg in der medialen Wahrnehmung erlebt. KI-Anwendungen, Dienstleistungen und Produkte gelangten ins Bewusstsein [&hellip;]<\/p>\n","protected":false},"author":2,"featured_media":0,"parent":0,"menu_order":0,"comment_status":"closed","ping_status":"closed","template":"","meta":{"_acf_changed":false,"_et_pb_use_builder":"on","_et_pb_old_content":"","_et_gb_content_width":"","footnotes":""},"class_list":["post-3175","page","type-page","status-publish","hentry"],"acf":[],"_links":{"self":[{"href":"https:\/\/medien-doktor.de\/ki\/wp-json\/wp\/v2\/pages\/3175","targetHints":{"allow":["GET"]}}],"collection":[{"href":"https:\/\/medien-doktor.de\/ki\/wp-json\/wp\/v2\/pages"}],"about":[{"href":"https:\/\/medien-doktor.de\/ki\/wp-json\/wp\/v2\/types\/page"}],"author":[{"embeddable":true,"href":"https:\/\/medien-doktor.de\/ki\/wp-json\/wp\/v2\/users\/2"}],"replies":[{"embeddable":true,"href":"https:\/\/medien-doktor.de\/ki\/wp-json\/wp\/v2\/comments?post=3175"}],"version-history":[{"count":14,"href":"https:\/\/medien-doktor.de\/ki\/wp-json\/wp\/v2\/pages\/3175\/revisions"}],"predecessor-version":[{"id":3338,"href":"https:\/\/medien-doktor.de\/ki\/wp-json\/wp\/v2\/pages\/3175\/revisions\/3338"}],"wp:attachment":[{"href":"https:\/\/medien-doktor.de\/ki\/wp-json\/wp\/v2\/media?parent=3175"}],"curies":[{"name":"wp","href":"https:\/\/api.w.org\/{rel}","templated":true}]}}