{"id":31,"date":"2021-05-30T11:38:37","date_gmt":"2021-05-30T09:38:37","guid":{"rendered":"https:\/\/medien-doktor.de\/ki\/?page_id=31"},"modified":"2026-03-18T19:03:25","modified_gmt":"2026-03-18T18:03:25","slug":"home","status":"publish","type":"page","link":"https:\/\/medien-doktor.de\/ki\/","title":{"rendered":"Home"},"content":{"rendered":"<p>[et_pb_section fb_built=&#8220;1&#8243; _builder_version=&#8220;4.16&#8243; _module_preset=&#8220;default&#8220; custom_padding=&#8220;10px|||||&#8220; global_colors_info=&#8220;{}&#8220;][et_pb_row _builder_version=&#8220;4.16.1&#8243; _module_preset=&#8220;default&#8220; global_colors_info=&#8220;{}&#8220;][et_pb_column type=&#8220;4_4&#8243; _builder_version=&#8220;4.16&#8243; _module_preset=&#8220;default&#8220; global_colors_info=&#8220;{}&#8220;][et_pb_slider _builder_version=&#8220;4.25.0&#8243; _module_preset=&#8220;default&#8220; height=&#8220;350px&#8220; global_colors_info=&#8220;{}&#8220;][et_pb_slide heading=&#8220;Medien-Doktor &#8220; _builder_version=&#8220;4.25.0&#8243; _module_preset=&#8220;default&#8220; header_text_align=&#8220;right&#8220; header_text_color=&#8220;#F6F6F6&#8243; body_text_align=&#8220;right&#8220; body_text_color=&#8220;#FFFFFF&#8220; background_image=&#8220;https:\/\/medien-doktor.de\/ki\/wp-content\/uploads\/sites\/8\/2024\/04\/Header-Vorlage-warm_Zuschnitt_1-scaled.jpg&#8220; background_enable_image=&#8220;on&#8220; global_colors_info=&#8220;{}&#8220; sticky_transition=&#8220;on&#8220;]<\/p>\n<h1>K\u00dcNSTLICHE INTELLIGENZ<\/h1>\n<p>[\/et_pb_slide][\/et_pb_slider][\/et_pb_column][\/et_pb_row][\/et_pb_section][et_pb_section fb_built=&#8220;1&#8243; _builder_version=&#8220;4.16&#8243; _module_preset=&#8220;default&#8220; custom_padding=&#8220;10px|||||&#8220; global_colors_info=&#8220;{}&#8220;][et_pb_row column_structure=&#8220;2_3,1_3&#8243; _builder_version=&#8220;4.16&#8243; _module_preset=&#8220;default&#8220; global_colors_info=&#8220;{}&#8220;][et_pb_column type=&#8220;2_3&#8243; _builder_version=&#8220;4.16&#8243; _module_preset=&#8220;default&#8220; global_colors_info=&#8220;{}&#8220;][et_pb_de_mach_archive_loop loop_layout=&#8220;146&#8243; posts_number=&#8220;5&#8243; order_asc_desc=&#8220;DESC&#8220; columns=&#8220;1&#8243; columns_tablet=&#8220;1&#8243; disabled_on=&#8220;on|on|on&#8220; _builder_version=&#8220;4.24.3&#8243; _module_preset=&#8220;default&#8220; disabled=&#8220;on&#8220; global_colors_info=&#8220;{}&#8220;][\/et_pb_de_mach_archive_loop][et_pb_button button_url=&#8220;\/citizen\/bewertungen&#8220; button_text=&#8220;Alle bewerteten Beitr\u00e4ge&#8220; disabled_on=&#8220;on|on|on&#8220; admin_label=&#8220;Button&#8220; _builder_version=&#8220;4.27.4&#8243; _module_preset=&#8220;default&#8220; disabled=&#8220;on&#8220; global_colors_info=&#8220;{}&#8220;][\/et_pb_button][et_pb_text admin_label=&#8220;Text&#8220; _builder_version=&#8220;4.27.4&#8243; _module_preset=&#8220;default&#8220; global_colors_info=&#8220;{}&#8220;]<\/p>\n<h1>Der Medien-Doktor KI<\/h1>\n<p style=\"font-weight: 400;\">Seit dem Erfolg generativer KI wie ChatGPT und Midjourney ab Ende 2022 ist klar, dass K\u00fcnstliche Intelligenz (KI) und Maschinelles Lernen (ML) einen tiefgreifenden Wandel f\u00fcr die Gesellschaft bringen werden. Auch Medienschaffende diskutieren seitdem intensiv dar\u00fcber, wie KI-Systeme ihren Berufsstand ver\u00e4ndern werden.<\/p>\n<p style=\"font-weight: 400;\">W\u00e4hrend Redaktionen sich vielfach Gedanken dar\u00fcber machen, welche KI-Tools sie selbst im Alltag <em>einsetzen<\/em> k\u00f6nnen, wird kaum dar\u00fcber diskutiert, wie Journalistinnen und Journalisten \u00fcber KI-Anwendungen <em>berichten<\/em> sollten.<\/p>\n<p style=\"font-weight: 400;\">Daher wollen wir mit dem hier neu vorgestellten Projekt &#8222;Medien-Doktor KI&#8220; Qualit\u00e4tskriterien f\u00fcr eine bessere KI-Berichterstattung entwickeln. Diese sollen es auch auf diesem Feld eher unerfahrenen Journalisten und Kommunikatorinnen erm\u00f6glichen, kritisch und angemessen \u00fcber KI-Anwendungen und KI-Produkte zu berichten.<\/p>\n<p>[\/et_pb_text][et_pb_button button_url=&#8220;https:\/\/medien-doktor.de\/ki\/die-kriterien&#8220; url_new_window=&#8220;on&#8220; button_text=&#8220;Die Kriterien&#8220; _builder_version=&#8220;4.27.6&#8243; _module_preset=&#8220;default&#8220; global_colors_info=&#8220;{}&#8220;][\/et_pb_button][et_pb_button button_url=&#8220;https:\/\/medien-doktor.de\/ki\/das-projekt\/&#8220; url_new_window=&#8220;on&#8220; button_text=&#8220;Zur Projektbeschreibung&#8220; _builder_version=&#8220;4.25.0&#8243; _module_preset=&#8220;default&#8220; global_colors_info=&#8220;{}&#8220;][\/et_pb_button][et_pb_button button_url=&#8220;https:\/\/medien-doktor.de\/ki\/tools\/&#8220; url_new_window=&#8220;on&#8220; button_text=&#8220;Zu den Tools f\u00fcr KI-Journalismus&#8220; _builder_version=&#8220;4.25.0&#8243; _module_preset=&#8220;default&#8220; global_colors_info=&#8220;{}&#8220;][\/et_pb_button][et_pb_text admin_label=&#8220;Text&#8220; _builder_version=&#8220;4.27.6&#8243; _module_preset=&#8220;default&#8220; hover_enabled=&#8220;0&#8243; global_colors_info=&#8220;{}&#8220; sticky_enabled=&#8220;0&#8243;]<\/p>\n<h2>Aktuell:<\/h2>\n<p><strong>13.3.2026<\/strong><\/p>\n<p>Beim <strong>idw-Preis<\/strong> f\u00fcr die besten Pressemitteilungen des Jahres belegt das <em>Referat Hochschulkommunikation<\/em> unter Mitarbeit des <em>Medien-Doktor KI<\/em> mit einer Pressemitteilung zum Thema K\u00fcnstliche Intelligenz den <strong>2. Platz<\/strong>.<\/p>\n<ul>\n<li><a href=\"https:\/\/idw-online.de\/de\/news867475\">hier geht es zur Pressemitteilung des idw<\/a><\/li>\n<li><a href=\"https:\/\/www.tu-dortmund.de\/detail\/ausgezeichnete-wissenschaftskommunikation-61423\/\">hier findet sich die Mitteilung des Referats auf den Seite der TU Dortmund<\/a><\/li>\n<li><a href=\"https:\/\/nachrichten.idw-online.de\/2025\/02\/18\/vor-der-bundestagswahl-2025-team-der-tu-dortmund-ermittelt-fehleranfaelligkeit-von-ki-wahlhilfen\">hier findet sich die ausgezeichnete Pressemitteilung<\/a><\/li>\n<\/ul>\n<p>In der Laudatio von NDR-Journalistin \u00a0Korinna Hennig (u.a. <em>Coronavirus-Update Podcast<\/em>) hei\u00dft es:<\/p>\n<blockquote>\n<p>\u201e<em>Innerhalb der ersten S\u00e4tze Aufmerksamkeit wecken und den Fokus auf die Relevanz der Forschungsarbeit lenken: Das gelingt hier au\u00dferordentlich gut. Vorbildlich gel\u00f6st ist der Textaufbau. Hintergrundinformationen zur Funktionsweise der Tools kommen rechtzeitig, die Kernerkenntnis ist pr\u00e4gnant formuliert und anschauliche Details gut dosiert. Besonders gefallen hat mir handwerklich die Sprache: verst\u00e4ndlich, ohne dabei an Niveau einzub\u00fc\u00dfen. Hervorzuheben ist au\u00dferdem der Anhang mit vertiefenden Beispielen \u2013 besonders wertvoll f\u00fcr die journalistische Verwertung der Pressemitteilung. Und: Die gesellschaftliche Bedeutung der Forschungsarbeit wird auf bemerkenswerte Weise greifbar, indem auf die vorgezogene Ver\u00f6ffentlichung der Grunderkenntnis im Angesicht der Bundestagswahl hingewiesen wird.<\/em>\u201c<\/p>\n<\/blockquote>\n<hr \/>\n<p><strong>5.9.2025<\/strong><\/p>\n<p>F\u00fcr die Konferenz <a href=\"https:\/\/netzwerkrecherche.org\/wir-vernetzen\/scicar\/\">SciCar 2025<\/a> in Dortmund haben wir eine Handreichung f\u00fcr Journalistinnen und Journalisten auf der Grundlage unseres Kriterienkatalogs entwickelt, um besser \u00fcber Produkte, Verfahren und Anwendungen zu berichten, die auf KI-Systemen basieren.<\/p>\n<p>Die vierseitige Recherchehilfe kann als PDF \u00fcber den Button heruntergeladen werden. Eine zweiseitige Version ohne Hintergrundinformationen und Literaturverweise ist \u00fcber den zweiten Button verf\u00fcgbar.<\/p>\n<p>[\/et_pb_text][et_pb_button button_url=&#8220;https:\/\/medien-doktor.de\/ki\/wp-content\/uploads\/sites\/8\/2025\/09\/Handreichung-Medien-Doktor-KI.pdf&#8220; button_text=&#8220;Handreichung: Besser \u00fcber K\u00fcnstliche Intelligenz berichten (PDF)&#8220; button_alignment=&#8220;center&#8220; _builder_version=&#8220;4.27.4&#8243; _module_preset=&#8220;default&#8220; custom_button=&#8220;on&#8220; button_text_color=&#8220;#FFFFFF&#8220; button_bg_color=&#8220;#E09900&#8243; background_layout=&#8220;dark&#8220; global_colors_info=&#8220;{}&#8220;][\/et_pb_button][et_pb_button button_url=&#8220;https:\/\/medien-doktor.de\/ki\/wp-content\/uploads\/sites\/8\/2025\/09\/Handreichung-Medien-Doktor-KI-kurz.pdf&#8220; button_text=&#8220;Besser \u00fcber K\u00fcnstliche Intelligenz berichten (PDF) Kurzform&#8220; button_alignment=&#8220;center&#8220; _builder_version=&#8220;4.27.4&#8243; _module_preset=&#8220;default&#8220; custom_button=&#8220;on&#8220; button_text_color=&#8220;#FFFFFF&#8220; button_bg_color=&#8220;#E09900&#8243; background_layout=&#8220;dark&#8220; global_colors_info=&#8220;{}&#8220;][\/et_pb_button][\/et_pb_column][et_pb_column type=&#8220;1_3&#8243; _builder_version=&#8220;4.16&#8243; _module_preset=&#8220;default&#8220; background_color=&#8220;#F6F6F6&#8243; custom_padding=&#8220;20px|20px|20px|20px|false|false&#8220; global_colors_info=&#8220;{}&#8220;][et_pb_text admin_label=&#8220;Was ist das Projekt KI&#8220; _builder_version=&#8220;4.25.1&#8243; _module_preset=&#8220;default&#8220; text_text_color=&#8220;#000000&#8243; text_font_size=&#8220;14px&#8220; header_2_text_color=&#8220;#444444&#8243; global_colors_info=&#8220;{}&#8220;]<\/p>\n<h3>Was macht der<br \/>Medien-Doktor KI?<\/h3>\n<p>Der Medien-Doktor KI entwickelt praxisnahe Qualit\u00e4tskriterien f\u00fcr die KI-Berichterstattung. Diese Kriterien vermitteln Journalisten wie Kommunikatorinnen, auf was es ankommt in der Berichterstattung \u00fcber Anwendungen, Verfahren und Produkte, die auf K\u00fcnstlicher Intelligenz und Maschinellem Lernen basieren. Dar\u00fcber hinaus geben wir einen \u00dcberblick \u00fcber aktuelle Literatur und hilfreiche Tools f\u00fcr die journalistische Praxis zum Thema.<\/p>\n<p>[\/et_pb_text][et_pb_button button_url=&#8220;\/ki\/das-projekt\/&#8220; button_text=&#8220;Mehr Infos&#8220; _builder_version=&#8220;4.24.3&#8243; _module_preset=&#8220;default&#8220; global_colors_info=&#8220;{}&#8220;][\/et_pb_button][\/et_pb_column][\/et_pb_row][\/et_pb_section]<\/p>\n","protected":false},"excerpt":{"rendered":"<p>Der Medien-Doktor KI entwickelt praxisnahe Qualit\u00e4tskriterien, die Journalisten wie Kommunikatorinnen vermitteln, auf was es in der Berichterstattung \u00fcber Anwendungen und Verfahren, die auf K\u00fcnstlicher Intelligenz und Maschinellem Lernen basieren, ankommt.<\/p>\n","protected":false},"author":2,"featured_media":0,"parent":0,"menu_order":0,"comment_status":"closed","ping_status":"closed","template":"","meta":{"_acf_changed":false,"_et_pb_use_builder":"on","_et_pb_old_content":"","_et_gb_content_width":"","footnotes":""},"class_list":["post-31","page","type-page","status-publish","hentry"],"acf":[],"_links":{"self":[{"href":"https:\/\/medien-doktor.de\/ki\/wp-json\/wp\/v2\/pages\/31","targetHints":{"allow":["GET"]}}],"collection":[{"href":"https:\/\/medien-doktor.de\/ki\/wp-json\/wp\/v2\/pages"}],"about":[{"href":"https:\/\/medien-doktor.de\/ki\/wp-json\/wp\/v2\/types\/page"}],"author":[{"embeddable":true,"href":"https:\/\/medien-doktor.de\/ki\/wp-json\/wp\/v2\/users\/2"}],"replies":[{"embeddable":true,"href":"https:\/\/medien-doktor.de\/ki\/wp-json\/wp\/v2\/comments?post=31"}],"version-history":[{"count":97,"href":"https:\/\/medien-doktor.de\/ki\/wp-json\/wp\/v2\/pages\/31\/revisions"}],"predecessor-version":[{"id":3494,"href":"https:\/\/medien-doktor.de\/ki\/wp-json\/wp\/v2\/pages\/31\/revisions\/3494"}],"wp:attachment":[{"href":"https:\/\/medien-doktor.de\/ki\/wp-json\/wp\/v2\/media?parent=31"}],"curies":[{"name":"wp","href":"https:\/\/api.w.org\/{rel}","templated":true}]}}