{"id":443,"date":"2021-07-05T12:47:50","date_gmt":"2021-07-05T10:47:50","guid":{"rendered":"https:\/\/medien-doktor.de\/gesundheit\/?page_id=443"},"modified":"2021-11-17T14:09:39","modified_gmt":"2021-11-17T13:09:39","slug":"das-sterne-system","status":"publish","type":"page","link":"https:\/\/medien-doktor.de\/gesundheit\/das-sterne-system\/","title":{"rendered":"Das Sterne-System"},"content":{"rendered":"<p>[et_pb_section fb_built=&#8220;1&#8243; _builder_version=&#8220;4.9.4&#8243; _module_preset=&#8220;default&#8220; custom_padding=&#8220;10px|||||&#8220; da_disable_devices=&#8220;off|off|off&#8220; global_colors_info=&#8220;{}&#8220; da_is_popup=&#8220;off&#8220; da_exit_intent=&#8220;off&#8220; da_has_close=&#8220;on&#8220; da_alt_close=&#8220;off&#8220; da_dark_close=&#8220;off&#8220; da_not_modal=&#8220;on&#8220; da_is_singular=&#8220;off&#8220; da_with_loader=&#8220;off&#8220; da_has_shadow=&#8220;on&#8220;][et_pb_row column_structure=&#8220;2_3,1_3&#8243; _builder_version=&#8220;4.9.4&#8243; _module_preset=&#8220;default&#8220; global_colors_info=&#8220;{}&#8220;][et_pb_column type=&#8220;2_3&#8243; _builder_version=&#8220;4.9.4&#8243; _module_preset=&#8220;default&#8220; global_colors_info=&#8220;{}&#8220;][et_pb_text admin_label=&#8220;Titel Das Sterne System &#8220; _builder_version=&#8220;4.9.7&#8243; _module_preset=&#8220;default&#8220; global_colors_info=&#8220;{}&#8220;]<\/p>\n<h1>Das Sterne-System<\/h1>\n<p>[\/et_pb_text][et_pb_text admin_label=&#8220;Wie vergeben wir die Sterne? &#8220; module_id=&#8220;1&#8243; _builder_version=&#8220;4.9.7&#8243; _module_preset=&#8220;default&#8220; global_colors_info=&#8220;{}&#8220;]<\/p>\n<h3>Wie vergeben wir die Sterne?<\/h3>\n<p>Wie bei unseren internationalen\u00a0<a title=\"Partner und Links\" href=\"http:\/\/www.medien-doktor.de\/gesundheit\/partner-und-links\/\">Vorl\u00e4uferprojekten<\/a> vergeben auch wir bis zu f\u00fcnf Sterne f\u00fcr einen Beitrag, den wir begutachten. Bei jedem Beitrag \u00fcberpr\u00fcfen wir zw\u00f6lf medizin- und wissenschaftsjournalistische Kriterien und drei allgemeinjournalistische <a title=\"Die Kriterien\" href=\"http:\/\/www.medien-doktor.de\/gesundheit\/bewertungen\/die-kriterien\/\">Kriterien<\/a>\u00a0und werten sie als \u201eerf\u00fcllt\u201c, \u201enicht erf\u00fcllt\u201c oder \u201enicht anwendbar\u201c.<\/p>\n<p>Ein Beitrag, bei dem mehr als zwei der zw\u00f6lf medizin- und wissenschaftsjournalistischen Kriterien \u201enicht anwendbar\u201c sind, f\u00e4llt aus der Begutachtung heraus.<\/p>\n<p>[\/et_pb_text][et_pb_text admin_label=&#8220;1. Schritt&#8220; module_id=&#8220;1&#8243; _builder_version=&#8220;4.9.7&#8243; _module_preset=&#8220;default&#8220; global_colors_info=&#8220;{}&#8220;]<\/p>\n<h3>1. Schritt<\/h3>\n<p>Der Anteil der \u201eerf\u00fcllten\u201c medizin- und wissenschaftsjournalistischen Kriterien an der Gesamtzahl der anwendbaren Kriterien wird in das Sterne-Ergebnis gem\u00e4\u00df folgendem Schl\u00fcssel umgerechnet.<\/p>\n<p>[\/et_pb_text][et_pb_text admin_label=&#8220;Tabelle&#8220; module_id=&#8220;2&#8243; _builder_version=&#8220;4.9.7&#8243; _module_preset=&#8220;default&#8220; global_colors_info=&#8220;{}&#8220;]<\/p>\n<table style=\"border-collapse: collapse;width: 100%\" border=\"1\">\n<tbody>\n<tr>\n<td style=\"width: 50%\"><strong>Prozent-Anteil \u201eerf\u00fcllt\u201c<\/strong><\/td>\n<td style=\"width: 50%\"><strong>Sterne<\/strong><\/td>\n<\/tr>\n<tr>\n<td style=\"width: 50%\">0%<\/td>\n<td style=\"width: 50%\">0 Sterne<\/td>\n<\/tr>\n<tr>\n<td style=\"width: 50%\">1% bis 20%<\/td>\n<td style=\"width: 50%\">1 Stern<\/td>\n<\/tr>\n<tr>\n<td style=\"width: 50%\">21% bis 40%<\/td>\n<td style=\"width: 50%\">2 Sterne<\/td>\n<\/tr>\n<tr>\n<td style=\"width: 50%\">41% bis 60%<\/td>\n<td style=\"width: 50%\">3 Sterne<\/td>\n<\/tr>\n<tr>\n<td style=\"width: 50%\">61% bis 80%<\/td>\n<td style=\"width: 50%\">4 Sterne<\/td>\n<\/tr>\n<tr>\n<td style=\"width: 50%\">81% bis 100%<\/td>\n<td style=\"width: 50%\">5 Sterne<\/td>\n<\/tr>\n<\/tbody>\n<\/table>\n<p>[\/et_pb_text][et_pb_text admin_label=&#8220;2. Schritt&#8220; module_id=&#8220;3&#8243; _builder_version=&#8220;4.9.7&#8243; _module_preset=&#8220;default&#8220; global_colors_info=&#8220;{}&#8220;]<\/p>\n<h3>2. Schritt<\/h3>\n<p><strong>Zus\u00e4tzlich zu den zw\u00f6lf medizin- und wissenschaftsjournalistischen Kriterien bewerten wir auch drei allgemeinjournalistische <a title=\"Die Kriterien\" href=\"http:\/\/www.medien-doktor.de\/medizin\/bewertungen\/die-kriterien\/\">Kriterien<\/a>. Werden diese besonders gut oder aber besonders schlecht erf\u00fcllt, kann dies zur Auf- oder Abwertung des Sterne-Ergebnisses f\u00fchren.<\/strong><\/p>\n<p>Ferner werden diese Kriterien bei der Gesamtbeurteilung mit einbezogen und k\u00f6nnen den Ausschlag geben, wenn sich aus der Anwendung der ersten zw\u00f6lf Kriterien durch die beiden Gutachter ein Resultat zwischen zwei Abstufungen (also z. B. genau zwischen zwei und drei Sternen) ergibt.<\/p>\n<p>Seit Februar 2015 hat sich der zweite Schritt unseres Bewertungssystems etwas ver\u00e4ndert, um noch genauer bewerten zu k\u00f6nnen:<\/p>\n<p>Ein Beitrag kann von den Gutachtern um einen Stern auf- oder abgewertet werden.\u00a0Eine solche Auf- oder Abwertung kann zum einen dadurch begr\u00fcndet sein, dass<\/p>\n<p><strong>a) der Beitrag die drei allgemeinjournalistischen Kriterien besonders gut oder schlecht erf\u00fcllt.<\/strong><\/p>\n<ul>\n<li>Wenn alle drei allgemeinjournalistischen Kriterien \u201enicht erf\u00fcllt\u201c sind, werten wir grunds\u00e4tzlich um einen Stern ab.<\/li>\n<li>Wenn zwei allgemeinjournalistische Kriterien \u201enicht erf\u00fcllt\u201c sind, kann um einen Stern abgewertet werden, sofern es sich um erhebliche M\u00e4ngel handelt (z. B. eine weitgehend unverst\u00e4ndliche Sprache UND ein grober Faktenfehler).<\/li>\n<li>Wenn nur ein Kriterium \u201enicht erf\u00fcllt\u201c ist, kann nur in Ausnahmef\u00e4llen abgewertet werden. Voraussetzung ist, dass ein besonders gravierender Mangel vorliegt (z. B. ein grober Faktenfehler, der die Hauptaussage des Beitrags in ihr Gegenteil verkehrt).<\/li>\n<\/ul>\n<p>Analog kann bei besonders gut erf\u00fcllten allgemeinjournalistischen Kriterien um einen Stern aufgewertet werden (z. B. wenn der Beitrag sich eines wichtigen, in den Medien sonst vernachl\u00e4ssigten Themas annimmt oder eine besondere investigative Leistung beinhaltet.)<\/p>\n<p>Eine Auf- oder Abwertung kann zum anderen dadurch begr\u00fcndet sein, dass<\/p>\n<p><strong>b) der Beitrag bei den zw\u00f6lf medizin- und wissenschaftsjournalistischen Kriterien besondere St\u00e4rken oder Schw\u00e4chen aufweist.<\/strong><\/p>\n<p>Um einen Stern kann auf- oder abgewertet werden,<\/p>\n<ul>\n<li>wenn eines der zw\u00f6lf medizin- und wissenschaftsjournalistischen Kriterien ganz besonders gut oder schlecht erf\u00fcllt ist. Voraussetzung ist, dass es sich dabei um ein Kriterium handelt, das f\u00fcr das betreffende Thema von herausragender, klar definierbarer Bedeutung<b>\u00a0<\/b>ist,<\/li>\n<li>wenn mehrere der zw\u00f6lf Kriterien nur \u201eknapp erf\u00fcllt\u201c bzw. nur \u201eknapp nicht erf\u00fcllt\u201c sind.<\/li>\n<\/ul>\n<p>Insgesamt kann gegen\u00fcber der Wertung, die sich aus den zw\u00f6lf medizin- und wissenschaftsjournalistischen Kriterien ergibt, maximal um einen Stern auf- oder abgewertet werden.<\/p>\n<p>[\/et_pb_text][et_pb_text admin_label=&#8220;Bitte beachten &#8220; module_id=&#8220;5&#8243; _builder_version=&#8220;4.9.7&#8243; _module_preset=&#8220;default&#8220; global_colors_info=&#8220;{}&#8220;]<\/p>\n<p><strong>Bitte beachten<\/strong>:\u00a0Die Sterne-Bewertung bietet lediglich eine erste Orientierung. F\u00fcr das Gesamturteil eines Artikels sind die Erl\u00e4uterungen in den einzelnen Kommentaren und die Zusammenfassung zu ber\u00fccksichtigen.<\/p>\n<p>[\/et_pb_text][\/et_pb_column][et_pb_column type=&#8220;1_3&#8243; _builder_version=&#8220;4.9.4&#8243; _module_preset=&#8220;default&#8220; background_color=&#8220;#F6F6F6&#8243; custom_padding=&#8220;20px|20px|20px|20px|false|false&#8220; global_colors_info=&#8220;{}&#8220;][et_pb_text ol_position=&#8220;outside&#8220; ol_item_indent=&#8220;20px&#8220; admin_label=&#8220;Kriterien-Kasten Gesundheit&#8220; _builder_version=&#8220;4.10.8&#8243; _module_preset=&#8220;default&#8220; text_text_color=&#8220;#000000&#8243; text_font_size=&#8220;14px&#8220; text_line_height=&#8220;2.1em&#8220; ol_text_align=&#8220;left&#8220; ol_line_height=&#8220;2.4em&#8220; header_2_text_color=&#8220;#444444&#8243; background_color=&#8220;#f6f6f6&#8243; module_alignment=&#8220;left&#8220; custom_padding=&#8220;15px|15px|15px|15px|false|false&#8220; global_module=&#8220;1285&#8243; saved_tabs=&#8220;all&#8220; locked=&#8220;off&#8220; global_colors_info=&#8220;{}&#8220;]<\/p>\n<h3>Die Kriterien des<br \/>Medien-Doktor GESUNDHEIT<\/h3>\n<ol>\n<li><a href=\"http:\/\/www.medien-doktor.de\/gesundheit\/die-kriterien\/#nutzen\">POSITIVE EFFEKTE (NUTZEN)<\/a><\/li>\n<li><a href=\"http:\/\/www.medien-doktor.de\/gesundheit\/die-kriterien\/#risiken\">RISIKEN &amp; NEBENWIRKUNGEN<\/a><\/li>\n<li><a href=\"http:\/\/www.medien-doktor.de\/gesundheit\/die-kriterien\/#verfuegbar\">VERF\u00dcGBARKEIT<\/a><\/li>\n<li><a href=\"http:\/\/www.medien-doktor.de\/gesundheit\/die-kriterien\/#alternativen\">ALTERNATIVEN<\/a><\/li>\n<li><a href=\"http:\/\/www.medien-doktor.de\/gesundheit\/die-kriterien\/#kosten\">KOSTEN<\/a><\/li>\n<li><a href=\"http:\/\/www.medien-doktor.de\/gesundheit\/die-kriterien\/#uebertreibung\">KRANKHEITS\u00dcBERTREIBUNG \/ -ERFINDUNG<\/a><\/li>\n<li><a href=\"http:\/\/www.medien-doktor.de\/gesundheit\/die-kriterien\/#belege\">BELEGE \/ EVIDENZ<\/a><\/li>\n<li><a href=\"http:\/\/www.medien-doktor.de\/gesundheit\/die-kriterien\/#experten\">EXPERTEN \/ QUELLENTRANSPARENZ<\/a><\/li>\n<li><a href=\"http:\/\/www.medien-doktor.de\/gesundheit\/die-kriterien\/#interessen\">INTERESSENKONFLIKTE<\/a><\/li>\n<li><a href=\"http:\/\/www.medien-doktor.de\/gesundheit\/die-kriterien\/#einordnung\">EINORDNUNG IN DEN KONTEXT<\/a><\/li>\n<li><a href=\"http:\/\/www.medien-doktor.de\/gesundheit\/die-kriterien\/#faktentreue\">FAKTENTREUE<\/a><\/li>\n<li><a href=\"http:\/\/www.medien-doktor.de\/gesundheit\/die-kriterien\/#eigenleistung\">JOURNALISTISCHE EIGENLEISTUNG<\/a><\/li>\n<li><a href=\"http:\/\/www.medien-doktor.de\/gesundheit\/die-kriterien\/#attraktivitaet\">ATTRAKTIVIT\u00c4T DER DARSTELLUNG<\/a><\/li>\n<li><a href=\"http:\/\/www.medien-doktor.de\/gesundheit\/die-kriterien\/#verstaendlichkeit\">VERST\u00c4NDLICHKEIT<\/a><\/li>\n<li><a href=\"http:\/\/www.medien-doktor.de\/gesundheit\/die-kriterien\/#themenauswahl\">THEMENAUSWAHL<\/a><\/li>\n<\/ol>\n<p>[\/et_pb_text][et_pb_divider _builder_version=&#8220;4.13.1&#8243; _module_preset=&#8220;default&#8220; hover_enabled=&#8220;0&#8243; sticky_enabled=&#8220;0&#8243;][\/et_pb_divider][et_pb_text admin_label=&#8220;F\u00f6rderer MD-Gesundheit &#8220; _builder_version=&#8220;4.13.1&#8243; _module_preset=&#8220;default&#8220; global_colors_info=&#8220;{}&#8220; global_module=&#8220;2975&#8243; theme_builder_area=&#8220;post_content&#8220;]<\/p>\n<h3>F\u00f6rderer:<\/h3>\n<p>&nbsp;<\/p>\n<p><img loading=\"lazy\" decoding=\"async\" class=\"wp-image-13 alignnone \" src=\"https:\/\/medien-doktor.de\/gesundheit\/wp-content\/uploads\/sites\/2\/2021\/05\/wort-bild-300x222.jpg\" alt=\"Logo des Wort &amp; Bild Verlags\" width=\"161\" height=\"119\" \/><\/p>\n<p>&nbsp;<\/p>\n<p><img loading=\"lazy\" decoding=\"async\" class=\"wp-image-10 alignnone \" src=\"https:\/\/medien-doktor.de\/gesundheit\/wp-content\/uploads\/sites\/2\/2021\/05\/expbio-300x64.png\" alt=\"\" width=\"239\" height=\"51\" \/><\/p>\n<p>&nbsp;<\/p>\n<p><img loading=\"lazy\" decoding=\"async\" class=\"wp-image-11 alignnone \" src=\"https:\/\/medien-doktor.de\/gesundheit\/wp-content\/uploads\/sites\/2\/2021\/05\/logo-wpk.org_.png\" alt=\"\" width=\"133\" height=\"72\" \/><\/p>\n<p>&nbsp;<\/p>\n<p><img loading=\"lazy\" decoding=\"async\" class=\"wp-image-12 alignnone \" src=\"https:\/\/medien-doktor.de\/gesundheit\/wp-content\/uploads\/sites\/2\/2021\/05\/logo_vmwj.png\" alt=\"\" width=\"151\" height=\"39\" \/><\/p>\n<p>&nbsp;<\/p>\n<p>[\/et_pb_text][\/et_pb_column][\/et_pb_row][\/et_pb_section]<\/p>\n","protected":false},"excerpt":{"rendered":"<p>Das Sterne-SystemWie vergeben wir die Sterne? Wie bei unseren internationalen\u00a0Vorl\u00e4uferprojekten vergeben auch wir bis zu f\u00fcnf Sterne f\u00fcr einen Beitrag, den wir begutachten. Bei jedem Beitrag \u00fcberpr\u00fcfen wir zw\u00f6lf medizin- und wissenschaftsjournalistische Kriterien und drei allgemeinjournalistische Kriterien\u00a0und werten sie als \u201eerf\u00fcllt\u201c, \u201enicht erf\u00fcllt\u201c oder \u201enicht anwendbar\u201c. Ein Beitrag, bei dem mehr als zwei der zw\u00f6lf [&hellip;]<\/p>\n","protected":false},"author":8,"featured_media":0,"parent":0,"menu_order":0,"comment_status":"closed","ping_status":"closed","template":"","meta":{"_acf_changed":false,"_et_pb_use_builder":"on","_et_pb_old_content":"","_et_gb_content_width":"","footnotes":""},"class_list":["post-443","page","type-page","status-publish","hentry"],"acf":[],"_links":{"self":[{"href":"https:\/\/medien-doktor.de\/gesundheit\/wp-json\/wp\/v2\/pages\/443","targetHints":{"allow":["GET"]}}],"collection":[{"href":"https:\/\/medien-doktor.de\/gesundheit\/wp-json\/wp\/v2\/pages"}],"about":[{"href":"https:\/\/medien-doktor.de\/gesundheit\/wp-json\/wp\/v2\/types\/page"}],"author":[{"embeddable":true,"href":"https:\/\/medien-doktor.de\/gesundheit\/wp-json\/wp\/v2\/users\/8"}],"replies":[{"embeddable":true,"href":"https:\/\/medien-doktor.de\/gesundheit\/wp-json\/wp\/v2\/comments?post=443"}],"version-history":[{"count":32,"href":"https:\/\/medien-doktor.de\/gesundheit\/wp-json\/wp\/v2\/pages\/443\/revisions"}],"predecessor-version":[{"id":3039,"href":"https:\/\/medien-doktor.de\/gesundheit\/wp-json\/wp\/v2\/pages\/443\/revisions\/3039"}],"wp:attachment":[{"href":"https:\/\/medien-doktor.de\/gesundheit\/wp-json\/wp\/v2\/media?parent=443"}],"curies":[{"name":"wp","href":"https:\/\/api.w.org\/{rel}","templated":true}]}}