{"id":40,"date":"2021-05-30T11:45:06","date_gmt":"2021-05-30T09:45:06","guid":{"rendered":"https:\/\/medien-doktor.de\/gesundheit\/?page_id=40"},"modified":"2023-08-18T15:06:26","modified_gmt":"2023-08-18T13:06:26","slug":"wer-sind-wir","status":"publish","type":"page","link":"https:\/\/medien-doktor.de\/gesundheit\/wer-sind-wir\/","title":{"rendered":"\u00dcber uns"},"content":{"rendered":"<p>[et_pb_section fb_built=&#8220;1&#8243; _builder_version=&#8220;4.16&#8243; _module_preset=&#8220;default&#8220; custom_padding=&#8220;10px|||||&#8220; da_disable_devices=&#8220;off|off|off&#8220; locked=&#8220;off&#8220; global_colors_info=&#8220;{}&#8220; da_is_popup=&#8220;off&#8220; da_exit_intent=&#8220;off&#8220; da_has_close=&#8220;on&#8220; da_alt_close=&#8220;off&#8220; da_dark_close=&#8220;off&#8220; da_not_modal=&#8220;on&#8220; da_is_singular=&#8220;off&#8220; da_with_loader=&#8220;off&#8220; da_has_shadow=&#8220;on&#8220;][et_pb_row column_structure=&#8220;2_3,1_3&#8243; _builder_version=&#8220;4.16&#8243; _module_preset=&#8220;default&#8220; global_colors_info=&#8220;{}&#8220;][et_pb_column type=&#8220;2_3&#8243; _builder_version=&#8220;4.16&#8243; _module_preset=&#8220;default&#8220; global_colors_info=&#8220;{}&#8220;][et_pb_text admin_label=&#8220;\u00dcberschrift &#8220; _builder_version=&#8220;4.16&#8243; _module_preset=&#8220;default&#8220; global_colors_info=&#8220;{}&#8220;]<\/p>\n<h1>Wer sind wir?<\/h1>\n<p>[\/et_pb_text][et_pb_text admin_label=&#8220;Was ist das Projekt Medien-Doktor&#8220; module_id=&#8220;projekt&#8220; _builder_version=&#8220;4.22.0&#8243; _module_preset=&#8220;default&#8220; global_colors_info=&#8220;{}&#8220;]<\/p>\n<h2>Was ist das Projekt Medien-Doktor GESUNDHEIT?<\/h2>\n<p>Seit November 2010 haben wir im Rahmen des Medien-Doktors MEDIZIN medizinjournalistische Beitr\u00e4ge in allen Medien nach einem international verwendeten Kriterienkatalog begutachtet und bewertet. \u00c4hnliche Projekte gibt es bereits in den USA, Australien, Hong Kong, Japan und Kanada. Wir wollen Journalisten damit Hilfestellungen und Tipps f\u00fcr die Berichterstattung \u00fcber Medizin- und Gesundheitsthemen geben.<\/p>\n<p>Die Gutachterinnen und Gutachter des Medien-Doktors, allesamt erfahrene Wissenschafts- und Medizinjournalisten, folgten zun\u00e4chst einem Kriterienkatalog, der von internationalen Vorl\u00e4uferprojekten bereits l\u00e4nger angewandt wurde. Gemeinsam ist diesen medizinjournalistischen Kriterien die starke Orientierung an dem, was Leser, Zuh\u00f6rer und Zuschauer an Informationen ben\u00f6tigen, um sich ein vollst\u00e4ndiges Bild \u00fcber eine medizinische Therapie, eine Behandlungsart, ein medizinisches Produkt oder einen diagnostischen Test u. \u00c4. zu machen.<\/p>\n<p>Diese international erprobten medizinjournalistischen Kriterien erg\u00e4nzt der deutsche Medien-Doktor durch allgemeinjournalistische Kriterien. Diese ber\u00fccksichtigen st\u00e4rker den redaktionellen Alltag von Journalisten und die Faktoren, die ihre Entscheidung beeinflussen, ob ein Beitrag ins Blatt kommt oder \u00fcber den Sender geht. Auch Erkenntnisse aus der allgemeinen Journalismusforschung flie\u00dfen hier ein.<\/p>\n<p>Seit dem Fr\u00fchsommer 2019 l\u00e4uft unser Anschlussprojekt, der Medien-Doktor GESUNDHEIT. In diesem Projekt wollen wir noch st\u00e4rker in aktuelle Medizindebatten in den Medien eingreifen \u2013 so geschehen zum Beispiel im Falle der Berichterstattung \u00fcber das Coronavirus Sars-CoV-2 zwischen 2020 und 2022. Im bisherigen Medien-Doktor MEDIZIN hatten wir nach dem Zufallsprinzip ausgew\u00e4hlte St\u00fccke beurteilt; ab sofort analysieren wir die Qualit\u00e4t von aktuellen Beitr\u00e4gen in Form von \u201ecase studies\u201c. Dabei ber\u00fccksichtigen wir Beitr\u00e4ge, die der Medien-Doktor-Redaktion von unseren Gutachtern und weiteren Partnern vorgeschlagen werden.<\/p>\n<p>Im Juni 2020 haben wir den seit 2010 bestehender Kriterienkatalog aus drei allgemeinjournalistischen und zehn medizinjournalistischen Kriterien in ein modulares System aus allgemein-journalistischen, allgemein-wissenschaftsjournalistischen und spezifisch-medizinjournalistischen Kriterien \u00fcbertragen (<a href=\"https:\/\/medien-doktor.de\/gesundheit\/die-kriterien\/\">zu den Kriterien<\/a>). Seither wenden unsere Gutachterinnen und Gutachter den neuen, nun aus 15 Kriterien bestehenden Katalog f\u00fcr ihre Bewertungen an.<\/p>\n<p>[\/et_pb_text][et_pb_divider _builder_version=&#8220;4.16&#8243; _module_preset=&#8220;default&#8220; global_colors_info=&#8220;{}&#8220;][\/et_pb_divider][et_pb_blurb _builder_version=&#8220;4.16&#8243; _module_preset=&#8220;default&#8220; global_colors_info=&#8220;{}&#8220;]<\/p>\n<p>Eine Kurz\u00fcbersicht \u00fcber alle Medien-Doktor Projekte finden Sie im aktuellen Flyer, den Sie hier als pdf herunterladen k\u00f6nnen: <a href=\"https:\/\/medien-doktor.de\/gesundheit\/wp-content\/uploads\/sites\/2\/2021\/07\/TU_Mediendoktor_Folder_Web.pdf\" rel=\"attachment wp-att-722\">Medien-Doktor Flyer<\/a>\u00a0(Stand 2019)<\/p>\n<p>[\/et_pb_blurb][et_pb_divider _builder_version=&#8220;4.16&#8243; _module_preset=&#8220;default&#8220; global_colors_info=&#8220;{}&#8220;][\/et_pb_divider][et_pb_text admin_label=&#8220;Was sind die Ziele des Medien-Doktors&#8220; module_id=&#8220;ziele&#8220; _builder_version=&#8220;4.16&#8243; _module_preset=&#8220;default&#8220; global_colors_info=&#8220;{}&#8220;]<\/p>\n<h2>Was sind die Ziele des Medien-Doktors?<\/h2>\n<p>Der Medien-Doktor m\u00f6chte helfen, ein Bewusstsein bei Journalisten, Redaktionen und auch bei Mediennutzern f\u00fcr bestimmte Standards in der Berichterstattung \u00fcber medizinische Themen zu schaffen. Damit hoffen wir, die Qualit\u00e4t journalistischer Beitr\u00e4ge zu verbessern, wobei der Fokus auf Themen liegt, die auch f\u00fcr Patienten und ihre Angeh\u00f6rigen besondere Bedeutung haben.<\/p>\n<p>Dabei geht es keineswegs darum, Medien oder gar einzelne Journalisten an den Pranger zu stellen. Vielmehr m\u00f6chten wir gerade medizinjournalistischen Positivbeispielen mehr Aufmerksamkeit verschaffen und zugleich auf Problemstellen in der Medizinberichterstattung aufmerksam machen, bei denen noch Verbesserungsbedarf besteht. Selbstverst\u00e4ndlich ist uns hier bewusst, dass die Arbeitsbedingungen von Journalisten in den begutachteten Medien zum Teil sehr unterschiedlich sind und auch die Qualit\u00e4tsma\u00dfst\u00e4be im Detail variieren k\u00f6nnen. Dennoch sind wir \u00fcberzeugt, dass die auf medien-doktor.de diskutierten Kriterien gut geeignet sind, um allen Journalisten eine Orientierung f\u00fcr die eigene Arbeit in der Medizinberichterstattung zu geben.<\/p>\n<p>Die Erkenntnisse aus dem Monitoring werden am\u00a0<a href=\"http:\/\/www.wissenschaftsjournalismus.org\/\" target=\"_blank\" rel=\"noopener\"><strong>Lehrstuhl Wissenschaftsjournalismus der Technischen Universit\u00e4t Dortmund<\/strong><\/a>\u00a0systematisch ausgewertet. So k\u00f6nnen die Ergebnisse nicht nur in die journalistische Qualit\u00e4tsforschung einflie\u00dfen, sondern auch gezielt in die journalistische Ausbildung und in Weiterbildungsprojekte.<\/p>\n<p>[\/et_pb_text][et_pb_text admin_label=&#8220;Wie wird das Projekt finanziert &#8220; module_id=&#8220;finanzierung&#8220; _builder_version=&#8220;4.16&#8243; _module_preset=&#8220;default&#8220; global_colors_info=&#8220;{}&#8220;]<\/p>\n<h2>Wie wird das Medien-Doktor-Projekt finanziert?<\/h2>\n<p>Der Medien-Doktor wurde vor allem mit Mitteln der Initiative Wissenschaftsjournalismus initiiert, und wird inzwischen vom\u00a0<strong>Lehrstuhl Wissenschaftsjournalismus<\/strong> am Institut f\u00fcr Journalistik der Technischen Universit\u00e4t Dortmund\u00a0finanziert. Ferner wird das Projekt von der\u00a0<a href=\"http:\/\/www.wissenschafts-pressekonferenz.de\/\" target=\"_blank\" rel=\"noopener\">Wissenschafts-Pressekonferenz<\/a>\u00a0und dem\u00a0<a href=\"http:\/\/www.journalistenvereinigung.de\/\" target=\"_blank\" rel=\"noopener\">Verband der Deutschen Medizinjournalisten<\/a> unterst\u00fctzt. Interessenten, die das Projekt ideell und finanziell unterst\u00fctzen m\u00f6chten, wenden sich bitte an:\u00a0<a href=\"mailto:holger.wormer@tu-dortmund.de\">holger.wormer@tu-dortmund.de<\/a>.<\/p>\n<p>Ein wichtiges Ziel des\u00a0<strong>Lehrstuhl Wissenschaftsjournalismus<\/strong> ist die enge Verkn\u00fcpfung von Journalismusforschung und Lehre mit der Realit\u00e4t in den Redaktionen der Massenmedien. Damit soll auch die offensichtliche Kluft zwischen Journalismustheorien und journalistischer Praxis \u00fcberwunden werden. Fragen der Qualit\u00e4t im Wissenschafts- und Medizinjournalismus, der Recherche und Vermittlung sowie der journalistischen Ethik stehen dabei im Mittelpunkt.<\/p>\n<p>[\/et_pb_text][et_pb_text admin_label=&#8220;Woher stammt die Idee&#8220; module_id=&#8220;idee&#8220; _builder_version=&#8220;4.16&#8243; _module_preset=&#8220;default&#8220; global_colors_info=&#8220;{}&#8220;]<\/p>\n<h2>Woher stammt die Idee eines Medien-Doktors?<\/h2>\n<p>Der Anlass f\u00fcr die Entwicklung eines \u201eMedien-Doktors\u201c f\u00fcr Deutschland war die Beobachtung gro\u00dfer Unterschiede in der Berichterstattung \u00fcber Medizinthemen in Deutschland. W\u00e4hrend auf der einen Seite hervorragend recherchierte Beitr\u00e4ge stehen, scheint andernorts oft jedes Bewusstsein daf\u00fcr zu fehlen, welche irref\u00fchrenden oder sogar Patienten gef\u00e4hrdenden medizinischen Botschaften mitunter berichtet werden. \u00dcber medien-doktor.de sollen nun Ma\u00dfst\u00e4be f\u00fcr Qualit\u00e4t insbesondere im Patienten-orientierten Medizinjournalismus transparent gemacht und zur Diskussion gestellt werden. Die Ansiedlung an der Dortmunder Universit\u00e4t garantiert dabei eine gr\u00f6\u00dftm\u00f6gliche Unabh\u00e4ngigkeit f\u00fcr die Bewertung von Beitr\u00e4gen und erm\u00f6glicht eine wissenschaftliche Auswertung der Ergebnisse.<\/p>\n<p>Die urspr\u00fcngliche Idee eines systematischen Monitoringprojektes im Stile des Medien-Doktor wurde von australischen Medizinern um David Henry entwickelt, die im Jahr 2004 den australischen\u00a0Media Doctor Australia gr\u00fcndeten.\u00a0Dem australischen Vorbild folgten sp\u00e4ter Projekte in Kanada (Media Doctor Canada), den USA (<a href=\"http:\/\/www.healthnewsreview.org\/\" target=\"_blank\" rel=\"noopener\">HealthNewsReview<\/a>) und Hongkong (Media Doctor Hong Kong). Bei der Entwicklung des deutschen Projektes haben uns Gary Schwitzer und sein Team von HealthNewsReview USA geholfen, bei denen wir uns herzlich bedanken.<\/p>\n<p>Die Vorl\u00e4ufer-Projekte im Ausland inspirierten unabh\u00e4ngig voneinander verschiedene deutsche Medizinjournalisten (darunter Christian Weymayr, Volker Stollorz und Klaus Koch) zu einem Medien-Monitoring der Medizinberichterstattung. Diese \u00dcberlegungen liefen am Dortmunder Lehrstuhl Wissenschaftsjournalismus schlie\u00dflich zum Projekt Medien-Doktor zusammen. Die genannten Kollegen unterst\u00fctzen uns nun zusammen mit zahlreichen weiteren Medizin- und Wissenschaftsjournalisten als Gutachter und Berater.<\/p>\n<p>[\/et_pb_text][et_pb_text admin_label=&#8220;Welche Personen sind beteiligt? &#8220; module_id=&#8220;personen&#8220; _builder_version=&#8220;4.16&#8243; _module_preset=&#8220;default&#8220; global_colors_info=&#8220;{}&#8220;]<\/p>\n<h2>Welche Personen sind am Medien-Doktor beteiligt?<\/h2>\n<p>[\/et_pb_text][et_pb_team_member name=&#8220;Prof. Holger Wormer&#8220; position=&#8220;Professor f\u00fcr Wissenschaftsjournalismus, Institut f\u00fcr Journalistik, TU Dortmund&#8220; image_url=&#8220;https:\/\/medien-doktor.de\/gesundheit\/wp-content\/uploads\/sites\/2\/2021\/07\/Holger_Wormer_Portrait.jpg.jpg&#8220; admin_label=&#8220;Prof. Holger Wormer&#8220; _builder_version=&#8220;4.22.0&#8243; _module_preset=&#8220;default&#8220; hover_enabled=&#8220;0&#8243; global_colors_info=&#8220;{}&#8220; sticky_enabled=&#8220;0&#8243;]<\/p>\n<p>Holger Wormer ist seit 2004 Inhaber des Lehrstuhls Wissenschaftsjournalismus an der Technischen Universit\u00e4t Dortmund und dort der verantwortliche Projektleiter f\u00fcr medien-doktor.de. Von 1996 bis 2004 war er Wissenschaftsredakteur bei der S\u00fcddeutschen Zeitung mit den Schwerpunkten Medizin, Gentechnik sowie Qualit\u00e4t, Ethik und F\u00e4lschung in der Forschung. Von 1986 an war er als Freier Journalist f\u00fcr verschiedene Medien t\u00e4tig, darunter die dpa, das P.M. Magazin, die Rheinische Post und den WDR. F\u00fcr seine journalistische Arbeit wurde er mit zwei Journalistenpreisen ausgezeichnet. Er studierte Chemie mit Philosophie im Nebenfach in Heidelberg, Ulm und Lyon. Prof. Wormer ist u. a. Mitglied der Jury f\u00fcr den\u00a0<a href=\"http:\/\/www.dfg.de\/gefoerderte_projekte\/wissenschaftliche_preise\/communicator-preis\/index.html\" target=\"_blank\" rel=\"noopener\">Communicator-Preis der Deutschen Forschungsgemeinschaft<\/a>\u00a0und Autor mehrerer B\u00fccher (zuletzt: <em><a href=\"https:\/\/www.halem-verlag.de\/produkt\/wissen-basiswissen-fuer-die-medienpraxis\/\">Wissen. Basiswissen f\u00fcr die Medienpraxis, Herbert von Halem Verlag, 2019<\/a>, <\/em>sowie <em><a href=\"https:\/\/www.kiwi-verlag.de\/buch\/holger-wormer-michael-dietz-endlich-mitwisser-9783462043051\">Endlich Mitwisser!, KiWi-Verlag, Fr\u00fchjahr 2011<\/a><\/em>).<\/p>\n<p>[\/et_pb_team_member][et_pb_team_member name=&#8220;Dr. Astrid Viciano&#8220; position=&#8220;Leitende Redakteurin Medien-Doktor GESUNDHEIT&#8220; image_url=&#8220;https:\/\/medien-doktor.de\/gesundheit\/wp-content\/uploads\/sites\/2\/2021\/07\/Astrid_Viciano_Portrait.jpg&#8220; admin_label=&#8220;Dr. Astrid Viciano&#8220; _builder_version=&#8220;4.16&#8243; _module_preset=&#8220;default&#8220; global_colors_info=&#8220;{}&#8220;]<\/p>\n<p>Dr. Astrid Viciano ist \u00c4rztin und arbeitet neben ihrer T\u00e4tigkeit beim Medien-Doktor auch f\u00fcr das \u201eWissen am Wochenende\u201c der S\u00fcddeutschen Zeitung. Zuvor hat sie mehr als drei Jahre lang als freie Journalistin in Paris gelebt, besch\u00e4ftigt sich seither in Cross-Border-Teams mit investigativen Recherchen, mit Hilfe europ\u00e4ischer Stipendien. Vor ihrer Zeit in Frankreich war sie Redakteurin bei Focus, Die Zeit und stern, hat f\u00fcr den stern auch f\u00fcr zwei Jahre aus Los Angeles berichtet und dort einen Master in \u201eSpecialized Journalism\u201c an der Annenberg School of Journalism absolviert. Medizin hat sie in Regensburg, W\u00fcrzburg und Zaragoza studiert, ihr Praktisches Jahr verbrachte sie in Bordeaux, Sevilla und Salamanca. Astrid Viciano war bereits als Dozentin an der Universit\u00e4t Freiburg, der Akademie der Bayerischen Presse und der mexikanischen Akademie der Wissenschaften t\u00e4tig. Ihre journalistische Arbeit wurde bereits mehrfach ausgezeichnet.<\/p>\n<p>[\/et_pb_team_member][et_pb_text admin_label=&#8220;Gutachterinnen und Gutachter&#8220; _builder_version=&#8220;4.22.0&#8243; _module_preset=&#8220;default&#8220; global_colors_info=&#8220;{}&#8220;]<\/p>\n<h2>Gutachter<\/h2>\n<p>Uns unterst\u00fctzt ein Team erfahrener Wissenschafts- und Medizinjournalisten als\u00a0Gutachter. Wir stellen sie\u00a0auf einer <a href=\"https:\/\/medien-doktor.de\/gesundheit\/gutachter\/\">eigenen Seite<\/a>\u00a0kurz vor.<\/p>\n<p>[\/et_pb_text][\/et_pb_column][et_pb_column type=&#8220;1_3&#8243; _builder_version=&#8220;4.16&#8243; _module_preset=&#8220;default&#8220; background_color=&#8220;#F6F6F6&#8243; custom_padding=&#8220;20px|20px|20px|20px|false|false&#8220; global_colors_info=&#8220;{}&#8220;][et_pb_text admin_label=&#8220;Projekt-Kasten Gesundheit&#8220; _builder_version=&#8220;4.10.7&#8243; _module_preset=&#8220;default&#8220; global_module=&#8220;1320&#8243; saved_tabs=&#8220;all&#8220; global_colors_info=&#8220;{}&#8220;]<\/p>\n<h3>\u00dcber das Projekt<br \/>Medien-Doktor GESUNDHEIT<\/h3>\n<ul>\n<li><a href=\"http:\/\/www.medien-doktor.de\/gesundheit\/wer-sind-wir\/#projekt\">Was ist das Projekt?<\/a><\/li>\n<li><a href=\"http:\/\/www.medien-doktor.de\/gesundheit\/wer-sind-wir\/#ziele\">Ziele des Medien-Doktors<\/a><\/li>\n<li><a href=\"http:\/\/www.medien-doktor.de\/gesundheit\/wer-sind-wir\/#finanzierung\">Finanzierung<\/a><\/li>\n<li><a href=\"http:\/\/www.medien-doktor.de\/gesundheit\/wer-sind-wir\/#idee\">Woher stammt die Idee?<\/a><\/li>\n<li><a href=\"http:\/\/www.medien-doktor.de\/gesundheit\/wer-sind-wir\/#personen\">Wer ist beteiligt?<\/a><\/li>\n<li><a href=\"http:\/\/www.medien-doktor.de\/gesundheit\/gutachter\">Gutachterinnen und Gutachter<\/a><\/li>\n<\/ul>\n<p>[\/et_pb_text][et_pb_text ol_position=&#8220;outside&#8220; ol_item_indent=&#8220;20px&#8220; admin_label=&#8220;Kriterien-Kasten Gesundheit&#8220; _builder_version=&#8220;4.17.4&#8243; _module_preset=&#8220;default&#8220; text_text_color=&#8220;#000000&#8243; text_font_size=&#8220;14px&#8220; text_line_height=&#8220;2.1em&#8220; ol_text_align=&#8220;left&#8220; ol_line_height=&#8220;2.4em&#8220; header_2_text_color=&#8220;#444444&#8243; background_color=&#8220;#f6f6f6&#8243; module_alignment=&#8220;left&#8220; custom_padding=&#8220;15px|15px|15px|15px|false|false&#8220; global_module=&#8220;1285&#8243; saved_tabs=&#8220;all&#8220; locked=&#8220;off&#8220; global_colors_info=&#8220;{}&#8220;]<\/p>\n<h3>Die Kriterien des<br \/>Medien-Doktor GESUNDHEIT<\/h3>\n<ol>\n<li><a href=\"http:\/\/www.medien-doktor.de\/gesundheit\/die-kriterien\/#nutzen\">POSITIVE EFFEKTE (NUTZEN)<\/a><\/li>\n<li><a href=\"http:\/\/www.medien-doktor.de\/gesundheit\/die-kriterien\/#risiken\">RISIKEN &amp; NEBENWIRKUNGEN<\/a><\/li>\n<li><a href=\"http:\/\/www.medien-doktor.de\/gesundheit\/die-kriterien\/#verfuegbar\">VERF\u00dcGBARKEIT<\/a><\/li>\n<li><a href=\"http:\/\/www.medien-doktor.de\/gesundheit\/die-kriterien\/#alternativen\">ALTERNATIVEN<\/a><\/li>\n<li><a href=\"http:\/\/www.medien-doktor.de\/gesundheit\/die-kriterien\/#kosten\">KOSTEN<\/a><\/li>\n<li><a href=\"http:\/\/www.medien-doktor.de\/gesundheit\/die-kriterien\/#uebertreibung\">KRANKHEITS\u00dcBERTREIBUNG \/ -ERFINDUNG<\/a><\/li>\n<li><a href=\"http:\/\/www.medien-doktor.de\/gesundheit\/die-kriterien\/#belege\">BELEGE \/ EVIDENZ<\/a><\/li>\n<li><a href=\"http:\/\/www.medien-doktor.de\/gesundheit\/die-kriterien\/#experten\">EXPERTEN \/ QUELLENTRANSPARENZ<\/a><\/li>\n<li><a href=\"http:\/\/www.medien-doktor.de\/gesundheit\/die-kriterien\/#interessen\">INTERESSENKONFLIKTE<\/a><\/li>\n<li><a href=\"http:\/\/www.medien-doktor.de\/gesundheit\/die-kriterien\/#einordnung\">EINORDNUNG IN DEN KONTEXT<\/a><\/li>\n<li><a href=\"http:\/\/www.medien-doktor.de\/gesundheit\/die-kriterien\/#faktentreue\">FAKTENTREUE<\/a><\/li>\n<li><a href=\"http:\/\/www.medien-doktor.de\/gesundheit\/die-kriterien\/#eigenleistung\">JOURNALISTISCHE EIGENLEISTUNG<\/a><\/li>\n<li><a href=\"http:\/\/www.medien-doktor.de\/gesundheit\/die-kriterien\/#attraktivitaet\">ATTRAKTIVIT\u00c4T DER DARSTELLUNG<\/a><\/li>\n<li><a href=\"http:\/\/www.medien-doktor.de\/gesundheit\/die-kriterien\/#verstaendlichkeit\">VERST\u00c4NDLICHKEIT<\/a><\/li>\n<li><a href=\"http:\/\/www.medien-doktor.de\/gesundheit\/die-kriterien\/#themenauswahl\">THEMENAUSWAHL<\/a><\/li>\n<\/ol>\n<p>[\/et_pb_text][et_pb_divider _builder_version=&#8220;4.16&#8243; _module_preset=&#8220;default&#8220; global_colors_info=&#8220;{}&#8220;][\/et_pb_divider][et_pb_text admin_label=&#8220;F\u00f6rderer MD-Gesundheit &#8220; _builder_version=&#8220;4.19.4&#8243; _module_preset=&#8220;default&#8220; global_module=&#8220;2975&#8243; saved_tabs=&#8220;all&#8220; global_colors_info=&#8220;{}&#8220;]<\/p>\n<h3>F\u00f6rderer:<\/h3>\n<p>&nbsp;<\/p>\n<p><img loading=\"lazy\" decoding=\"async\" class=\"wp-image-13 alignnone \" src=\"https:\/\/medien-doktor.de\/gesundheit\/wp-content\/uploads\/sites\/2\/2021\/05\/wort-bild-300x222.jpg\" alt=\"Logo des Wort &amp; Bild Verlags\" width=\"161\" height=\"119\" \/><\/p>\n<p>&nbsp;<\/p>\n<p><img loading=\"lazy\" decoding=\"async\" class=\"wp-image-10 alignnone \" src=\"https:\/\/medien-doktor.de\/gesundheit\/wp-content\/uploads\/sites\/2\/2021\/05\/expbio-300x64.png\" alt=\"\" width=\"239\" height=\"51\" \/><\/p>\n<p>&nbsp;<\/p>\n<p><img loading=\"lazy\" decoding=\"async\" class=\"wp-image-11 alignnone \" src=\"https:\/\/medien-doktor.de\/gesundheit\/wp-content\/uploads\/sites\/2\/2021\/05\/logo-wpk.org_.png\" alt=\"\" width=\"133\" height=\"72\" \/><\/p>\n<p>&nbsp;<\/p>\n<p><img loading=\"lazy\" decoding=\"async\" class=\"wp-image-12 alignnone \" src=\"https:\/\/medien-doktor.de\/gesundheit\/wp-content\/uploads\/sites\/2\/2021\/05\/logo_vmwj.png\" alt=\"\" width=\"151\" height=\"39\" \/><\/p>\n<p>&nbsp;<\/p>\n<p>[\/et_pb_text][\/et_pb_column][\/et_pb_row][\/et_pb_section]<\/p>\n","protected":false},"excerpt":{"rendered":"<p>Wer sind wir?Was ist das Projekt Medien-Doktor GESUNDHEIT? Seit November 2010 haben wir im Rahmen des Medien-Doktors MEDIZIN medizinjournalistische Beitr\u00e4ge in allen Medien nach einem international verwendeten Kriterienkatalog begutachtet und bewertet. \u00c4hnliche Projekte gibt es bereits in den USA, Australien, Hong Kong, Japan und Kanada. Wir wollen Journalisten damit Hilfestellungen und Tipps f\u00fcr die Berichterstattung [&hellip;]<\/p>\n","protected":false},"author":2,"featured_media":0,"parent":0,"menu_order":0,"comment_status":"closed","ping_status":"closed","template":"","meta":{"_acf_changed":false,"_et_pb_use_builder":"on","_et_pb_old_content":"","_et_gb_content_width":"","footnotes":""},"class_list":["post-40","page","type-page","status-publish","hentry"],"acf":[],"_links":{"self":[{"href":"https:\/\/medien-doktor.de\/gesundheit\/wp-json\/wp\/v2\/pages\/40","targetHints":{"allow":["GET"]}}],"collection":[{"href":"https:\/\/medien-doktor.de\/gesundheit\/wp-json\/wp\/v2\/pages"}],"about":[{"href":"https:\/\/medien-doktor.de\/gesundheit\/wp-json\/wp\/v2\/types\/page"}],"author":[{"embeddable":true,"href":"https:\/\/medien-doktor.de\/gesundheit\/wp-json\/wp\/v2\/users\/2"}],"replies":[{"embeddable":true,"href":"https:\/\/medien-doktor.de\/gesundheit\/wp-json\/wp\/v2\/comments?post=40"}],"version-history":[{"count":33,"href":"https:\/\/medien-doktor.de\/gesundheit\/wp-json\/wp\/v2\/pages\/40\/revisions"}],"predecessor-version":[{"id":4370,"href":"https:\/\/medien-doktor.de\/gesundheit\/wp-json\/wp\/v2\/pages\/40\/revisions\/4370"}],"wp:attachment":[{"href":"https:\/\/medien-doktor.de\/gesundheit\/wp-json\/wp\/v2\/media?parent=40"}],"curies":[{"name":"wp","href":"https:\/\/api.w.org\/{rel}","templated":true}]}}