{"id":443,"date":"2021-07-05T12:47:50","date_gmt":"2021-07-05T10:47:50","guid":{"rendered":"https:\/\/medien-doktor.de\/ernaehrung\/?page_id=443"},"modified":"2021-11-05T21:16:28","modified_gmt":"2021-11-05T20:16:28","slug":"das-sterne-system","status":"publish","type":"page","link":"https:\/\/medien-doktor.de\/ernaehrung\/das-sterne-system\/","title":{"rendered":"Das Sterne-System"},"content":{"rendered":"<p>[et_pb_section fb_built=&#8220;1&#8243; _builder_version=&#8220;4.9.4&#8243; _module_preset=&#8220;default&#8220; custom_padding=&#8220;10px|||||&#8220; da_disable_devices=&#8220;off|off|off&#8220; global_colors_info=&#8220;{}&#8220; da_is_popup=&#8220;off&#8220; da_exit_intent=&#8220;off&#8220; da_has_close=&#8220;on&#8220; da_alt_close=&#8220;off&#8220; da_dark_close=&#8220;off&#8220; da_not_modal=&#8220;on&#8220; da_is_singular=&#8220;off&#8220; da_with_loader=&#8220;off&#8220; da_has_shadow=&#8220;on&#8220;][et_pb_row column_structure=&#8220;2_3,1_3&#8243; _builder_version=&#8220;4.9.4&#8243; _module_preset=&#8220;default&#8220; global_colors_info=&#8220;{}&#8220;][et_pb_column type=&#8220;2_3&#8243; _builder_version=&#8220;4.9.4&#8243; _module_preset=&#8220;default&#8220; global_colors_info=&#8220;{}&#8220;][et_pb_text admin_label=&#8220;Titel Das Sterne System &#8220; _builder_version=&#8220;4.9.7&#8243; _module_preset=&#8220;default&#8220; global_colors_info=&#8220;{}&#8220;]<\/p>\n<h1>Das Sterne-System<\/h1>\n<p>[\/et_pb_text][et_pb_text admin_label=&#8220;Wie vergeben wir die Sterne? &#8220; module_id=&#8220;1&#8243; _builder_version=&#8220;4.10.6&#8243; _module_preset=&#8220;default&#8220; global_colors_info=&#8220;{}&#8220;]<\/p>\n<h3>Wie vergeben wir die Sterne?<\/h3>\n<p>Wie bei unseren internationalen <a title=\"Partner und Links\" href=\"http:\/\/medien-doktor.de\/ernaehrung\/partner-und-links\/\">Vorl\u00e4uferprojekten<\/a> vergeben auch wir bis zu f\u00fcnf Sterne f\u00fcr einen Beitrag, den wir begutachten. Bei jedem Beitrag \u00fcberpr\u00fcfen wir zw\u00f6lf ern\u00e4hrungs- und allgemeinjournalistische\u00a0<a title=\"Die Kriterien\" href=\"http:\/\/medien-doktor.de\/ernaehrung\/bewertungen\/die-kriterien\/\">Kriterien<\/a> und werten sie als \u201eerf\u00fcllt\u201c, \u201enicht erf\u00fcllt\u201c oder \u201enicht anwendbar\u201c.<\/p>\n<p>[\/et_pb_text][et_pb_text admin_label=&#8220;1. Schritt&#8220; module_id=&#8220;1&#8243; _builder_version=&#8220;4.10.6&#8243; _module_preset=&#8220;default&#8220; global_colors_info=&#8220;{}&#8220;]<\/p>\n<h3>1. Schritt<\/h3>\n<p>Der Anteil der \u201eerf\u00fcllten\u201c Kriterien an der Gesamtzahl der anwendbaren Kriterien wird in das Sterne-Ergebnis gem\u00e4\u00df folgendem Schl\u00fcssel umgerechnet.\u00a0Ein Beitrag, bei dem mehr als vier der zw\u00f6lf Kriterien \u201enicht anwendbar\u201c sind, f\u00e4llt aus der Begutachtung heraus.<\/p>\n<p>[\/et_pb_text][et_pb_text admin_label=&#8220;Tabelle&#8220; module_id=&#8220;2&#8243; _builder_version=&#8220;4.9.7&#8243; _module_preset=&#8220;default&#8220; global_colors_info=&#8220;{}&#8220;]<\/p>\n<table style=\"border-collapse: collapse;width: 100%\" border=\"1\">\n<tbody>\n<tr>\n<td style=\"width: 50%\"><strong>Prozent-Anteil \u201eerf\u00fcllt\u201c<\/strong><\/td>\n<td style=\"width: 50%\"><strong>Sterne<\/strong><\/td>\n<\/tr>\n<tr>\n<td style=\"width: 50%\">0%<\/td>\n<td style=\"width: 50%\">0 Sterne<\/td>\n<\/tr>\n<tr>\n<td style=\"width: 50%\">1% bis 20%<\/td>\n<td style=\"width: 50%\">1 Stern<\/td>\n<\/tr>\n<tr>\n<td style=\"width: 50%\">21% bis 40%<\/td>\n<td style=\"width: 50%\">2 Sterne<\/td>\n<\/tr>\n<tr>\n<td style=\"width: 50%\">41% bis 60%<\/td>\n<td style=\"width: 50%\">3 Sterne<\/td>\n<\/tr>\n<tr>\n<td style=\"width: 50%\">61% bis 80%<\/td>\n<td style=\"width: 50%\">4 Sterne<\/td>\n<\/tr>\n<tr>\n<td style=\"width: 50%\">81% bis 100%<\/td>\n<td style=\"width: 50%\">5 Sterne<\/td>\n<\/tr>\n<\/tbody>\n<\/table>\n<p>[\/et_pb_text][et_pb_text admin_label=&#8220;2. Schritt&#8220; module_id=&#8220;3&#8243; _builder_version=&#8220;4.10.6&#8243; _module_preset=&#8220;default&#8220; global_colors_info=&#8220;{}&#8220;]<\/p>\n<h3>2. Schritt<\/h3>\n<p>\u200bEin Beitrag kann von den Gutachtern um einen Stern auf- oder abgewertet werden. Eine Beitrag kann maximal nur um einen Stern auf- oder abgewertet werden. Eine solche Auf- oder Abwertung kann zum einen dadurch begr\u00fcndet sein, dass<\/p>\n<p>a) bei einem vier Sterne-Ergebnis die drei Kriterien \u201ePositive Effekte\u201c, \u201eNegative Effekte\u201c, \u201eBelege\/Studien\u201c nicht erf\u00fcllt sind.<\/p>\n<p>b) der Beitrag eine besondere St\u00e4rke oder Schw\u00e4che aufweist,\u00a0z.B. wenn der Beitrag sich eines wichtigen, in den Medien sonst vernachl\u00e4ssigten Themas annimmt oder eine besondere investigative Leistung beinhaltet. oder eines der Kriterien besonders gut\u00a0oder schlecht erf\u00fcllt hat.\u00a0Voraussetzung ist, dass es sich dabei um ein Kriterium handelt, das f\u00fcr das betreffende Thema von herausragender, klar definierbarer Bedeutung\u00a0ist.<\/p>\n<p>c) mehrere der Kriterien \u201eknapp erf\u00fcllt\u201c bzw. \u201eknapp nicht erf\u00fcllt\u201c sind. Dabei werden knappe-Wertungen\u00a0miteinander verrechnet.<\/p>\n<p>[\/et_pb_text][et_pb_text admin_label=&#8220;Bitte beachten &#8220; module_id=&#8220;5&#8243; _builder_version=&#8220;4.10.6&#8243; _module_preset=&#8220;default&#8220; global_colors_info=&#8220;{}&#8220;]<\/p>\n<p><strong>Bitte beachten<\/strong>:\u00a0Die Sterne-Bewertung bietet lediglich eine erste Orientierung. F\u00fcr das Gesamturteil eines Artikels sind die Erl\u00e4uterungen in den einzelnen Kommentaren und die Zusammenfassung zu ber\u00fccksichtigen.<\/p>\n<p>[\/et_pb_text][\/et_pb_column][et_pb_column type=&#8220;1_3&#8243; _builder_version=&#8220;4.9.4&#8243; _module_preset=&#8220;default&#8220; background_color=&#8220;#F6F6F6&#8243; custom_padding=&#8220;20px|20px|20px|20px|false|false&#8220; global_colors_info=&#8220;{}&#8220;][et_pb_text ol_position=&#8220;outside&#8220; ol_item_indent=&#8220;20px&#8220; admin_label=&#8220;Kriterien-Kasten Ern\u00e4hrung&#8220; _builder_version=&#8220;4.13.0&#8243; _module_preset=&#8220;default&#8220; text_text_color=&#8220;#000000&#8243; text_font_size=&#8220;14px&#8220; ol_text_align=&#8220;left&#8220; ol_line_height=&#8220;2.4em&#8220; header_2_text_color=&#8220;#444444&#8243; module_alignment=&#8220;left&#8220; global_module=&#8220;1392&#8243; saved_tabs=&#8220;all&#8220; locked=&#8220;off&#8220; global_colors_info=&#8220;{}&#8220;]<\/p>\n<h3>Die Kriterien des<br \/>Medien-Doktor ERN\u00c4HRUNG<\/h3>\n<ol>\n<li><a href=\"https:\/\/medien-doktor.de\/ernaehrung\/die-kriterien\/#nutzen\">POSITIVE EFFEKTE (NUTZEN)<\/a><\/li>\n<li><a href=\"https:\/\/medien-doktor.de\/ernaehrung\/die-kriterien\/#risiken\">NEGATIVE EFFEKTE (RISIKEN)<\/a><\/li>\n<li><a href=\"https:\/\/medien-doktor.de\/ernaehrung\/die-kriterien\/#alternativen\">ALTERNATIVEN \/ VERGLEICH<\/a><\/li>\n<li><a href=\"https:\/\/medien-doktor.de\/ernaehrung\/die-kriterien\/#belege\">BELEGE \/ EVIDENZ<\/a><\/li>\n<li><a href=\"https:\/\/medien-doktor.de\/ernaehrung\/die-kriterien\/#experten\">EXPERTEN \/ QUELLENTRANSPARENZ<\/a><\/li>\n<li><a href=\"https:\/\/medien-doktor.de\/ernaehrung\/die-kriterien\/#interessen\">INTERESSENKONFLIKTE<\/a><\/li>\n<li><a href=\"https:\/\/medien-doktor.de\/ernaehrung\/die-kriterien\/#kontext\">EINORDNUNG IN DEN KONTEXT<\/a><\/li>\n<li><a href=\"https:\/\/medien-doktor.de\/ernaehrung\/die-kriterien\/#fakten\">FAKTENTREUE<\/a><\/li>\n<li><a href=\"https:\/\/medien-doktor.de\/ernaehrung\/die-kriterien\/#eigenleistung\">JOURNALISTISCHE EIGENLEISTUNG<\/a><\/li>\n<li><a href=\"https:\/\/medien-doktor.de\/ernaehrung\/die-kriterien\/#attraktivitaet\">ATTRAKTIVIT\u00c4T DER DARSTELLUNG<\/a><\/li>\n<li><a href=\"https:\/\/medien-doktor.de\/ernaehrung\/die-kriterien\/#verstaendlichkeit\">VERST\u00c4NDLICHKEIT<\/a><\/li>\n<li><a href=\"https:\/\/medien-doktor.de\/ernaehrung\/die-kriterien\/#thema\">THEMENAUSWAHL<\/a><\/li>\n<\/ol>\n<p>[\/et_pb_text][et_pb_divider _builder_version=&#8220;4.13.0&#8243; _module_preset=&#8220;default&#8220; hover_enabled=&#8220;0&#8243; sticky_enabled=&#8220;0&#8243;][\/et_pb_divider][et_pb_text _builder_version=&#8220;4.13.0&#8243; _module_preset=&#8220;default&#8220; global_colors_info=&#8220;{}&#8220; global_module=&#8220;1822&#8243; theme_builder_area=&#8220;post_content&#8220;]<\/p>\n<h2>F\u00f6rderer:<\/h2>\n<p>&nbsp;<\/p>\n<p><img loading=\"lazy\" decoding=\"async\" class=\"wp-image-1156 alignnone \" src=\"https:\/\/medien-doktor.de\/ernaehrung\/wp-content\/uploads\/sites\/3\/2021\/08\/nutriCARD-deutsch.jpeg\" alt=\"\" width=\"315\" height=\"108\" \/><\/p>\n<p>&nbsp;<\/p>\n<p><img loading=\"lazy\" decoding=\"async\" class=\"wp-image-1823 alignnone \" src=\"https:\/\/medien-doktor.de\/ernaehrung\/wp-content\/uploads\/sites\/3\/2021\/11\/BMBF-300x213.jpg\" alt=\"\" width=\"306\" height=\"217\" \/><\/p>\n<p>&nbsp;<\/p>\n<p>&nbsp;<\/p>\n<p>&nbsp;<\/p>\n<p>[\/et_pb_text][\/et_pb_column][\/et_pb_row][\/et_pb_section]<\/p>\n","protected":false},"excerpt":{"rendered":"<p>Das Sterne-SystemWie vergeben wir die Sterne? Wie bei unseren internationalen Vorl\u00e4uferprojekten vergeben auch wir bis zu f\u00fcnf Sterne f\u00fcr einen Beitrag, den wir begutachten. Bei jedem Beitrag \u00fcberpr\u00fcfen wir zw\u00f6lf ern\u00e4hrungs- und allgemeinjournalistische\u00a0Kriterien und werten sie als \u201eerf\u00fcllt\u201c, \u201enicht erf\u00fcllt\u201c oder \u201enicht anwendbar\u201c.1. Schritt Der Anteil der \u201eerf\u00fcllten\u201c Kriterien an der Gesamtzahl der anwendbaren Kriterien [&hellip;]<\/p>\n","protected":false},"author":8,"featured_media":0,"parent":0,"menu_order":0,"comment_status":"closed","ping_status":"closed","template":"","meta":{"_acf_changed":false,"_et_pb_use_builder":"on","_et_pb_old_content":"","_et_gb_content_width":"","footnotes":""},"class_list":["post-443","page","type-page","status-publish","hentry"],"acf":[],"_links":{"self":[{"href":"https:\/\/medien-doktor.de\/ernaehrung\/wp-json\/wp\/v2\/pages\/443","targetHints":{"allow":["GET"]}}],"collection":[{"href":"https:\/\/medien-doktor.de\/ernaehrung\/wp-json\/wp\/v2\/pages"}],"about":[{"href":"https:\/\/medien-doktor.de\/ernaehrung\/wp-json\/wp\/v2\/types\/page"}],"author":[{"embeddable":true,"href":"https:\/\/medien-doktor.de\/ernaehrung\/wp-json\/wp\/v2\/users\/8"}],"replies":[{"embeddable":true,"href":"https:\/\/medien-doktor.de\/ernaehrung\/wp-json\/wp\/v2\/comments?post=443"}],"version-history":[{"count":35,"href":"https:\/\/medien-doktor.de\/ernaehrung\/wp-json\/wp\/v2\/pages\/443\/revisions"}],"predecessor-version":[{"id":1836,"href":"https:\/\/medien-doktor.de\/ernaehrung\/wp-json\/wp\/v2\/pages\/443\/revisions\/1836"}],"wp:attachment":[{"href":"https:\/\/medien-doktor.de\/ernaehrung\/wp-json\/wp\/v2\/media?parent=443"}],"curies":[{"name":"wp","href":"https:\/\/api.w.org\/{rel}","templated":true}]}}