{"id":1448,"date":"2021-09-17T11:05:30","date_gmt":"2021-09-17T09:05:30","guid":{"rendered":"https:\/\/medien-doktor.de\/ernaehrung\/?page_id=1448"},"modified":"2021-11-05T21:14:31","modified_gmt":"2021-11-05T20:14:31","slug":"bewertungen","status":"publish","type":"page","link":"https:\/\/medien-doktor.de\/ernaehrung\/bewertungen\/","title":{"rendered":"Alle bewerteten Beitr\u00e4ge"},"content":{"rendered":"<p>[et_pb_section fb_built=&#8220;1&#8243; _builder_version=&#8220;4.10.7&#8243; _module_preset=&#8220;default&#8220; da_disable_devices=&#8220;off|off|off&#8220; global_colors_info=&#8220;{}&#8220; da_is_popup=&#8220;off&#8220; da_exit_intent=&#8220;off&#8220; da_has_close=&#8220;on&#8220; da_alt_close=&#8220;off&#8220; da_dark_close=&#8220;off&#8220; da_not_modal=&#8220;on&#8220; da_is_singular=&#8220;off&#8220; da_with_loader=&#8220;off&#8220; da_has_shadow=&#8220;on&#8220;][et_pb_row column_structure=&#8220;2_3,1_3&#8243; _builder_version=&#8220;4.10.7&#8243; _module_preset=&#8220;default&#8220; global_colors_info=&#8220;{}&#8220;][et_pb_column type=&#8220;2_3&#8243; _builder_version=&#8220;4.10.7&#8243; _module_preset=&#8220;default&#8220; global_colors_info=&#8220;{}&#8220;][et_pb_text _builder_version=&#8220;4.10.7&#8243; _module_preset=&#8220;default&#8220; global_colors_info=&#8220;{}&#8220;]<\/p>\n<h1>Alle bewerteten Beitr\u00e4ge<\/h1>\n<p>&nbsp;<\/p>\n<p>Hier finden Sie alle Beitr\u00e4ge, die vom Medien-Doktor ERN\u00c4HRUNG bewertet wurden.<\/p>\n<p>[\/et_pb_text][et_pb_de_mach_archive_loop loop_layout=&#8220;146&#8243; order_asc_desc=&#8220;DESC&#8220; enable_loadmore=&#8220;pagination&#8220; link_whole_gird=&#8220;off&#8220; columns=&#8220;1&#8243; columns_tablet=&#8220;1&#8243; custom_gutter_width=&#8220;on&#8220; gutter_row_gap=&#8220;50px&#8220; _builder_version=&#8220;4.12.1&#8243; _module_preset=&#8220;default&#8220; global_colors_info=&#8220;{}&#8220;][\/et_pb_de_mach_archive_loop][\/et_pb_column][et_pb_column type=&#8220;1_3&#8243; _builder_version=&#8220;4.10.7&#8243; _module_preset=&#8220;default&#8220; global_colors_info=&#8220;{}&#8220;][et_pb_text ol_position=&#8220;outside&#8220; ol_item_indent=&#8220;20px&#8220; admin_label=&#8220;Kriterien-Kasten Ern\u00e4hrung&#8220; _builder_version=&#8220;4.13.0&#8243; _module_preset=&#8220;default&#8220; text_text_color=&#8220;#000000&#8243; text_font_size=&#8220;14px&#8220; ol_text_align=&#8220;left&#8220; ol_line_height=&#8220;2.4em&#8220; header_2_text_color=&#8220;#444444&#8243; module_alignment=&#8220;left&#8220; hover_enabled=&#8220;0&#8243; global_module=&#8220;1392&#8243; saved_tabs=&#8220;all&#8220; locked=&#8220;off&#8220; global_colors_info=&#8220;{}&#8220; sticky_enabled=&#8220;0&#8243;]<\/p>\n<h3>Die Kriterien des<br \/>Medien-Doktor ERN\u00c4HRUNG<\/h3>\n<ol>\n<li><a href=\"https:\/\/medien-doktor.de\/ernaehrung\/die-kriterien\/#nutzen\">POSITIVE EFFEKTE (NUTZEN)<\/a><\/li>\n<li><a href=\"https:\/\/medien-doktor.de\/ernaehrung\/die-kriterien\/#risiken\">NEGATIVE EFFEKTE (RISIKEN)<\/a><\/li>\n<li><a href=\"https:\/\/medien-doktor.de\/ernaehrung\/die-kriterien\/#alternativen\">ALTERNATIVEN \/ VERGLEICH<\/a><\/li>\n<li><a href=\"https:\/\/medien-doktor.de\/ernaehrung\/die-kriterien\/#belege\">BELEGE \/ EVIDENZ<\/a><\/li>\n<li><a href=\"https:\/\/medien-doktor.de\/ernaehrung\/die-kriterien\/#experten\">EXPERTEN \/ QUELLENTRANSPARENZ<\/a><\/li>\n<li><a href=\"https:\/\/medien-doktor.de\/ernaehrung\/die-kriterien\/#interessen\">INTERESSENKONFLIKTE<\/a><\/li>\n<li><a href=\"https:\/\/medien-doktor.de\/ernaehrung\/die-kriterien\/#kontext\">EINORDNUNG IN DEN KONTEXT<\/a><\/li>\n<li><a href=\"https:\/\/medien-doktor.de\/ernaehrung\/die-kriterien\/#fakten\">FAKTENTREUE<\/a><\/li>\n<li><a href=\"https:\/\/medien-doktor.de\/ernaehrung\/die-kriterien\/#eigenleistung\">JOURNALISTISCHE EIGENLEISTUNG<\/a><\/li>\n<li><a href=\"https:\/\/medien-doktor.de\/ernaehrung\/die-kriterien\/#attraktivitaet\">ATTRAKTIVIT\u00c4T DER DARSTELLUNG<\/a><\/li>\n<li><a href=\"https:\/\/medien-doktor.de\/ernaehrung\/die-kriterien\/#verstaendlichkeit\">VERST\u00c4NDLICHKEIT<\/a><\/li>\n<li><a href=\"https:\/\/medien-doktor.de\/ernaehrung\/die-kriterien\/#thema\">THEMENAUSWAHL<\/a><\/li>\n<\/ol>\n<p>[\/et_pb_text][et_pb_divider _builder_version=&#8220;4.13.0&#8243; _module_preset=&#8220;default&#8220; global_colors_info=&#8220;{}&#8220;][\/et_pb_divider][et_pb_text _builder_version=&#8220;4.13.0&#8243; _module_preset=&#8220;default&#8220; global_module=&#8220;1822&#8243; global_colors_info=&#8220;{}&#8220;]<\/p>\n<h2>F\u00f6rderer:<\/h2>\n<p>&nbsp;<\/p>\n<p><img loading=\"lazy\" decoding=\"async\" class=\"wp-image-1156 alignnone \" src=\"https:\/\/medien-doktor.de\/ernaehrung\/wp-content\/uploads\/sites\/3\/2021\/08\/nutriCARD-deutsch.jpeg\" alt=\"\" width=\"315\" height=\"108\" \/><\/p>\n<p>&nbsp;<\/p>\n<p><img loading=\"lazy\" decoding=\"async\" class=\"wp-image-1823 alignnone \" src=\"https:\/\/medien-doktor.de\/ernaehrung\/wp-content\/uploads\/sites\/3\/2021\/11\/BMBF-300x213.jpg\" alt=\"\" width=\"306\" height=\"217\" \/><\/p>\n<p>&nbsp;<\/p>\n<p>&nbsp;<\/p>\n<p>&nbsp;<\/p>\n<p>[\/et_pb_text][\/et_pb_column][\/et_pb_row][\/et_pb_section]<\/p>\n","protected":false},"excerpt":{"rendered":"<p>Alle bewerteten Beitr\u00e4ge &nbsp; Hier finden Sie alle Beitr\u00e4ge, die vom Medien-Doktor ERN\u00c4HRUNG bewertet wurden.Die Kriterien desMedien-Doktor ERN\u00c4HRUNG POSITIVE EFFEKTE (NUTZEN) NEGATIVE EFFEKTE (RISIKEN) ALTERNATIVEN \/ VERGLEICH BELEGE \/ EVIDENZ EXPERTEN \/ QUELLENTRANSPARENZ INTERESSENKONFLIKTE EINORDNUNG IN DEN KONTEXT FAKTENTREUE JOURNALISTISCHE EIGENLEISTUNG ATTRAKTIVIT\u00c4T DER DARSTELLUNG VERST\u00c4NDLICHKEIT THEMENAUSWAHL F\u00f6rderer: &nbsp; &nbsp; &nbsp; &nbsp; &nbsp;<\/p>\n","protected":false},"author":3,"featured_media":0,"parent":0,"menu_order":0,"comment_status":"closed","ping_status":"closed","template":"","meta":{"_acf_changed":false,"_et_pb_use_builder":"on","_et_pb_old_content":"","_et_gb_content_width":"","footnotes":""},"class_list":["post-1448","page","type-page","status-publish","hentry"],"acf":[],"_links":{"self":[{"href":"https:\/\/medien-doktor.de\/ernaehrung\/wp-json\/wp\/v2\/pages\/1448","targetHints":{"allow":["GET"]}}],"collection":[{"href":"https:\/\/medien-doktor.de\/ernaehrung\/wp-json\/wp\/v2\/pages"}],"about":[{"href":"https:\/\/medien-doktor.de\/ernaehrung\/wp-json\/wp\/v2\/types\/page"}],"author":[{"embeddable":true,"href":"https:\/\/medien-doktor.de\/ernaehrung\/wp-json\/wp\/v2\/users\/3"}],"replies":[{"embeddable":true,"href":"https:\/\/medien-doktor.de\/ernaehrung\/wp-json\/wp\/v2\/comments?post=1448"}],"version-history":[{"count":15,"href":"https:\/\/medien-doktor.de\/ernaehrung\/wp-json\/wp\/v2\/pages\/1448\/revisions"}],"predecessor-version":[{"id":1833,"href":"https:\/\/medien-doktor.de\/ernaehrung\/wp-json\/wp\/v2\/pages\/1448\/revisions\/1833"}],"wp:attachment":[{"href":"https:\/\/medien-doktor.de\/ernaehrung\/wp-json\/wp\/v2\/media?parent=1448"}],"curies":[{"name":"wp","href":"https:\/\/api.w.org\/{rel}","templated":true}]}}