{"id":418,"date":"2021-07-05T13:27:50","date_gmt":"2021-07-05T11:27:50","guid":{"rendered":"https:\/\/medien-doktor.de\/citizen\/?page_id=418"},"modified":"2021-11-10T16:14:40","modified_gmt":"2021-11-10T15:14:40","slug":"die-kriterien","status":"publish","type":"page","link":"https:\/\/medien-doktor.de\/citizen\/die-kriterien\/","title":{"rendered":"Die Kriterien"},"content":{"rendered":"<p>[et_pb_section fb_built=&#8220;1&#8243; _builder_version=&#8220;4.9.4&#8243; _module_preset=&#8220;default&#8220; custom_padding=&#8220;10px|||||&#8220; da_disable_devices=&#8220;off|off|off&#8220; global_colors_info=&#8220;{}&#8220; da_is_popup=&#8220;off&#8220; da_exit_intent=&#8220;off&#8220; da_has_close=&#8220;on&#8220; da_alt_close=&#8220;off&#8220; da_dark_close=&#8220;off&#8220; da_not_modal=&#8220;on&#8220; da_is_singular=&#8220;off&#8220; da_with_loader=&#8220;off&#8220; da_has_shadow=&#8220;on&#8220;][et_pb_row column_structure=&#8220;2_3,1_3&#8243; _builder_version=&#8220;4.11.4&#8243; _module_preset=&#8220;default&#8220; global_colors_info=&#8220;{}&#8220;][et_pb_column type=&#8220;2_3&#8243; _builder_version=&#8220;4.9.4&#8243; _module_preset=&#8220;default&#8220; global_colors_info=&#8220;{}&#8220;][et_pb_text admin_label=&#8220;\u00dcberschrift &#8220; _builder_version=&#8220;4.11.4&#8243; _module_preset=&#8220;default&#8220; global_colors_info=&#8220;{}&#8220;]<\/p>\n<h1>Die Kriterien<\/h1>\n<p>&nbsp;<\/p>\n<p>Auf dieser Seite finden Sie die Bewertungskriterien, die im CITIZEN-Projekt angewendet wurden. Seitdem haben wir unsere Kriterien \u00fcberarbeitet. Eine aktuelle \u00dcbersicht der Kriterien des Medien-Doktor GESUNDHEIT, Medien-Doktor ERN\u00c4HRUNG und Medien-Doktor UMWELT k\u00f6nnen Sie <a href=\"https:\/\/medien-doktor.de\/wp-content\/uploads\/2021\/05\/Relaunch_Kriterien_MDU_MDG_MDE.pdf\">hier als pdf herunterladen<\/a>.<\/p>\n<p>[\/et_pb_text][et_pb_text admin_label=&#8220;Bewertete Beitr\u00e4ge (leer)&#8220; module_id=&#8220;1&#8243; _builder_version=&#8220;4.13.0&#8243; _module_preset=&#8220;default&#8220; global_colors_info=&#8220;{}&#8220;][\/et_pb_text][et_pb_text admin_label=&#8220;Titel Medizinjounal. Kriterien&#8220; module_id=&#8220;1&#8243; _builder_version=&#8220;4.11.4&#8243; _module_preset=&#8220;default&#8220; global_colors_info=&#8220;{}&#8220;]<\/p>\n<h2>I. Allgemeine Anforderungen<\/h2>\n<p>[\/et_pb_text][et_pb_text admin_label=&#8220;1. Faktentreue&#8220; module_id=&#8220;faktentreue&#8220; _builder_version=&#8220;4.11.4&#8243; _module_preset=&#8220;default&#8220; global_colors_info=&#8220;{}&#8220;]<\/p>\n<h3>1. Faktentreue<\/h3>\n<h4>Im Beitrag werden Fakten korrekt beschrieben und eingeordnet.<\/h4>\n<p>Das Kriterium ist erf\u00fcllt, wenn die im Beitrag genannten Fakten nicht nachweislich falsch sind, der Beitrag keine Fake News enth\u00e4lt und die genannten Daten und Informationen hinreichend pr\u00e4zise dargestellt sind. Das Kriterium ist nicht erf\u00fcllt, wenn nachweislich falsche Angaben gemacht, werden. Es kann auch nicht erf\u00fcllt sein, wenn wesentliche Angaben so unklar sind, dass sie sich nicht nachvollziehen lassen.<\/p>\n<p>[\/et_pb_text][et_pb_text admin_label=&#8220;2. Sachlichkeit und Unabh\u00e4ngigkeit &#8220; module_id=&#8220;sachlichkeit&#8220; _builder_version=&#8220;4.11.4&#8243; _module_preset=&#8220;default&#8220; global_colors_info=&#8220;{}&#8220;]<\/p>\n<h3>2. Sachlichkeit und Unabh\u00e4ngigkeit<\/h3>\n<h4>Es wird sachgerecht berichtet, ohne bestimmte Positionen unangemessen zu bevorzugen.<\/h4>\n<p>Um das Kriterium zu erf\u00fcllen, muss die Berichterstattung \u00fcber Umweltfragen und -konflikte sachlich sein (der jeweiligen journalistischen Form entsprechend: Nachricht\/ Bericht\/ Reportage \/ Kommentar \/ Glosse sind unterschiedlich meinungsbetont). Der Beitrag muss mehr als eine Quelle heranziehen und, wenn es um strittige Fragen geht, unterschiedliche Standpunkte und Perspektiven einbeziehen und diese angemessen darstellen.<\/p>\n<p>[\/et_pb_text][et_pb_text admin_label=&#8220;3. Quellentransparenz&#8220; module_id=&#8220;quellentransparenz&#8220; _builder_version=&#8220;4.11.4&#8243; _module_preset=&#8220;default&#8220; global_colors_info=&#8220;{}&#8220;]<\/p>\n<h3>3. Quellentransparenz<\/h3>\n<h4>Der Beitrag macht deutlich, auf welche Quellen er sich st\u00fctzt und benennt gegebenenfalls Interessenkonflikte.<\/h4>\n<p>Um das Kriterium zu erf\u00fcllen, muss ein Beitrag f\u00fcr alle wesentlichen Aussagen die Quellen (z.B. Studien, Experten) nennen. Die Aussagen m\u00fcssen klar den verschiedenen Quellen zugeordnet werden. Angaben zu Studien m\u00fcssen so pr\u00e4zise sein, dass diese sich eindeutig identifizieren lassen. Werden Materialien von Lobbygruppen \u00fcbernommen, seien es Industrieverb\u00e4nde, Umweltorganisationen oder andere, ohne dass der Beitrag dies deutlich macht, ist das Kriterium nicht erf\u00fcllt.<\/p>\n<p>Zitierte Personen (Experten, Betroffene, Vertreter von Organisationen, Beh\u00f6rden \u2026) m\u00fcssen ausreichend eingeordnet und gegebenenfalls ihre Interessenkonflikte und Abh\u00e4ngigkeiten benannt werden.<\/p>\n<p>Wird erkannt, dass es Interessenkonflikte des Autors\/ der Autorin selbst gibt, die im Beitrag nicht offengelegt werden (wurden z.B. Reise- \/ Recherchekosten von interessierten Unternehmen oder Organisationen \u00fcbernommen?) ist das Kriterium ebenfalls nicht erf\u00fcllt.<\/p>\n<p>[\/et_pb_text][et_pb_text admin_label=&#8220;4. Pressemitteilung&#8220; module_id=&#8220;pressemitteilung&#8220; _builder_version=&#8220;4.11.4&#8243; _module_preset=&#8220;default&#8220; global_colors_info=&#8220;{}&#8220;]<\/p>\n<h3>4. Pressemitteilung<\/h3>\n<h4>Der Beitrag enth\u00e4lt Informationen, die wesentlich \u00fcber eine Pressemitteilung hinausgehen.<\/h4>\n<p>Um das Kriterium zu erf\u00fcllen, muss der Beitrag inhaltlich mehr leisten als eine Pressemitteilung nachzudrucken oder lediglich umzuformulieren. Pressematerialien von Industrie, wissenschaftlichen Einrichtungen, Naturschutzverb\u00e4nden, NGOs u.a. k\u00f6nnen zwar genutzt, m\u00fcssen aber kritisch eingeordnet werden. Damit das Kriterium erf\u00fcllt ist, darf eine Pressemitteilung also nicht als einzige Quelle dienen.<\/p>\n<p>[\/et_pb_text][et_pb_text admin_label=&#8220;Spezielle Anforderungen Umweltjournalismus&#8220; _builder_version=&#8220;4.11.4&#8243; _module_preset=&#8220;default&#8220; global_colors_info=&#8220;{}&#8220;]<\/p>\n<h2>II. Spezielle Anforderungen Umweltjournalismus<\/h2>\n<p>[\/et_pb_text][et_pb_text admin_label=&#8220;5. Ursachen und Verantwortliche&#8220; module_id=&#8220;ursachen&#8220; _builder_version=&#8220;4.11.4&#8243; _module_preset=&#8220;default&#8220; global_colors_info=&#8220;{}&#8220;]<\/p>\n<h3>5. Ursachen und Verantwortliche<\/h3>\n<h4>Der Beitrag nennt Ursachen \/ Verursacher der dargestellten Umweltprobleme<\/h4>\n<p>Das Kriterium ist erf\u00fcllt, wenn im Beitrag Entwicklungen und Hintergr\u00fcnde genannt werden, die zu den beschriebenen Problemen f\u00fchren oder wesentlich dazu beitragen. Gegebenenfalls werden Verursacher identifiziert. Dabei m\u00fcssen allgemein bekannte Zusammenh\u00e4nge jedoch nicht st\u00e4ndig wiederholt werden (so muss z.B. nicht jeder Beitrag \u00fcber bestimmte Aspekte \/ Folgen des Klimawandels die Ursachen der globalen Erw\u00e4rmung erl\u00e4utern).<\/p>\n<p>[\/et_pb_text][et_pb_text admin_label=&#8220;6. Aussagekraft&#8220; module_id=&#8220;aussagekraft&#8220; _builder_version=&#8220;4.13.0&#8243; _module_preset=&#8220;default&#8220; global_colors_info=&#8220;{}&#8220;]<\/p>\n<h3>6. Aussagekraft<\/h3>\n<h4>Es wird deutlich gemacht, wie gesichert das dargestellte Wissen zu Umweltfragen ist.<\/h4>\n<p>Der Beitrag soll erkl\u00e4ren, wie gesichert die Informationen zu Umweltproblemen oder \u2013 wenn diese im Mittelpunkt stehen \u2013 L\u00f6sungsans\u00e4tzen sind. Gegebenenfalls muss der Beitrag auf Einschr\u00e4nkungen der Aussagekraft \/ Grenzen des derzeitigen Wissens hinweisen, etwa wenn es sich bei einzelnen Aussagen um blo\u00dfe Vermutungen handelt oder um vorl\u00e4ufige, noch wenig belegte wissenschaftliche Ergebnisse, oder bislang nicht erprobte L\u00f6sungsvorschl\u00e4ge.<\/p>\n<p>[\/et_pb_text][et_pb_text admin_label=&#8220;7. L\u00f6sungsorientierung&#8220; module_id=&#8220;loesungsorientierung&#8220; _builder_version=&#8220;4.13.0&#8243; _module_preset=&#8220;default&#8220; global_colors_info=&#8220;{}&#8220;]<\/p>\n<h3>7. L\u00f6sungsorientierung<\/h3>\n<h4>Ein Beitrag bezieht nach M\u00f6glichkeit L\u00f6sungsans\u00e4tze f\u00fcr Umweltprobleme ein.<\/h4>\n<p>Wenn es f\u00fcr die im Beitrag beschriebenen Umweltprobleme bereits L\u00f6sungsans\u00e4tze \/ Handlungsvorschl\u00e4ge gibt, sollten diese dargestellt werden. Das k\u00f6nnten sowohl wissenschaftlich-technische Ans\u00e4tze sein, etwa zur Verminderung von Schadstoffemissionen, als auch Handlungsm\u00f6glichkeiten f\u00fcr Verbraucher oder sonstige Hinweise, was der Einzelne tun kann, um Umweltsch\u00e4den zu vermeiden oder zu verringern. Das Kriterium ist auch erf\u00fcllt, wenn L\u00f6sungsans\u00e4tze der Anlass der Berichterstattung sind. Nicht erf\u00fcllt ist das Kriterium, wenn der Beitrag es vers\u00e4umt, L\u00f6sungsm\u00f6glichkeiten zu thematisieren, obwohl solche bereits existieren oder zumindest \u00f6ffentlich diskutiert werden. Wenn (noch) keine sinnvollen L\u00f6sungsans\u00e4tze bekannt sind, die zu erw\u00e4hnen gewesen w\u00e4ren, ist das Kriterium nicht anwendbar.<\/p>\n<p>&nbsp;<\/p>\n<p>[\/et_pb_text][et_pb_text admin_label=&#8220;8. Alltagsbezug&#8220; module_id=&#8220;alltagsbezug&#8220; _builder_version=&#8220;4.13.0&#8243; _module_preset=&#8220;default&#8220; global_colors_info=&#8220;{}&#8220;]<\/p>\n<h3>8. Alltagsbezug<\/h3>\n<h4>Ein Beitrag soll gegebenenfalls Bez\u00fcge der dargestellten Umweltproblematik zum Publikum und dessen Lebensumfeld aufzeigen.<\/h4>\n<p>Wo das m\u00f6glich ist, soll ein Beitrag Auswirkungen von Umweltproblemen auf die Leser-\/ H\u00f6rer-\/ Zuschauerschaft benennen und deutlich machen: Was hat das Thema konkret mit deren Alltag zu tun? Gegebenenfalls sollen lokale Bez\u00fcge deutlich werden (Was bedeutet das f\u00fcr meinen Wohnort, meine Region?).<\/p>\n<p>[\/et_pb_text][et_pb_text admin_label=&#8220;9. Verbindung lokaler, regionaler und globaler Aspekte &#8220; module_id=&#8220;verbindung&#8220; _builder_version=&#8220;4.13.0&#8243; _module_preset=&#8220;default&#8220; global_colors_info=&#8220;{}&#8220;]<\/p>\n<h3>9. Verbindung lokaler, regionaler und globaler Aspekte<\/h3>\n<h4>Es wird deutlich, wie lokale und globale Umweltentwicklungen\/ \u2013 ereignisse zusammenh\u00e4ngen.<\/h4>\n<p>Wo es bei einem Umweltthema Zusammenh\u00e4nge von lokalen und globalen Aspekten gibt, sollen diese in die Berichterstattung einbezogen werden. Werden beispielsweise die Auswirkung von Verhalten, Konsum und Wirtschaftsweise hierzulande auf andere Regionen der Welt thematisiert? Haben Ereignisse in andere Weltregionen Auswirkungen auf das Leben in unserem Land\/ unserer Region? Wo solche Zusammenh\u00e4nge nicht erkennbar sind, ist das Kriterium nicht anwendbar.<\/p>\n<p>[\/et_pb_text][et_pb_text admin_label=&#8220;10. Aktuelles oder dauerhaft relevantes Umweltthema&#8220; module_id=&#8220;aktuell&#8220; _builder_version=&#8220;4.13.0&#8243; _module_preset=&#8220;default&#8220; global_colors_info=&#8220;{}&#8220;]<\/p>\n<h3>10. Aktuelles oder dauerhaft relevantes Umwelthema<\/h3>\n<h4>Ein Beitrag greift aktuelle Umweltthemen auf, oder aber solche, die \u00fcber lange Zeitr\u00e4ume bedeutsam (\u201elatent aktuell\u201c) sind.<\/h4>\n<p>Das Kriterium ist erf\u00fcllt, wenn der Beitrag entweder aktuelle Ereignisse und -entwicklungen aufgreift, oder aber Anl\u00e4sse findet, \u00fcber ein Umweltthema zu berichten, das dauerhaft wichtig ist. Da Umweltprobleme oft langfristig und jenseits der Tagesaktualit\u00e4t relevant sind, bewerten wir eine kontinuierliche Berichterstattung \u00fcber solche Themen positiv, etwa wenn ein Beitrag ein bekanntes Umweltthema erneut aufgreift, um die weitere Entwicklung, Effekte \/ Erfolge oder auch deren Ausbleiben aufzuzeigen. Nicht erf\u00fcllt ist das Kriterium, wenn das Thema weder aktuell ist noch eine dauerhafte Relevanz erkennbar wird.<\/p>\n<p>[\/et_pb_text][et_pb_text admin_label=&#8220;11. Nachhaltigkeit \/ Zukunftsorientierung&#8220; module_id=&#8220;zukunftsorientierung&#8220; _builder_version=&#8220;4.13.0&#8243; _module_preset=&#8220;default&#8220; global_colors_info=&#8220;{}&#8220;]<\/p>\n<h3>11. Nachhaltigkeit \/ Zukunftsorientierung<\/h3>\n<h4>Auswirkungen eines Umweltereignisses \/-problems auf die zuk\u00fcnftige Entwicklung werden angesprochen.<\/h4>\n<p>Es wird im Beitrag klar, ob es sich um ein zeitlich begrenztes Geschehen handelt, oder ob Umweltprobleme sich l\u00e4ngerfristig auswirken und z.B. die k\u00fcnftige Umweltqualit\u00e4t oder Handlungsspielr\u00e4ume in der der Zukunft beeinflussen.<\/p>\n<p>[\/et_pb_text][et_pb_text admin_label=&#8220;Darstellung&#8220; _builder_version=&#8220;4.11.4&#8243; _module_preset=&#8220;default&#8220; global_colors_info=&#8220;{}&#8220;]<\/p>\n<h2>III. Darstellung<\/h2>\n<p>[\/et_pb_text][et_pb_text admin_label=&#8220;12. Verst\u00e4ndlichkeit&#8220; module_id=&#8220;verst\u00e4ndlichkeit&#8220; _builder_version=&#8220;4.13.0&#8243; _module_preset=&#8220;default&#8220; global_colors_info=&#8220;{}&#8220;]<\/p>\n<h3>12. Verst\u00e4ndlichkeit<\/h3>\n<h4>Ein Beitrag muss f\u00fcr die Zielgruppe verst\u00e4ndlich sein<\/h4>\n<p>Um das Kriterium zu erf\u00fcllen, muss der Beitrag sprachlich verst\u00e4ndlich sein und eine klare Struktur haben. Umweltwissenschaftliche Zusammenh\u00e4nge m\u00fcssen f\u00fcr Laien erkl\u00e4rt werden. Abgehobene Fachsprache, Insider-Jargon und unn\u00f6tige Fremdworte sind zu vermeiden, ebenso schwer lesbare Schachtels\u00e4tze. Wo Fachbegriffe n\u00f6tig sind, m\u00fcssen diese erl\u00e4utert werden. Der Aufbau des Beitrags muss nachvollziehbar sein, eine blo\u00dfe Aneinanderreihung von Aspekten oder das Springen zwischen verschiedenen Themen erschweren das Verst\u00e4ndnis. Wenn viele Zahlen vorkommen, ist oft die Darstellung als Grafik oder Tabelle \u00fcbersichtlicher als die Aneinanderreihung von Zahlenangaben im Text.<\/p>\n<p>[\/et_pb_text][et_pb_text admin_label=&#8220;13. Attraktive Darstellung&#8220; module_id=&#8220;darstellung&#8220; _builder_version=&#8220;4.13.0&#8243; _module_preset=&#8220;default&#8220; global_colors_info=&#8220;{}&#8220;]<\/p>\n<h3>13. Attraktive Darstellung<\/h3>\n<h4>Ein Beitrag soll Umweltthemen interessant und attraktiv aufbereiten.<\/h4>\n<p>Das Kriterium ist erf\u00fcllt, wenn der Beitrag Umweltthemen f\u00fcr Leser-\/ H\u00f6rer- \/ Zuschauerschaft interessant macht. Die \u00dcberschrift soll Aufmerksamkeit erregen, aber keine falschen Erwartungen wecken. Zur attraktiven Darstellung k\u00f6nnen interessante Beispiele oder \u00fcberraschende Aspekte beitragen und \u2013 je nach Medium \u2013 informative Visualisierungen (Grafiken, Fotos, bewegte Bilder) oder z.B. im Radio gute O-T\u00f6ne. Wo dies vom Thema her angemessen ist, kann kann ein Beitrag auch eine Geschichte erz\u00e4hlen oder unterhaltsame Elemente einbeziehen.<br \/>Das Kriterium ist erf\u00fcllt, wenn Darstellung insgesamt so attraktiv ist, so dass Rezipienten den Beitrag bis zum Ende lesen\/ h\u00f6ren\/ anschauen m\u00f6gen.<\/p>\n<p>&nbsp;<\/p>\n<p>&nbsp;<\/p>\n<p>[\/et_pb_text][\/et_pb_column][et_pb_column type=&#8220;1_3&#8243; _builder_version=&#8220;4.9.4&#8243; _module_preset=&#8220;default&#8220; background_color=&#8220;#F6F6F6&#8243; custom_padding=&#8220;20px|20px|20px|20px|false|false&#8220; global_colors_info=&#8220;{}&#8220;][et_pb_text ol_position=&#8220;outside&#8220; ol_item_indent=&#8220;20px&#8220; admin_label=&#8220;Kriterien-Kasten CITIZEN&#8220; _builder_version=&#8220;4.13.0&#8243; _module_preset=&#8220;default&#8220; text_text_color=&#8220;#000000&#8243; text_font_size=&#8220;14px&#8220; text_line_height=&#8220;2.1em&#8220; ol_text_align=&#8220;left&#8220; ol_line_height=&#8220;2.4em&#8220; header_2_text_color=&#8220;#444444&#8243; background_color=&#8220;#f6f6f6&#8243; module_alignment=&#8220;left&#8220; custom_padding=&#8220;15px|15px|15px|15px|false|false&#8220; global_module=&#8220;1285&#8243; saved_tabs=&#8220;all&#8220; locked=&#8220;off&#8220; global_colors_info=&#8220;{}&#8220;]<\/p>\n<h3>CITIZEN \u2013 Die Kriterien<\/h3>\n<ol>\n<li><a href=\"http:\/\/www.medien-doktor.de\/citizen\/die-kriterien\/#faktentreue\">FAKTENTREUE<\/a><\/li>\n<li><a href=\"http:\/\/www.medien-doktor.de\/citizen\/die-kriterien\/#sachlichkeit\">SACHLICHKEIT UND UNABH\u00c4NGIGKEIT<\/a><\/li>\n<li><a href=\"http:\/\/www.medien-doktor.de\/citizen\/die-kriterien\/#quellentransparenz\">QUELLENTRANSPARENZ<\/a><\/li>\n<li><a href=\"http:\/\/www.medien-doktor.de\/citizen\/die-kriterien\/#pressemitteilung\">PRESSEMITTEILUNG<\/a><\/li>\n<li><a href=\"http:\/\/www.medien-doktor.de\/citizen\/die-kriterien\/#ursachen\">URSACHEN UND VERANTWORTLICHE<\/a><\/li>\n<li><a href=\"http:\/\/www.medien-doktor.de\/citizen\/die-kriterien\/#aussagekraft\">AUSSAGEKRAFT<\/a><\/li>\n<li><a href=\"http:\/\/www.medien-doktor.de\/citizen\/die-kriterien\/#loesungsorientierung\">L\u00d6SUNGSORIENTIERUNG<\/a><\/li>\n<li><a href=\"http:\/\/www.medien-doktor.de\/citizen\/die-kriterien\/#alltagsbezug\">ALLTAGSBEZUG<\/a><\/li>\n<li><a href=\"http:\/\/www.medien-doktor.de\/citizen\/die-kriterien\/#verbindung\">VERBINDUNG LOKALER; REGIONALER UND GLOBALER ASPEKTE<\/a><\/li>\n<li><a href=\"http:\/\/www.medien-doktor.de\/citizen\/die-kriterien\/#aktuell\">AKTUELLES ODER DAUERHAFT RELEVANTES UMWELTTHEMA<\/a><\/li>\n<li><a href=\"https:\/\/medien-doktor.de\/citizen\/die-kriterien\/#zukunftsorientierung\">NACHHALTIGKEIT \/ ZUKUNFTSORIENTIERUNG<\/a><\/li>\n<li><a href=\"http:\/\/www.medien-doktor.de\/citizen\/die-kriterien\/#verst\u00e4ndlichkeit\">VERST\u00c4NDLICHKEIT<\/a><\/li>\n<li><a href=\"http:\/\/www.medien-doktor.de\/citizen\/die-kriterien\/#darstellung\">ATTRAKTIVE DARSTELLUNG<\/a><\/li>\n<\/ol>\n<p>[\/et_pb_text][et_pb_image src=&#8220;https:\/\/medien-doktor.de\/citizen\/wp-content\/uploads\/sites\/5\/2021\/05\/FTS-Logo.png&#8220; alt=&#8220;Logo BMBF&#8220; title_text=&#8220;FTS-Logo&#8220; align=&#8220;center&#8220; admin_label=&#8220;Logo F\u00f6rderer&#8220; _builder_version=&#8220;4.13.0&#8243; _module_preset=&#8220;default&#8220; global_colors_info=&#8220;{}&#8220; global_module=&#8220;3039&#8243; theme_builder_area=&#8220;post_content&#8220;][\/et_pb_image][\/et_pb_column][\/et_pb_row][\/et_pb_section]<\/p>\n","protected":false},"excerpt":{"rendered":"<p>Die Kriterien &nbsp; Auf dieser Seite finden Sie die Bewertungskriterien, die im CITIZEN-Projekt angewendet wurden. Seitdem haben wir unsere Kriterien \u00fcberarbeitet. Eine aktuelle \u00dcbersicht der Kriterien des Medien-Doktor GESUNDHEIT, Medien-Doktor ERN\u00c4HRUNG und Medien-Doktor UMWELT k\u00f6nnen Sie hier als pdf herunterladen.I. Allgemeine Anforderungen1. Faktentreue Im Beitrag werden Fakten korrekt beschrieben und eingeordnet. Das Kriterium ist erf\u00fcllt, [&hellip;]<\/p>\n","protected":false},"author":8,"featured_media":0,"parent":0,"menu_order":0,"comment_status":"closed","ping_status":"closed","template":"","meta":{"_acf_changed":false,"_et_pb_use_builder":"on","_et_pb_old_content":"","_et_gb_content_width":"","footnotes":""},"class_list":["post-418","page","type-page","status-publish","hentry"],"acf":[],"_links":{"self":[{"href":"https:\/\/medien-doktor.de\/citizen\/wp-json\/wp\/v2\/pages\/418","targetHints":{"allow":["GET"]}}],"collection":[{"href":"https:\/\/medien-doktor.de\/citizen\/wp-json\/wp\/v2\/pages"}],"about":[{"href":"https:\/\/medien-doktor.de\/citizen\/wp-json\/wp\/v2\/types\/page"}],"author":[{"embeddable":true,"href":"https:\/\/medien-doktor.de\/citizen\/wp-json\/wp\/v2\/users\/8"}],"replies":[{"embeddable":true,"href":"https:\/\/medien-doktor.de\/citizen\/wp-json\/wp\/v2\/comments?post=418"}],"version-history":[{"count":56,"href":"https:\/\/medien-doktor.de\/citizen\/wp-json\/wp\/v2\/pages\/418\/revisions"}],"predecessor-version":[{"id":3044,"href":"https:\/\/medien-doktor.de\/citizen\/wp-json\/wp\/v2\/pages\/418\/revisions\/3044"}],"wp:attachment":[{"href":"https:\/\/medien-doktor.de\/citizen\/wp-json\/wp\/v2\/media?parent=418"}],"curies":[{"name":"wp","href":"https:\/\/api.w.org\/{rel}","templated":true}]}}