{"id":40,"date":"2021-05-30T11:45:06","date_gmt":"2021-05-30T09:45:06","guid":{"rendered":"https:\/\/medien-doktor.de\/citizen\/?page_id=40"},"modified":"2021-11-10T16:22:51","modified_gmt":"2021-11-10T15:22:51","slug":"wer-sind-wir","status":"publish","type":"page","link":"https:\/\/medien-doktor.de\/citizen\/wer-sind-wir\/","title":{"rendered":"\u00dcber uns"},"content":{"rendered":"<p>[et_pb_section fb_built=&#8220;1&#8243; _builder_version=&#8220;4.9.4&#8243; _module_preset=&#8220;default&#8220; custom_padding=&#8220;10px|||||&#8220; da_disable_devices=&#8220;off|off|off&#8220; locked=&#8220;off&#8220; global_colors_info=&#8220;{}&#8220; da_is_popup=&#8220;off&#8220; da_exit_intent=&#8220;off&#8220; da_has_close=&#8220;on&#8220; da_alt_close=&#8220;off&#8220; da_dark_close=&#8220;off&#8220; da_not_modal=&#8220;on&#8220; da_is_singular=&#8220;off&#8220; da_with_loader=&#8220;off&#8220; da_has_shadow=&#8220;on&#8220;][et_pb_row column_structure=&#8220;2_3,1_3&#8243; _builder_version=&#8220;4.9.4&#8243; _module_preset=&#8220;default&#8220; global_colors_info=&#8220;{}&#8220;][et_pb_column type=&#8220;2_3&#8243; _builder_version=&#8220;4.9.4&#8243; _module_preset=&#8220;default&#8220; global_colors_info=&#8220;{}&#8220;][et_pb_text admin_label=&#8220;\u00dcberschrift &#8220; _builder_version=&#8220;4.13.0&#8243; _module_preset=&#8220;default&#8220; global_colors_info=&#8220;{}&#8220;]<\/p>\n<h1>Medien-Doktor CITIZEN<\/h1>\n<p>[\/et_pb_text][et_pb_text admin_label=&#8220;Text Projekt&#8220; module_id=&#8220;projekt&#8220; _builder_version=&#8220;4.13.0&#8243; _module_preset=&#8220;default&#8220; global_colors_info=&#8220;{}&#8220;]<\/p>\n<p>Seri\u00f6se Wissenschaft, eher Marketing, oder gar Fake-News? Wer in Radio, Fernsehen, in Printmedien oder online nach wissenschaftlich fundierten Informationen \u00fcber Umweltthemen sucht, steht oft vor dieser Frage. Aber wie l\u00e4sst sich die Zuverl\u00e4ssigkeit und Qualit\u00e4t der Beitr\u00e4ge beurteilen?<\/p>\n<p>Nachdem wir im Medien-Doktor UMWELT des Lehrstuhls Wissenschaftsjournalismus der TU Dortmund mit erfahrenen Wissenschafts- und Umweltjournalisten Kriterien daf\u00fcr entwickelt haben, was Umweltjournalismus leisten soll, und was dessen Qualit\u00e4t aus journalistischer Sicht ausmacht, ging es im Projekt Medien-Doktor CITIZEN um die Sicht der Rezipienten: Was erwarten LeserInnen, H\u00f6rerInnen und ZuschauerInnen von der Umweltberichterstattung? Was macht aus ihrer Sicht \u201eguten Umweltjournalismus\u201c aus? Welche inhaltlichen Fragen sind ihnen wichtig? Wie k\u00f6nnen Medienbeitr\u00e4ge Interesse f\u00fcr Umweltthemen wecken? Welche Beitr\u00e4ge sind gut verst\u00e4ndlich?<\/p>\n<p>In einem Pilotprojekt haben wir mit einem Team interessierter B\u00fcrgerinnen und B\u00fcrger aus M\u00fcnster, die sich f\u00fcr Umwelt- und Nachhaltigkeitsthemen engagieren, einen ersten Kriterienkatalog entwickelt. Anhand dieser B\u00fcrger-Kriterien begutachteten die Teilnehmenden des Projekts als \u201eCitizen-Scientists\u201c ab dem Herbst 2018 Medienbeitr\u00e4ge und auch Pressemitteilungen. Neben speziell zu Umweltfragen engagierten Menschen waren auch Sch\u00fclerinnen und Sch\u00fcler in das Projekt einbezogen. Wir wollten in Erfahrung bringen, was jungen Rezipienten bei Beitr\u00e4gen zu Umweltthemen wichtig ist, Qualit\u00e4tsma\u00dfst\u00e4be mit Ihnen diskutieren und so auch einen Beitrag zur St\u00e4rkung der Medienkompetenz leisten.<\/p>\n<p>Das Pilotprojekt ist abschlossen, die Ergebnisse wurden in der Fachzeitschrift <em>Medien &amp; Kommunikationswissenschaft<\/em> (<a href=\"https:\/\/www.nomos-elibrary.de\/10.5771\/1615-634X-2020-4-447.pdf?download_full_pdf=1\">nomos-elibrary.de\/10.5771<\/a>) ver\u00f6ffentlicht.<\/p>\n<p>[\/et_pb_text][et_pb_text admin_label=&#8220;Hintergrundinformationen&#8220; _builder_version=&#8220;4.13.0&#8243; _module_preset=&#8220;default&#8220; global_colors_info=&#8220;{}&#8220;][\/et_pb_text][\/et_pb_column][et_pb_column type=&#8220;1_3&#8243; _builder_version=&#8220;4.9.4&#8243; _module_preset=&#8220;default&#8220; background_color=&#8220;#F6F6F6&#8243; custom_padding=&#8220;20px|20px|20px|20px|false|false&#8220; global_colors_info=&#8220;{}&#8220;][et_pb_text ol_position=&#8220;outside&#8220; ol_item_indent=&#8220;20px&#8220; admin_label=&#8220;Kriterien-Kasten CITIZEN&#8220; _builder_version=&#8220;4.13.0&#8243; _module_preset=&#8220;default&#8220; text_text_color=&#8220;#000000&#8243; text_font_size=&#8220;14px&#8220; text_line_height=&#8220;2.1em&#8220; ol_text_align=&#8220;left&#8220; ol_line_height=&#8220;2.4em&#8220; header_2_text_color=&#8220;#444444&#8243; background_color=&#8220;#f6f6f6&#8243; module_alignment=&#8220;left&#8220; custom_padding=&#8220;15px|15px|15px|15px|false|false&#8220; global_module=&#8220;1285&#8243; saved_tabs=&#8220;all&#8220; locked=&#8220;off&#8220; global_colors_info=&#8220;{}&#8220;]<\/p>\n<h3>CITIZEN \u2013 Die Kriterien<\/h3>\n<ol>\n<li><a href=\"http:\/\/www.medien-doktor.de\/citizen\/die-kriterien\/#faktentreue\">FAKTENTREUE<\/a><\/li>\n<li><a href=\"http:\/\/www.medien-doktor.de\/citizen\/die-kriterien\/#sachlichkeit\">SACHLICHKEIT UND UNABH\u00c4NGIGKEIT<\/a><\/li>\n<li><a href=\"http:\/\/www.medien-doktor.de\/citizen\/die-kriterien\/#quellentransparenz\">QUELLENTRANSPARENZ<\/a><\/li>\n<li><a href=\"http:\/\/www.medien-doktor.de\/citizen\/die-kriterien\/#pressemitteilung\">PRESSEMITTEILUNG<\/a><\/li>\n<li><a href=\"http:\/\/www.medien-doktor.de\/citizen\/die-kriterien\/#ursachen\">URSACHEN UND VERANTWORTLICHE<\/a><\/li>\n<li><a href=\"http:\/\/www.medien-doktor.de\/citizen\/die-kriterien\/#aussagekraft\">AUSSAGEKRAFT<\/a><\/li>\n<li><a href=\"http:\/\/www.medien-doktor.de\/citizen\/die-kriterien\/#loesungsorientierung\">L\u00d6SUNGSORIENTIERUNG<\/a><\/li>\n<li><a href=\"http:\/\/www.medien-doktor.de\/citizen\/die-kriterien\/#alltagsbezug\">ALLTAGSBEZUG<\/a><\/li>\n<li><a href=\"http:\/\/www.medien-doktor.de\/citizen\/die-kriterien\/#verbindung\">VERBINDUNG LOKALER; REGIONALER UND GLOBALER ASPEKTE<\/a><\/li>\n<li><a href=\"http:\/\/www.medien-doktor.de\/citizen\/die-kriterien\/#aktuell\">AKTUELLES ODER DAUERHAFT RELEVANTES UMWELTTHEMA<\/a><\/li>\n<li><a href=\"https:\/\/medien-doktor.de\/citizen\/die-kriterien\/#zukunftsorientierung\">NACHHALTIGKEIT \/ ZUKUNFTSORIENTIERUNG<\/a><\/li>\n<li><a href=\"http:\/\/www.medien-doktor.de\/citizen\/die-kriterien\/#verst\u00e4ndlichkeit\">VERST\u00c4NDLICHKEIT<\/a><\/li>\n<li><a href=\"http:\/\/www.medien-doktor.de\/citizen\/die-kriterien\/#darstellung\">ATTRAKTIVE DARSTELLUNG<\/a><\/li>\n<\/ol>\n<p>[\/et_pb_text][et_pb_image src=&#8220;https:\/\/medien-doktor.de\/citizen\/wp-content\/uploads\/sites\/5\/2021\/05\/FTS-Logo.png&#8220; alt=&#8220;Logo BMBF&#8220; title_text=&#8220;FTS-Logo&#8220; align=&#8220;center&#8220; admin_label=&#8220;Logo F\u00f6rderer&#8220; _builder_version=&#8220;4.13.0&#8243; _module_preset=&#8220;default&#8220; global_colors_info=&#8220;{}&#8220; global_module=&#8220;3039&#8243; theme_builder_area=&#8220;post_content&#8220;][\/et_pb_image][\/et_pb_column][\/et_pb_row][\/et_pb_section]<\/p>\n","protected":false},"excerpt":{"rendered":"<p>Medien-Doktor CITIZENSeri\u00f6se Wissenschaft, eher Marketing, oder gar Fake-News? Wer in Radio, Fernsehen, in Printmedien oder online nach wissenschaftlich fundierten Informationen \u00fcber Umweltthemen sucht, steht oft vor dieser Frage. Aber wie l\u00e4sst sich die Zuverl\u00e4ssigkeit und Qualit\u00e4t der Beitr\u00e4ge beurteilen? Nachdem wir im Medien-Doktor UMWELT des Lehrstuhls Wissenschaftsjournalismus der TU Dortmund mit erfahrenen Wissenschafts- und Umweltjournalisten [&hellip;]<\/p>\n","protected":false},"author":2,"featured_media":0,"parent":0,"menu_order":0,"comment_status":"closed","ping_status":"closed","template":"","meta":{"_acf_changed":false,"_et_pb_use_builder":"on","_et_pb_old_content":"","_et_gb_content_width":"","footnotes":""},"class_list":["post-40","page","type-page","status-publish","hentry"],"acf":[],"_links":{"self":[{"href":"https:\/\/medien-doktor.de\/citizen\/wp-json\/wp\/v2\/pages\/40","targetHints":{"allow":["GET"]}}],"collection":[{"href":"https:\/\/medien-doktor.de\/citizen\/wp-json\/wp\/v2\/pages"}],"about":[{"href":"https:\/\/medien-doktor.de\/citizen\/wp-json\/wp\/v2\/types\/page"}],"author":[{"embeddable":true,"href":"https:\/\/medien-doktor.de\/citizen\/wp-json\/wp\/v2\/users\/2"}],"replies":[{"embeddable":true,"href":"https:\/\/medien-doktor.de\/citizen\/wp-json\/wp\/v2\/comments?post=40"}],"version-history":[{"count":34,"href":"https:\/\/medien-doktor.de\/citizen\/wp-json\/wp\/v2\/pages\/40\/revisions"}],"predecessor-version":[{"id":3049,"href":"https:\/\/medien-doktor.de\/citizen\/wp-json\/wp\/v2\/pages\/40\/revisions\/3049"}],"wp:attachment":[{"href":"https:\/\/medien-doktor.de\/citizen\/wp-json\/wp\/v2\/media?parent=40"}],"curies":[{"name":"wp","href":"https:\/\/api.w.org\/{rel}","templated":true}]}}