{"id":3059,"date":"2021-11-15T12:14:13","date_gmt":"2021-11-15T11:14:13","guid":{"rendered":"https:\/\/medien-doktor.de\/citizen\/?page_id=3059"},"modified":"2021-11-15T12:21:01","modified_gmt":"2021-11-15T11:21:01","slug":"symposium-wissenschaftskommunikation-aus-buergersicht","status":"publish","type":"page","link":"https:\/\/medien-doktor.de\/citizen\/symposium-wissenschaftskommunikation-aus-buergersicht\/","title":{"rendered":"Symposium: Wissenschaftskommunikation aus B\u00fcrgersicht"},"content":{"rendered":"<p>[et_pb_section fb_built=&#8220;1&#8243; _builder_version=&#8220;4.9.4&#8243; _module_preset=&#8220;default&#8220; custom_padding=&#8220;10px|||||&#8220; da_disable_devices=&#8220;off|off|off&#8220; global_colors_info=&#8220;{}&#8220; da_is_popup=&#8220;off&#8220; da_exit_intent=&#8220;off&#8220; da_has_close=&#8220;on&#8220; da_alt_close=&#8220;off&#8220; da_dark_close=&#8220;off&#8220; da_not_modal=&#8220;on&#8220; da_is_singular=&#8220;off&#8220; da_with_loader=&#8220;off&#8220; da_has_shadow=&#8220;on&#8220;][et_pb_row column_structure=&#8220;2_3,1_3&#8243; _builder_version=&#8220;4.9.4&#8243; _module_preset=&#8220;default&#8220; global_colors_info=&#8220;{}&#8220;][et_pb_column type=&#8220;2_3&#8243; _builder_version=&#8220;4.9.4&#8243; _module_preset=&#8220;default&#8220; global_colors_info=&#8220;{}&#8220;][et_pb_text admin_label=&#8220;Einleitung&#8220; _builder_version=&#8220;4.13.1&#8243; _module_preset=&#8220;default&#8220; global_colors_info=&#8220;{}&#8220;]<\/p>\n<h1>Symposium: Wissenschaftskommunikation aus B\u00fcrgersicht<\/h1>\n<p>Bei einem Symposium zur Qualit\u00e4t der Wissenschaftskommunikation im Institut f\u00fcr Journalistik am 22. Februar 2019 ging es um die Qualit\u00e4t der Wissenschaftskommunikation aus drei Perspektiven: Es diskutierten B\u00fcrger, Journalisten und PR-Mitarbeiter. Aus der Wissenschafts-PR kamen rund ein Dutzend Vertreter zu dem Austauschtreffen, unter anderem vom Informationsdienst Wissenschaft (idw) sowie aus verschiedenen Universit\u00e4ten und Forschungsorganisationen.<\/p>\n<p>[\/et_pb_text][et_pb_text admin_label=&#8220;Haupttext&#8220; _builder_version=&#8220;4.13.1&#8243; _module_preset=&#8220;default&#8220; global_colors_info=&#8220;{}&#8220;]<\/p>\n<p>Seit 2010 gibt es das Monitoring-Projekt Medien-Doktor. Die Gutachter analysieren journalistische Beitr\u00e4ge und Pressemitteilungen. Von Journalisten begutachtet werden in verschiedenen Teilprojekten Texte zu den Themen Medizin\/Gesundheit und Umwelt sowie k\u00fcnftig auch zu Ern\u00e4hrung. Ausgangspunkt f\u00fcr eine Inhaltsanalyse und einen Vergleich mit der Medien-Doktor-Begutachtung waren in den letzten Monaten Pressemitteilungen zu Medizin- und Umweltthemen aus zwei \u201eWochen der Qualit\u00e4t\u201c des Informationsdienst Wissenschaft (idw), die nun auch inhaltlich analysiert wurden.<\/p>\n<p>2018 neu entstanden ist der Medien-Doktor Citizen. Die Gutachter dieses Projekts sind umweltinteressierte Laien und Sch\u00fcler. Sie haben eigene Kriterien entwickelt, um die Qualit\u00e4t von Beitr\u00e4gen zu Umweltthemen zu bewerten. Den B\u00fcrgern sei zum Beispiel wichtig, dass Journalisten an einem Thema \u00fcber l\u00e4ngere Zeit dranbleiben. Das sei f\u00fcr sie oft bedeutsamer als die Tagesaktualit\u00e4t, erkl\u00e4rte Dr. Wiebke R\u00f6gener. Sie ist Redakteurin des Medien-Doktor Citizen.<\/p>\n<p>Citizen-Gutachter Tobias Daur stellte beim Symposium heraus, warum Wissenschaftskommunikation f\u00fcr ihn wichtig ist: B\u00fcrger seien \u201emehr als je zuvor auf gute Qualit\u00e4t in der Umweltberichterstattung angewiesen\u201c. Daf\u00fcr mit anderen Laien Standards zu entwickeln, motiviere ihn, sich f\u00fcr das Projekt zu engagieren.<\/p>\n<p>Hier geht es zu den <a href=\"https:\/\/medien-doktor.de\/citizen\/die-kriterien\/\">Qualit\u00e4tskriterien, <\/a>die Gutachten k\u00f6nnen<a href=\"https:\/\/medien-doktor.de\/citizen\/bewertungen\/\"> hier<\/a> eingesehen werden.<\/p>\n<p>Finanziell unterst\u00fctzt wurde das Symposium von der Fritz-Thyssen-Stiftung.<\/p>\n<p>[\/et_pb_text][et_pb_image src=&#8220;https:\/\/medien-doktor.de\/citizen\/wp-content\/uploads\/sites\/5\/2021\/11\/Citizen-Symposium.jpg&#8220; title_text=&#8220;Citizen-Symposium&#8220; _builder_version=&#8220;4.13.1&#8243; _module_preset=&#8220;default&#8220; hover_enabled=&#8220;0&#8243; global_colors_info=&#8220;{}&#8220; sticky_enabled=&#8220;0&#8243;][\/et_pb_image][\/et_pb_column][et_pb_column type=&#8220;1_3&#8243; _builder_version=&#8220;4.9.4&#8243; _module_preset=&#8220;default&#8220; background_color=&#8220;#F6F6F6&#8243; custom_padding=&#8220;20px|20px|20px|20px|false|false&#8220; global_colors_info=&#8220;{}&#8220;][et_pb_text ol_position=&#8220;outside&#8220; ol_item_indent=&#8220;20px&#8220; admin_label=&#8220;Kriterien-Kasten CITIZEN&#8220; _builder_version=&#8220;4.13.0&#8243; _module_preset=&#8220;default&#8220; text_text_color=&#8220;#000000&#8243; text_font_size=&#8220;14px&#8220; text_line_height=&#8220;2.1em&#8220; ol_text_align=&#8220;left&#8220; ol_line_height=&#8220;2.4em&#8220; header_2_text_color=&#8220;#444444&#8243; background_color=&#8220;#f6f6f6&#8243; module_alignment=&#8220;left&#8220; custom_padding=&#8220;15px|15px|15px|15px|false|false&#8220; global_module=&#8220;1285&#8243; saved_tabs=&#8220;all&#8220; locked=&#8220;off&#8220; global_colors_info=&#8220;{}&#8220;]<\/p>\n<h3>CITIZEN \u2013 Die Kriterien<\/h3>\n<ol>\n<li><a href=\"http:\/\/www.medien-doktor.de\/citizen\/die-kriterien\/#faktentreue\">FAKTENTREUE<\/a><\/li>\n<li><a href=\"http:\/\/www.medien-doktor.de\/citizen\/die-kriterien\/#sachlichkeit\">SACHLICHKEIT UND UNABH\u00c4NGIGKEIT<\/a><\/li>\n<li><a href=\"http:\/\/www.medien-doktor.de\/citizen\/die-kriterien\/#quellentransparenz\">QUELLENTRANSPARENZ<\/a><\/li>\n<li><a href=\"http:\/\/www.medien-doktor.de\/citizen\/die-kriterien\/#pressemitteilung\">PRESSEMITTEILUNG<\/a><\/li>\n<li><a href=\"http:\/\/www.medien-doktor.de\/citizen\/die-kriterien\/#ursachen\">URSACHEN UND VERANTWORTLICHE<\/a><\/li>\n<li><a href=\"http:\/\/www.medien-doktor.de\/citizen\/die-kriterien\/#aussagekraft\">AUSSAGEKRAFT<\/a><\/li>\n<li><a href=\"http:\/\/www.medien-doktor.de\/citizen\/die-kriterien\/#loesungsorientierung\">L\u00d6SUNGSORIENTIERUNG<\/a><\/li>\n<li><a href=\"http:\/\/www.medien-doktor.de\/citizen\/die-kriterien\/#alltagsbezug\">ALLTAGSBEZUG<\/a><\/li>\n<li><a href=\"http:\/\/www.medien-doktor.de\/citizen\/die-kriterien\/#verbindung\">VERBINDUNG LOKALER; REGIONALER UND GLOBALER ASPEKTE<\/a><\/li>\n<li><a href=\"http:\/\/www.medien-doktor.de\/citizen\/die-kriterien\/#aktuell\">AKTUELLES ODER DAUERHAFT RELEVANTES UMWELTTHEMA<\/a><\/li>\n<li><a href=\"https:\/\/medien-doktor.de\/citizen\/die-kriterien\/#zukunftsorientierung\">NACHHALTIGKEIT \/ ZUKUNFTSORIENTIERUNG<\/a><\/li>\n<li><a href=\"http:\/\/www.medien-doktor.de\/citizen\/die-kriterien\/#verst\u00e4ndlichkeit\">VERST\u00c4NDLICHKEIT<\/a><\/li>\n<li><a href=\"http:\/\/www.medien-doktor.de\/citizen\/die-kriterien\/#darstellung\">ATTRAKTIVE DARSTELLUNG<\/a><\/li>\n<\/ol>\n<p>[\/et_pb_text][et_pb_image src=&#8220;https:\/\/medien-doktor.de\/citizen\/wp-content\/uploads\/sites\/5\/2021\/05\/FTS-Logo.png&#8220; alt=&#8220;Logo BMBF&#8220; title_text=&#8220;FTS-Logo&#8220; align=&#8220;center&#8220; admin_label=&#8220;Logo F\u00f6rderer&#8220; _builder_version=&#8220;4.13.0&#8243; _module_preset=&#8220;default&#8220; global_module=&#8220;3039&#8243; global_colors_info=&#8220;{}&#8220;][\/et_pb_image][\/et_pb_column][\/et_pb_row][\/et_pb_section]<\/p>\n","protected":false},"excerpt":{"rendered":"<p>Symposium: Wissenschaftskommunikation aus B\u00fcrgersicht Bei einem Symposium zur Qualit\u00e4t der Wissenschaftskommunikation im Institut f\u00fcr Journalistik am 22. Februar 2019 ging es um die Qualit\u00e4t der Wissenschaftskommunikation aus drei Perspektiven: Es diskutierten B\u00fcrger, Journalisten und PR-Mitarbeiter. Aus der Wissenschafts-PR kamen rund ein Dutzend Vertreter zu dem Austauschtreffen, unter anderem vom Informationsdienst Wissenschaft (idw) sowie aus verschiedenen [&hellip;]<\/p>\n","protected":false},"author":11,"featured_media":0,"parent":0,"menu_order":0,"comment_status":"closed","ping_status":"closed","template":"","meta":{"_acf_changed":false,"_et_pb_use_builder":"on","_et_pb_old_content":"","_et_gb_content_width":"","footnotes":""},"class_list":["post-3059","page","type-page","status-publish","hentry"],"acf":[],"_links":{"self":[{"href":"https:\/\/medien-doktor.de\/citizen\/wp-json\/wp\/v2\/pages\/3059","targetHints":{"allow":["GET"]}}],"collection":[{"href":"https:\/\/medien-doktor.de\/citizen\/wp-json\/wp\/v2\/pages"}],"about":[{"href":"https:\/\/medien-doktor.de\/citizen\/wp-json\/wp\/v2\/types\/page"}],"author":[{"embeddable":true,"href":"https:\/\/medien-doktor.de\/citizen\/wp-json\/wp\/v2\/users\/11"}],"replies":[{"embeddable":true,"href":"https:\/\/medien-doktor.de\/citizen\/wp-json\/wp\/v2\/comments?post=3059"}],"version-history":[{"count":5,"href":"https:\/\/medien-doktor.de\/citizen\/wp-json\/wp\/v2\/pages\/3059\/revisions"}],"predecessor-version":[{"id":3068,"href":"https:\/\/medien-doktor.de\/citizen\/wp-json\/wp\/v2\/pages\/3059\/revisions\/3068"}],"wp:attachment":[{"href":"https:\/\/medien-doktor.de\/citizen\/wp-json\/wp\/v2\/media?parent=3059"}],"curies":[{"name":"wp","href":"https:\/\/api.w.org\/{rel}","templated":true}]}}